{"id":12635,"date":"2025-05-21T11:16:29","date_gmt":"2025-05-21T11:16:29","guid":{"rendered":"https:\/\/rcm1.rcm.upr.edu\/decanatoestudiantes\/?page_id=12635"},"modified":"2025-06-04T13:52:25","modified_gmt":"2025-06-04T13:52:25","slug":"programa-de-estudio-y-trabajo","status":"publish","type":"page","link":"https:\/\/rcm1.rcm.upr.edu\/decanatoestudiantes\/asistencia-economica\/programa-de-estudio-y-trabajo\/","title":{"rendered":"Programa de Estudio y Trabajo"},"content":{"rendered":"<div class=\"wpb-content-wrapper\"><p>[vc_row][vc_column width=&#8221;3\/4&#8243;][vc_column_text css=&#8221;&#8221;]<\/p>\n<ul>\n<li style=\"font-weight: 400;\">\n<div class=\"x_elementToProof\" data-ogsc=\"rgb(0, 0, 0)\" data-ogsb=\"rgb(255, 255, 255)\"><span class=\"x_ContentPasted0\">El prop\u00f3sito fundamental de esta ayuda es promover empleos a tiempo parcial a estudiantes que necesiten ingresos adicionales.<\/span><\/div>\n<\/li>\n<li style=\"font-weight: 400;\"><span style=\"font-weight: 400;\">Los participantes de este programa podr\u00e1n trabajar un m\u00e1ximo de 20 horas semanales ajustadas a los periodos disponibles de su horario de clases. <\/span><\/li>\n<li style=\"font-weight: 400;\"><span style=\"font-weight: 400;\">Todo estudiante interesado deber\u00e1 someter una solicitud en la Oficina de Asistencia Econ\u00f3mica y un oficial evaluar\u00e1 la elegibilidad seg\u00fan los par\u00e1metros establecidos por el Departamento de Educaci\u00f3n Federal.<\/span><\/li>\n<\/ul>\n<p>[\/vc_column_text][vc_single_image image=&#8221;12698&#8243; css=&#8221;&#8221;][\/vc_column][vc_column width=&#8221;1\/4&#8243;][vc_wp_custommenu nav_menu=&#8221;11&#8243;][\/vc_column][\/vc_row]<\/p>\n<\/div>","protected":false},"excerpt":{"rendered":"<p>[vc_row][vc_column width=&#8221;3\/4&#8243;][vc_column_text css=&#8221;&#8221;] El prop\u00f3sito fundamental de esta ayuda es promover empleos a tiempo parcial a estudiantes que necesiten ingresos adicionales. Los participantes de este programa podr\u00e1n trabajar un m\u00e1ximo de 20 horas semanales ajustadas a los periodos disponibles de su horario de clases. Todo estudiante interesado deber\u00e1 someter una solicitud en la Oficina de&hellip;<\/p>\n","protected":false},"author":3,"featured_media":0,"parent":3080,"menu_order":0,"comment_status":"closed","ping_status":"closed","template":"template-microsite.php","meta":{"footnotes":""},"class_list":["post-12635","page","type-page","status-publish","hentry","description-off"],"aioseo_notices":[],"_links":{"self":[{"href":"https:\/\/rcm1.rcm.upr.edu\/decanatoestudiantes\/wp-json\/wp\/v2\/pages\/12635","targetHints":{"allow":["GET"]}}],"collection":[{"href":"https:\/\/rcm1.rcm.upr.edu\/decanatoestudiantes\/wp-json\/wp\/v2\/pages"}],"about":[{"href":"https:\/\/rcm1.rcm.upr.edu\/decanatoestudiantes\/wp-json\/wp\/v2\/types\/page"}],"author":[{"embeddable":true,"href":"https:\/\/rcm1.rcm.upr.edu\/decanatoestudiantes\/wp-json\/wp\/v2\/users\/3"}],"replies":[{"embeddable":true,"href":"https:\/\/rcm1.rcm.upr.edu\/decanatoestudiantes\/wp-json\/wp\/v2\/comments?post=12635"}],"version-history":[{"count":4,"href":"https:\/\/rcm1.rcm.upr.edu\/decanatoestudiantes\/wp-json\/wp\/v2\/pages\/12635\/revisions"}],"predecessor-version":[{"id":12699,"href":"https:\/\/rcm1.rcm.upr.edu\/decanatoestudiantes\/wp-json\/wp\/v2\/pages\/12635\/revisions\/12699"}],"up":[{"embeddable":true,"href":"https:\/\/rcm1.rcm.upr.edu\/decanatoestudiantes\/wp-json\/wp\/v2\/pages\/3080"}],"wp:attachment":[{"href":"https:\/\/rcm1.rcm.upr.edu\/decanatoestudiantes\/wp-json\/wp\/v2\/media?parent=12635"}],"curies":[{"name":"wp","href":"https:\/\/api.w.org\/{rel}","templated":true}]}}