{"id":12639,"date":"2025-05-21T11:18:39","date_gmt":"2025-05-21T11:18:39","guid":{"rendered":"https:\/\/rcm1.rcm.upr.edu\/decanatoestudiantes\/?page_id=12639"},"modified":"2025-05-21T11:59:15","modified_gmt":"2025-05-21T11:59:15","slug":"politicas-y-reglamentos-federales-e-institucionales","status":"publish","type":"page","link":"https:\/\/rcm1.rcm.upr.edu\/decanatoestudiantes\/asistencia-economica\/politicas-y-reglamentos-federales-e-institucionales\/","title":{"rendered":"Pol\u00edticas y Reglamentos Federales e Institucionales"},"content":{"rendered":"<div class=\"wpb-content-wrapper\"><p>[vc_row][vc_column width=&#8221;3\/4&#8243;][vc_column_text css=&#8221;&#8221;]<\/p>\n<ul>\n<li><a href=\"https:\/\/rcm1.rcm.upr.edu\/decanatoestudiantes\/wp-content\/uploads\/sites\/13\/2023\/01\/Derechos-y-Deberes-del-Estudiante-Ayuda-Economica.pdf\" target=\"_blank\" rel=\"noopener noreferrer\">Derechos y Deberes del Estudiante con Ayuda Econ\u00f3mica<\/a><\/li>\n<li><a href=\"https:\/\/rcm1.rcm.upr.edu\/decanatoestudiantes\/wp-content\/uploads\/sites\/13\/2023\/01\/Proceso_Reembolso_Fondos_Titulo_IV_A_Estudiantes_con_Baja_To.pdf\" target=\"_blank\" rel=\"noopener noreferrer\">Pol\u00edtica de Reembolso T\u00edtulo IV<\/a><\/li>\n<li><a href=\"https:\/\/rcm1.rcm.upr.edu\/decanatoestudiantes\/wp-content\/uploads\/sites\/13\/2023\/01\/Politica-Paquetes-de-Ayudas-Economicas-Packaging-Sugraduado-y-Graduado.pdf\" target=\"_blank\" rel=\"noopener noreferrer\">Pol\u00edtica Paquetes de Ayudas Econ\u00f3micas (Packaging) Sugraduado y Graduado<\/a><\/li>\n<li><a href=\"https:\/\/rcm1.rcm.upr.edu\/decanatoestudiantes\/wp-content\/uploads\/sites\/13\/2023\/01\/Manual-Procedimientos-Adm-Becas-Prestamos-Legislativos.pdf\" target=\"_blank\" rel=\"noopener noreferrer\">Manual de Procedimientos para la Administraci\u00f3n de las Becas y Cobro de los Pr\u00e9stamos Legislativos<\/a><\/li>\n<li><a href=\"https:\/\/rcm1.rcm.upr.edu\/decanatoestudiantes\/wp-content\/uploads\/sites\/13\/2023\/01\/Reglamento-Estudiantes-RCM-2021.pdf\" target=\"_blank\" rel=\"noopener noreferrer\">Reglamento General de Estudiantes<\/a><\/li>\n<li><a href=\"https:\/\/rcm1.rcm.upr.edu\/decanatoestudiantes\/wp-content\/uploads\/sites\/13\/2023\/01\/LEY-FERPA.pdf\" target=\"_blank\" rel=\"noopener noreferrer\"><span style=\"font-weight: 400;\">Ley FER<\/span><strong><span style=\"font-weight: 400;\">PA<\/span><\/strong><\/a><\/li>\n<\/ul>\n<p>&nbsp;<\/p>\n<p><strong>Las Regulaciones del Gobierno Federal permiten:<\/strong><strong>Juicio Profesional<\/strong><span style=\"font-weight: 400;\"><br \/>\n<\/span><span style=\"font-weight: 400;\">Es una provisi\u00f3n en la ley que permite ajustar los componentes de los costos de estudio (COA) o ajustar los elementos de los datos para el c\u00e1lculo de la Contribuci\u00f3n Familiar Esperada (EFC). El mecanismo de \u201cJuicio Profesional\u201d puede incidir en aumentar la elegibilidad de un estudiante para recibir alguna ayuda econ\u00f3mica y es aplicada caso-por-caso. Todo juicio profesional tiene que estar debidamente documentado en el expediente del estudiante.<\/span><\/p>\n<p>&nbsp;<\/p>\n<p><strong>&#8220;Dependency Override&#8221;<\/strong><br \/>\n<span style=\"font-weight: 400;\">Mediante un &#8220;Dependency Overridesl&#8221;, los administradores de ayudas econ\u00f3micas pueden ajustar el estado de dependencia de un estudiante. Un estudiante que bajo condiciones generales no cumple con los criterios de solicitante independiente puede ser evaluado bajo dicho estatus mediante un juicio profesional. Solo se considerar\u00e1 independiente debido a la falta de informaci\u00f3n de sus padres y es un mecanismo que se aplica caso-por-caso.<\/span><\/p>\n<p>&nbsp;<\/p>\n<p><strong>Progreso Acad\u00e9mico<\/strong><\/p>\n<p><span style=\"font-weight: 400;\">Bajo la norma establecida por el Departamento de Educaci\u00f3n Federal, todo estudiante participante de los programas de asistencia econ\u00f3mica federal podr\u00e1 recibir ayuda econ\u00f3mica, siempre y cuando no exceda el 150% del tiempo normal requerido para el grado. Esto es un t\u00e9rmino de los cr\u00e9ditos-grado intentados y a\u00f1os equivalentes estudiados, seg\u00fan establecido en el curr\u00edculo de su programa de estudios.<\/span><span style=\"font-weight: 400;\">La Universidad de Puerto Rico acoge las disposiciones establecidas por el Gobierno Federal y establece evaluar a todo estudiante solicitante o recipiente de ayuda econ\u00f3mica con el fin de determinar su elegibilidad para la misma.<\/span><\/p>\n<ul>\n<li style=\"font-weight: 400;\"><span style=\"font-weight: 400;\">Estudiantes a nivel subgraduado son evaluados por la Oficina del Registrador con el fin de determinar el cumplimiento con Progreso Acad\u00e9mico. <\/span><\/li>\n<li style=\"font-weight: 400;\"><span style=\"font-weight: 400;\">Estudiantes a nivel graduado son evaluados por el \u00e1rea de asuntos acad\u00e9micos de cada Escuela. Las Normas de Progreso Acad\u00e9mico de cada Escuela se encuentran en sus p\u00e1ginas electr\u00f3nicas.<\/span><\/li>\n<\/ul>\n<p>&nbsp;<\/p>\n<p><strong>Revisi\u00f3n de Progreso Acad\u00e9mico<\/strong><\/p>\n<p><span style=\"font-weight: 400;\">Instrucciones para solicitar Revisi\u00f3n de Progreso Acad\u00e9mico del estudiante no cumplir con las normas de progreso requeridas:<\/span><\/p>\n<ul>\n<li style=\"font-weight: 400;\"><span style=\"font-weight: 400;\">Completar y entregar la Solicitud de Revisi\u00f3n de Progreso Acad\u00e9mico para Asistencia Econ\u00f3mica en la Oficina de la Decana de Estudiantes del Recinto de Ciencias M\u00e9dicas. <\/span><\/li>\n<li style=\"font-weight: 400;\"><span style=\"font-weight: 400;\">La solicitud debe ser sometida no m\u00e1s tarde de 10 d\u00edas posterior al primer d\u00eda de clases. La fecha se encuentra estipulada en el calendario acad\u00e9mico.<\/span><\/li>\n<li style=\"font-weight: 400;\"><span style=\"font-weight: 400;\">Son permitidas \u00fanicamente las siguientes razones para evaluar una Revisi\u00f3n de Progreso Acad\u00e9mico:<\/span><\/li>\n<li><span style=\"font-weight: 400;\"> Enfermedad del estudiante y\/o familiar<\/span><\/li>\n<li><span style=\"font-weight: 400;\"> Muerte de un familiar<\/span><\/li>\n<li><span style=\"font-weight: 400;\"> Cambios significativos en la situaci\u00f3n financiera <\/span><\/li>\n<li><span style=\"font-weight: 400;\"> Accidente<\/span><\/li>\n<li><span style=\"font-weight: 400;\"> Activaci\u00f3n en el Servicio Militar<\/span><\/li>\n<\/ul>\n<p><span style=\"font-weight: 400;\">Incluir con la solicitud una carta detallada exponiendo la raz\u00f3n o razones que pudieron afectar el Progreso Acad\u00e9mico junto a evidencias que as\u00ed lo comprueben tales como:<\/span><\/p>\n<ul>\n<li><span style=\"font-weight: 400;\"> Certificado M\u00e9dico<\/span><\/li>\n<li><span style=\"font-weight: 400;\"> Planilla de Ingresos <\/span><\/li>\n<li><span style=\"font-weight: 400;\"> Certificado de Defunci\u00f3n<\/span><\/li>\n<li><span style=\"font-weight: 400;\"> Evidencia de Desempleo<\/span><\/li>\n<li><span style=\"font-weight: 400;\"> Otros<\/span><\/li>\n<\/ul>\n<p><span style=\"font-weight: 400;\">El Comit\u00e9 de Revisi\u00f3n de Progreso Acad\u00e9mico notificar\u00e1 por escrito la decisi\u00f3n. <\/span><span style=\"font-weight: 400;\">Solicitar una Pr\u00f3rroga Ordinaria es una alternativa para pagar la Matr\u00edcula mientras se eval\u00faa la Solicitud de Revisi\u00f3n.<\/span><\/p>\n<ul>\n<li style=\"font-weight: 400;\"><a href=\"https:\/\/de.rcm.upr.edu\/wp-content\/uploads\/sites\/13\/2020\/03\/Enmienda-a-La-Politica-y-Normas-de-Elegibilidad.pdf\" target=\"_blank\" rel=\"noopener noreferrer\">Pol\u00edtica y Normas de Elegibilidad Acad\u00e9mica Participaci\u00f3n Programas Ayudas Econ\u00f3micas UPR<\/a><\/li>\n<li style=\"font-weight: 400;\"><a href=\"https:\/\/de.rcm.upr.edu\/wp-content\/uploads\/sites\/13\/2020\/03\/Requisitos-de-Progreso-Acad%c3%a9mico.pdf\" target=\"_blank\" rel=\"noopener noreferrer\">Solicitud de Revisi\u00f3n de Progreso Acad\u00e9mico<\/a><\/li>\n<\/ul>\n<p>[\/vc_column_text][\/vc_column][vc_column width=&#8221;1\/4&#8243;][vc_wp_custommenu nav_menu=&#8221;11&#8243;][\/vc_column][\/vc_row]<\/p>\n<\/div>","protected":false},"excerpt":{"rendered":"<p>[vc_row][vc_column width=&#8221;3\/4&#8243;][vc_column_text css=&#8221;&#8221;] Derechos y Deberes del Estudiante con Ayuda Econ\u00f3mica Pol\u00edtica de Reembolso T\u00edtulo IV Pol\u00edtica Paquetes de Ayudas Econ\u00f3micas (Packaging) Sugraduado y Graduado Manual de Procedimientos para la Administraci\u00f3n de las Becas y Cobro de los Pr\u00e9stamos Legislativos Reglamento General de Estudiantes Ley FERPA &nbsp; Las Regulaciones del Gobierno Federal permiten:Juicio Profesional Es&hellip;<\/p>\n","protected":false},"author":3,"featured_media":0,"parent":3080,"menu_order":0,"comment_status":"closed","ping_status":"closed","template":"template-microsite.php","meta":{"footnotes":""},"class_list":["post-12639","page","type-page","status-publish","hentry","description-off"],"aioseo_notices":[],"_links":{"self":[{"href":"https:\/\/rcm1.rcm.upr.edu\/decanatoestudiantes\/wp-json\/wp\/v2\/pages\/12639","targetHints":{"allow":["GET"]}}],"collection":[{"href":"https:\/\/rcm1.rcm.upr.edu\/decanatoestudiantes\/wp-json\/wp\/v2\/pages"}],"about":[{"href":"https:\/\/rcm1.rcm.upr.edu\/decanatoestudiantes\/wp-json\/wp\/v2\/types\/page"}],"author":[{"embeddable":true,"href":"https:\/\/rcm1.rcm.upr.edu\/decanatoestudiantes\/wp-json\/wp\/v2\/users\/3"}],"replies":[{"embeddable":true,"href":"https:\/\/rcm1.rcm.upr.edu\/decanatoestudiantes\/wp-json\/wp\/v2\/comments?post=12639"}],"version-history":[{"count":2,"href":"https:\/\/rcm1.rcm.upr.edu\/decanatoestudiantes\/wp-json\/wp\/v2\/pages\/12639\/revisions"}],"predecessor-version":[{"id":12661,"href":"https:\/\/rcm1.rcm.upr.edu\/decanatoestudiantes\/wp-json\/wp\/v2\/pages\/12639\/revisions\/12661"}],"up":[{"embeddable":true,"href":"https:\/\/rcm1.rcm.upr.edu\/decanatoestudiantes\/wp-json\/wp\/v2\/pages\/3080"}],"wp:attachment":[{"href":"https:\/\/rcm1.rcm.upr.edu\/decanatoestudiantes\/wp-json\/wp\/v2\/media?parent=12639"}],"curies":[{"name":"wp","href":"https:\/\/api.w.org\/{rel}","templated":true}]}}