{"id":1757,"date":"2018-09-04T17:38:34","date_gmt":"2018-09-04T17:38:34","guid":{"rendered":"http:\/\/127.0.0.1\/rcm\/de\/organizaciones-estudiantiles\/"},"modified":"2025-09-02T11:07:11","modified_gmt":"2025-09-02T11:07:11","slug":"organizaciones-estudiantiles","status":"publish","type":"page","link":"https:\/\/rcm1.rcm.upr.edu\/decanatoestudiantes\/organizaciones-estudiantiles\/","title":{"rendered":"Organizaciones Estudiantiles Reconocidas"},"content":{"rendered":"<div class=\"wpb-content-wrapper\"><p>[vc_row][vc_column width=&#8221;2\/3&#8243;][vc_column_text]<img loading=\"lazy\" decoding=\"async\" class=\"alignnone size-medium wp-image-2716\" style=\"margin-left: auto; margin-right: auto;\" src=\"https:\/\/rcm1.rcm.upr.edu\/decanatoestudiantes\/wp-content\/uploads\/sites\/13\/2023\/01\/Organizaciones-Estudiantiles.jpg\" alt=\"\" width=\"345\" height=\"231\" \/><\/p>\n<p>&nbsp;<\/p>\n<h3><span style=\"font-size: 14px; font-weight: 400; text-align: start;\">El Reglamento de Estudiantes del Recinto de Ciencias M\u00e9dicas establece en su Art\u00edculo 33 que las organizaciones estudiantiles son organismos indispensables para el desarrollo de una vida estudiantil activa y vigorosa, tanto con el aspecto f\u00edsico, art\u00edstico e intelectual, como el aspecto \u00e9tico de una vida fruct\u00edfera en comunidad conducente al amor y al respeto entre los seres humanos. Nos corresponde como Instituci\u00f3n facilitar el derecho a la libre asociaci\u00f3n de la comunidad estudiantil del Recinto de Ciencias M\u00e9dicas, enmarcado en un ambiente de respeto y tolerancia, lo que resulta indispensable para la sana convivencia de todos.<\/span><\/h3>\n<p>&nbsp;<\/p>\n<p>Para m\u00e1s informaci\u00f3n, puede comunicarse a: <a href=\"mailto:orgestudiantiles.rcm@upr.edu\" target=\"_blank\" rel=\"noopener noreferrer\" data-auth=\"NotApplicable\" data-linkindex=\"2\" data-ogsc=\"\">orgestudiantiles.rcm@upr.edu<\/a>.[\/vc_column_text][\/vc_column][vc_column width=&#8221;1\/3&#8243;][vc_message message_box_color=&#8221;warning&#8221; icon_fontawesome=&#8221;&#8221; css=&#8221;.vc_custom_1756811202095{background-color: #cecece !important;}&#8221;]<strong>Documentos<\/strong><\/p>\n<ul>\n<li><a href=\"https:\/\/rcm1.rcm.upr.edu\/decanatoestudiantes\/wp-content\/uploads\/sites\/13\/2023\/01\/Informe-Anual-Organizaciones-Estudiantiles-RCM-para-incluir-a-Organizaciones.pdf\" target=\"_blank\" rel=\"noopener noreferrer\">Informe Anual Organizaciones Estudiantiles RCM<\/a><\/li>\n<li><a href=\"https:\/\/rcm1.rcm.upr.edu\/decanatoestudiantes\/wp-content\/uploads\/sites\/13\/2023\/01\/REGLAMENTO-GENERAL-DE-ESTUDIANTES-COMPILADO-_Abril_2017.pdf\" target=\"_blank\" rel=\"noopener noreferrer\">Reglamento General de Estudiantes UPR<\/a><\/li>\n<li><a href=\"https:\/\/rcm1.rcm.upr.edu\/decanatoestudiantes\/wp-content\/uploads\/sites\/13\/2023\/01\/Reglamento-Estudiantes-RCM-2021.pdf\" target=\"_blank\" rel=\"noopener noreferrer\">Reglamento de Estudiantes UPR-Recinto de Ciencias M\u00e9dicas<\/a><\/li>\n<li><a href=\"https:\/\/rcm1.rcm.upr.edu\/decanatoestudiantes\/wp-content\/uploads\/sites\/13\/2025\/09\/solicitud-formulario-registrar-organizacion-estud-2025-26.pdf\">SOLICITUD\/FORMULARIO REGISTRAR ORGANIZACION ESTUDIANTIL 2025-2026<\/a><\/li>\n<li><a href=\"https:\/\/rcm1.rcm.upr.edu\/decanatoestudiantes\/wp-content\/uploads\/sites\/13\/2025\/09\/instrucciones-proceso-reconocimiento-organizacion-estud-2025-26.pdf\">Instrucciones Reconocimiento Org. Estudiantiles A\u00d1O ACADEMICO 2025- 2026<\/a><\/li>\n<\/ul>\n<p>[\/vc_message][\/vc_column][\/vc_row][vc_row][vc_column][vc_column_text css=&#8221;&#8221;]<\/p>\n<h3 style=\"text-align: center;\">Certificaci\u00f3n<\/h3>\n<p style=\"text-align: center;\">Organizaciones Estudiantiles Reconocidas<\/p>\n<p style=\"text-align: center;\">A\u00f1o Acad\u00e9mico 2024-2025-Enmendada<\/p>\n<p>El Comit\u00e9 para el Reconocimiento de Organizaciones Estudiantiles del Recinto de Ciencias M\u00e9dicas recibi\u00f3 todos los documentos sometidos por las organizaciones estudiantiles.\u00a0 Luego de evaluar cada una de las solicitudes, se otorga el Reconocimiento oficial a las siguientes organizaciones y se confirma que cumplen con los requisitos establecidos en el Reglamento de Estudiantes del Recinto de Ciencias M\u00e9dicas de la Universidad de Puerto Rico:[\/vc_column_text]<div class=\"standard-arrow list-divider bullet-top\"><p><strong>ESCUELA DE MEDICINA<\/strong><\/p>\n<p><strong>NOMBRE ORGANIZACI\u00d3N<\/strong><\/p>\n<ol>\n<li>Alianza de M\u00e9dicos al Rescate Cap\u00edtulo RCM (AMAR)<\/li>\n<li>American Association of Neurological Surgeons UPR Chapter (AANS-RCM)<\/li>\n<li>American Medical Association UPR SOM Chapter<\/li>\n<li>American Medical Women\u2019s Association (AMWA)<\/li>\n<li>American Geriatric Society: UPR Chapter<\/li>\n<li>Anatomical Sciences Association (ASA UPR-RCM)<\/li>\n<li>Asociaci\u00f3n de Estudiantes Graduados de Ciencias Biom\u00e9dicas<\/li>\n<li>Asociaci\u00f3n de Salud Mental UPR-RCM (ASAME)<\/li>\n<li>Asociaci\u00f3n Estudiantil de Pediatr\u00eda (AEP)<\/li>\n<li>Cap\u00edtulo de Microbiolog\u00eda UPR-RCM<\/li>\n<li>Cardiothoracic Surgery Interest Group (CTSIG)<\/li>\n<li>CHOSEN: Asociaci\u00f3n Estudiantil Elegidos para Servir<\/li>\n<li>El C\u00edrculo de la Mariposa<\/li>\n<li>Emergency Medicine Interest Group (EMIG)<\/li>\n<li>Family Medicine Interest Group (FMIG)<\/li>\n<li>Grupo de Inter\u00e9s Humanismo M\u00e9dico<\/li>\n<li>Health and Deaf Community Alliance (HDCA)<\/li>\n<li>Infectious Diseases Interest Group<\/li>\n<li>Internal Medicine Interest Group (IMIG)<\/li>\n<li>Latino Medical Student Association Recinto de Ciencias M\u00e9dicas (LMSA-RCM)<\/li>\n<li>Med Peds Interest Group (MPIG)<\/li>\n<li>Medical Student\u2019s Pride Alliance<\/li>\n<li>Medical Students Pro-Education (MSPE)<\/li>\n<li>Nephrology Interest Group<\/li>\n<li>Oncology Interest Group<\/li>\n<li>Plastic Surgery Interest Group (PSIG)<\/li>\n<li>Puerto Rico Chapter- Medical Students for a Sustainable Future (MS4SF)<\/li>\n<li>Recinto Pa\u2019 la Calle<\/li>\n<li>Rheumatology Interest Group<\/li>\n<li>Salud en Ruedas- Cap\u00edtulo RCM<\/li>\n<li>Student Interest Group in Neurology (SIGN)<\/li>\n<li>Student Interest Group in Obstetrics and Gynecology (SIGOG)<\/li>\n<li>Surgery Interest Group<\/li>\n<li>SORAD (Student Organization of Radiology)<\/li>\n<li>Trauma Surgery Interest Group (TSIG)<\/li>\n<li>Urology Interest Group (UIG<\/li>\n<\/ol>\n<p><strong>ESCUELA DE MEDICINA DENTAL<\/strong><\/p>\n<p><strong>NOMBRE ORGANIZACI\u00d3N<\/strong><\/p>\n<ol>\n<li>Academy of General Dentistry (AGD)<\/li>\n<li>American Association of Womens Dentists<\/li>\n<li>American Dental Education Association<\/li>\n<li>American Student Dental Association<\/li>\n<li>Asociaci\u00f3n de Profesiones Dentales Aliados<\/li>\n<li>Association of Student with International Education (ASIE)<\/li>\n<li>Digital Dentistry Club<\/li>\n<li>Endodontics Interest Group<\/li>\n<li>Health Come True Foundation UPR MSC (HCTF UPR MSC)<\/li>\n<li>Hispanic Student Dental Association<\/li>\n<li>Humanitarian Dental Care Outreach Program<\/li>\n<li>OMPSA: ORAL &amp; Maxilofacial Pathology Student Association<\/li>\n<li>Opportunities in Oral &amp; Maxillofacial Surgery (doms)<\/li>\n<li>Orthodontics Interest Group<\/li>\n<li>Periodontology Interest Group<\/li>\n<li>Prosthodontics Interest Group<\/li>\n<li>Student Chapter Special care dentistry association (SCSDA)<\/li>\n<li>The Lydia Lopez Research Group by AADOCR<\/li>\n<li>UPR Student Chapter of American Academy of Pediatric Dentistry (SCAAPD)<\/li>\n<\/ol>\n<p><strong>ESCUELA DE FARMACIA<\/strong><\/p>\n<p><strong>NOMBRE ORGANIZACI\u00d3N<\/strong><\/p>\n<ol>\n<li>American Pharmacist Association \u2013 Academy of Student Pharmacists (APhA-ASP)<\/li>\n<li>American Society of Health System Pharmacists-Student Society of Health System<\/li>\n<li>Asociaci\u00f3n de Estudiantes Graduados en Farmacia AEGF<\/li>\n<li>Asociaci\u00f3n de Estudiantes Orientadores de la Escuela de Farmacia (AEOEF)<\/li>\n<li>Farmacia en Tu Comunidad<\/li>\n<li>Fraternidad Farmace\u00fatica Alpha Zeta Omega (AZO)-Cap\u00edtulo Pi Rho<\/li>\n<li>National Community Pharmacist Association (NCPA)<\/li>\n<li>Sociedad de Honor Rho Chi, Cap\u00edtulo Gamma Eta<\/li>\n<\/ol>\n<p><strong>ESCUELA DE PROFESIONES DE LA SALUD<\/strong><\/p>\n<p><strong>NOMBRE ORGANIZACI\u00d3N<\/strong><\/p>\n<ol>\n<li>Academy of Audiology Of Puerto Rico \u2013 Student Chapter<\/li>\n<li>Asociaci\u00f3n Estudiantil de Doctores en Fisioterapia (AEDFI)<\/li>\n<li>Medical Sciences Campus NSSHLA Chapter<\/li>\n<li>Student Academy of Audiology of Puerto Rico (SAA-PR)4<\/li>\n<li>Student Occupational Therapy Association of the University of Puerto Rico, Medical Science Campus<\/li>\n<\/ol>\n<p><strong>ESCUELA GRADUADA DE SALUD P\u00faBLICA<\/strong><\/p>\n<p><strong>NOMBRE ORGANIZACI\u00d3N<\/strong><\/p>\n<ol>\n<li>American Industrial Hygiene Association, PR Student Chapter (AIHA)<\/li>\n<li>Asociaci\u00f3n de Estudiantes de Demograf\u00eda y Estudios Poblacionales (AEDEP)<\/li>\n<li>Asociaci\u00f3n de Estudiantes de Educaci\u00f3n en Salud P\u00fablica<\/li>\n<li>Asociaci\u00f3n de Estudiantes de Epidemiolog\u00eda y Bioestad\u00edstica (AEEB)<\/li>\n<li>Asociaci\u00f3n de Estudiantes de Salud Ambiental (AESA)<\/li>\n<li>Asociaci\u00f3n de Estudiantes de Salud P\u00fablica General<\/li>\n<li>Nutrition &amp; Public Health Student Association (NutriPHSA)<\/li>\n<\/ol>\n<p><strong>ESCUELA DE ENFERMER\u00edA<\/strong><\/p>\n<p><strong>NOMBRE ORGANIZACI\u00d3N<\/strong><\/p>\n<ol>\n<li>University of Puerto Rico Association of Student Nurse Anesthesist (UPRASNA)<\/li>\n<\/ol>\n<p><strong>COMUNIDAD RCM<\/strong><\/p>\n<p><strong>NOMBRE ORGANIZACI\u00d3N<\/strong><\/p>\n<ol>\n<li>Asociaci\u00f3n de Estudiantes Cat\u00f3licos del RCM<\/li>\n<\/ol>\n<\/div>[\/vc_column][\/vc_row]<\/p>\n<\/div>","protected":false},"excerpt":{"rendered":"<p>[vc_row][vc_column width=&#8221;2\/3&#8243;][vc_column_text] &nbsp; El Reglamento de Estudiantes del Recinto de Ciencias M\u00e9dicas establece en su Art\u00edculo 33 que las organizaciones estudiantiles son organismos indispensables para el desarrollo de una vida estudiantil activa y vigorosa, tanto con el aspecto f\u00edsico, art\u00edstico e intelectual, como el aspecto \u00e9tico de una vida fruct\u00edfera en comunidad conducente al amor&hellip;<\/p>\n","protected":false},"author":1,"featured_media":0,"parent":0,"menu_order":0,"comment_status":"closed","ping_status":"closed","template":"template-microsite.php","meta":{"footnotes":""},"class_list":["post-1757","page","type-page","status-publish","hentry","description-off"],"aioseo_notices":[],"_links":{"self":[{"href":"https:\/\/rcm1.rcm.upr.edu\/decanatoestudiantes\/wp-json\/wp\/v2\/pages\/1757","targetHints":{"allow":["GET"]}}],"collection":[{"href":"https:\/\/rcm1.rcm.upr.edu\/decanatoestudiantes\/wp-json\/wp\/v2\/pages"}],"about":[{"href":"https:\/\/rcm1.rcm.upr.edu\/decanatoestudiantes\/wp-json\/wp\/v2\/types\/page"}],"author":[{"embeddable":true,"href":"https:\/\/rcm1.rcm.upr.edu\/decanatoestudiantes\/wp-json\/wp\/v2\/users\/1"}],"replies":[{"embeddable":true,"href":"https:\/\/rcm1.rcm.upr.edu\/decanatoestudiantes\/wp-json\/wp\/v2\/comments?post=1757"}],"version-history":[{"count":19,"href":"https:\/\/rcm1.rcm.upr.edu\/decanatoestudiantes\/wp-json\/wp\/v2\/pages\/1757\/revisions"}],"predecessor-version":[{"id":12526,"href":"https:\/\/rcm1.rcm.upr.edu\/decanatoestudiantes\/wp-json\/wp\/v2\/pages\/1757\/revisions\/12526"}],"wp:attachment":[{"href":"https:\/\/rcm1.rcm.upr.edu\/decanatoestudiantes\/wp-json\/wp\/v2\/media?parent=1757"}],"curies":[{"name":"wp","href":"https:\/\/api.w.org\/{rel}","templated":true}]}}