{"id":2294,"date":"2019-03-07T19:55:35","date_gmt":"2019-03-07T19:55:35","guid":{"rendered":"http:\/\/127.0.0.1\/rcm\/de\/plan-medico\/"},"modified":"2024-09-23T17:36:17","modified_gmt":"2024-09-23T17:36:17","slug":"plan-medico","status":"publish","type":"page","link":"https:\/\/rcm1.rcm.upr.edu\/decanatoestudiantes\/plan-medico\/","title":{"rendered":"Plan M\u00e9dico Estudiantes"},"content":{"rendered":"<div class=\"wpb-content-wrapper\"><p>[vc_row][vc_column][vc_column_text css=&#8221;&#8221;]<\/p>\n<div class=\"wpb_text_column wpb_content_element \">\n<div class=\"wpb_wrapper\">\n<p>Es requisito de matr\u00edcula poseer un plan m\u00e9dico vigente que cubra\u00a0<b>servicios cl\u00ednicos y de emergencias de salud en Puerto Rico<\/b>. Al momento de la matr\u00edcula debe presentar certificaci\u00f3n oficial de tener un seguro m\u00e9dico, de lo contrario se le adjudicar\u00e1 la cubierta b\u00e1sica del plan m\u00e9dico contratado por la Universidad de Puerto Rico. Este puede variar en precios anualmente.<\/p>\n<\/div>\n<\/div>\n<p>[\/vc_column_text][vc_single_image image=&#8221;12424&#8243; img_size=&#8221;full&#8221; alignment=&#8221;center&#8221; onclick=&#8221;custom_link&#8221; css=&#8221;&#8221; link=&#8221;https:\/\/rcm1.rcm.upr.edu\/decanatoestudiantes\/wp-content\/uploads\/sites\/13\/2024\/07\/instrucciones-ingresar-plan-medico-matricula-2024-25.pdf&#8221;][vc_column_text css=&#8221;&#8221;]<\/p>\n<div class=\"wpb_text_column wpb_content_element \">\n<div class=\"wpb_wrapper\">\n<p>Los estudiantes que actualmente est\u00e9n acogidos a un plan m\u00e9dico privado con sus padres y\u00a0<b>cumplan 25 a\u00f1os de edad;\u00a0<\/b>antes\u00a0<b>de que finalice el primer semestre del a\u00f1o acad\u00e9mico<\/b>, podr\u00edan quedar descubiertos de dicho plan. De ser esta su situaci\u00f3n debe acogerse a un plan m\u00e9dico con vigencia desde que queda descubierto hasta que finalice el a\u00f1o acad\u00e9mico.<\/p>\n<\/div>\n<\/div>\n<p>[\/vc_column_text][\/vc_column][\/vc_row][vc_row][vc_column][vc_btn title=&#8221;Actualizar plan m\u00e9dico estudiantil (de forma automatizada)&#8221; color=&#8221;black&#8221; size=&#8221;lg&#8221; align=&#8221;center&#8221; css=&#8221;&#8221; link=&#8221;url:https%3A%2F%2Fportal.upr.edu%2Frcm%2Fportal.php%3Fa%3Drea_login|target:_blank&#8221;][vc_empty_space][\/vc_column][\/vc_row][vc_row][vc_column][vc_column_text]<\/p>\n<h3><strong>Preguntas frecuentes referente a la obtenci\u00f3n de un plan m\u00e9dico a los estudiantes candidatos a matr\u00edcula en el Recinto de Ciencias M\u00e9dicas<\/strong><\/h3>\n<p>[\/vc_column_text][vc_column_text css=&#8221;&#8221;]<strong>\u00bfQu\u00e9 cubre el plan m\u00e9dico? <\/strong><\/p>\n<p>El plan m\u00e9dico cubre visitas a m\u00e9dicos primarios y especialistas, salas de emergencias, laboratorios, radiograf\u00edas, medicamentos bioequivalentes y de marca, terapias f\u00edsicas, respiratorias, dental y otros. Las cubiertas dental, major medical y medicamentos de marca tienen un costo adicional. El plan es libre selecci\u00f3n de m\u00e9dicos y hospitales.<\/p>\n<p>&nbsp;<\/p>\n<p><strong>\u00bfQu\u00e9 personas de mi familia puedo incluir en mi plan m\u00e9dico de estudiante? <\/strong><\/p>\n<p>El plan m\u00e9dico contratado por la Universidad solo cubre al estudiante candidato a matr\u00edcula, su esposa(o) legal e hijos. No cubre, padre, madres, tutores, primos, cu\u00f1adas u otros.<\/p>\n<p>&nbsp;<\/p>\n<p><strong>\u00bfCu\u00e1les son los costos del plan m\u00e9dico contratado por la UPR? <\/strong><\/p>\n<p>Los costos del plan m\u00e9dico var\u00edan de a\u00f1o en a\u00f1o.<\/p>\n<ul>\n<li><a href=\"https:\/\/rcm1.rcm.upr.edu\/decanatoestudiantes\/wp-content\/uploads\/sites\/13\/2024\/09\/Plan-medico-de-estudiantes-2024-2025.pdf\" target=\"_blank\" rel=\"noopener\">Costos Plan M\u00e9dico 2024-2025<\/a><\/li>\n<li><a href=\"https:\/\/rcm1.rcm.upr.edu\/decanatoestudiantes\/wp-content\/uploads\/sites\/13\/2024\/08\/Resumen-de-Beneficios-2023-2024-UPR-Estudiantes.pdf\">Resumen de Beneficios Plan M\u00e9dico Estudiantil<\/a><\/li>\n<\/ul>\n<p><strong>\u00bfEl costo del plan m\u00e9dico se paga en su totalidad o puede hacerse en pagos parciales? <\/strong><\/p>\n<p>El costo de las cubiertas seleccionadas se efect\u00faa en <strong>su totalidad <\/strong>independientemente de pr\u00e9stamos o becas asignadas al estudiante.<\/p>\n<p>&nbsp;<\/p>\n<p><strong>\u00bfCu\u00e1ndo y d\u00f3nde se paga el plan m\u00e9dico contratado por la UPR? <\/strong><\/p>\n<p>Los costos del plan m\u00e9dico con las cubiertas seleccionadas se pagan en la Oficina de Recaudaciones, segundo piso, Edificio Dr. Guillermo Arbona Irizarry durante el per\u00edodo de matr\u00edcula, pero se hace la pre-selecci\u00f3n y posteo durante el proceso de pre-matr\u00edcula en el Portal Next. Tambi\u00e9n, puede pagarlos en l\u00ednea al bajar su factura. Para este proceso debe tener correo electr\u00f3nico y un n\u00famero (pin) enviado por la Oficina de Registrador. Para verificar la informaci\u00f3n acceda a <a href=\"https:\/\/sistemas.rcm.upr.edu\/mi-info\/\" target=\"_blank\" rel=\"noopener\">Mi-Info<\/a>.<\/p>\n<p>&nbsp;<\/p>\n<p><strong>\u00bfQu\u00e9 pasa si pago el plan m\u00e9dico y la tarjeta del plan demora o se pierde en el correo? <\/strong><\/p>\n<p>En caso de no recibir su tarjeta o de \u00e9sta extraviarse, puede comunicarse con la unidad de Servicio al Cliente de Triple S a: \u00a0<strong>Servicio al Cliente (787) 774-6060 <\/strong><\/p>\n<p>&nbsp;<\/p>\n<p><strong>\u00bfCu\u00e1ndo inicia la cubierta del plan m\u00e9dico? <\/strong><\/p>\n<p>El inicio de la cubierta del plan m\u00e9dico es el primer d\u00eda de clases de cada per\u00edodo acad\u00e9mico, pero se debe seleccionar las cubiertas durante el proceso de pre-matr\u00edcula.<\/p>\n<p>&nbsp;<\/p>\n<p><strong>\u00bfCu\u00e1les son los n\u00fameros de servicio de Triple S para aclarar dudas relacionadas con el tipo de cubierta deseada o para cambiar a una cubierta familiar?<\/strong><\/p>\n<p>Contacto: Yolanda S\u00e1nchez<\/p>\n<p>Unidad Dedicada a las cubiertas de estudiantes\u00a0 (787) 273-1110 ext. 2503<\/p>\n<p>Correo electr\u00f3nico: yosanchez@ssspr.com<\/p>\n<p>Directo: (787) 764-8405<\/p>\n<p>Servicio al Cliente (787) 774-6060<\/p>\n<p>website:\u00a0<a href=\"https:\/\/salud.grupotriples.com\/\">https:\/\/salud.grupotriples.com\/<\/a><\/p>\n<p>&nbsp;<\/p>\n<p><strong>\u00bfCu\u00e1l es el APP de Triple S? <\/strong><\/p>\n<p>Puedes bajar a tu celular el APP de Triple S. En \u00e9sta aplicaci\u00f3n puedes obtener una copia de tu tarjeta del plan o una certificaci\u00f3n de cubierta.<\/p>\n<p>Acceda a <a href=\"https:\/\/services.ssspr.com\/movil-app\/\">https:\/\/services.ssspr.com\/movil-app\/<\/a>[\/vc_column_text][\/vc_column][\/vc_row]<\/p>\n<\/div>","protected":false},"excerpt":{"rendered":"<p>[vc_row][vc_column][vc_column_text css=&#8221;&#8221;] Es requisito de matr\u00edcula poseer un plan m\u00e9dico vigente que cubra\u00a0servicios cl\u00ednicos y de emergencias de salud en Puerto Rico. Al momento de la matr\u00edcula debe presentar certificaci\u00f3n oficial de tener un seguro m\u00e9dico, de lo contrario se le adjudicar\u00e1 la cubierta b\u00e1sica del plan m\u00e9dico contratado por la Universidad de Puerto Rico.&hellip;<\/p>\n","protected":false},"author":1,"featured_media":0,"parent":0,"menu_order":0,"comment_status":"closed","ping_status":"closed","template":"template-microsite.php","meta":{"footnotes":""},"class_list":["post-2294","page","type-page","status-publish","hentry","description-off"],"aioseo_notices":[],"_links":{"self":[{"href":"https:\/\/rcm1.rcm.upr.edu\/decanatoestudiantes\/wp-json\/wp\/v2\/pages\/2294","targetHints":{"allow":["GET"]}}],"collection":[{"href":"https:\/\/rcm1.rcm.upr.edu\/decanatoestudiantes\/wp-json\/wp\/v2\/pages"}],"about":[{"href":"https:\/\/rcm1.rcm.upr.edu\/decanatoestudiantes\/wp-json\/wp\/v2\/types\/page"}],"author":[{"embeddable":true,"href":"https:\/\/rcm1.rcm.upr.edu\/decanatoestudiantes\/wp-json\/wp\/v2\/users\/1"}],"replies":[{"embeddable":true,"href":"https:\/\/rcm1.rcm.upr.edu\/decanatoestudiantes\/wp-json\/wp\/v2\/comments?post=2294"}],"version-history":[{"count":11,"href":"https:\/\/rcm1.rcm.upr.edu\/decanatoestudiantes\/wp-json\/wp\/v2\/pages\/2294\/revisions"}],"predecessor-version":[{"id":12478,"href":"https:\/\/rcm1.rcm.upr.edu\/decanatoestudiantes\/wp-json\/wp\/v2\/pages\/2294\/revisions\/12478"}],"wp:attachment":[{"href":"https:\/\/rcm1.rcm.upr.edu\/decanatoestudiantes\/wp-json\/wp\/v2\/media?parent=2294"}],"curies":[{"name":"wp","href":"https:\/\/api.w.org\/{rel}","templated":true}]}}