{"id":2699,"date":"2019-08-21T16:28:38","date_gmt":"2019-08-21T16:28:38","guid":{"rendered":"http:\/\/127.0.0.1\/rcm\/de\/oficina-de-calidad-de-vida\/que-es-calidad-de-vida\/"},"modified":"2025-02-28T18:52:46","modified_gmt":"2025-02-28T18:52:46","slug":"que-es-calidad-de-vida","status":"publish","type":"page","link":"https:\/\/rcm1.rcm.upr.edu\/decanatoestudiantes\/oficina-de-calidad-de-vida\/que-es-calidad-de-vida\/","title":{"rendered":"\u00bfQu\u00e9 es Calidad de Vida?"},"content":{"rendered":"<div class=\"wpb-content-wrapper\"><p>[vc_row][vc_column][vc_column_text]<\/p>\n<h4><em><img loading=\"lazy\" decoding=\"async\" class=\"aligncenter\" src=\"https:\/\/rcm1.rcm.upr.edu\/decanatoestudiantes\/wp-content\/uploads\/sites\/13\/2020\/08\/Logo-Calidad-de-Vida.jpg\" width=\"326\" height=\"200\" \/><\/em><\/h4>\n<p>[\/vc_column_text][vc_column_text]<a href=\"https:\/\/rcm1.rcm.upr.edu\/decanatoestudiantes\/wp-content\/uploads\/sites\/13\/2023\/01\/Calidad-de-Vida.pdf\" target=\"_blank\" rel=\"noopener\">Presentaci\u00f3n: Calidad de Vida<\/a>[\/vc_column_text][vc_empty_space][vc_column_text css=&#8221;&#8221;]<\/p>\n<h3><em>Calidad de Vida es\u2026<\/em><\/h3>\n<p>\u2022 Es todo lo que nos permite ser mejores seres humanos.<br \/>\n\u2022 Es un estilo de vida que nos permite integrar de manera saludable nuestras diferentes dimensiones dimensiones: intelectual, social, f\u00edsico, emocional, espiritual y ocupacional.<br \/>\n\u2022 La b\u00fasqueda de nuevos conocimientos y promoci\u00f3n de nuestro sentido de felicidad.<br \/>\n\u2022 Es la capacidad de aumentar el potencial del ser humano.<\/p>\n<p>&nbsp;<\/p>\n<h4 style=\"text-align: center;\"><em>Calidad de vida es bienestar.<\/em><\/h4>\n<h4 style=\"text-align: center;\"><em>\u00a1Es vivir con entusiasmo!<\/em><\/h4>\n<h4 style=\"text-align: center;\"><em>\u00a1Hacer la Diferencia! \u00a1Romper Barreras!<\/em><\/h4>\n<p>[\/vc_column_text][vc_empty_space][\/vc_column][\/vc_row][vc_row][vc_column][vc_column_text]<\/p>\n<h3><strong>Trabajamos enfocados en estos cuatro componentes:<\/strong><\/h3>\n<p>&nbsp;<\/p>\n<p><img loading=\"lazy\" decoding=\"async\" class=\"wp-image-2702 aligncenter\" src=\"https:\/\/rcm1.rcm.upr.edu\/decanatoestudiantes\/wp-content\/uploads\/sites\/13\/2023\/01\/Componentes-Calidad-de-Vida.jpg\" alt=\"\" width=\"376\" height=\"288\" \/><\/p>\n<p>&nbsp;<\/p>\n<p>Estas oficinas se establecen, para promover estilos de vidas saludables entre los estudiantes universitarios. Adem\u00e1s, de cumplir con la reglamentaci\u00f3n del Departamento de Educaci\u00f3n Federal, para todas las instituciones de Educaci\u00f3n Superior que participan en los programas de ayuda econ\u00f3mica bajo el T\u00edtulo IV.[\/vc_column_text][vc_empty_space][\/vc_column][\/vc_row][vc_row][vc_column width=&#8221;1\/2&#8243;][vc_column_text]<\/p>\n<h3>L\u00edneas de apoyo<\/h3>\n<p>&nbsp;<\/p>\n<p><em>Casa Protegida Julia de Burgos <\/em><\/p>\n<p><em>787-723-3500 <\/em><\/p>\n<p>&nbsp;<\/p>\n<p><em>Casa de Todos<\/em><\/p>\n<p>787-734-3132<\/p>\n<p>&nbsp;<\/p>\n<p><em>Hogar Ruth<\/em><\/p>\n<p>787-883-1884<\/p>\n<p>&nbsp;<\/p>\n<p><em>Hogar Nueva Mujer<\/em><\/p>\n<p>787-263-6473<\/p>\n<p>&nbsp;<\/p>\n<p><em>Apoyo y Orientaci\u00f3n Legal 24\/7<\/em><\/p>\n<p>787-459-1118<\/p>\n<p>&nbsp;<\/p>\n<p><em>Proyecto Matria<\/em><\/p>\n<p>787-489-0022<\/p>\n<p>&nbsp;<\/p>\n<p><em>Siempre Vivas<\/em><\/p>\n<p>787-390-3371<\/p>\n<p>&nbsp;<\/p>\n<p><a href=\"https:\/\/pazparalamujer.org\/\" target=\"_blank\" rel=\"noopener noreferrer\">pazparalamujer.org<\/a>[\/vc_column_text][\/vc_column][vc_column width=&#8221;1\/2&#8243;][vc_column_text]<\/p>\n<h3><strong>Mantente Informado<\/strong><\/h3>\n<p>[\/vc_column_text][vc_column_text][\/vc_column_text][vc_empty_space][vc_wp_custommenu nav_menu=&#8221;9&#8243;][\/vc_column][\/vc_row]<\/p>\n<\/div>","protected":false},"excerpt":{"rendered":"<p>[vc_row][vc_column][vc_column_text] [\/vc_column_text][vc_column_text]Presentaci\u00f3n: Calidad de Vida[\/vc_column_text][vc_empty_space][vc_column_text css=&#8221;&#8221;] Calidad de Vida es\u2026 \u2022 Es todo lo que nos permite ser mejores seres humanos. \u2022 Es un estilo de vida que nos permite integrar de manera saludable nuestras diferentes dimensiones dimensiones: intelectual, social, f\u00edsico, emocional, espiritual y ocupacional. \u2022 La b\u00fasqueda de nuevos conocimientos y promoci\u00f3n de nuestro&hellip;<\/p>\n","protected":false},"author":1,"featured_media":0,"parent":77,"menu_order":0,"comment_status":"closed","ping_status":"closed","template":"template-microsite.php","meta":{"footnotes":""},"class_list":["post-2699","page","type-page","status-publish","hentry","description-off"],"aioseo_notices":[],"_links":{"self":[{"href":"https:\/\/rcm1.rcm.upr.edu\/decanatoestudiantes\/wp-json\/wp\/v2\/pages\/2699","targetHints":{"allow":["GET"]}}],"collection":[{"href":"https:\/\/rcm1.rcm.upr.edu\/decanatoestudiantes\/wp-json\/wp\/v2\/pages"}],"about":[{"href":"https:\/\/rcm1.rcm.upr.edu\/decanatoestudiantes\/wp-json\/wp\/v2\/types\/page"}],"author":[{"embeddable":true,"href":"https:\/\/rcm1.rcm.upr.edu\/decanatoestudiantes\/wp-json\/wp\/v2\/users\/1"}],"replies":[{"embeddable":true,"href":"https:\/\/rcm1.rcm.upr.edu\/decanatoestudiantes\/wp-json\/wp\/v2\/comments?post=2699"}],"version-history":[{"count":1,"href":"https:\/\/rcm1.rcm.upr.edu\/decanatoestudiantes\/wp-json\/wp\/v2\/pages\/2699\/revisions"}],"predecessor-version":[{"id":12571,"href":"https:\/\/rcm1.rcm.upr.edu\/decanatoestudiantes\/wp-json\/wp\/v2\/pages\/2699\/revisions\/12571"}],"up":[{"embeddable":true,"href":"https:\/\/rcm1.rcm.upr.edu\/decanatoestudiantes\/wp-json\/wp\/v2\/pages\/77"}],"wp:attachment":[{"href":"https:\/\/rcm1.rcm.upr.edu\/decanatoestudiantes\/wp-json\/wp\/v2\/media?parent=2699"}],"curies":[{"name":"wp","href":"https:\/\/api.w.org\/{rel}","templated":true}]}}