{"id":3080,"date":"2016-11-17T18:24:10","date_gmt":"2016-11-17T18:24:10","guid":{"rendered":"http:\/\/127.0.0.1\/rcm\/de\/asistencia-economica\/"},"modified":"2025-06-04T13:34:37","modified_gmt":"2025-06-04T13:34:37","slug":"asistencia-economica","status":"publish","type":"page","link":"https:\/\/rcm1.rcm.upr.edu\/decanatoestudiantes\/asistencia-economica\/","title":{"rendered":"Asistencia Econ\u00f3mica"},"content":{"rendered":"<div class=\"wpb-content-wrapper\"><p>[vc_row][vc_column width=&#8221;3\/4&#8243;][vc_column_text]<span style=\"font-weight: 400;\">La Oficina de Asistencia Econ\u00f3mica adscrita al Decanato de Estudiantes tiene como objetivo principal proveer ayudas econ\u00f3micas y contribuir a que nuestros estudiantes puedan lograr sus metas acad\u00e9micas y profesionales.<\/span>[\/vc_column_text][vc_column_text]<\/p>\n<h3><strong>Misi\u00f3n<\/strong><\/h3>\n<p>[\/vc_column_text][vc_column_text]Orientar al estudiantado sobre los procedimientos para solicitar ayudas econ\u00f3micas, requisitos de elegibilidad y las normas y regulaciones federales que aplican para la otorgaci\u00f3n de ayudas econ\u00f3micas.[\/vc_column_text][vc_column_text]<\/p>\n<h3 class=\"wpb_wrapper\"><strong>Metas<\/strong><\/h3>\n<p>[\/vc_column_text][vc_column_text]<span style=\"font-weight: 400;\">Ofrecer un servicio de calidad a nuestra comunidad estudiantil y administrar efectivamente los fondos federales y estatales que recibimos para proveer asistencia econ\u00f3mica a nuestros estudiantes.<\/span>[\/vc_column_text][vc_column_text css=&#8221;&#8221;]<\/p>\n<h3 class=\"wpb_wrapper\"><strong>Pol\u00edticas Regulatorias<\/strong><\/h3>\n<p>[\/vc_column_text][vc_column_text css=&#8221;&#8221;]<a href=\"https:\/\/rcm1.rcm.upr.edu\/decanatoestudiantes\/asistencia-economica\/politicas-y-reglamentos-federales-e-institucionales\/\">Pol\u00edticas y Reglamentos Federales e Institucionales<\/a>[\/vc_column_text][\/vc_column][vc_column width=&#8221;1\/4&#8243;][vc_wp_custommenu nav_menu=&#8221;11&#8243;][\/vc_column][\/vc_row]<\/p>\n<\/div>","protected":false},"excerpt":{"rendered":"<p>[vc_row][vc_column width=&#8221;3\/4&#8243;][vc_column_text]La Oficina de Asistencia Econ\u00f3mica adscrita al Decanato de Estudiantes tiene como objetivo principal proveer ayudas econ\u00f3micas y contribuir a que nuestros estudiantes puedan lograr sus metas acad\u00e9micas y profesionales.[\/vc_column_text][vc_column_text] Misi\u00f3n [\/vc_column_text][vc_column_text]Orientar al estudiantado sobre los procedimientos para solicitar ayudas econ\u00f3micas, requisitos de elegibilidad y las normas y regulaciones federales que aplican para la&hellip;<\/p>\n","protected":false},"author":1,"featured_media":0,"parent":0,"menu_order":0,"comment_status":"closed","ping_status":"closed","template":"template-microsite.php","meta":{"footnotes":""},"class_list":["post-3080","page","type-page","status-publish","hentry","description-off"],"aioseo_notices":[],"_links":{"self":[{"href":"https:\/\/rcm1.rcm.upr.edu\/decanatoestudiantes\/wp-json\/wp\/v2\/pages\/3080","targetHints":{"allow":["GET"]}}],"collection":[{"href":"https:\/\/rcm1.rcm.upr.edu\/decanatoestudiantes\/wp-json\/wp\/v2\/pages"}],"about":[{"href":"https:\/\/rcm1.rcm.upr.edu\/decanatoestudiantes\/wp-json\/wp\/v2\/types\/page"}],"author":[{"embeddable":true,"href":"https:\/\/rcm1.rcm.upr.edu\/decanatoestudiantes\/wp-json\/wp\/v2\/users\/1"}],"replies":[{"embeddable":true,"href":"https:\/\/rcm1.rcm.upr.edu\/decanatoestudiantes\/wp-json\/wp\/v2\/comments?post=3080"}],"version-history":[{"count":21,"href":"https:\/\/rcm1.rcm.upr.edu\/decanatoestudiantes\/wp-json\/wp\/v2\/pages\/3080\/revisions"}],"predecessor-version":[{"id":12706,"href":"https:\/\/rcm1.rcm.upr.edu\/decanatoestudiantes\/wp-json\/wp\/v2\/pages\/3080\/revisions\/12706"}],"wp:attachment":[{"href":"https:\/\/rcm1.rcm.upr.edu\/decanatoestudiantes\/wp-json\/wp\/v2\/media?parent=3080"}],"curies":[{"name":"wp","href":"https:\/\/api.w.org\/{rel}","templated":true}]}}