{"id":389,"date":"2018-02-15T19:01:38","date_gmt":"2018-02-15T19:01:38","guid":{"rendered":"http:\/\/127.0.0.1\/rcm\/de\/instrucciones-para-utilizar-el-sistema-estudiantil-sis-matricula-en-linea\/"},"modified":"2018-02-15T19:01:38","modified_gmt":"2018-02-15T19:01:38","slug":"instrucciones-para-utilizar-el-sistema-estudiantil-sis-matricula-en-linea","status":"publish","type":"page","link":"https:\/\/rcm1.rcm.upr.edu\/decanatoestudiantes\/instrucciones-para-utilizar-el-sistema-estudiantil-sis-matricula-en-linea\/","title":{"rendered":"Instrucciones para utilizar el Sistema Estudiantil (SIS) \/ Matr\u00edcula en L\u00ednea"},"content":{"rendered":"<div class=\"wpb-content-wrapper\"><p>[vc_row][vc_column][vc_column_text]<\/p>\n<h3><strong>Como Conectarse al Sistema Estudiantil<\/strong><\/h3>\n<p>Descargue <b><a href=\"https:\/\/the.earth.li\/~sgtatham\/putty\/0.75\/w32\/putty.exe\" target=\"_blank\" rel=\"noopener noreferrer\">PuTTY<\/a><\/b> para conectarse al Sistema Estudiantil. Funciona en Windows 8, Windows 8.1 y Windows 10. Para acceder en Mac haga click <a href=\"#MAC\">aqu\u00ed<\/a>.[\/vc_column_text][vc_empty_space][\/vc_column][\/vc_row][vc_row][vc_column]<div class=\"aio-icon-component    style_1\"><div id=\"Info-box-wrap-3704\" class=\"aio-icon-box top-icon\" style=\"\"  ><div class=\"aio-icon-top\"><div class=\"ult-just-icon-wrapper  \"><div class=\"align-icon\" style=\"text-align:center;\">\n<div class=\"aio-icon none \"  style=\"color:#dd3333;font-size:32px;display:inline-block;\">\n\t<i class=\"Defaults-info-circle\"><\/i>\n<\/div><\/div><\/div><\/div><div class=\"aio-icon-description ult-responsive\"  data-ultimate-target='#Info-box-wrap-3704 .aio-icon-description'  data-responsive-json-new='{\"font-size\":\"\",\"line-height\":\"\"}'  style=\"\"><\/p>\n<p style=\"text-align: left\">Para aclarar dudas o referir problemas con el sistema puede enviar un e-mail a la Oficina de Sistemas de Informaci\u00f3n (<a href=\"mailto:osi.rcm@upr.edu\">osi.rcm@upr.edu<\/a>).<\/p>\n<p style=\"text-align: left\"><i>Nota: Los e-mail recibidos durante el fin de semana o fuera de horas laborables ser\u00e1n respondidos a partir del pr\u00f3ximo d\u00eda laborable.<\/i><\/p>\n<p><strong>Nota importante:<\/strong><\/p>\n<p style=\"color: red;text-align: left\">Durante los d\u00edas laborables, en el horario de 6:00 p.m. hasta las 10:00 p.m., el Sistema no estar\u00e1 disponible debido a mantenimiento diario. De surgir alguna situaci\u00f3n, debido a alg\u00fan problema con el Sistema, no estar\u00e1 disponible en el momento. Se recomienda que trate luego de conectarse nuevamente.<\/p>\n<p><\/div> <!-- description --><\/div> <!-- aio-icon-box --><\/div> <!-- aio-icon-component -->[vc_empty_space][\/vc_column][\/vc_row][vc_row][vc_column][vc_column_text]<\/p>\n<h3><strong>Instrucciones Sobre Como Configurar PuTTY Por Primera Vez<\/strong><\/h3>\n<p>[\/vc_column_text][vc_column_text]<\/p>\n<ol>\n<li>Ejecute Putty haciendo un doble clic sobre el icono.<\/li>\n<\/ol>\n<p><img loading=\"lazy\" decoding=\"async\" class=\"size-full wp-image-643 aligncenter\" src=\"https:\/\/rcm1.rcm.upr.edu\/decanatoestudiantes\/wp-content\/uploads\/sites\/13\/2023\/01\/putty-icon.png\" alt=\"\" width=\"50\" height=\"70\" \/> 2. Provea la siguiente informaci\u00f3n (Vea la Fig. #1):<\/p>\n<ul>\n<li>Host Name (or IP address): uprrcm.rcm.upr.edu o 136.145.90.3<\/li>\n<li>Port: 22<\/li>\n<li>Connection type: SSH<\/li>\n<li>Close window on exit: Only on clean exit<\/li>\n<li>En el espacio que aparece bajo Saved Sessions escriba UPRRCM.<\/li>\n<\/ul>\n<p>3. Presione el bot\u00f3n Save.<\/p>\n<div align=\"center\"><img loading=\"lazy\" decoding=\"async\" class=\"alignnone size-medium wp-image-644\" src=\"https:\/\/rcm1.rcm.upr.edu\/decanatoestudiantes\/wp-content\/uploads\/sites\/13\/2023\/01\/putty-config-win8.png\" alt=\"\" width=\"300\" height=\"289\" \/><br \/>\n[\/vc_column_text][vc_empty_space][\/vc_column][\/vc_row][vc_row][vc_column][vc_column_text]<\/p>\n<h3><strong>Como Acceder Al Sistema Estudiantil Utilizando PuTTY<\/strong><\/h3>\n<p>[\/vc_column_text][vc_column_text]<\/p>\n<h4 id=\"Windows\"><strong>Windows<\/strong><\/h4>\n<p>[\/vc_column_text][vc_column_text]<\/p>\n<ol>\n<li>Ejecute Putty haciendo un doble clic sobre el icono.<br \/>\n<img loading=\"lazy\" decoding=\"async\" class=\"size-full wp-image-643 aligncenter\" src=\"https:\/\/rcm1.rcm.upr.edu\/decanatoestudiantes\/wp-content\/uploads\/sites\/13\/2023\/01\/putty-icon.png\" alt=\"\" width=\"50\" height=\"70\" \/><\/li>\n<li>En el \u00e1rea de Saved Sessions seleccione UPRRCM y luego presione el bot\u00f3n Load.<\/li>\n<li>Luego presione el bot\u00f3n de Open.<\/li>\n<li>En la pr\u00f3xima pantalla (login as:) escriba STUDENTS y luego presione la tecla de Enter.<br \/>\n<img loading=\"lazy\" decoding=\"async\" class=\"size-medium wp-image-645 aligncenter\" src=\"https:\/\/rcm1.rcm.upr.edu\/decanatoestudiantes\/wp-content\/uploads\/sites\/13\/2023\/01\/putty-login-estudiante-300x75-1.png\" alt=\"\" width=\"300\" height=\"75\" \/><\/li>\n<li>Luego le solicitar\u00e1 que entre el password que fue informado por la Oficina del Registrador.<\/li>\n<li>En la pr\u00f3xima pantalla le van a pedir su n\u00famero de PIN y el de estudiante.<\/li>\n<\/ol>\n<p>[\/vc_column_text][vc_empty_space][\/vc_column][\/vc_row][vc_row][vc_column][vc_column_text]<\/p>\n<h4 id=\"MAC\"><strong>Macintosh (Apple)<\/strong><\/h4>\n<p>[\/vc_column_text][vc_column_text]<\/p>\n<ol>\n<li>En el men\u00fa superior (Finder), haga clic en &#8216;<i>Go<\/i>&#8216;.<\/li>\n<li>Luego haga clic en &#8216;<i>Utilities<\/i>&#8216;.<\/li>\n<li>Haga doble-clic sobre &#8216;<i>Terminal<\/i>&#8216; (Vea la Fig. #3).<img loading=\"lazy\" decoding=\"async\" class=\"size-medium wp-image-646 aligncenter\" src=\"https:\/\/rcm1.rcm.upr.edu\/decanatoestudiantes\/wp-content\/uploads\/sites\/13\/2023\/01\/Mac-Integrity-Open-300x285-1.png\" alt=\"\" width=\"300\" height=\"285\" \/><\/li>\n<li>En el Terminal, escriba: <b>ssh STUDENTS@uprrcm.rcm.upr.edu<\/b> o escriba <b>ssh STUDENTS@136.145.90.3<\/b> y apriete &#8216;<i>Enter<\/i>&#8216; (Vea la Fig. #4).<i>* Hay un espacio en blanco luego de la palabra <b>ssh<\/b>. <\/i><img loading=\"lazy\" decoding=\"async\" class=\"size-medium wp-image-647 aligncenter\" src=\"https:\/\/rcm1.rcm.upr.edu\/decanatoestudiantes\/wp-content\/uploads\/sites\/13\/2023\/01\/Mac-Integrity-Terminal-300x75-1.png\" alt=\"\" width=\"300\" height=\"75\" \/><\/li>\n<li>Luego le solicitar\u00e1 que entre el password que fue informado por la Oficina del Registrador.<\/li>\n<li>En la proxima pantalla le van a pedir su n\u00famero de PIN y el de estudiante.<\/li>\n<\/ol>\n<p>[\/vc_column_text][vc_empty_space][\/vc_column][\/vc_row][vc_row][vc_column][vc_column_text]<\/p>\n<h3><strong>Instrucciones para utilizar el Sistema Estudiantil (SIS) \/ Matr\u00edcula en L\u00ednea<\/strong><\/h3>\n<p>[\/vc_column_text][vc_tta_tour color=&#8221;chino&#8221; active_section=&#8221;1&#8243;][vc_tta_section title=&#8221;Acceso al Sistema Estudiantil (SIS)&#8221; tab_id=&#8221;1534862832529-67db6a9c-66f8&#8243;][vc_text_separator title=&#8221;Acceso al Sistema Estudiantil (SIS)&#8221; color=&#8221;chino&#8221;][vc_column_text]Una vez le aparezca en pantalla el mensaje de bienvenida de la m\u00e1quina y le solicite el <b>username<\/b> entre: <b>STUDENTS<\/b> (en may\u00fasculas) y presione &#8216;<i>ENTER<\/i>&#8216;.<\/p>\n<p>Luego le solicitar\u00e1 que entre el <b>password<\/b> que fue informado por la <b>Oficina del Registrador.<\/b><\/p>\n<div align=\"center\">\n<p><img loading=\"lazy\" decoding=\"async\" class=\"size-medium wp-image-645 aligncenter\" src=\"https:\/\/rcm1.rcm.upr.edu\/decanatoestudiantes\/wp-content\/uploads\/sites\/13\/2023\/01\/putty-login-estudiante-300x75-1.png\" alt=\"\" width=\"300\" height=\"75\" \/>\u00a0 \u00a0 \u00a0<i><img loading=\"lazy\" decoding=\"async\" class=\"size-medium wp-image-648 aligncenter\" src=\"https:\/\/rcm1.rcm.upr.edu\/decanatoestudiantes\/wp-content\/uploads\/sites\/13\/2023\/01\/password-matricula-integrity.png\" alt=\"\" width=\"300\" height=\"150\" \/><\/i><\/p>\n<p>&nbsp;<\/p>\n<p><i><img loading=\"lazy\" decoding=\"async\" class=\"size-medium wp-image-649 aligncenter\" src=\"https:\/\/rcm1.rcm.upr.edu\/decanatoestudiantes\/wp-content\/uploads\/sites\/13\/2023\/01\/Inicio-Fin-300x163-1.png\" alt=\"\" width=\"300\" height=\"163\" \/><\/i><\/p>\n<p style=\"text-align: center\"><i>Demostraci\u00f3n de la pantalla de entrada a la <\/i><i>Matr\u00edcula.<\/i><\/p>\n<\/div>\n<div align=\"center\">\n<p>&nbsp;<\/p>\n<p style=\"text-align: left\">En la pantalla <b>(FIN)<\/b>, entre su n\u00famero de seguro social (sin guiones &#8220;-&#8220;) y el c\u00f3digo de identificaci\u00f3n personal (PIN #). El mismo le fue enviado en un volante por correo. El n\u00famero de seguro social y el c\u00f3digo de identificaci\u00f3n no aparecer\u00e1n en pantalla.<\/p>\n<p style=\"text-align: left\">Si entr\u00f3 los datos correctamente, pasar\u00e1 autom\u00e1ticamente a la pantalla <b>1PL<\/b> si estamos en periodo de Pre-Matr\u00edcula. De lo contrario pasar\u00e1 a la pantalla <b>SRM<\/b> donde le aparecer\u00e1n diferentes opciones.<\/p>\n<p><img loading=\"lazy\" decoding=\"async\" class=\"size-medium wp-image-654 alignleft\" src=\"https:\/\/rcm1.rcm.upr.edu\/decanatoestudiantes\/wp-content\/uploads\/sites\/13\/2023\/01\/1PL-300x157-1.png\" alt=\"\" width=\"300\" height=\"157\" \/><\/p>\n<p><img loading=\"lazy\" decoding=\"async\" class=\"alignnone size-medium wp-image-655 aligncenter\" src=\"https:\/\/rcm1.rcm.upr.edu\/decanatoestudiantes\/wp-content\/uploads\/sites\/13\/2023\/01\/SRM.png\" alt=\"\" width=\"300\" height=\"158\" \/><\/p>\n<p>&nbsp;<\/p>\n<p style=\"text-align: left\">Presione la tecla &#8216;<i>TAB<\/i>&#8216; para llegar al campo TERM, en el mismo especificar\u00e1s el periodo acad\u00e9mico del cual desea accesar informaci\u00f3n.<\/p>\n<\/div>\n<p>[\/vc_column_text][\/vc_tta_section][vc_tta_section title=&#8221;Imprimir Pantallas&#8221; tab_id=&#8221;1534862832607-e6a83c08-70c8&#8243;][vc_text_separator title=&#8221;Imprimir Pantallas&#8221; color=&#8221;chino&#8221;][vc_column_text]Si desea obtener una impresi\u00f3n de cualquier pantalla, seleccione las opciones <b>FILE<\/b><span style=\"font-weight: normal\">, <\/span><b>PRINT<\/b><span style=\"font-weight: normal\"> y <\/span><b>OK<\/b><span style=\"font-weight: normal\"> en la barra superior de la aplicaci\u00f3n TERA TERM.<\/span>[\/vc_column_text][\/vc_tta_section][vc_tta_section title=&#8221;Actualizar Datos del Plan M\u00e9dico&#8221; tab_id=&#8221;1534862836019-725d94b6-8fd9&#8243;][vc_text_separator title=&#8221;Actualizar Datos del Plan M\u00e9dico&#8221; color=&#8221;chino&#8221;][vc_column_text]<\/p>\n<p style=\"text-align: center\"><img loading=\"lazy\" decoding=\"async\" class=\"alignnone size-medium wp-image-654\" src=\"https:\/\/rcm1.rcm.upr.edu\/decanatoestudiantes\/wp-content\/uploads\/sites\/13\/2023\/01\/1PL-300x157-1.png\" alt=\"\" width=\"300\" height=\"157\" \/><\/p>\n<ul style=\"text-align: center\">\n<li style=\"text-align: left\">La pantalla <b>1PL<\/b> le ser\u00e1 mostrada en forma autom\u00e1tica durante el periodo de Pre-Matr\u00edcula.<\/li>\n<li style=\"text-align: left\">Presione &#8216;<i>TAB<\/i>&#8216; hasta llegar a los campos que desea entrar o modificar.<\/li>\n<li style=\"text-align: left\">Debe especificar el plan m\u00e9dico el cual se acoge. Si el plan m\u00e9dico es privado (c\u00f3digo 7), debe especificar el Plan y la P\u00f3liza.<\/li>\n<li style=\"text-align: left\">La pantalla le permite cambiar su <b>Personal ID<\/b> en caso de que desee as\u00ed hacerlo. Si usted olvid\u00f3 el mismo, deber\u00e1 asistir a la Oficina del Registrador durante horas laborables con una identificaci\u00f3n con foto v\u00e1lida, para poderle asignar un n\u00famero nuevo.<\/li>\n<li style=\"text-align: left\">Si toda la informaci\u00f3n est\u00e1 completa, registre S en el campo <b>Info Completa?<\/b>.<\/li>\n<li style=\"text-align: left\">Si tiene dudas con la informaci\u00f3n relevante al Plan M\u00e9dico, registre X en el campo <b>Info Completa?<\/b> para regresar a la pantalla <b>FIN<\/b>.<\/li>\n<\/ul>\n<p>[\/vc_column_text][\/vc_tta_section][vc_tta_section title=&#8221;Cambiar N\u00famero de Identificador Personal (PIN)&#8221; tab_id=&#8221;1534862836858-37195be6-7065&#8243;][vc_text_separator title=&#8221;Cambiar N\u00famero de Identificador Personal (PIN)&#8221; color=&#8221;chino&#8221;][vc_column_text]<\/p>\n<p style=\"text-align: center\"><img loading=\"lazy\" decoding=\"async\" class=\"alignnone size-medium wp-image-654\" src=\"https:\/\/rcm1.rcm.upr.edu\/decanatoestudiantes\/wp-content\/uploads\/sites\/13\/2023\/01\/1PL-300x157-1.png\" alt=\"\" width=\"300\" height=\"157\" \/><\/p>\n<ul style=\"text-align: center\">\n<li style=\"text-align: left\">La pantalla 1PL le permite hacer el cambio de su n\u00famero o c\u00f3digo de identificador personal.<\/li>\n<li style=\"text-align: left\">Presione &#8216;<i>Tab<\/i>&#8216; hasta llegar al campo PERSONAL ID.<\/li>\n<li style=\"text-align: left\">Registre el nuevo n\u00famero (pueden ser n\u00fameros, letras o una combinaci\u00f3n de ambos, hasta un m\u00e1ximo de 4 caracteres).<\/li>\n<li style=\"text-align: left\">Presione &#8216;<i>Enter<\/i>&#8216;.<\/li>\n<li style=\"text-align: left\">El sistema le har\u00e1 la siguiente pregunta: &#8220;DESEA CAMBIAR SU PERSONAL ID NUMBER (PIN) (SI\/NO):NO&#8221;.<\/li>\n<li style=\"text-align: left\">Si desea hacer el cambio, cambie el NO por SI, y presione &#8216;<i>Enter<\/i>&#8216;.<\/li>\n<\/ul>\n<p>[\/vc_column_text][\/vc_tta_section][vc_tta_section title=&#8221;Ver Expediente Acad\u00e9mico&#8221; tab_id=&#8221;1534862837762-eb1312e9-160d&#8221;][vc_text_separator title=&#8221;Ver Expediente Acad\u00e9mico&#8221; color=&#8221;chino&#8221;][vc_column_text]<img loading=\"lazy\" decoding=\"async\" class=\"size-medium wp-image-656 aligncenter\" src=\"https:\/\/rcm1.rcm.upr.edu\/decanatoestudiantes\/wp-content\/uploads\/sites\/13\/2023\/01\/1VE.png\" alt=\"\" width=\"300\" height=\"157\" \/><\/p>\n<p>La pantalla <b>1VE<\/b> le permite ver una copia no oficial de su expediente acad\u00e9mico hasta el presente.<\/p>\n<ul>\n<li>Presione la tecla &#8216;<i>Tab<\/i>&#8216; para llegar al campo <b>CAREER<\/b>.<\/li>\n<li>Especifique las siglas correspondientes a la carrera bajo la cual usted se encuentra realizando estudios y presione &#8216;<i>Enter<\/i>&#8216;.<\/li>\n<li>Contin\u00fae presionando &#8216;<i>Enter<\/i>&#8216; para ver cada p\u00e1gina de su expediente.<\/li>\n<li>Para salir del mismo, escriba SRM en el campo de <b>SCREEN<\/b> y presione &#8216;<i>Enter<\/i>&#8216;.<\/li>\n<\/ul>\n<p>[\/vc_column_text][\/vc_tta_section][vc_tta_section title=&#8221;Eliminar Curso&#8221; tab_id=&#8221;1534862838442-12e5178e-7b01&#8243;][vc_text_separator title=&#8221;Eliminar Curso&#8221; color=&#8221;chino&#8221;][vc_column_text]<img loading=\"lazy\" decoding=\"async\" class=\"size-medium wp-image-657 aligncenter\" src=\"https:\/\/rcm1.rcm.upr.edu\/decanatoestudiantes\/wp-content\/uploads\/sites\/13\/2023\/01\/1S4.png\" alt=\"\" width=\"300\" height=\"158\" \/><\/p>\n<p>La pantalla <b>1S4<\/b> muestra los cursos que le recomend\u00f3 su consejero acad\u00e9mico o el proceso de asignaci\u00f3n de bloque autom\u00e1tico.<\/p>\n<ul>\n<li>Presione la tecla &#8216;<i>Tab<\/i>&#8216; para llegar al campo <b>DROP\/REQ<\/b>.<\/li>\n<li>Entre una D en el campo <b>DROP\/REQ<\/b> y presione &#8216;<i>Enter<\/i>&#8216; dos veces.<\/li>\n<li>El sistema desplegar\u00e1 el mensaje &#8220;DROPPED&#8221; en la l\u00ednea correspondiente al curso que ha eliminado.<\/li>\n<\/ul>\n<p>[\/vc_column_text][\/vc_tta_section][vc_tta_section title=&#8221;A\u00f1adir Cursos&#8221; tab_id=&#8221;1534862839170-790dab41-b9fd&#8221;][vc_text_separator title=&#8221;A\u00f1adir Cursos&#8221; color=&#8221;chino&#8221;][vc_column_text]<img loading=\"lazy\" decoding=\"async\" class=\"size-medium wp-image-657 aligncenter\" src=\"https:\/\/rcm1.rcm.upr.edu\/decanatoestudiantes\/wp-content\/uploads\/sites\/13\/2023\/01\/1S4.png\" alt=\"\" width=\"300\" height=\"158\" \/><\/p>\n<p>La pantalla <b>1S4<\/b> muestra los cursos que le recomend\u00f3 su consejero acad\u00e9mico o el proceso de asignaci\u00f3n de bloque autom\u00e1tico.<\/p>\n<ul>\n<li>Presione la tecla &#8216;<i>Tab<\/i>&#8216; para llegar al campo <b>DROP\/REQ<\/b>.<\/li>\n<li>Entre una R en el campo <b>DROP\/REQ<\/b>.<\/li>\n<li>Presione la tecla &#8216;<i>Tab<\/i>&#8216; para llegar al campo <b>COURSE SECT<\/b>, escriba el curso y la secci\u00f3n. Presione &#8216;<i>Enter<\/i>&#8216;.<\/li>\n<li>Observar\u00e1 el mensaje CONFIRM REQUEST al lado del curso que acaba de entrar, presione &#8216;<i>Enter<\/i>&#8216; nuevamente.<\/li>\n<li>El Sistema desplegar\u00e1 el mensaje &#8220;ENROLLED&#8221; en la l\u00ednea correspondiente al curso que ha a\u00f1adido.<\/li>\n<\/ul>\n<p style=\"border: 1px solid #404040;padding: 2px\"><span style=\"color: red;font-weight: bold\">IMPORTANTE<\/span>: El sistema le indicar\u00e1 bajo la columna DEG\/NODEG si el curso en el que se matricul\u00f3 es parte de su curr\u00edculo o no. Si para el curso en que se matricul\u00f3 aparece un 1 bajo la columna, significa que el curso es grado para su curr\u00edculo, si aparece 0 el curso es no grado para su curr\u00edculo, si aparece N significa que el sistema no puede evaluar el curso y debe visitar a su consejero acad\u00e9mico. Los estudiantes becados matriculados en cursos no grado tienen que pagar el costo de matr\u00edcula de ese curso ,ya que la beca no lo cubre.<\/p>\n<p>[\/vc_column_text][\/vc_tta_section][vc_tta_section title=&#8221;Ver Secciones Disponibles de un Curso&#8221; tab_id=&#8221;1534862839898-e10f7f25-c1b3&#8243;][vc_text_separator title=&#8221;Ver Secciones Disponibles de un Curso&#8221; color=&#8221;chino&#8221;][vc_column_text]<img loading=\"lazy\" decoding=\"async\" class=\"size-medium wp-image-658 aligncenter\" src=\"https:\/\/rcm1.rcm.upr.edu\/decanatoestudiantes\/wp-content\/uploads\/sites\/13\/2023\/01\/1CS.png\" alt=\"\" width=\"300\" height=\"157\" \/><\/p>\n<ul>\n<li>Entre <b>1CS<\/b> en el campo SCREEN, presione &#8216;<i>Enter<\/i>&#8216;.<\/li>\n<li>Entre el c\u00f3digo del curso en el campo <b>CRS<\/b>. Ejemplo: ESPA3201 y oprima &#8216;<i>Enter<\/i>&#8216;.<\/li>\n<li>En la pantalla le aparecer\u00e1n las secciones que hay para ese curso y en los campos <b>MAX<\/b> y <b>MAT<\/b> le indica el m\u00e1ximo de estudiantes que se pueden matricular y la cantidad de estudiantes matriculados en la secci\u00f3n respectivamente.<\/li>\n<\/ul>\n<p>[\/vc_column_text][\/vc_tta_section][vc_tta_section title=&#8221;Instrucciones para ver su Programa de Clases&#8221; tab_id=&#8221;1534862840635-a2c0672a-da7f&#8221;][vc_text_separator title=&#8221;Instrucciones para ver su Programa de Clases&#8221; color=&#8221;chino&#8221;][vc_column_text]<img loading=\"lazy\" decoding=\"async\" class=\"size-medium wp-image-659 aligncenter\" src=\"https:\/\/rcm1.rcm.upr.edu\/decanatoestudiantes\/wp-content\/uploads\/sites\/13\/2020\/11\/1CP.png\" alt=\"\" width=\"300\" height=\"156\" \/><\/p>\n<p>Entre <b>1CP<\/b> en el campo <b>SCREEN<\/b>, presione &#8216;<i>Enter<\/i>&#8216;.[\/vc_column_text][\/vc_tta_section][vc_tta_section title=&#8221;Ver Costo Total de su Matr\u00edcula&#8221; tab_id=&#8221;1534862841700-4d8d94a1-0c89&#8243;][vc_text_separator title=&#8221;Ver Costo Total de su Matr\u00edcula&#8221; color=&#8221;chino&#8221;][vc_column_text]<img loading=\"lazy\" decoding=\"async\" class=\"size-medium wp-image-660 aligncenter\" src=\"https:\/\/rcm1.rcm.upr.edu\/decanatoestudiantes\/wp-content\/uploads\/sites\/13\/2023\/01\/4CM.png\" alt=\"\" width=\"300\" height=\"164\" \/><\/p>\n<p>Entre <b>4CM<\/b> en el campo <b>SCREEN<\/b>, presione &#8216;<i>Enter<\/i>&#8216;[\/vc_column_text][\/vc_tta_section][vc_tta_section title=&#8221;Distribuci\u00f3n de Pagos de Becas&#8221; tab_id=&#8221;1534862842939-128c9bce-2782&#8243;][vc_text_separator title=&#8221;Distribuci\u00f3n de Pagos de Becas&#8221; color=&#8221;chino&#8221;][vc_column_text]<img loading=\"lazy\" decoding=\"async\" class=\"size-medium wp-image-661 aligncenter\" src=\"https:\/\/rcm1.rcm.upr.edu\/decanatoestudiantes\/wp-content\/uploads\/sites\/13\/2023\/01\/3DD.png\" alt=\"\" width=\"300\" height=\"164\" \/><\/p>\n<ul>\n<li style=\"text-align: left\">La pantalla <b>3DD<\/b> muestra los pagos que se realizar\u00e1n de los diferentes fondos que le fueron otorgados.<\/li>\n<li style=\"text-align: left\">Presione la tecla &#8216;<i>Tab<\/i>&#8216; para llegar al campo <b>FUND<\/b> y oprima &#8216;<i>Enter<\/i>&#8216;. Entre el c\u00f3digo correspondiente al fondo que le fue asignado.<\/li>\n<li style=\"text-align: left\">La pantalla le mostrar\u00e1 la distribuci\u00f3n de pagos correspondientes a ese fondo.<\/li>\n<\/ul>\n<p>[\/vc_column_text][\/vc_tta_section][vc_tta_section title=&#8221;Ver Balance de la Cuenta&#8221; tab_id=&#8221;1534862843730-6db26630-6bf2&#8243;][vc_text_separator title=&#8221;Ver Balance de la Cuenta&#8221; color=&#8221;chino&#8221;][vc_column_text]<\/p>\n<p style=\"text-align: center\"><img loading=\"lazy\" decoding=\"async\" class=\"alignnone size-medium wp-image-662\" src=\"https:\/\/rcm1.rcm.upr.edu\/decanatoestudiantes\/wp-content\/uploads\/sites\/13\/2023\/01\/409.png\" alt=\"\" width=\"300\" height=\"163\" \/><\/p>\n<ul style=\"text-align: center\">\n<li style=\"text-align: left\">La pantalla <b>409<\/b> le muestra las diferentes transacciones realizadas en la Oficina de Recaudaciones correspondientes a cargos y pagos. Los mismos se refieren a Cargos\/Pagos Matr\u00edcula, Cargos\/Pagos Ayudas Econ\u00f3micas u otros cargos o deudas y sus correspondientes pagos.<\/li>\n<li style=\"text-align: left\">Presione la tecla &#8216;<i>Enter<\/i>&#8216; para ver todas las p\u00e1ginas de transacciones.<\/li>\n<li style=\"text-align: left\">La l\u00ednea de Total reflejar\u00e1 una cantidad corriente mayor de 0, reflejando as\u00ed una deuda.<\/li>\n<li style=\"text-align: left\">Si la cantidad futura es mayor de 0, indica una deuda que vencer\u00e1 en una fecha futura (ej. pr\u00f3rroga).<\/li>\n<\/ul>\n<p style=\"border: 1px solid #404040;padding: 2px;text-align: left\"><span style=\"color: red;font-weight: bold\">IMPORTANTE<\/span>: Bajo la columna <b>TRM<\/b> se muestra el c\u00f3digo del periodo acad\u00e9mico al cual pertenece el cargo o pago. Bajo la columna <b>Description<\/b> le da un resumen del concepto del cargo o pago. La columna <b>CP<\/b> indica C(cargo), P(pago). La columna <b>Amount<\/b> muestra la cantidad del cargo y un negativo cualquier pago, ajuste o reembolso por un cargo. Bajo la columna <b>EFF-DT<\/b> se refleja la fecha en que se realiz\u00f3 la transacci\u00f3n.<\/p>\n<p>[\/vc_column_text][\/vc_tta_section][vc_tta_section title=&#8221;Ver su Evaluaci\u00f3n Acad\u00e9mica&#8221; tab_id=&#8221;1534864498299-76f0096f-1ff9&#8243;][vc_text_separator title=&#8221;Ver su Evaluaci\u00f3n Acad\u00e9mica&#8221; color=&#8221;chino&#8221;][vc_column_text]<img loading=\"lazy\" decoding=\"async\" class=\"size-medium wp-image-663 aligncenter\" src=\"https:\/\/rcm1.rcm.upr.edu\/decanatoestudiantes\/wp-content\/uploads\/sites\/13\/2023\/01\/683.png\" alt=\"\" width=\"300\" height=\"164\" \/><\/p>\n<p>La evaluaci\u00f3n consiste de una comparaci\u00f3n entre los cursos requeridos por el programa acad\u00e9mico en el cual usted est\u00e1 clasicado, los cursos que ha tomado y que aparecen en su expediente.<\/p>\n<div>\n<ul>\n<li>Entre 683 en el campo SCREEN, presione &#8216;<i>Enter<\/i>&#8216;.<\/li>\n<li>Una vez usted est\u00e9 en la pantalla 683, presione &#8216;<i>Enter<\/i>&#8216; para ver las siguientes secciones. La Evaluaci\u00f3n Acad\u00e9mica tiene tres secciones.\n<ol>\n<li>Cursos que necesita tomar, seg\u00fan establecido en su programa acad\u00e9mico.<\/li>\n<li>Cursos que ya ha tomado.<\/li>\n<li>Cursos tomados que no cumplen con los requisitos del programa acad\u00e9mico en el cual est\u00e1 clasificado.<\/li>\n<\/ol>\n<\/li>\n<li>Para salir de la pantalla de Evaluaci\u00f3n Acad\u00e9mica, presione la tecla &#8220;<i>NUM\/LOCK<\/i>&#8221; y el 9 (del teclado num\u00e9rico).<\/li>\n<\/ul>\n<\/div>\n<p>[\/vc_column_text][\/vc_tta_section][vc_tta_section title=&#8221;Salir del Sistema Estudiantil (SIS)&#8221; tab_id=&#8221;1534862845859-2a6f6058-017a&#8221;][vc_text_separator title=&#8221;Salir del Sistema Estudiantil (SIS)&#8221; color=&#8221;chino&#8221;][vc_column_text]<img loading=\"lazy\" decoding=\"async\" class=\"size-medium wp-image-649 aligncenter\" src=\"https:\/\/rcm1.rcm.upr.edu\/decanatoestudiantes\/wp-content\/uploads\/sites\/13\/2023\/01\/Inicio-Fin-300x163-1.png\" alt=\"\" width=\"300\" height=\"163\" \/><\/p>\n<ul>\n<li>Entre <b>FIN<\/b> en el campo <b>SCREEN<\/b>, presione &#8216;<i>Enter<\/i>&#8216;.<\/li>\n<li>Si usted est\u00e1 accesando el Sistema v\u00eda Internet, vuelva a esta pantalla y ejecute los siguientes pasos:\n<ol>\n<li>Presiones la tecla &#8216;<i>Tab<\/i>&#8216; hasta el campo que corresponde el punto 5.<\/li>\n<li>Entre <b>SO<\/b> en el campo <b>SCREEN<\/b>, presione &#8216;<i>Enter<\/i>&#8216;.<\/li>\n<\/ol>\n<\/li>\n<\/ul>\n<p>[\/vc_column_text][\/vc_tta_section][\/vc_tta_tour][\/vc_column][\/vc_row]<\/p>\n<\/div>\n<\/div>","protected":false},"excerpt":{"rendered":"<p>[vc_row][vc_column][vc_column_text] Como Conectarse al Sistema Estudiantil Descargue PuTTY para conectarse al Sistema Estudiantil. Funciona en Windows 8, Windows 8.1 y Windows 10. Para acceder en Mac haga click aqu\u00ed.[\/vc_column_text][vc_empty_space][\/vc_column][\/vc_row][vc_row][vc_column][vc_empty_space][\/vc_column][\/vc_row][vc_row][vc_column][vc_column_text] Instrucciones Sobre Como Configurar PuTTY Por Primera Vez [\/vc_column_text][vc_column_text] Ejecute Putty haciendo un doble clic sobre el icono. 2. Provea la siguiente informaci\u00f3n (Vea la Fig.&hellip;<\/p>\n","protected":false},"author":1,"featured_media":0,"parent":0,"menu_order":0,"comment_status":"closed","ping_status":"closed","template":"template-microsite.php","meta":{"footnotes":""},"class_list":["post-389","page","type-page","status-publish","hentry","description-off"],"aioseo_notices":[],"_links":{"self":[{"href":"https:\/\/rcm1.rcm.upr.edu\/decanatoestudiantes\/wp-json\/wp\/v2\/pages\/389","targetHints":{"allow":["GET"]}}],"collection":[{"href":"https:\/\/rcm1.rcm.upr.edu\/decanatoestudiantes\/wp-json\/wp\/v2\/pages"}],"about":[{"href":"https:\/\/rcm1.rcm.upr.edu\/decanatoestudiantes\/wp-json\/wp\/v2\/types\/page"}],"author":[{"embeddable":true,"href":"https:\/\/rcm1.rcm.upr.edu\/decanatoestudiantes\/wp-json\/wp\/v2\/users\/1"}],"replies":[{"embeddable":true,"href":"https:\/\/rcm1.rcm.upr.edu\/decanatoestudiantes\/wp-json\/wp\/v2\/comments?post=389"}],"version-history":[{"count":0,"href":"https:\/\/rcm1.rcm.upr.edu\/decanatoestudiantes\/wp-json\/wp\/v2\/pages\/389\/revisions"}],"wp:attachment":[{"href":"https:\/\/rcm1.rcm.upr.edu\/decanatoestudiantes\/wp-json\/wp\/v2\/media?parent=389"}],"curies":[{"name":"wp","href":"https:\/\/api.w.org\/{rel}","templated":true}]}}