{"id":54,"date":"2018-02-06T18:33:01","date_gmt":"2018-02-06T18:33:01","guid":{"rendered":"http:\/\/127.0.0.1\/rcm\/de\/oficina-de-la-decana\/"},"modified":"2025-02-14T00:03:53","modified_gmt":"2025-02-14T00:03:53","slug":"oficina-de-la-decana","status":"publish","type":"page","link":"https:\/\/rcm1.rcm.upr.edu\/decanatoestudiantes\/oficina-de-la-decana\/","title":{"rendered":"Oficina de la Decana"},"content":{"rendered":"<div class=\"wpb-content-wrapper\"><p>[vc_row][vc_column width=&#8221;1\/4&#8243;][\/vc_column][vc_column width=&#8221;1\/2&#8243;][\/vc_column][vc_column width=&#8221;1\/4&#8243;][\/vc_column][\/vc_row][vc_row][vc_column width=&#8221;2\/3&#8243;][vc_column_text]<\/p>\n<h3 class=\"seccion\"><strong>Misi\u00f3n<\/strong><\/h3>\n<p>Fortalecer el bienestar de la Comunidad Estudiantil del Recinto de Ciencias M\u00e9dicas y su participaci\u00f3n activa en los procedimientos universitarios.[\/vc_column_text][vc_empty_space][vc_column_text]<\/p>\n<h3><strong>Metas<\/strong><\/h3>\n<ul>\n<li>Mantener y fortalecer los servicios de apoyo directo al Estudiante, dirigidos a propiciar su bienestar, su calidad de vida y su desempe\u00f1o \u00f3ptimo.<\/li>\n<li>Fomentar la participaci\u00f3n estudiantil activa en la b\u00fasqueda de soluciones relacionadas con la Instituci\u00f3n y su entorno.<\/li>\n<li>Apoyar el desarrollo continuo e integrado de los aspectos f\u00edsicos, emocionales, sociales, culturales y de los valores de la poblaci\u00f3n estudiantil.<\/li>\n<\/ul>\n<p>[\/vc_column_text][vc_empty_space][vc_column_text]<\/p>\n<h3><strong>Documentos<\/strong><\/h3>\n<ul>\n<li><a href=\"https:\/\/de.rcm.upr.edu\/politicas\">Pol\u00edticas y Reglamentos<\/a><\/li>\n<li><a href=\"https:\/\/rcm1.rcm.upr.edu\/decanatoestudiantes\/wp-content\/uploads\/sites\/13\/2023\/01\/REGLAMENTO-GENERAL-DE-ESTUDIANTES-COMPILADO-_Abril_2017.pdf\" target=\"_blank\" rel=\"noopener noreferrer\">Reglamento General de Estudiantes UPR<\/a><\/li>\n<li><a href=\"https:\/\/rcm1.rcm.upr.edu\/decanatoestudiantes\/wp-content\/uploads\/sites\/13\/2023\/01\/Reglamento-Estudiantes-RCM-2021.pdf\" target=\"_blank\" rel=\"noopener noreferrer\">Reglamento de Estudiantes UPR-Recinto de Ciencias M\u00e9dicas<\/a><\/li>\n<li><a href=\"https:\/\/rcm1.rcm.upr.edu\/decanatoestudiantes\/wp-content\/uploads\/sites\/13\/2020\/08\/Procedimiento-Sorteo-Estacionamiento-UPR-PS-2018.pdf\" target=\"_blank\" rel=\"noopener noreferrer\">Procedimiento Sorteo Estacionamiento UPR Parking System<\/a><\/li>\n<\/ul>\n<p>[\/vc_column_text][\/vc_column][vc_column width=&#8221;1\/3&#8243;][vc_empty_space height=&#8221;15px&#8221;][vc_column_text css=&#8221;&#8221;]<\/p>\n<div class=\"wpb_text_column wpb_content_element \">\n<div class=\"wpb_wrapper\">\n<p>Dra Iris. W. C\u00e1tala Torres<br \/>\nDecana de Estudiantes<br \/>\n<a href=\"mailto:iris.catala@upr.edu\">iris.catala@upr.edu<\/a><br \/>\n<a href=\"mailto:decano-estudiantes.rcm@upr.edu\">decano-estudiantes.rcm@upr.edu<\/a><\/p>\n<\/div>\n<\/div>\n<div class=\"wpb_text_column wpb_content_element \">\n<div class=\"wpb_wrapper\">\n<p>Dra. Edna E. Pacheco Acosta<br \/>\nDecana Asociada<strong><br \/>\n<\/strong><u><a href=\"mailto:edna.pacheco1@upr.edu\">edna.pacheco1@upr.edu<\/a><\/u><\/p>\n<\/div>\n<\/div>\n<div class=\"wpb_text_column wpb_content_element \">\n<div class=\"wpb_wrapper\">\n<p>Jussett M. Vega<br \/>\n<em>Secretaria<\/em><br \/>\n<a href=\"mailto:jussett.vega@upr.edu\">jussett.vega@upr.edu<\/a><\/p>\n<p>787-758-2525 ext. 5203, 5204<\/p>\n<\/div>\n<\/div>\n<p>[\/vc_column_text][\/vc_column][\/vc_row]<\/p>\n<\/div>","protected":false},"excerpt":{"rendered":"<p>[vc_row][vc_column width=&#8221;1\/4&#8243;][\/vc_column][vc_column width=&#8221;1\/2&#8243;][\/vc_column][vc_column width=&#8221;1\/4&#8243;][\/vc_column][\/vc_row][vc_row][vc_column width=&#8221;2\/3&#8243;][vc_column_text] Misi\u00f3n Fortalecer el bienestar de la Comunidad Estudiantil del Recinto de Ciencias M\u00e9dicas y su participaci\u00f3n activa en los procedimientos universitarios.[\/vc_column_text][vc_empty_space][vc_column_text] Metas Mantener y fortalecer los servicios de apoyo directo al Estudiante, dirigidos a propiciar su bienestar, su calidad de vida y su desempe\u00f1o \u00f3ptimo. Fomentar la participaci\u00f3n estudiantil activa&hellip;<\/p>\n","protected":false},"author":1,"featured_media":0,"parent":0,"menu_order":0,"comment_status":"closed","ping_status":"closed","template":"template-microsite.php","meta":{"footnotes":""},"class_list":["post-54","page","type-page","status-publish","hentry","description-off"],"aioseo_notices":[],"_links":{"self":[{"href":"https:\/\/rcm1.rcm.upr.edu\/decanatoestudiantes\/wp-json\/wp\/v2\/pages\/54","targetHints":{"allow":["GET"]}}],"collection":[{"href":"https:\/\/rcm1.rcm.upr.edu\/decanatoestudiantes\/wp-json\/wp\/v2\/pages"}],"about":[{"href":"https:\/\/rcm1.rcm.upr.edu\/decanatoestudiantes\/wp-json\/wp\/v2\/types\/page"}],"author":[{"embeddable":true,"href":"https:\/\/rcm1.rcm.upr.edu\/decanatoestudiantes\/wp-json\/wp\/v2\/users\/1"}],"replies":[{"embeddable":true,"href":"https:\/\/rcm1.rcm.upr.edu\/decanatoestudiantes\/wp-json\/wp\/v2\/comments?post=54"}],"version-history":[{"count":6,"href":"https:\/\/rcm1.rcm.upr.edu\/decanatoestudiantes\/wp-json\/wp\/v2\/pages\/54\/revisions"}],"predecessor-version":[{"id":12545,"href":"https:\/\/rcm1.rcm.upr.edu\/decanatoestudiantes\/wp-json\/wp\/v2\/pages\/54\/revisions\/12545"}],"wp:attachment":[{"href":"https:\/\/rcm1.rcm.upr.edu\/decanatoestudiantes\/wp-json\/wp\/v2\/media?parent=54"}],"curies":[{"name":"wp","href":"https:\/\/api.w.org\/{rel}","templated":true}]}}