{"id":67,"date":"2018-02-06T18:41:01","date_gmt":"2018-02-06T18:41:01","guid":{"rendered":"http:\/\/127.0.0.1\/rcm\/de\/certificaciones\/"},"modified":"2024-01-26T13:59:08","modified_gmt":"2024-01-26T13:59:08","slug":"certificaciones","status":"publish","type":"page","link":"https:\/\/rcm1.rcm.upr.edu\/decanatoestudiantes\/certificaciones\/","title":{"rendered":"Certificaciones"},"content":{"rendered":"<div class=\"wpb-content-wrapper\"><p>[vc_row][vc_column_text]<\/p>\n<ul>\n<li><a href=\"https:\/\/rcm1.rcm.upr.edu\/decanatoestudiantes\/wp-content\/uploads\/sites\/13\/2023\/01\/Cert_23_2021-22_JA-RCM.pdf\" target=\"_blank\" rel=\"noopener noreferrer\">Certificaci\u00f3n 23, 2021-22, Pol\u00edtica Institucional sobre Licencias o Permiso por Ausencia para Estudiantes del Recinto de Ciencias M\u00e9dicas<\/a><\/li>\n<li><a href=\"https:\/\/rcm1.rcm.upr.edu\/decanatoestudiantes\/wp-content\/uploads\/sites\/13\/2023\/01\/Cert-042-2019-2020-SA.pdf\" target=\"_blank\" rel=\"noopener noreferrer\">Certificaci\u00f3n 042, 2019 &#8211; 20 &#8211; Procedimiento para la Revisi\u00f3n y Apelaci\u00f3n de Calificaci\u00f3n Final del RCM<\/a><\/li>\n<li><a href=\"https:\/\/de.rcm.upr.edu\/wp-content\/uploads\/sites\/13\/2020\/03\/Certificaciones-SA-1999-2000-Num-060-Horario-Universal-Academico.pdf\" target=\"_blank\" rel=\"noopener noreferrer\">Certificaci\u00f3n 060, 1999-2000, Horario Universal Acad\u00e9mico<\/a><\/li>\n<li><a href=\"https:\/\/rcm1.rcm.upr.edu\/decanatoestudiantes\/wp-content\/uploads\/sites\/13\/2023\/01\/061-2014-25-EXCUSA-ACADEMICA-A-MIEMBROS-CGE-1.pdf\" target=\"_blank\" rel=\"noopener noreferrer\">Certificaci\u00f3n 061, 2014-15, Resoluci\u00f3n sobre excusa de actividades acad\u00e9micas para miembros del Consejo General de Estudiantes del Recinto de Ciencias M\u00e9dicas, UPR<\/a><\/li>\n<li><a href=\"https:\/\/rcm1.rcm.upr.edu\/decanatoestudiantes\/wp-content\/uploads\/sites\/13\/2024\/01\/Certificacion-075-2020-2021-Normas-para-adelantar-o-posponer.pdf\">Certificaci\u00f3n 075, 2020-2021, Normas para adelantar o posponer Ex\u00e1menes y Actividades Acad\u00e9micas<\/a><\/li>\n<li><a href=\"https:\/\/rcm1.rcm.upr.edu\/decanatoestudiantes\/wp-content\/uploads\/sites\/13\/2023\/01\/Protocolo-para-el-uso-aceptable-de-las-Redes-Sociales-en-el-RCM.pdf\" target=\"_blank\" rel=\"noopener noreferrer\">Certificaci\u00f3n 077, 2016-2017, Protocolo para el Uso Aceptable de las Redes Sociales en el Recinto de Ciencias M\u00e9dicas<\/a><\/li>\n<li><a href=\"https:\/\/rcm1.rcm.upr.edu\/decanatoestudiantes\/wp-content\/uploads\/sites\/13\/2023\/01\/130-2014-2015.pdf\" target=\"_blank\" rel=\"noopener noreferrer\">Certificaci\u00f3n 130, 2014-2015, Pol\u00edtica Institucional Contra el Hostigamiento Sexual en la Universidad de Puerto Rico<\/a><\/li>\n<li><a href=\"https:\/\/rcm1.rcm.upr.edu\/decanatoestudiantes\/wp-content\/uploads\/sites\/13\/2023\/01\/Cert_147_2015-16_JA-RCM.pdf\" target=\"_blank\" rel=\"noopener noreferrer\">Certificaci\u00f3n 147, 2015-16, Proceso para Atender Quejas o Querellas Estudiantiles del RCM<\/a><\/li>\n<li><a href=\"https:\/\/rcm1.rcm.upr.edu\/decanatoestudiantes\/wp-content\/uploads\/sites\/13\/2023\/01\/politica_prevencion_e_intervencion_casos_de_violencia_estudiantes_rcm.pdf\" target=\"_blank\" rel=\"noopener noreferrer\">Certificaci\u00f3n 54, 2010-11, Pol\u00edtica para la Prevenci\u00f3n e intervenci\u00f3n en casos de violencia dom\u00e9stica, agresi\u00f3n sexual y acecho del Recinto de Ciencias M\u00e9dicas<\/a><\/li>\n<li><a href=\"https:\/\/rcm1.rcm.upr.edu\/decanatoestudiantes\/wp-content\/uploads\/sites\/13\/2022\/11\/Prevencion-y-Manejo-del-Comportamiento-Suicida-2018-19.pdf\" target=\"_blank\" rel=\"noopener noreferrer\">Certificaci\u00f3n 40, 2018-19, Protocolo para la Prevenci\u00f3n y Manejo del Comportamiento Suicida en la Universidad de Puerto Rico<\/a><\/li>\n<\/ul>\n<p>[\/vc_column_text][\/vc_row]<\/p>\n<\/div>","protected":false},"excerpt":{"rendered":"<p>[vc_row][vc_column_text] Certificaci\u00f3n 23, 2021-22, Pol\u00edtica Institucional sobre Licencias o Permiso por Ausencia para Estudiantes del Recinto de Ciencias M\u00e9dicas Certificaci\u00f3n 042, 2019 &#8211; 20 &#8211; Procedimiento para la Revisi\u00f3n y Apelaci\u00f3n de Calificaci\u00f3n Final del RCM Certificaci\u00f3n 060, 1999-2000, Horario Universal Acad\u00e9mico Certificaci\u00f3n 061, 2014-15, Resoluci\u00f3n sobre excusa de actividades acad\u00e9micas para miembros del Consejo&hellip;<\/p>\n","protected":false},"author":1,"featured_media":0,"parent":0,"menu_order":0,"comment_status":"closed","ping_status":"closed","template":"template-microsite.php","meta":{"footnotes":""},"class_list":["post-67","page","type-page","status-publish","hentry","description-off"],"aioseo_notices":[],"_links":{"self":[{"href":"https:\/\/rcm1.rcm.upr.edu\/decanatoestudiantes\/wp-json\/wp\/v2\/pages\/67","targetHints":{"allow":["GET"]}}],"collection":[{"href":"https:\/\/rcm1.rcm.upr.edu\/decanatoestudiantes\/wp-json\/wp\/v2\/pages"}],"about":[{"href":"https:\/\/rcm1.rcm.upr.edu\/decanatoestudiantes\/wp-json\/wp\/v2\/types\/page"}],"author":[{"embeddable":true,"href":"https:\/\/rcm1.rcm.upr.edu\/decanatoestudiantes\/wp-json\/wp\/v2\/users\/1"}],"replies":[{"embeddable":true,"href":"https:\/\/rcm1.rcm.upr.edu\/decanatoestudiantes\/wp-json\/wp\/v2\/comments?post=67"}],"version-history":[{"count":5,"href":"https:\/\/rcm1.rcm.upr.edu\/decanatoestudiantes\/wp-json\/wp\/v2\/pages\/67\/revisions"}],"predecessor-version":[{"id":12303,"href":"https:\/\/rcm1.rcm.upr.edu\/decanatoestudiantes\/wp-json\/wp\/v2\/pages\/67\/revisions\/12303"}],"wp:attachment":[{"href":"https:\/\/rcm1.rcm.upr.edu\/decanatoestudiantes\/wp-json\/wp\/v2\/media?parent=67"}],"curies":[{"name":"wp","href":"https:\/\/api.w.org\/{rel}","templated":true}]}}