{"id":69,"date":"2018-02-06T18:41:56","date_gmt":"2018-02-06T18:41:56","guid":{"rendered":"http:\/\/127.0.0.1\/rcm\/de\/servicios-medicos-a-estudiantes\/"},"modified":"2025-02-18T18:04:45","modified_gmt":"2025-02-18T18:04:45","slug":"servicios-medicos-a-estudiantes","status":"publish","type":"page","link":"https:\/\/rcm1.rcm.upr.edu\/decanatoestudiantes\/servicios-medicos-a-estudiantes\/","title":{"rendered":"Servicios M\u00e9dicos a Estudiantes"},"content":{"rendered":"<div class=\"wpb-content-wrapper\"><p>[vc_row][vc_column][vc_single_image image=&#8221;12267&#8243; img_size=&#8221;300 x 180&#8243; alignment=&#8221;center&#8221; css=&#8221;.vc_custom_1702944248196{background-image: url(https:\/\/rcm1.rcm.upr.edu\/decanatoestudiantes\/wp-content\/uploads\/sites\/13\/2023\/12\/Logo-Servicios-Medicos.png?id=12267) !important;}&#8221;][vc_column_text][\/vc_column_text][\/vc_column][\/vc_row][vc_row][vc_column width=&#8221;5\/6&#8243;][vc_column_text]La Oficina de Servicios M\u00e9dicos del Recinto de Ciencias M\u00e9dicas comenz\u00f3 a prestar servicios al estudiantado en el 1950, bajo la Escuela de Medicina Tropical. Desde el 1970 pasa a formar parte de las Oficinas que ofrecen apoyo al estudiante bajo el Decanato de Estudiantes.<\/p>\n<p>&nbsp;<\/p>\n<p>Somos facilitadores en el mantenimiento de la salud y bienestar de los estudiantes, ayud\u00e1ndoles con un cuidado integral y contribuyendo al alcance de sus metas.[\/vc_column_text][vc_empty_space][vc_empty_space][vc_column_text]<\/p>\n<h3>Servicios que Ofrecemos<\/h3>\n<p>[\/vc_column_text][vc_column_text]<\/p>\n<ul>\n<li>Consultas y Evaluaciones sin cita previa<\/li>\n<li>Evaluaci\u00f3n Diagn\u00f3stico y Manejo de Condiciones Primarias para todos los Estudiantes.<\/li>\n<li>Coordinaci\u00f3n de Servicios Secundarios y Terciarios (Referidos)<\/li>\n<li>Programa de Inmunizaci\u00f3n Hepatitis B, Rabia, Otras<\/li>\n<li>Preparaci\u00f3n de Certificaciones.<\/li>\n<li>Orientaci\u00f3n Requisitos M\u00e9dicos de Admisi\u00f3n al Recinto, Plan M\u00e9dico, Actividad Estudiantes de Nuevo Ingreso.<\/li>\n<li>Servicio y Orientaci\u00f3n Protocolo Exposici\u00f3n Pat\u00f3genos en Sangre, Hepatitis B y Herpes B.<\/li>\n<\/ul>\n<p>&nbsp;<\/p>\n<h4><strong>Referidos para:<\/strong><\/h4>\n<ul>\n<li>Sala de Emergencias<\/li>\n<li>Especialistas<\/li>\n<li>Cl\u00ednicas de Odontolog\u00eda del Recinto<\/li>\n<li>Orientaci\u00f3n y Consejer\u00eda<\/li>\n<li>Servicios Sicol\u00f3gicos y Psiqui\u00e1tricos<\/li>\n<\/ul>\n<p>[\/vc_column_text][vc_tta_accordion style=&#8221;modern&#8221; color=&#8221;chino&#8221; active_section=&#8221;1&#8243;][vc_tta_section title=&#8221;Estudiantes de nuevo ingreso, traslado y readmisi\u00f3n&#8221; tab_id=&#8221;1617803911228-46d68d41-57e7&#8243;][vc_column_text css=&#8221;&#8221;]<\/p>\n<p class=\"x_MsoNormal\">A continuaci\u00f3n encontrar\u00e1 el <a href=\"https:\/\/rcm1.rcm.upr.edu\/decanatoestudiantes\/wp-content\/uploads\/sites\/13\/2023\/12\/Formulario-Medico-Admision-actualizado-12-12-2023.pdf\" target=\"_blank\" rel=\"noopener noreferrer\">Formulario M\u00e9dico de Admisi\u00f3n al Recinto de Ciencias M\u00e9dicas<\/a> (<a href=\"https:\/\/rcm1.rcm.upr.edu\/decanatoestudiantes\/wp-content\/uploads\/sites\/13\/2023\/12\/Medical-Admision-Form.pdf\" target=\"_blank\" rel=\"noopener noreferrer\">Medical Form of Admission to the Medical Sciences Campus)<\/a> para <u>todos<\/u> los estudiantes admitidos a nuestro Recinto. Favor acceder al mismo y leer cuidadosamente los siguientes pasos a seguir.<\/p>\n<p><a href=\"https:\/\/rcm1.rcm.upr.edu\/decanatoestudiantes\/wp-content\/uploads\/sites\/13\/2023\/12\/DECLARACION-JURADA-MENOR-DE-21-ANOS-LOGO-RCM.pdf\">DECLARACION JURADA MENOR DE EDAD (<\/a><a href=\"https:\/\/rcm1.rcm.upr.edu\/decanatoestudiantes\/wp-content\/uploads\/sites\/13\/2023\/12\/AFFIDAVIT.pdf\">English Version)<\/a><\/p>\n<p>&nbsp;<\/p>\n<h3 class=\"x_MsoNormal\"><b><u>Pasos a seguir<\/u><\/b><\/h3>\n<ol>\n<li><span lang=\"ES-PR\">Favor leer cuidadosamente las instrucciones del formulario.<\/span><\/li>\n<li>Imprimir todos los documentos<span lang=\"ES-PR\"> (10 p\u00e1ginas)<\/span><\/li>\n<li><span lang=\"ES-PR\">Acuda a su m\u00e9dico de cabecera con todos los documentos.<\/span><\/li>\n<li><span lang=\"ES-PR\">Realizarse los laboratorios que se mencionan en el formulario.<\/span><\/li>\n<\/ol>\n<p>&nbsp;<\/p>\n<h3><b><span lang=\"ES-PR\">Importante<\/span><\/b><span lang=\"ES-PR\">:<\/span><\/h3>\n<ol>\n<li class=\"x_MsoNormal\"><span lang=\"ES-PR\">Las siguientes\u00a0pruebas (tuberculina; incluyendo el\u00a0resultado, VDRL, t\u00edtulos de hepatitis) se deben realizar\u00a0no m\u00e1s de\u00a0<b>3 meses\u00a0antes de la fecha de inicio de clases.\u00a0\u00a0<\/b>\u00a0<\/span><\/li>\n<li><span lang=\"ES-PR\">Prueba de sangre HBsAb \u2013 resultado tiene que ser <\/span><b><span lang=\"ES-PR\" data-ogsc=\"black\">CUANTITATIVO.<\/span><\/b><\/li>\n<li><span lang=\"ES-PR\">Regrese a su m\u00e9dico de cabecera con todos los resultados, para cumplimentar el formulario de forma apropiada (sello m\u00e9dico y\/o NPI).<\/span><\/li>\n<li><span lang=\"ES-PR\">Recomendamos administrar la vacuna de la influenza antes de que se agote.<\/span><\/li>\n<li>Una vez completada toda la documentaci\u00f3n, favor escanear (no foto) los documentos\u00a0en forma individual (PDF) y someterlos a trav\u00e9s\u00a0del portal Next. en Medical Services<\/li>\n<li>Toda comunicaci\u00f3n\u00a0con la Oficina de Servicios M\u00e9dicos al Estudiante debe ser a trav\u00e9s\u00a0de su correo electronico institucional\u00a0@upr.edu. Debe incluir su nombre con dos apellidos, n\u00famero\u00a0de estudiante y programa al que pertenece&#8221;.\u00a0 <u><a href=\"mailto:serviciosmedicosalestudiantercm@upr.edu\">serviciosmedicosalestudiantercm@upr.edu<\/a><\/u><\/li>\n<li><span lang=\"ES-PR\">Favor de estar pendiente a su correo electr\u00f3nico en el cual se le notificar\u00e1 que ha cumplido apropiadamente con todo.<\/span><b><i><\/i><\/b><\/li>\n<\/ol>\n<p>[\/vc_column_text][\/vc_tta_section][vc_tta_section title=&#8221;Vacunaci\u00f3n&#8221; tab_id=&#8221;1617803911288-539ab53e-d0f5&#8243;][vc_column_text css=&#8221;&#8221;]Los estudiantes que necesiten obtener su Certificado de Vacunas (PVAC-3) podr\u00edan acudir a alguno de nuestros proveedores para que soliciten su evidencia de vacunas.\u00a0 La misma podr\u00e1 ser completada siempre y cuando el estudiante lleve consigo evidencia alguna de las vacunas que ha recibido, ya que como no tenemos disponible el sistema PRIR los proveedores no tienen manera de saber las vacunas que tienen administradas los pacientes a menos que estos lleven evidencia.<\/p>\n<ul>\n<li><a href=\"https:\/\/rcm1.rcm.upr.edu\/decanatoestudiantes\/wp-content\/uploads\/sites\/13\/2025\/01\/CDC-US-Department-of-Health-Immunization-Requirements-prior-to-admissions.pdf\" target=\"_blank\" rel=\"noopener noreferrer\">Requisitos Vacunaci\u00f3n 2024-2025<\/a><\/li>\n<li><a href=\"https:\/\/rcm1.rcm.upr.edu\/decanatoestudiantes\/wp-content\/uploads\/sites\/13\/2023\/01\/Proveedores-San-Juan.pdf\" target=\"_blank\" rel=\"noopener noreferrer\">Programa de Vacunaci\u00f3n- San Juan<\/a><\/li>\n<li><a href=\"https:\/\/rcm1.rcm.upr.edu\/decanatoestudiantes\/wp-content\/uploads\/sites\/13\/2023\/01\/Proveedores-Area-Metro.pdf\" target=\"_blank\" rel=\"noopener noreferrer\">Programa de Vacunaci\u00f3n- Regi\u00f3n Metropolitana<\/a><\/li>\n<li><a href=\"https:\/\/rcm1.rcm.upr.edu\/decanatoestudiantes\/wp-content\/uploads\/sites\/13\/2023\/01\/Directorio-lugares-de-vacunacion-2018.pdf\" target=\"_blank\" rel=\"noopener noreferrer\">Directorio Lugares de Vacunaci\u00f3n<\/a><\/li>\n<li><a href=\"https:\/\/rcm1.rcm.upr.edu\/decanatoestudiantes\/wp-content\/uploads\/sites\/13\/2023\/12\/08-04-2023-DECLARACION-JURADA-VACUNAS-1.pdf\" target=\"_blank\" rel=\"noopener noreferrer\">Exenci\u00f3n a Vacunar por Razones M\u00e9dicas o Religiosas<\/a><\/li>\n<\/ul>\n<p>[\/vc_column_text][\/vc_tta_section][vc_tta_section title=&#8221;Preguntas Frecuentes&#8221; tab_id=&#8221;1617804113778-86efc51f-aa55&#8243;][vc_column_text]<strong>\u00bfPor qu\u00e9 hay que entregar documentos m\u00e9dicos para la admisi\u00f3n del Recinto? <\/strong>Porque son requisitos de admisi\u00f3n al Recinto de Ciencias M\u00e9dicas.<\/p>\n<p><strong>\u00bfCada cu\u00e1nto tiempo se debe repetir la prueba de tuberculina? <\/strong>Al menos una vez al a\u00f1o o cuando el Departamento para el cu\u00e1l estudia lo solicite.<\/p>\n<p><strong>\u00bfCada cu\u00e1nto tiempo se administran las dosis de la vacuna de Hepatitis B? <\/strong><br \/>\nSeg\u00fan el CDC de los E.E.U.U. y las compa\u00f1\u00edas farmac\u00e9uticas:<br \/>\nPrimera dosis: hoy<br \/>\nSegunda dosis: al mes de la primera dosis<br \/>\nTercera dosis: a los seis meses de la primera dosis<br \/>\nSeis semanas luego de la tercera dosis, el paciente se efect\u00faa Prueba de Anticuerpos de superficie de Hepatitis B, si resulta positiva, se queda con ese set, si resulta negativa se administran refuerzos. Para profesionales de la salud se recomienda el set completo (seg\u00fan el CDC).<\/p>\n<p><strong>\u00bfCada cu\u00e1nto tiempo se administra la vacuna del t\u00e9tano? <\/strong>La vacuna de t\u00e9tano se administra cada diez a\u00f1os (adultos).<\/p>\n<p><strong>\u00bfCada cu\u00e1nto tiempo se administra la vacuna de MMR? <\/strong>Una vez- son dos dosis (entre la primera y la segunda dosis debe haber al menos un mes de diferencia).<\/p>\n<p><strong>\u00bfCada cu\u00e1nto tiempo se administran las vacunas de varicelas? <\/strong>Una vez- dos dosis (entre la primera y la segunda dosis debe haber al menos de cuatro a ocho semanas de diferencia).<\/p>\n<p><strong>\u00bfEn qu\u00e9 momento se debe efectuar la prueba de anticuerpos de Hepatitis B? <\/strong>Seis a ocho semanas luego de la tercera dosis de la vacuna de Hepatitis B en adelante.<\/p>\n<p><strong>\u00bfEn qu\u00e9 momento se debe efectuar los t\u00edtulos de varicelas?<\/strong> De seis a ocho semanas luego de la segunda dosis.<\/p>\n<p><strong>Si tengo m\u00e1s de 30 a\u00f1os, \u00bfdebo administrarme la vacuna de MMR? <\/strong>S\u00ed, puede administrarse la vacuna. (<a href=\"https:\/\/www.cdc.gov\/vaccines\/schedules\/hcp\/imz\/adult.html\">Adult Immunization Schedule<\/a>). Ver contraindicaciones para personas con ciertas enfermedades.<\/p>\n<p><strong>\u00bfQu\u00e9 debo hacer si la prueba de tuberculina resulta positiva? <\/strong>Debe efectuarse una radiograf\u00eda de pecho y llevarla a su m\u00e9dico para interpretaci\u00f3n.<\/p>\n<p><strong>\u00bfQu\u00e9 debo hacer si la prueba de t\u00edtulos de varicelas IGG resulta negativa? <\/strong>Visitar a su m\u00e9dico para recomendaciones.<\/p>\n<p><strong>\u00bfCu\u00e1ntas dosis de la vacuna de la Hepatitis B debo administrarme luego de que la Prueba de anticuerpos de Hepatitis B resulta negativa? <\/strong>El CDC recomienda recibir un refuerzo y realizar laboratorio nuevamente, dependiendo del resultado se procede con completar la serie de 3. (<a href=\"https:\/\/www.cdc.gov\/mmwr\/volumes\/67\/rr\/rr6701a1.htm#The%20ACIP%20Hepatitis%20Work%20Group\">The ACIP Hepatitis Work Group)<\/a><\/p>\n<p><strong>\u00bfCu\u00e1ntas dosis de la vacuna de Varicelas debo administrarme luego de que la prueba de los t\u00edtulos de varicelas IGG resultan negativos? <\/strong>Visitar a su m\u00e9dico para recomendaciones individuales.En el siguiente enlace: <a href=\"https:\/\/www.cdc.gov\/vaccines\/schedules\/hcp\/imz\/adult.html\">Adult Immunization Schedule<\/a>\u00a0encontrar\u00e1 la tabla de edades, condiciones y otras vacunas.[\/vc_column_text][\/vc_tta_section][vc_tta_section title=&#8221;Manejo de Emergencias&#8221; tab_id=&#8221;1617804214764-87365a6f-3a31&#8243;][vc_column_text]<\/p>\n<p style=\"text-align: center;\"><a href=\"https:\/\/rcm1.rcm.upr.edu\/decanatoestudiantes\/wp-content\/uploads\/sites\/13\/2023\/01\/PROCEDIMIENTO-A-SEGUIRSE-PARA-EL-MANEJO-DE-EMERGENCIAS-MEDICAS.pdf\" target=\"_blank\" rel=\"noopener\">Procedimiento a seguirse para el manejo de emergencias m\u00e9dicas<\/a><\/p>\n<h3>Condiciones que se consideran emergencias m\u00e9dicas<\/h3>\n<p>1. Dificultad respiratoria aguda\u2013 asma bronquial en ataque agudo.<br \/>\n2. Hemorragias de todo tipo\u2013 incluyendo las obst\u00e9tricas y ginecol\u00f3gicas.<br \/>\n3. Parto.<br \/>\n4. Accidentes traum\u00e1ticos\u2013 fracturas o dislocaciones.<br \/>\n5. Dolor abdominal agudo\u2013 c\u00f3lico severo.<br \/>\n6. Cuerpo extra\u00f1o en \u00e1rea de ojos, o\u00eddos o nariz.<br \/>\n7. Heridas, laceraciones o lesiones m\u00faltiples.<br \/>\n8. P\u00e9rdida de visi\u00f3n o audici\u00f3n.<br \/>\n9. P\u00e9rdida del conocimiento repentino \u201cshock\u201d o coma, confusi\u00f3n, desorientaci\u00f3n de cualquier tipo.<br \/>\n10. Envenenamiento por ingesti\u00f3n, inhalaci\u00f3n, etc.<br \/>\n11. Golpe en \u00e1rea de la cabeza con p\u00e9rdida de conocimiento.<br \/>\n12. Quemaduras severas.<br \/>\n13. Dolor agudo en el pecho-episodios de angina, infarto al miocardio (ataque cardiaco) insuficiencia coronaria, embolia pulmonar.<br \/>\n14. Picadas de abejas o avispas con reacci\u00f3n al\u00e9rgica secundarias.<br \/>\n15. Fiebre Alta. Temperatura sobre 40.0\u00b0C (104\u00b0F).<br \/>\n16. Episodios neurol\u00f3gicos con p\u00e9rdida de conocimiento.<br \/>\n17. Reacci\u00f3n al\u00e9rgica severa\u2013 (anafilaxis).<br \/>\n18. Reacci\u00f3n siqui\u00e1trica aguda\u2013 locura, intento suicida.<br \/>\n19. Deshidrataci\u00f3n severa.<br \/>\n20. Agresi\u00f3n sexual o Violaci\u00f3n.<\/p>\n<p>Si usted confronta cualquiera de estos s\u00edntomas, dir\u00edjase a la Sala de Emergencias m\u00e1s cercana o a un Servicio de Salud que cuente con todo lo necesario para el manejo de condiciones agudas<br \/>\nseveras.[\/vc_column_text][\/vc_tta_section][vc_tta_section title=&#8221;Prevenci\u00f3n del Suicidio&#8221; tab_id=&#8221;1631632696830-ec922a43-07c8&#8243;][vc_column_text]<a href=\"https:\/\/rcm1.rcm.upr.edu\/decanatoestudiantes\/wp-content\/uploads\/sites\/13\/2023\/01\/Prevencion-del-Suicidio.pdf\" target=\"_blank\" rel=\"noopener\">Informaci\u00f3n sobre Prevenci\u00f3n del Suicidio<\/a><\/p>\n<p>&nbsp;<\/p>\n<p><img loading=\"lazy\" decoding=\"async\" class=\"aligncenter wp-image-11058 size-large\" src=\"https:\/\/rcm1.rcm.upr.edu\/decanatoestudiantes\/wp-content\/uploads\/sites\/13\/2023\/01\/simulacro-intento-suicida-scaled-1.jpg\" alt=\"\" width=\"1024\" height=\"768\" \/>[\/vc_column_text][\/vc_tta_section][vc_tta_section title=&#8221;Pol\u00edticas y Protocolos&#8221; tab_id=&#8221;1617804305213-2fb326aa-3bd8&#8243;][vc_column_text]<\/p>\n<h3><a href=\"https:\/\/de.rcm.upr.edu\/wp-content\/uploads\/sites\/13\/2020\/04\/Coronavirus-scaled.jpg\"><img loading=\"lazy\" decoding=\"async\" class=\"aligncenter wp-image-7407 size-large\" src=\"https:\/\/rcm1.rcm.upr.edu\/decanatoestudiantes\/wp-content\/uploads\/sites\/13\/2020\/09\/Coronavirus.jpg\" alt=\"\" width=\"730\" height=\"1024\" \/><\/a><\/h3>\n<p>[\/vc_column_text][vc_column_text css=&#8221;&#8221;]<\/p>\n<ul>\n<li><a href=\"https:\/\/rcm1.rcm.upr.edu\/decanatoestudiantes\/wp-content\/uploads\/sites\/13\/2023\/01\/Politica-Tuberculina.pdf\" target=\"_blank\" rel=\"noopener noreferrer\">Informaci\u00f3n pruebas de Tuberculina<\/a><\/li>\n<li><a href=\"https:\/\/rcm1.rcm.upr.edu\/decanatoestudiantes\/wp-content\/uploads\/sites\/13\/2023\/01\/Politica-Hepatitis-B.pdf\" target=\"_blank\" rel=\"noopener noreferrer\">Pol\u00edtica Vacuna Hepatitis B<\/a><\/li>\n<li><a href=\"https:\/\/rcm1.rcm.upr.edu\/decanatoestudiantes\/wp-content\/uploads\/sites\/13\/2023\/01\/Politica-Inmunizacion-Contra-La-Rabia.pdf\" target=\"_blank\" rel=\"noopener noreferrer\">Pol\u00edtica Vacuna de Rabia<\/a><\/li>\n<li><a href=\"https:\/\/rcm1.rcm.upr.edu\/decanatoestudiantes\/wp-content\/uploads\/sites\/13\/2023\/01\/PROTOCOLO-MANEJO-CASOS-DE-MALARIA.pdf\" target=\"_blank\" rel=\"noopener noreferrer\">Protocolo de Manejo de Casos de Malaria<\/a><\/li>\n<li><a href=\"https:\/\/rcm1.rcm.upr.edu\/decanatoestudiantes\/wp-content\/uploads\/sites\/13\/2023\/01\/Protocolo-Enfermedades-Infectocontagiosas.pdf\" target=\"_blank\" rel=\"noopener noreferrer\">Protocolo de Enfermedades Infectocontagiosas<\/a><\/li>\n<li><a href=\"https:\/\/rcm1.rcm.upr.edu\/decanatoestudiantes\/wp-content\/uploads\/sites\/13\/2025\/02\/cert-98_2024-25_JA-RCM.pdf\">Exposici\u00f3n Ocupacional a Pat\u00f3genos en Sangre y Fluidos<\/a><\/li>\n<li><a href=\"https:\/\/rcm1.rcm.upr.edu\/decanatoestudiantes\/wp-content\/uploads\/sites\/13\/2023\/01\/Protocolo-Herpes-B.pdf\" target=\"_blank\" rel=\"noopener noreferrer\">Protocolo Herpes B<\/a><\/li>\n<\/ul>\n<p>[\/vc_column_text][vc_video link=&#8221;https:\/\/www.youtube.com\/watch?v=eZw4Ga3jg3E&amp;feature=youtu.be&#8221; el_width=&#8221;70&#8243; align=&#8221;center&#8221;][vc_empty_space height=&#8221;15px&#8221;][\/vc_tta_section][\/vc_tta_accordion][\/vc_column][vc_column width=&#8221;1\/6&#8243;]<div class=\" ubtn-ctn-center \"><a class=\"ubtn-link ult-adjust-bottom-margin ubtn-center ubtn-block \" href=\"http:\/\/rcm1.rcm.upr.edu\/decanatoestudiantes\/servicios-medicos-a-estudiantes\/contactenos\/\" ><button type=\"button\" id=\"ubtn-3372\"  class=\"ubtn ult-adjust-bottom-margin ult-responsive ubtn-block ubtn-no-hover-bg  none  ubtn-center   tooltip-69d4f7f5b6747 ubtn-block\"  data-hover=\"\" data-border-color=\"\" data-bg=\"#9c8948\" data-hover-bg=\"\" data-border-hover=\"\" data-shadow-hover=\"\" data-shadow-click=\"none\" data-shadow=\"\" data-shd-shadow=\"\"  data-ultimate-target='#ubtn-3372'  data-responsive-json-new='{\"font-size\":\"desktop:18px;\",\"line-height\":\"\"}'  style=\"font-weight:bold;border:none;background: #9c8948;color: #ffffff;\"><span class=\"ubtn-hover\" style=\"background-color:\"><\/span><span class=\"ubtn-data ubtn-text \" >Cont\u00e1ctenos<\/span><\/button><\/a><\/div>[vc_empty_space]<div class=\" ubtn-ctn-center \"><a class=\"ubtn-link ult-adjust-bottom-margin ubtn-center ubtn-block \" href=\"http:\/\/rcm1.rcm.upr.edu\/decanatoestudiantes\/servicios-medicos-a-estudiantes\/noticias-salud-al-dia\/\" ><button type=\"button\" id=\"ubtn-3582\"  class=\"ubtn ult-adjust-bottom-margin ult-responsive ubtn-block ubtn-no-hover-bg  none  ubtn-center   tooltip-69d4f7f5b67cb ubtn-block\"  data-hover=\"\" data-border-color=\"\" data-bg=\"#9c8948\" data-hover-bg=\"\" data-border-hover=\"\" data-shadow-hover=\"\" data-shadow-click=\"none\" data-shadow=\"\" data-shd-shadow=\"\"  data-ultimate-target='#ubtn-3582'  data-responsive-json-new='{\"font-size\":\"desktop:18px;\",\"line-height\":\"\"}'  style=\"font-weight:bold;border:none;background: #9c8948;color: #ffffff;\"><span class=\"ubtn-hover\" style=\"background-color:\"><\/span><span class=\"ubtn-data ubtn-text \" >Noticias Salud al D\u00eda<\/span><\/button><\/a><\/div>[\/vc_column][\/vc_row][vc_row][vc_column][\/vc_column][\/vc_row]<\/p>\n<\/div>","protected":false},"excerpt":{"rendered":"<p>[vc_row][vc_column][vc_single_image image=&#8221;12267&#8243; img_size=&#8221;300 x 180&#8243; alignment=&#8221;center&#8221; css=&#8221;.vc_custom_1702944248196{background-image: url(https:\/\/rcm1.rcm.upr.edu\/decanatoestudiantes\/wp-content\/uploads\/sites\/13\/2023\/12\/Logo-Servicios-Medicos.png?id=12267) !important;}&#8221;][vc_column_text][\/vc_column_text][\/vc_column][\/vc_row][vc_row][vc_column width=&#8221;5\/6&#8243;][vc_column_text]La Oficina de Servicios M\u00e9dicos del Recinto de Ciencias M\u00e9dicas comenz\u00f3 a prestar servicios al estudiantado en el 1950, bajo la Escuela de Medicina Tropical. Desde el 1970 pasa a formar parte de las Oficinas que ofrecen apoyo al estudiante bajo el Decanato de Estudiantes. &nbsp;&hellip;<\/p>\n","protected":false},"author":1,"featured_media":0,"parent":0,"menu_order":0,"comment_status":"closed","ping_status":"closed","template":"template-microsite.php","meta":{"footnotes":""},"class_list":["post-69","page","type-page","status-publish","hentry","description-off"],"aioseo_notices":[],"_links":{"self":[{"href":"https:\/\/rcm1.rcm.upr.edu\/decanatoestudiantes\/wp-json\/wp\/v2\/pages\/69","targetHints":{"allow":["GET"]}}],"collection":[{"href":"https:\/\/rcm1.rcm.upr.edu\/decanatoestudiantes\/wp-json\/wp\/v2\/pages"}],"about":[{"href":"https:\/\/rcm1.rcm.upr.edu\/decanatoestudiantes\/wp-json\/wp\/v2\/types\/page"}],"author":[{"embeddable":true,"href":"https:\/\/rcm1.rcm.upr.edu\/decanatoestudiantes\/wp-json\/wp\/v2\/users\/1"}],"replies":[{"embeddable":true,"href":"https:\/\/rcm1.rcm.upr.edu\/decanatoestudiantes\/wp-json\/wp\/v2\/comments?post=69"}],"version-history":[{"count":31,"href":"https:\/\/rcm1.rcm.upr.edu\/decanatoestudiantes\/wp-json\/wp\/v2\/pages\/69\/revisions"}],"predecessor-version":[{"id":12547,"href":"https:\/\/rcm1.rcm.upr.edu\/decanatoestudiantes\/wp-json\/wp\/v2\/pages\/69\/revisions\/12547"}],"wp:attachment":[{"href":"https:\/\/rcm1.rcm.upr.edu\/decanatoestudiantes\/wp-json\/wp\/v2\/media?parent=69"}],"curies":[{"name":"wp","href":"https:\/\/api.w.org\/{rel}","templated":true}]}}