{"id":714,"date":"2018-04-09T13:54:55","date_gmt":"2018-04-09T13:54:55","guid":{"rendered":"http:\/\/127.0.0.1\/rcm\/de\/vida-estudiantil\/"},"modified":"2024-12-12T19:59:44","modified_gmt":"2024-12-12T19:59:44","slug":"vida-estudiantil","status":"publish","type":"page","link":"https:\/\/rcm1.rcm.upr.edu\/decanatoestudiantes\/vida-estudiantil\/","title":{"rendered":"Vida Estudiantil"},"content":{"rendered":"<div class=\"wpb-content-wrapper\"><p>[vc_row][vc_column width=&#8221;1\/4&#8243;][vc_column_text]<\/p>\n<p style=\"text-align: center;\"><img loading=\"lazy\" decoding=\"async\" class=\"aligncenter wp-image-10894 \" src=\"https:\/\/rcm1.rcm.upr.edu\/decanatoestudiantes\/wp-content\/uploads\/sites\/13\/2023\/01\/015-reading.png\" alt=\"\" width=\"200\" height=\"200\" \/><\/p>\n<p style=\"text-align: center;\"><strong>Manual del Estudiante<\/strong><\/p>\n<ul>\n<li style=\"text-align: left;\"><a href=\"https:\/\/rcm1.rcm.upr.edu\/decanatoestudiantes\/wp-content\/uploads\/sites\/13\/2023\/04\/MANUAL-DEL-ESTUDIANTE-2022-2023-rev-1.pdf\" target=\"_blank\" rel=\"noopener\">Manual del Estudiante 2022-2023<\/a><\/li>\n<\/ul>\n<p>[\/vc_column_text][\/vc_column][vc_column width=&#8221;1\/4&#8243;][vc_column_text]<img loading=\"lazy\" decoding=\"async\" class=\"aligncenter wp-image-1797\" src=\"https:\/\/rcm1.rcm.upr.edu\/decanatoestudiantes\/wp-content\/uploads\/sites\/13\/2023\/01\/043-teacher-1-1.png\" alt=\"\" width=\"200\" height=\"200\" \/><\/p>\n<p style=\"text-align: center;\"><strong>Ofrecimientos Acad\u00e9micos<\/strong><\/p>\n<ul>\n<li style=\"text-align: left;\"><a href=\"https:\/\/rcm1.rcm.upr.edu\/programas-subgraduados\/\" target=\"_blank\" rel=\"noopener noreferrer\">Programas Subgraduados<\/a><\/li>\n<li style=\"text-align: left;\"><a href=\"https:\/\/rcm1.rcm.upr.edu\/programas-graduados\/\" target=\"_blank\" rel=\"noopener noreferrer\">Programas Graduados<\/a><\/li>\n<\/ul>\n<p>[\/vc_column_text][\/vc_column][vc_column width=&#8221;1\/2&#8243;][vc_column_text css=&#8221;&#8221;]<\/p>\n<p style=\"text-align: center;\"><img loading=\"lazy\" decoding=\"async\" class=\"wp-image-1299 aligncenter\" src=\"https:\/\/rcm1.rcm.upr.edu\/decanatoestudiantes\/wp-content\/uploads\/sites\/13\/2023\/01\/015-info.png\" alt=\"\" width=\"200\" height=\"200\" \/><\/p>\n<p style=\"text-align: center;\"><strong>Matr\u00edcula\u00a0<\/strong><\/p>\n<ul>\n<li><a href=\"https:\/\/rcm1.rcm.upr.edu\/deanshipacademicaffairs\/wp-content\/uploads\/sites\/12\/2024\/05\/Instucciones-Pre-Matricula-Agosto-2024-2025-Estudiantes-RCM.pdf\">Instucciones Pre-Matricula Agosto 2024-2025-Estudiantes RCM<\/a><\/li>\n<li><a href=\"https:\/\/rcm1.rcm.upr.edu\/deanshipacademicaffairs\/oficina-registrador\/\">Oficina del Registrador<\/a><\/li>\n<li><a href=\"https:\/\/rcm1.rcm.upr.edu\/decanatoestudiantes\/costos-de-matricula\" target=\"_blank\" rel=\"noopener\">Costo cr\u00e9dito subgraduado y\u00a0graduado<\/a><\/li>\n<li><a href=\"https:\/\/rcm1.rcm.upr.edu\/decanatoestudiantes\/instrucciones-para-utilizar-el-sistema-estudiantil-sis-matricula-en-linea\">Instrucciones para utilizar el Sistema Estudiantil (SIS) \/ Matr\u00edcula en L\u00ednea<\/a><\/li>\n<li><a href=\"https:\/\/rcm1.rcm.upr.edu\/decanatoestudiantes\/wp-content\/uploads\/sites\/13\/2023\/01\/Cert_50_Matricula_2011-2012.pdf\" target=\"_blank\" rel=\"noopener noreferrer\">Pol\u00edtica Institucional Sobre Las Exenciones De Los Derechos De Matr\u00edcula En La Universidad De Puerto Rico<\/a><\/li>\n<li><a href=\"http:\/\/Form_No_Exencion_Cert_50_Matricula.pdf\" target=\"_blank\" rel=\"noopener noreferrer\">Solicitud De Revisi\u00f3n Sobre Determinaci\u00f3n De No Exenci\u00f3n De Matr\u00edcula<\/a><\/li>\n<li><a href=\"https:\/\/sistemas.rcm.upr.edu\/prei\/\" target=\"_blank\" rel=\"noopener noreferrer\">Portal de Recursos Electr\u00f3nicos Integrados (PREI)<\/a><\/li>\n<li><a href=\"https:\/\/rcm1.rcm.upr.edu\/decanatoestudiantes\/wp-content\/uploads\/sites\/13\/2023\/06\/TABLA-DE-PRORROGAS-2023-24.pdf\" target=\"_blank\" rel=\"noopener noreferrer\">Pr\u00f3rrogas 2023-2024<\/a><\/li>\n<li><a href=\"https:\/\/rcm1.rcm.upr.edu\/decanatoestudiantes\/wp-content\/uploads\/sites\/13\/2024\/05\/Proceso-Pago-de-Matricula-VERANO-2023-2024.pdf\">Instrucciones Proceso Pago de Matr\u00edcula Verano 2023-2024<\/a><\/li>\n<\/ul>\n<p>[\/vc_column_text][\/vc_column][\/vc_row][vc_row][vc_column][vc_separator][\/vc_column][\/vc_row][vc_row][vc_column width=&#8221;1\/4&#8243;][vc_empty_space height=&#8221;15px&#8221;][vc_column_text css=&#8221;&#8221;]<\/p>\n<p style=\"text-align: center;\"><a href=\"https:\/\/rcm2.rcm.upr.edu\/wp-content\/uploads\/2022\/10\/2022-23-CalendarioAcademico-Enm12jul22_Enm4oct22.pdf\"><img loading=\"lazy\" decoding=\"async\" class=\"alignnone wp-image-1298 size-medium\" src=\"https:\/\/rcm1.rcm.upr.edu\/decanatoestudiantes\/wp-content\/uploads\/sites\/13\/2023\/01\/weekly-calendar.png\" alt=\"\" width=\"200\" height=\"200\" \/><\/a><\/p>\n<p style=\"text-align: center;\"><strong>Calendario Acad\u00e9mico<\/strong><\/p>\n<p style=\"text-align: center;\"><a href=\"https:\/\/rcm1.rcm.upr.edu\/deanshipacademicaffairs\/wp-content\/uploads\/sites\/12\/2024\/06\/2024-25-CalendarioAcademicoRCM-Aprob_Cert153_JA23-24.pdf\">2024-2025<\/a><\/p>\n<p style=\"text-align: center;\"><a href=\"https:\/\/rcm1.rcm.upr.edu\/wp-content\/uploads\/2024\/03\/2023-24-CalendarioAcadRCM-AprobJA135-EnmJA127-23-24.pdf\">2023-2024<\/a><\/p>\n<p style=\"text-align: center;\"><a href=\"https:\/\/rcm1.rcm.upr.edu\/wp-content\/uploads\/2022\/10\/2022-23-CalendarioAcademico-Enm12jul22_Enm4oct22.pdf\" target=\"_blank\" rel=\"noopener\">2022-2023<\/a><\/p>\n<p style=\"text-align: center;\"><a href=\"https:\/\/juntaadministrativa.rcm.upr.edu\/wp-content\/uploads\/sites\/24\/2022\/06\/Cert_72_2020-21_JA-RCM_Enmendada.pdf\" target=\"_blank\" rel=\"noopener noreferrer\">2021-2022<\/a><\/p>\n<p>[\/vc_column_text][\/vc_column][vc_column width=&#8221;1\/4&#8243;][vc_empty_space height=&#8221;15px&#8221;][vc_column_text]<\/p>\n<p style=\"text-align: center;\"><a href=\"https:\/\/de.rcm.upr.edu\/cge\"><strong data-wp-editing=\"1\"><img loading=\"lazy\" decoding=\"async\" class=\"alignnone size-full wp-image-7957\" src=\"https:\/\/rcm1.rcm.upr.edu\/decanatoestudiantes\/wp-content\/uploads\/sites\/13\/2020\/11\/cgercm-logo.jpg\" alt=\"\" width=\"200\" height=\"200\" \/><\/strong><\/a><\/p>\n<p style=\"text-align: center;\"><a href=\"https:\/\/rcm1.rcm.upr.edu\/decanatoestudiantes\/cge\"><strong>Consejo General de Estudiantes<\/strong><\/a><\/p>\n<p>[\/vc_column_text][\/vc_column][vc_column width=&#8221;1\/4&#8243;][vc_empty_space height=&#8221;15px&#8221;][vc_column_text]<\/p>\n<p style=\"text-align: center;\"><a href=\"https:\/\/de.rcm.upr.edu\/organizaciones-estudiantiles\"><img loading=\"lazy\" decoding=\"async\" class=\"alignnone wp-image-1300\" src=\"https:\/\/rcm1.rcm.upr.edu\/decanatoestudiantes\/wp-content\/uploads\/sites\/13\/2023\/01\/018-trophy.png\" alt=\"\" width=\"200\" height=\"200\" \/><\/a><\/p>\n<p style=\"text-align: center;\"><strong><a href=\"https:\/\/rcm1.rcm.upr.edu\/decanatoestudiantes\/organizaciones-estudiantiles\" target=\"_blank\" rel=\"noopener noreferrer\">Organizaciones Estudiantiles<\/a><\/strong><\/p>\n<p>[\/vc_column_text][\/vc_column][vc_column width=&#8221;1\/4&#8243;][vc_empty_space height=&#8221;15px&#8221;][vc_column_text]<\/p>\n<p style=\"text-align: center;\"><strong><a href=\"https:\/\/procestudiantil.rcm.upr.edu\/\" target=\"_blank\" rel=\"noopener noreferrer\"><img loading=\"lazy\" decoding=\"async\" class=\"wp-image-9769 aligncenter\" src=\"https:\/\/rcm1.rcm.upr.edu\/decanatoestudiantes\/wp-content\/uploads\/sites\/13\/2023\/01\/Logo-OPE-RCM.jpg\" alt=\"\" width=\"200\" height=\"200\" \/><\/a><\/strong><\/p>\n<p style=\"text-align: center;\"><strong><a href=\"https:\/\/rcm1.rcm.upr.edu\/procuraduriaestudiantil\" target=\"_blank\" rel=\"noopener noreferrer\">Oficina de la Procuradur\u00eda Estudiantil<\/a><\/strong><\/p>\n<p>[\/vc_column_text][\/vc_column][\/vc_row][vc_row][vc_column][vc_separator][\/vc_column][\/vc_row][vc_row][vc_column width=&#8221;1\/4&#8243;][vc_empty_space height=&#8221;15px&#8221;][vc_column_text]<\/p>\n<p style=\"text-align: center;\"><strong><img loading=\"lazy\" decoding=\"async\" class=\"alignnone wp-image-11370\" src=\"https:\/\/rcm1.rcm.upr.edu\/decanatoestudiantes\/wp-content\/uploads\/sites\/13\/2022\/04\/Hospedaje-300x300.png\" alt=\"\" width=\"200\" height=\"200\" srcset=\"https:\/\/rcm1.rcm.upr.edu\/decanatoestudiantes\/wp-content\/uploads\/sites\/13\/2022\/04\/Hospedaje-300x300.png 300w, https:\/\/rcm1.rcm.upr.edu\/decanatoestudiantes\/wp-content\/uploads\/sites\/13\/2022\/04\/Hospedaje-150x150.png 150w, https:\/\/rcm1.rcm.upr.edu\/decanatoestudiantes\/wp-content\/uploads\/sites\/13\/2022\/04\/Hospedaje.png 512w\" sizes=\"auto, (max-width: 200px) 100vw, 200px\" \/><\/strong><\/p>\n<p style=\"text-align: center;\"><strong>Gu\u00eda de Hospedajes<\/strong><\/p>\n<ul>\n<li><a href=\"https:\/\/rcm1.rcm.upr.edu\/consejeriasicologia\/wp-content\/uploads\/sites\/6\/2023\/02\/Listado-Hospedaje-San-Juan-22-23.pdf\" target=\"_blank\" rel=\"noopener noreferrer\">Gu\u00eda de Hospedajes<\/a><\/li>\n<\/ul>\n<p>[\/vc_column_text][\/vc_column][vc_column width=&#8221;1\/4&#8243;][vc_empty_space height=&#8221;15px&#8221;][vc_column_text]<a href=\"https:\/\/rcm2.rcm.upr.edu\/seguridad-en-el-campus\/\"><img loading=\"lazy\" decoding=\"async\" class=\"aligncenter wp-image-1307\" src=\"https:\/\/rcm1.rcm.upr.edu\/decanatoestudiantes\/wp-content\/uploads\/sites\/13\/2023\/01\/024-anger.png\" alt=\"\" width=\"200\" height=\"200\" \/><\/a><\/p>\n<p style=\"text-align: center;\"><a href=\"https:\/\/rcm1.rcm.upr.edu\/seguridad-en-el-campus\/\" target=\"_blank\" rel=\"noopener noreferrer\"><strong>Seguridad en el Campus<\/strong><\/a><\/p>\n<p>[\/vc_column_text][\/vc_column][vc_column width=&#8221;1\/4&#8243;][vc_empty_space height=&#8221;15px&#8221;][vc_column_text css=&#8221;&#8221;]<\/p>\n<p style=\"text-align: center;\"><strong><a href=\"https:\/\/de.rcm.upr.edu\/plan-medico\"><img loading=\"lazy\" decoding=\"async\" class=\"alignnone wp-image-2313\" src=\"https:\/\/rcm1.rcm.upr.edu\/decanatoestudiantes\/wp-content\/uploads\/sites\/13\/2020\/08\/Icon-Tarjeta-Plan-Medico.jpg\" alt=\"\" width=\"200\" height=\"200\" \/><\/a><\/strong><\/p>\n<p style=\"text-align: center;\"><strong>Plan M\u00e9dico a Estudiantes<\/strong><\/p>\n<ul>\n<li><a href=\"https:\/\/rcm1.rcm.upr.edu\/decanatoestudiantes\/plan-medico\/\" target=\"_blank\" rel=\"noopener noreferrer\">Informaci\u00f3n sobre Plan M\u00e9dico<\/a><\/li>\n<li><a href=\"https:\/\/rcm1.rcm.upr.edu\/decanatoestudiantes\/wp-content\/uploads\/sites\/13\/2024\/08\/Resumen-de-Beneficios-2023-2024-UPR-Estudiantes.pdf\" target=\"_blank\" rel=\"noopener noreferrer\">Beneficios del Plan de Salud de los Estudiantes de la UPR<\/a><\/li>\n<li><a href=\"https:\/\/rcm1.rcm.upr.edu\/decanatoestudiantes\/wp-content\/uploads\/sites\/13\/2024\/06\/Actualizacion-Plan-Medico-ESTUDIANTES-1.pdf\" target=\"_blank\" rel=\"noopener noreferrer\">Instrucciones para Actualizar Plan M\u00e9dico Estudiantil<\/a><\/li>\n<\/ul>\n<p>[\/vc_column_text][\/vc_column][vc_column width=&#8221;1\/4&#8243;][vc_empty_space height=&#8221;15px&#8221;][vc_column_text]<\/p>\n<p style=\"text-align: center;\"><strong><a href=\"https:\/\/de.rcm.upr.edu\/servicios-medicos-a-estudiantes\" target=\"_blank\" rel=\"noopener noreferrer\"><img loading=\"lazy\" decoding=\"async\" class=\"alignnone wp-image-7634\" src=\"https:\/\/rcm1.rcm.upr.edu\/decanatoestudiantes\/wp-content\/uploads\/sites\/13\/2023\/01\/012-blood-donation.png\" alt=\"\" width=\"175\" height=\"175\" \/><\/a><\/strong><\/p>\n<p style=\"text-align: center;\"><strong><a href=\"https:\/\/rcm1.rcm.upr.edu\/decanatoestudiantes\/servicios-medicos-a-estudiantes\" target=\"_blank\" rel=\"noopener noreferrer\">Servicios M\u00e9dicos a Estudiantes<\/a><\/strong><\/p>\n<p>[\/vc_column_text][\/vc_column][\/vc_row][vc_row][vc_column][vc_separator][\/vc_column][\/vc_row][vc_row][vc_column width=&#8221;1\/4&#8243;][vc_empty_space height=&#8221;15px&#8221;][vc_column_text css=&#8221;&#8221;]<img loading=\"lazy\" decoding=\"async\" class=\"wp-image-1705 aligncenter\" src=\"https:\/\/rcm1.rcm.upr.edu\/decanatoestudiantes\/wp-content\/uploads\/sites\/13\/2023\/01\/open-laptop-1.png\" alt=\"\" width=\"200\" height=\"200\" \/><\/p>\n<p style=\"text-align: center;\"><strong>Nombre de usuario y contrase\u00f1a<\/strong><\/p>\n<ul>\n<li><a href=\"http:\/\/sistemas.rcm.upr.edu\/mi-info\/\" target=\"_blank\" rel=\"noopener noreferrer\">\u00bfC\u00faal es mi email y mi PIN?<\/a><\/li>\n<li><a href=\"https:\/\/rcm1.rcm.upr.edu\/decanatoestudiantes\/wp-content\/uploads\/sites\/13\/2023\/10\/WIFI-RCM.pdf\" target=\"_blank\" rel=\"noopener noreferrer\">WiFi<\/a><\/li>\n<li><a href=\"http:\/\/rcmacceso.rcm.upr.edu\" target=\"_blank\" rel=\"noopener noreferrer\">Cambio de Contrase\u00f1a de Active Directory<\/a>\u00a0(Cuenta que se utiliza para conectarse a WiFi).\n<ul>\n<li><a href=\"https:\/\/rcm1.rcm.upr.edu\/decanatoestudiantes\/wp-content\/uploads\/sites\/13\/2023\/10\/Instrucciones-cambio-contrasena-Active-Directory.pdf\" target=\"_blank\" rel=\"noopener noreferrer\">Instrucciones para cambiar en l\u00ednea su contrase\u00f1a de Active Directory<\/a><\/li>\n<\/ul>\n<\/li>\n<li><a href=\"https:\/\/rcm1.rcm.upr.edu\/decanatoestudiantes\/wp-content\/uploads\/sites\/13\/2023\/10\/instrucciones-recuperar-password-flyer.pdf\" target=\"_blank\" rel=\"noopener noreferrer\">Instrucciones de c\u00f3mo recuperar la Contrase\u00f1a del Correo Electr\u00f3nico UPR<\/a><\/li>\n<li><a href=\"https:\/\/rcm1.rcm.upr.edu\/decanatoestudiantes\/wp-content\/uploads\/sites\/13\/2023\/10\/instrucciones-cambio-password-next-flyer.pdf\" target=\"_blank\" rel=\"noopener noreferrer\">Instrucciones para cambio de Contrase\u00f1a del Correo Electr\u00f3nico UPR<\/a><\/li>\n<\/ul>\n<p>Apoyo T\u00e9cnico<br \/>\nOficina de Sistemas de Informaci\u00f3n<br \/>\nEdificio Guillermo Arbona Irizarry<br \/>\nSegundo piso, Oficina A-205<br \/>\n787-758-2525 exts. 1244, 1245 y 1064[\/vc_column_text][\/vc_column][vc_column width=&#8221;1\/4&#8243;][vc_column_text]<\/p>\n<p style=\"text-align: center;\"><strong><a href=\"https:\/\/daa.rcm.upr.edu\/cata\/\" target=\"_blank\" rel=\"noopener\"><img loading=\"lazy\" decoding=\"async\" class=\"size-full wp-image-11701 aligncenter\" src=\"https:\/\/rcm1.rcm.upr.edu\/decanatoestudiantes\/wp-content\/uploads\/sites\/13\/2023\/01\/ID-Estudiantes.jpg\" alt=\"\" width=\"132\" height=\"167\" \/><\/a><\/strong><\/p>\n<p style=\"text-align: center;\"><strong><a href=\"https:\/\/rcm1.rcm.upr.edu\/deanshipacademicaffairs\/cata\/\" target=\"_blank\" rel=\"noopener\">Tarjeta de Identificaci\u00f3n Estudiantil (CATA)<\/a><\/strong><\/p>\n<p>[\/vc_column_text][vc_empty_space height=&#8221;15px&#8221;][\/vc_column][vc_column width=&#8221;1\/4&#8243;][vc_empty_space height=&#8221;15px&#8221;][vc_column_text]<a href=\"https:\/\/de.rcm.upr.edu\/oficina-de-actividades-deportivas\"><img loading=\"lazy\" decoding=\"async\" class=\"aligncenter wp-image-1304\" src=\"https:\/\/rcm1.rcm.upr.edu\/decanatoestudiantes\/wp-content\/uploads\/sites\/13\/2023\/01\/023-basketball-player-1.png\" alt=\"\" width=\"200\" height=\"200\" \/><\/a><\/p>\n<p style=\"text-align: center;\"><strong><a href=\"https:\/\/rcm1.rcm.upr.edu\/decanatoestudiantes\/oficina-de-actividades-deportivas\">Actividades Deportivas<\/a><\/strong><\/p>\n<p>[\/vc_column_text][\/vc_column][vc_column width=&#8221;1\/4&#8243;][vc_column_text]<a href=\"https:\/\/de.rcm.upr.edu\/oficina-de-actividades-sociales-y-culturales\"><img loading=\"lazy\" decoding=\"async\" class=\"aligncenter wp-image-1306\" src=\"https:\/\/rcm1.rcm.upr.edu\/decanatoestudiantes\/wp-content\/uploads\/sites\/13\/2023\/01\/016-volunteer-10.png\" alt=\"\" width=\"200\" height=\"200\" \/><\/a><\/p>\n<p style=\"text-align: center;\"><a href=\"https:\/\/rcm1.rcm.upr.edu\/decanatoestudiantes\/oficina-de-actividades-sociales-y-culturales\"><strong>Actividades Sociales y Culturales<\/strong><\/a><\/p>\n<p>[\/vc_column_text][\/vc_column][\/vc_row]<\/p>\n<\/div>","protected":false},"excerpt":{"rendered":"<p>[vc_row][vc_column width=&#8221;1\/4&#8243;][vc_column_text] Manual del Estudiante Manual del Estudiante 2022-2023 [\/vc_column_text][\/vc_column][vc_column width=&#8221;1\/4&#8243;][vc_column_text] Ofrecimientos Acad\u00e9micos Programas Subgraduados Programas Graduados [\/vc_column_text][\/vc_column][vc_column width=&#8221;1\/2&#8243;][vc_column_text css=&#8221;&#8221;] Matr\u00edcula\u00a0 Instucciones Pre-Matricula Agosto 2024-2025-Estudiantes RCM Oficina del Registrador Costo cr\u00e9dito subgraduado y\u00a0graduado Instrucciones para utilizar el Sistema Estudiantil (SIS) \/ Matr\u00edcula en L\u00ednea Pol\u00edtica Institucional Sobre Las Exenciones De Los Derechos De Matr\u00edcula En&hellip;<\/p>\n","protected":false},"author":1,"featured_media":0,"parent":0,"menu_order":0,"comment_status":"closed","ping_status":"closed","template":"template-microsite.php","meta":{"footnotes":""},"class_list":["post-714","page","type-page","status-publish","hentry","description-off"],"aioseo_notices":[],"_links":{"self":[{"href":"https:\/\/rcm1.rcm.upr.edu\/decanatoestudiantes\/wp-json\/wp\/v2\/pages\/714","targetHints":{"allow":["GET"]}}],"collection":[{"href":"https:\/\/rcm1.rcm.upr.edu\/decanatoestudiantes\/wp-json\/wp\/v2\/pages"}],"about":[{"href":"https:\/\/rcm1.rcm.upr.edu\/decanatoestudiantes\/wp-json\/wp\/v2\/types\/page"}],"author":[{"embeddable":true,"href":"https:\/\/rcm1.rcm.upr.edu\/decanatoestudiantes\/wp-json\/wp\/v2\/users\/1"}],"replies":[{"embeddable":true,"href":"https:\/\/rcm1.rcm.upr.edu\/decanatoestudiantes\/wp-json\/wp\/v2\/comments?post=714"}],"version-history":[{"count":15,"href":"https:\/\/rcm1.rcm.upr.edu\/decanatoestudiantes\/wp-json\/wp\/v2\/pages\/714\/revisions"}],"predecessor-version":[{"id":12523,"href":"https:\/\/rcm1.rcm.upr.edu\/decanatoestudiantes\/wp-json\/wp\/v2\/pages\/714\/revisions\/12523"}],"wp:attachment":[{"href":"https:\/\/rcm1.rcm.upr.edu\/decanatoestudiantes\/wp-json\/wp\/v2\/media?parent=714"}],"curies":[{"name":"wp","href":"https:\/\/api.w.org\/{rel}","templated":true}]}}