{"id":719,"date":"2018-04-09T14:22:44","date_gmt":"2018-04-09T14:22:44","guid":{"rendered":"http:\/\/127.0.0.1\/rcm\/de\/visita-el-rcm\/"},"modified":"2025-02-27T23:22:38","modified_gmt":"2025-02-27T23:22:38","slug":"promocion-reclutamiento","status":"publish","type":"page","link":"https:\/\/rcm1.rcm.upr.edu\/decanatoestudiantes\/promocion-reclutamiento\/","title":{"rendered":"Oficina de Promoci\u00f3n y Reclutamiento"},"content":{"rendered":"<div class=\"wpb-content-wrapper\"><p>[vc_row][vc_column width=&#8221;1\/6&#8243;][\/vc_column][vc_column width=&#8221;2\/3&#8243;][vc_column_text]<\/p>\n<div style=\"width: 1200px;\" class=\"wp-video\"><video class=\"wp-video-shortcode\" id=\"video-719-1\" width=\"1200\" height=\"675\" preload=\"metadata\" controls=\"controls\"><source type=\"video\/mp4\" src=\"https:\/\/rcm1.rcm.upr.edu\/decanatoestudiantes\/wp-content\/uploads\/sites\/13\/2023\/01\/RCM-Video.mp4?_=1\" \/><a href=\"https:\/\/rcm1.rcm.upr.edu\/decanatoestudiantes\/wp-content\/uploads\/sites\/13\/2023\/01\/RCM-Video.mp4\">https:\/\/rcm1.rcm.upr.edu\/decanatoestudiantes\/wp-content\/uploads\/sites\/13\/2023\/01\/RCM-Video.mp4<\/a><\/video><\/div>\n<p>[\/vc_column_text][\/vc_column][vc_column width=&#8221;1\/6&#8243;][\/vc_column][\/vc_row][vc_row][vc_column width=&#8221;2\/3&#8243;][vc_column_text]<\/p>\n<h3><strong>Misi\u00f3n<\/strong><\/h3>\n<p>Dar a conocer los programas acad\u00e9micos de Recinto de Ciencias M\u00e9dicas para reclutar el mejor talento de estudiantes universitarios en Puerto Rico, de forma que logren desarrollarse como profesionales de la salud.[\/vc_column_text][vc_empty_space height=&#8221;15px&#8221;][vc_column_text css=&#8221;&#8221;]<\/p>\n<h3><strong>Visi\u00f3n<\/strong><\/h3>\n<p>Exponer al Recinto de Ciencias M\u00e9dicas como l\u00edder en el entrenamiento de las profesiones de la salud en Puerto Rico y en el Caribe. Aumentando el n\u00famero de estudiantes solicitantes al Recinto de Ciencias M\u00e9dicas.[\/vc_column_text][vc_empty_space height=&#8221;15px&#8221;][vc_column_text css=&#8221;&#8221;]<\/p>\n<h3><strong>Objetivos<\/strong><\/h3>\n<ul>\n<li>Fortalecer lel n\u00famero de solicitudes a los programas acad\u00e9micos.<\/li>\n<li>Coordinar actividades dirigidas a promover los ofrecimientos acad\u00e9micos del Recinto de Ciencia M\u00e9dicas.<\/li>\n<li>Crear un v\u00ednculo acad\u00e9mico sostenido con los futuros estudiantes.<\/li>\n<li>Apoyar a las organizaciones estudiantiles universitarias en conocer los requisitos de admisi\u00f3n al Recinto de Ciencias M\u00e9dicas.<\/li>\n<li>Promover al Recinto de Ciencias M\u00e9dicas como la instituci\u00f3n l\u00edder de las profesiones de la salud en Puerto Rico y en el Caribe.<\/li>\n<\/ul>\n<p>[\/vc_column_text][\/vc_column][vc_column width=&#8221;1\/3&#8243;][vc_empty_space height=&#8221;50px&#8221;][vc_column_text]<img loading=\"lazy\" decoding=\"async\" class=\"aligncenter wp-image-10901 size-medium\" src=\"https:\/\/rcm1.rcm.upr.edu\/decanatoestudiantes\/wp-content\/uploads\/sites\/13\/2023\/01\/Visita-RCM-300x283-1.png\" alt=\"\" width=\"300\" height=\"283\" \/>[\/vc_column_text][\/vc_column][\/vc_row][vc_row][vc_column][vc_empty_space height=&#8221;15px&#8221;][vc_column_text]<\/p>\n<h4 class=\"seccion\"><strong><em><span class=\"TextRun SCXW202925128 BCX0\" lang=\"EN-US\" xml:lang=\"EN-US\" data-contrast=\"auto\"><span class=\"NormalTextRun SCXW202925128 BCX0\">Se\u00a0<\/span><span class=\"NormalTextRun SpellingErrorV2 SCXW202925128 BCX0\">realizan<\/span><span class=\"NormalTextRun SCXW202925128 BCX0\">\u00a0<\/span><span class=\"NormalTextRun SpellingErrorV2 SCXW202925128 BCX0\">orientaciones<\/span><span class=\"NormalTextRun SCXW202925128 BCX0\">\u00a0<\/span><span class=\"NormalTextRun SpellingErrorV2 SCXW202925128 BCX0\">presenciales<\/span><span class=\"NormalTextRun SCXW202925128 BCX0\">,\u00a0<\/span><span class=\"NormalTextRun SpellingErrorV2 SCXW202925128 BCX0\">virtuales<\/span><span class=\"NormalTextRun SCXW202925128 BCX0\">,\u00a0<\/span><span class=\"NormalTextRun SpellingErrorV2 SCXW202925128 BCX0\">recorridos<\/span><span class=\"NormalTextRun SCXW202925128 BCX0\">\u00a0por\u00a0<\/span><span class=\"NormalTextRun SpellingErrorV2 SCXW202925128 BCX0\">el<\/span><span class=\"NormalTextRun SCXW202925128 BCX0\">\u00a0\u00a0<\/span><span class=\"NormalTextRun SpellingErrorV2 SCXW202925128 BCX0\">Recinto<\/span><span class=\"NormalTextRun SCXW202925128 BCX0\">, mesa\u00a0<\/span><span class=\"NormalTextRun SpellingErrorV2 SCXW202925128 BCX0\">informativa<\/span><span class=\"NormalTextRun SCXW202925128 BCX0\">\u00a0entre\u00a0<\/span><span class=\"NormalTextRun SpellingErrorV2 SCXW202925128 BCX0\">otras<\/span><span class=\"NormalTextRun SCXW202925128 BCX0\">\u00a0<\/span><span class=\"NormalTextRun SpellingErrorV2 SCXW202925128 BCX0\">actividades.<\/span><\/span><\/em><\/strong><\/h4>\n<p>[\/vc_column_text][vc_empty_space height=&#8221;15px&#8221;][vc_column_text]<strong>\u00bfQuieres conocer m\u00e1s sobre el Recinto de Ciencias M\u00e9dicas?<\/strong>[\/vc_column_text][\/vc_column][\/vc_row][vc_row content_placement=&#8221;top&#8221;][vc_column width=&#8221;1\/4&#8243;]<div class=\"aio-icon-component    style_1\"><div id=\"Info-box-wrap-6622\" class=\"aio-icon-box default-icon\" style=\"\"  ><div class=\"aio-icon-header\" ><h3 class=\"aio-icon-title ult-responsive\"  data-ultimate-target='#Info-box-wrap-6622 .aio-icon-title'  data-responsive-json-new='{\"font-size\":\"\",\"line-height\":\"\"}'  style=\"\">Ubicaci\u00f3n F\u00edsica<\/h3><\/div> <!-- header --><div class=\"aio-icon-description ult-responsive\"  data-ultimate-target='#Info-box-wrap-6622 .aio-icon-description'  data-responsive-json-new='{\"font-size\":\"\",\"line-height\":\"\"}'  style=\"\">Recinto de Ciencias M\u00e9dicasEdificio Dr. Guillermo Arbona (Edificio Principal) A-223<\/div> <!-- description --><\/div> <!-- aio-icon-box --><\/div> <!-- aio-icon-component -->[\/vc_column][vc_column width=&#8221;1\/4&#8243;]<div class=\"aio-icon-component    style_1\"><div id=\"Info-box-wrap-3871\" class=\"aio-icon-box default-icon\" style=\"\"  ><div class=\"aio-icon-header\" ><h3 class=\"aio-icon-title ult-responsive\"  data-ultimate-target='#Info-box-wrap-3871 .aio-icon-title'  data-responsive-json-new='{\"font-size\":\"\",\"line-height\":\"\"}'  style=\"\">Tel\u00e9fono<\/h3><\/div> <!-- header --><div class=\"aio-icon-description ult-responsive\"  data-ultimate-target='#Info-box-wrap-3871 .aio-icon-description'  data-responsive-json-new='{\"font-size\":\"\",\"line-height\":\"\"}'  style=\"\">787-758-2525 extensi\u00f3n 5217, 2016<\/div> <!-- description --><\/div> <!-- aio-icon-box --><\/div> <!-- aio-icon-component -->[\/vc_column][vc_column width=&#8221;1\/4&#8243;]<div class=\"aio-icon-component    style_1\"><div id=\"Info-box-wrap-6107\" class=\"aio-icon-box default-icon\" style=\"\"  ><div class=\"aio-icon-header\" ><h3 class=\"aio-icon-title ult-responsive\"  data-ultimate-target='#Info-box-wrap-6107 .aio-icon-title'  data-responsive-json-new='{\"font-size\":\"\",\"line-height\":\"\"}'  style=\"\">Correo Electr\u00f3nico<\/h3><\/div> <!-- header --><div class=\"aio-icon-description ult-responsive\"  data-ultimate-target='#Info-box-wrap-6107 .aio-icon-description'  data-responsive-json-new='{\"font-size\":\"\",\"line-height\":\"\"}'  style=\"\"><a href=\"mailto:estudiantespanteras.rcm@upr.edu\">estudiantespanteras.rcm@upr.edu<\/a><\/div> <!-- description --><\/div> <!-- aio-icon-box --><\/div> <!-- aio-icon-component -->[\/vc_column][vc_column width=&#8221;1\/4&#8243;]<div class=\"aio-icon-component    style_1\"><div id=\"Info-box-wrap-9284\" class=\"aio-icon-box default-icon\" style=\"\"  ><div class=\"aio-icon-header\" ><h3 class=\"aio-icon-title ult-responsive\"  data-ultimate-target='#Info-box-wrap-9284 .aio-icon-title'  data-responsive-json-new='{\"font-size\":\"\",\"line-height\":\"\"}'  style=\"\">Director<\/h3><\/div> <!-- header --><div class=\"aio-icon-description ult-responsive\"  data-ultimate-target='#Info-box-wrap-9284 .aio-icon-description'  data-responsive-json-new='{\"font-size\":\"\",\"line-height\":\"\"}'  style=\"\">Sra. Soh\u00e9 Berr\u00edos<\/div> <!-- description --><\/div> <!-- aio-icon-box --><\/div> <!-- aio-icon-component -->[\/vc_column][vc_row][\/vc_row][\/vc_row][vc_row][vc_column][\/vc_column][vc_column_text]<\/p>\n<p>I am text block. Click edit button to change this text. Lorem ipsum dolor sit amet, consectetur adipiscing elit. Ut elit tellus, luctus nec ullamcorper mattis, pulvinar dapibus leo.<\/p>\n<p>[\/vc_column_text][\/vc_row][vc_row][vc_column][\/vc_column][vc_column_text][\/vc_column_text][\/vc_row]<\/p>\n<\/div>","protected":false},"excerpt":{"rendered":"<p>[vc_row][vc_column width=&#8221;1\/6&#8243;][\/vc_column][vc_column width=&#8221;2\/3&#8243;][vc_column_text] [\/vc_column_text][\/vc_column][vc_column width=&#8221;1\/6&#8243;][\/vc_column][\/vc_row][vc_row][vc_column width=&#8221;2\/3&#8243;][vc_column_text] Misi\u00f3n Dar a conocer los programas acad\u00e9micos de Recinto de Ciencias M\u00e9dicas para reclutar el mejor talento de estudiantes universitarios en Puerto Rico, de forma que logren desarrollarse como profesionales de la salud.[\/vc_column_text][vc_empty_space height=&#8221;15px&#8221;][vc_column_text css=&#8221;&#8221;] Visi\u00f3n Exponer al Recinto de Ciencias M\u00e9dicas como l\u00edder en el entrenamiento de las&hellip;<\/p>\n","protected":false},"author":1,"featured_media":0,"parent":0,"menu_order":0,"comment_status":"closed","ping_status":"closed","template":"template-microsite.php","meta":{"footnotes":""},"class_list":["post-719","page","type-page","status-publish","hentry","description-off"],"aioseo_notices":[],"_links":{"self":[{"href":"https:\/\/rcm1.rcm.upr.edu\/decanatoestudiantes\/wp-json\/wp\/v2\/pages\/719","targetHints":{"allow":["GET"]}}],"collection":[{"href":"https:\/\/rcm1.rcm.upr.edu\/decanatoestudiantes\/wp-json\/wp\/v2\/pages"}],"about":[{"href":"https:\/\/rcm1.rcm.upr.edu\/decanatoestudiantes\/wp-json\/wp\/v2\/types\/page"}],"author":[{"embeddable":true,"href":"https:\/\/rcm1.rcm.upr.edu\/decanatoestudiantes\/wp-json\/wp\/v2\/users\/1"}],"replies":[{"embeddable":true,"href":"https:\/\/rcm1.rcm.upr.edu\/decanatoestudiantes\/wp-json\/wp\/v2\/comments?post=719"}],"version-history":[{"count":33,"href":"https:\/\/rcm1.rcm.upr.edu\/decanatoestudiantes\/wp-json\/wp\/v2\/pages\/719\/revisions"}],"predecessor-version":[{"id":12561,"href":"https:\/\/rcm1.rcm.upr.edu\/decanatoestudiantes\/wp-json\/wp\/v2\/pages\/719\/revisions\/12561"}],"wp:attachment":[{"href":"https:\/\/rcm1.rcm.upr.edu\/decanatoestudiantes\/wp-json\/wp\/v2\/media?parent=719"}],"curies":[{"name":"wp","href":"https:\/\/api.w.org\/{rel}","templated":true}]}}