{"id":80,"date":"2018-02-06T18:46:53","date_gmt":"2018-02-06T18:46:53","guid":{"rendered":"http:\/\/127.0.0.1\/rcm\/de\/oficina-de-admisiones\/"},"modified":"2025-09-02T14:10:51","modified_gmt":"2025-09-02T14:10:51","slug":"oficina-de-admisiones","status":"publish","type":"page","link":"https:\/\/rcm1.rcm.upr.edu\/decanatoestudiantes\/oficina-de-admisiones\/","title":{"rendered":"Oficina de Admisiones"},"content":{"rendered":"<div class=\"wpb-content-wrapper\"><p>[vc_row][vc_column][vc_column_text]La Oficina Central de Admisiones ofrece servicios directos a todas las personas interesadas en completar una carrera acad\u00e9mica en el campo de la salud. Las funciones primordiales de la oficina son dar a conocer los requisitos de admisi\u00f3n para los diferentes ofrecimientos acad\u00e9micos y recibir, procesar y evaluar las solicitudes de admisi\u00f3n para los programas que ofrece nuestro Recinto. A trav\u00e9s de este proceso se asegura que los solicitantes cumplen con todos los requisitos de admisi\u00f3n establecidos por las distintas facultades.[\/vc_column_text][\/vc_column][\/vc_row][vc_row][vc_column width=&#8221;1\/4&#8243;][vc_single_image image=&#8221;12489&#8243; img_size=&#8221;full&#8221; alignment=&#8221;center&#8221; onclick=&#8221;custom_link&#8221; css=&#8221;&#8221; link=&#8221;https:\/\/rcm1.rcm.upr.edu\/decanatoestudiantes\/wp-content\/uploads\/sites\/13\/2024\/10\/brochure-ofrecimientos-academicos-2024.pdf&#8221;][vc_btn title=&#8221;Descargar Brochure&#8221; color=&#8221;black&#8221; size=&#8221;sm&#8221; align=&#8221;center&#8221; css=&#8221;&#8221; button_block=&#8221;true&#8221; link=&#8221;url:https%3A%2F%2Frcm1.rcm.upr.edu%2Fdecanatoestudiantes%2Fwp-content%2Fuploads%2Fsites%2F13%2F2024%2F10%2Fbrochure-ofrecimientos-academicos-2024.pdf&#8221;][\/vc_column][vc_column width=&#8221;3\/4&#8243;]<div class=\"standard-arrow bullet-top\"><ul>\n<li><a href=\"https:\/\/solicitud.upr.edu\/\">Solicitud de Admisi\u00f3n al RCM<\/a><\/li>\n<li><a href=\"https:\/\/rcm1.rcm.upr.edu\/decanatoestudiantes\/download\/instrucciones-generales-solicitud-de-admision-al-rcm\/\">Instrucciones Generales Solicitud de Admisi\u00f3n al RCM<\/a><\/li>\n<li><a href=\"https:\/\/rcm1.rcm.upr.edu\/decanatoestudiantes\/programas-y-fechas-limites\">Lista de Programas y Fechas L\u00edmites para Admisi\u00f3n<\/a><\/li>\n<li><a href=\"https:\/\/rcm1.rcm.upr.edu\/decanatoestudiantes\/download\/requisitos-de-vacunacion-para-los-estudiantes-de-nuevo-ingreso\/\">Requisitos de vacunaci\u00f3n para los estudiantes de nuevo ingreso<\/a><\/li>\n<\/ul>\n<\/div>[vc_empty_space][vc_column_text]<\/p>\n<h3>Requisitos de Admisi\u00f3n y\u00a0Ofrecimientos Acad\u00e9micos<\/h3>\n<p>[\/vc_column_text][vc_column_text]Si usted interesa solicitar a alguno de nuestros programas<b> subgraduados (enti\u00e9ndase, Grados Asociados o Bachilleratos) <\/b>y proviene de cualquiera de los recintos del Sistema UPR favor de solicitar a traves de la Oficina del Registrador de su unidad.<\/p>\n<p>Si usted interesa solicitar a alguno de nuestros programas<strong> subgraduados (enti\u00e9ndase, Grados Asociados o Bachilleratos)<\/strong> y proviene de una institucion privada dentro o fuera de Puerto Rico, y no ha cursado estudios en ningun recinto del Sistema UPR, favor de acceder a: <a id=\"LPlnk498914\" title=\"Original URL: https:\/\/solicitud.upr.edu\/. Click or tap if you trust this link.\" href=\"https:\/\/solicitud.upr.edu\" target=\"_blank\" rel=\"noopener noreferrer\" data-auth=\"Verified\" data-linkindex=\"1\" data-ogsc=\"\">https:\/\/solicitud.upr.edu<\/a>.[\/vc_column_text][vc_tta_tour][vc_tta_section title=&#8221;Admisi\u00f3n Regular&#8221; tab_id=&#8221;1648560934659-9841edb4-13ec&#8221;][vc_column_text]En el Recinto de Ciencias M\u00e9dicas se ofrecen programas a nivel graduado. Los estudiantes que deseen ingresar a alguno de nuestros programas deben haber completado los cursos b\u00e1sicos o requeridos por el programa de su inter\u00e9s; ya sea en alg\u00fan Recinto del Sistema UPR o instituciones universitarias privadas debidamente acreditadas dentro y fuera de Puerto Rico.<\/p>\n<p>&nbsp;<\/p>\n<h4>\u00bfC\u00f3mo solicitar?<\/h4>\n<p>Acceda a: <a href=\"https:\/\/solicitud.upr.edu\" target=\"_blank\" rel=\"noopener\">https:\/\/solicitud.upr.edu<\/a> (<em>Solicitud de admisi\u00f3n s\u00f3lo para estudios graduados y estudiantes que solicitan a nuestros programas subgraduados provenientes de instituciones privadas).<\/em>[\/vc_column_text][vc_empty_space][\/vc_tta_section][vc_tta_section title=&#8221;Admisi\u00f3n por Transferencia&#8221; tab_id=&#8221;1648560673195-a4e319df-886d&#8221;][vc_column_text]La admisi\u00f3n por transferencia al Recinto de Ciencias M\u00e9dicas es la alternativa para los estudiantes interesados en los programas de Grado Asociado y Bachillerato, que provienen de instituciones universitarias privadas dentro y fuera de Puerto Rico; y que no hayan cursado estudios en ning\u00fan Recinto del Sistema UPR.<\/p>\n<p>&nbsp;<\/p>\n<h4>\u00bfC\u00f3mo solicitar?<\/h4>\n<p>Acceda a: <a href=\"https:\/\/solicitud.upr.edu\" target=\"_blank\" rel=\"noopener\">https:\/\/solicitud.upr.edu<\/a> <em>Solicitud de admisi\u00f3n s\u00f3lo para estudios graduados y estudiantes que solicitan a nuestros programas subgraduados provenientes de instituciones privadas).<\/em><\/p>\n<p>&nbsp;<\/p>\n<p><strong>Requisitos:<\/strong><\/p>\n<p>Al solicitar, el estudiante debe reunir los siguientes requisitos:<\/p>\n<ul>\n<li>Haber aprobado los cr\u00e9ditos m\u00ednimos requeridos con progreso acad\u00e9mico satisfactorio.<\/li>\n<li>Asegurarse que la instituci\u00f3n o instituciones de procedencia est\u00e9n acreditadas por las autoridades correspondientes para ofrecer grados acad\u00e9micos a nivel universitario.<\/li>\n<li>Cumplir con los requisitos acad\u00e9micos establecidos por el programa al que solicita admisi\u00f3n.<\/li>\n<li>No tener ninguna restricci\u00f3n disciplinaria o estar en probatoria acad\u00e9mica.<\/li>\n<\/ul>\n<p>[\/vc_column_text][\/vc_tta_section][vc_tta_section title=&#8221;Admisi\u00f3n Por Traslado&#8221; tab_id=&#8221;1648560673251-a7c3efb9-5237&#8243;][vc_column_text]La admisi\u00f3n por traslado se radica mediante solicitud en la Oficina del Registrador del Recinto del Sistema UPR donde el estudiante fue admitido originalmente. Dicha solicitud debe radicarse en o antes de la fecha establecida en el calendario acad\u00e9mico del Recinto.<\/p>\n<p>&nbsp;<\/p>\n<p><em><strong>Traslado General:<\/strong><\/em><\/p>\n<p>El traslado general aplica a estudiantes activos del Sistema UPR que no hayan completado grado acad\u00e9mico e interesen trasladarse a otro Recinto para completar el mismo, ya sea en el mismo programa o en uno distinto.<\/p>\n<h3><\/h3>\n<p><em><strong>Traslado Articulado:<\/strong><\/em><\/p>\n<p>El traslado articulado aplica a estudiantes admitidos a un programa de estudio que requiere trasladarse a otro Recinto del Sistema UPR para completar el grado acad\u00e9mico. Para que se materialice el traslado articulado, los estudiantes deben haber completado los cursos b\u00e1sicos o requeridos del programa y cumplir con el promedio general y espec\u00edfico establecido.<\/p>\n<p>&nbsp;<\/p>\n<p><strong>Recintos Con Programas De Traslado Articulado:<\/strong><\/p>\n<ul>\n<li>UPR Bayam\u00f3n a UPR Recinto de Ciencias M\u00e9dicas: Programa de Bachillerato en Ciencias de Enfermer\u00eda<\/li>\n<li>UPR Carolina a UPR Recinto de Ciencias M\u00e9dicas: Programa de Bachillerato en Ciencias de Enfermer\u00eda y Programa de Grado Asociado en Asistencia Dental con Funciones Expandidas.<\/li>\n<\/ul>\n<p>[\/vc_column_text][\/vc_tta_section][vc_tta_section title=&#8221;Estudiantes Extranjeros&#8221; tab_id=&#8221;1648560733725-a3e6be5e-ff9a&#8221;][vc_column_text]Los solicitantes residentes en el extranjero deben comunicarse a la Oficina de Admisiones para obtener informaci\u00f3n de todos los documentos requeridos en la solicitud de admisi\u00f3n. Los expedientes acad\u00e9micos deben ser sometidos a trav\u00e9s de \u201c<a href=\"https:\/\/www.wes.org\/\" target=\"_blank\" rel=\"noopener noreferrer\">World Education Services<\/a>\u201c, para su conversi\u00f3n al sistema americano. Este requisito es aplicable tambi\u00e9n para todo solicitante que haya cursado estudios en universidades internacionales.<\/p>\n<p>Los costos de estudio var\u00edan de acuerdo a su pa\u00eds de procedencia. Para m\u00e1s informaci\u00f3n debe comunicarse a la Oficina de Recaudaciones al 787-758-2525 Ext. 1229.[\/vc_column_text][\/vc_tta_section][vc_tta_section title=&#8221;Estudiantes Residentes De Estados Unidos&#8221; tab_id=&#8221;1648560735785-29915439-ff7d&#8221;][vc_column_text]Los estudiantes no domiciliados provenientes de Estados Unidos pagar\u00e1n por los derechos de matr\u00edcula lo que pagar\u00edan los residentes de Puerto Rico si estudiasen en las universidades estatales de donde ellos provienen.[\/vc_column_text][\/vc_tta_section][vc_tta_section title=&#8221;Costo por Concepto de Admisi\u00f3n o Transferencia&#8221; tab_id=&#8221;1648560815576-0b1f9609-861b&#8221;][vc_column_text]Tipo de Solicitud:<\/p>\n<p><b>Admisi\u00f3n<\/b>\u00a0&#8211; $30.00<\/p>\n<p><b>Transferencia<\/b>\u00a0&#8211; $50.00<\/p>\n<p>&nbsp;<\/p>\n<p><b>Del programa autorizar solicitud tard\u00eda,<\/b>\u00a0el pago por concepto de solicitud ser\u00e1 el siguiente:<br \/>\n<b>Admisi\u00f3n<\/b>\u00a0&#8211; $40.00<\/p>\n<p>&nbsp;<\/p>\n<p>El costo total a pagar se determinar\u00e1 de acuerdo a la cantidad de programas a los que usted solicite hasta un m\u00e1ximo de tres.[\/vc_column_text][\/vc_tta_section][\/vc_tta_tour][\/vc_column][\/vc_row][vc_row][vc_column][vc_column_text]<strong>\u00a1Te esperamos!<\/strong> Ser\u00e1 un placer poder saludarte personalmente y esperamos puedas formar parte de nuestra prestigiosa comunidad universitaria.[\/vc_column_text][\/vc_column][\/vc_row][vc_row][vc_column width=&#8221;2\/3&#8243;][vc_column_text css=&#8221;&#8221;]<\/p>\n<h3>Personal de la Oficina Central de Admisiones<\/h3>\n<p>El personal de la Oficina Central de Admisiones est\u00e1 disponible para contestar todas sus preguntas relacionadas con el procesamiento y estatus de su solicitud de admisi\u00f3n.<\/p>\n<p>Maribel Ortiz Belmonte<br \/>\n<em>Directora<br \/>\n<a href=\"mailto:maribel.ortiz5@upr.edu\">maribel.ortiz5@upr.edu<\/a><br \/>\n<\/em><\/p>\n<p>Migdaly Fonseca Mel\u00e9ndez<br \/>\n<em>Secretaria<\/em><br \/>\n<a href=\"mailto:migdaly.fonseca@upr.edu\">migdaly.fonseca@upr.edu<\/a>[\/vc_column_text][vc_column_text css=&#8221;&#8221;]<strong>Horarios de Servicios<br \/>\n<\/strong>Lunes a Viernes de 7:30am a 4:00pm<\/p>\n<p><strong>Ubicaci\u00f3n F\u00edsica<\/strong><br \/>\nUPR \u2013 Recinto de Ciencias M\u00e9dicas<br \/>\nEdificio Guillermo Arbona Irizarry<br \/>\n2ndo. piso, Oficina B223<\/p>\n<p><strong>Direcci\u00f3n Postal<\/strong><br \/>\nOficina Central de Admisiones<br \/>\nPrograma: (programa que a usted le interesa)<br \/>\nUniversidad de Puerto Rico<br \/>\nRecinto de Ciencias M\u00e9dicas<br \/>\nPO Box 365067<br \/>\nSan Juan, PR 00936-5067<\/p>\n<p><strong>Tel\u00e9fonos<\/strong><br \/>\n787-758-2525 extensiones 5211, 5213, 5214, 5215, 5228, 5230 y 5231[\/vc_column_text][\/vc_column][vc_column width=&#8221;1\/3&#8243;][\/vc_column][\/vc_row][vc_row][vc_column][vc_column_text]<\/p>\n<h3>Oficiales de Admisi\u00f3n y Programas Acad\u00e9micos Asignados por Escuela<\/h3>\n<p>[\/vc_column_text][vc_tta_tour style=&#8221;modern&#8221; active_section=&#8221;1&#8243;][vc_tta_section title=&#8221;Escuela de Medicina&#8221; tab_id=&#8221;1601408229624-857a296e-6d00&#8243;][vc_column_text]<strong>Ruth Marilyn Rivera Rol\u00f3n<\/strong> &#8211; ruth.rivera11@upr.edu<\/p>\n<p>[vc_column_text]<strong>Janette Carrasquillo Solivan<\/strong> &#8211; janette.carrasquillo@upr.edu<\/p>\n<ul>\n<li>Doctorado en Medicina<\/li>\n<li>Doctorado en Medicina<em> \u2013 Transferencia a Tercer A\u00f1o<\/em><\/li>\n<\/ul>\n<p>[\/vc_column_text][vc_separator color=&#8221;chino&#8221;][vc_column_text]<strong>Maribel Ortiz Belmonte <\/strong>&#8211;\u00a0maribel.ortiz5@upr.edu<\/p>\n<p><strong>Ciencias Biom\u00e9dicas<\/strong><\/p>\n<ul>\n<li>Maestr\u00eda \/ Doctorado en Anatom\u00eda<\/li>\n<li>Maestr\u00eda \/ Doctorado en Bioqu\u00edmica<\/li>\n<li>Maestr\u00eda \/ Doctorado en Farmacolog\u00eda<\/li>\n<li>Maestr\u00eda \/ Doctorado en Fisiolog\u00eda<\/li>\n<li>Maestr\u00eda \/ Doctorado en Microbiolog\u00eda<\/li>\n<\/ul>\n<p>[\/vc_column_text][\/vc_tta_section][vc_tta_section title=&#8221;Escuela de Medicina Dental&#8221; tab_id=&#8221;1601408229657-2cd4ae35-99f6&#8243;][vc_column_text]<strong>Migdaly Fonseca Mel\u00e9ndez<\/strong> &#8211; migdaly.fonseca@upr.edu<\/p>\n<ul>\n<li>Doctorado en Medicina Dental<\/li>\n<\/ul>\n<p>[\/vc_column_text][\/vc_tta_section][vc_tta_section title=&#8221;Escuela de Farmacia&#8221; tab_id=&#8221;1601408290405-4eb04dd9-ff67&#8243;][vc_column_text css=&#8221;&#8221;]<strong>Vilma Santiago Garc\u00eda <\/strong>&#8211; vilma.santiago@upr.edu<\/p>\n<p><strong>Raiza Hidalgo C\u00e1tala<\/strong> &#8211; raiza.hidalgo1@upr.edu<\/p>\n<ul>\n<li>Doctorado en Farmacia<\/li>\n<li>Doctorado en Filosof\u00eda con especialidad en Ciencias Farmac\u00e9uticas<\/li>\n<li>Maestr\u00eda en Ciencias Farmac\u00e9uticas <em><strong>*No se estar\u00e1n aceptando solicitudes hasta nuevo aviso.<\/strong><\/em><\/li>\n<li>Maestr\u00eda en Farmacia Industrial <em><strong>*No se estar\u00e1n aceptando solicitudes hasta nuevo aviso.<\/strong><\/em><\/li>\n<\/ul>\n<p>[\/vc_column_text][\/vc_tta_section][vc_tta_section title=&#8221;Escuela de Profesiones de la Salud (EPS)&#8221; tab_id=&#8221;1601408291214-1b5ad124-454c&#8221;][vc_column_text]<strong>Ruth Marilyn Rivera Rol\u00f3n<\/strong> &#8211; ruth.rivera11@upr.edu<\/p>\n<ul>\n<li>Maestr\u00eda en Administraci\u00f3n de Informaci\u00f3n de Salud<\/li>\n<\/ul>\n<p>[\/vc_column_text][vc_separator color=&#8221;chino&#8221;][vc_column_text css=&#8221;&#8221;]<strong>Raiza Hidalgo<\/strong> <strong>C\u00e1tala<\/strong> &#8211; raiza.hidalgo1@upr.edu<\/p>\n<ul>\n<li>Certificado Post-bachillerato en Tecnolog\u00eda M\u00e9dica<\/li>\n<\/ul>\n<p>[\/vc_column_text][vc_separator color=&#8221;chino&#8221;][vc_column_text css=&#8221;&#8221;]<strong>Yuliana Santiago Rivera<\/strong> &#8211; yuliana.santiago@upr.edu<\/p>\n<ul>\n<li>Grado Asociado en Asistencia Dental con Funciones Expandidas<\/li>\n<li>Grado Asociado en Tecnolog\u00eda Oft\u00e1lmica<\/li>\n<li>Grado Asociado en Tecnolog\u00eda Radiol\u00f3gica<\/li>\n<li>Bachillerato en Ciencias de la Salud<\/li>\n<li>Bachillerato en Ciencias en Tecnolog\u00eda en Medicina Nuclear<\/li>\n<li>Bachillerato en Educaci\u00f3n y Promoci\u00f3n de la Salud<\/li>\n<li>Bachillerato en Tecnolog\u00eda Veterinaria<\/li>\n<li>Certificado Post Bachillerato en Citotecnolog\u00eda<\/li>\n<li>Certificado Post-bachillerato en Internado en Diet\u00e9tica<\/li>\n<li>Maestr\u00eda en Ciencias en Patolog\u00eda del Habla y Lenguaje<\/li>\n<li>Maestr\u00eda en Laboratorio Cl\u00ednico<\/li>\n<li>Maestr\u00eda en Terapia Ocupacional<\/li>\n<li>Maestr\u00eda Post-doctoral en Investigaci\u00f3n Cl\u00ednica y Translacional<\/li>\n<li>Doctorado en Audiolog\u00eda<\/li>\n<li>Doctorado en Terapia F\u00edsica<\/li>\n<\/ul>\n<p>[\/vc_column_text][\/vc_tta_section][vc_tta_section title=&#8221;Escuela de Graduada de Salud P\u00fablica&#8221; tab_id=&#8221;1601408292098-3643cb08-64a6&#8243;][vc_column_text]<strong>Vilma Santiago Garc\u00eda <\/strong>&#8211; vilma.santiago@upr.edu<\/p>\n<ul>\n<li>Certificado Graduado de Intervenci\u00f3n Temprana<\/li>\n<li>Maestr\u00eda en Ciencias en Demograf\u00eda<\/li>\n<li>Maestr\u00eda en Ciencias en Higiene Industrial<\/li>\n<li>Maestr\u00eda en Ciencias de la Salud con especialidad en Nutrici\u00f3n<\/li>\n<\/ul>\n<p>[\/vc_column_text][vc_separator title=&#8221;\u2022 Maestr\u00eda en Salud P\u00fablica con especialidad en Salud Ambiental&#8221; title_align=&#8221;left&#8221; title_size=&#8221;h5&#8243; title_color=&#8221;title&#8221; separator_style=&#8221;disabled&#8221;][vc_column_text]<\/p>\n<p style=\"text-align: left;\"><strong>Maribel Ortiz Belmonte <\/strong>&#8211;\u00a0maribel.ortiz5@upr.edu<\/p>\n<ul>\n<li>Maestr\u00eda en Ciencias en Epidemiolog\u00eda<\/li>\n<li>Maestr\u00eda en Salud P\u00fablica con especialidad en Epidemiolog\u00eda<\/li>\n<\/ul>\n<p>[\/vc_column_text][vc_separator title=&#8221;\u2022 Maestr\u00eda en Salud P\u00fablica con especialidad en Salud Ambiental&#8221; title_align=&#8221;left&#8221; title_size=&#8221;h5&#8243; title_color=&#8221;title&#8221; separator_style=&#8221;disabled&#8221;][vc_column_text css=&#8221;&#8221;]<\/p>\n<p style=\"text-align: left;\"><strong>Raiza Hidalgo C\u00e1tala <\/strong>&#8211; raiza.hidalgo1@upr.edu<\/p>\n<ul>\n<li>Maestr\u00eda en Salud P\u00fablica con especialidad en Salud Ambiental<\/li>\n<li>Maestr\u00eda en Salud P\u00fablica General &#8211; Diurno y Vespertino<\/li>\n<li>Maestr\u00eda en Salud P\u00fablica con Especialidad en Bioestad\u00edstica<\/li>\n<\/ul>\n<p>[\/vc_column_text][vc_separator title=&#8221;\u2022 Maestr\u00eda en Salud P\u00fablica con especialidad en Salud Ambiental&#8221; title_align=&#8221;left&#8221; title_size=&#8221;h5&#8243; title_color=&#8221;title&#8221; separator_style=&#8221;disabled&#8221;][vc_column_text css=&#8221;&#8221;]<strong>Migdaly Fonseca Mel\u00e9ndez<\/strong> &#8211; migdaly.fonseca@upr.edu<\/p>\n<ul>\n<li>Maestr\u00eda en Adminstraci\u00f3n de Servicios de Salud<\/li>\n<\/ul>\n<p>[\/vc_column_text][vc_separator title=&#8221;\u2022 Maestr\u00eda en Salud P\u00fablica con especialidad en Salud Ambiental&#8221; title_align=&#8221;left&#8221; title_size=&#8221;h5&#8243; title_color=&#8221;title&#8221; separator_style=&#8221;disabled&#8221;][vc_column_text]<strong>Janette Carrasquillo Solivan &#8211; janette.carrasquillo@upr.edu<\/strong><\/p>\n<ul>\n<li>Certificado Graduado en Gerontolog\u00eda<\/li>\n<li>Maestr\u00eda en Gerontolog\u00eda<\/li>\n<\/ul>\n<p>[\/vc_column_text][vc_separator title=&#8221;\u2022 Maestr\u00eda en Salud P\u00fablica con especialidad en Salud Ambiental&#8221; title_align=&#8221;left&#8221; title_size=&#8221;h5&#8243; title_color=&#8221;title&#8221; separator_style=&#8221;disabled&#8221;][vc_column_text css=&#8221;&#8221;]<strong>Yuliana Santiago Rivera &#8211; yuliana.santiago@upr.edu<\/strong><\/p>\n<ul>\n<li>Maestr\u00eda de Educaci\u00f3n en Salud<\/li>\n<\/ul>\n<p>[\/vc_column_text][vc_separator title=&#8221;\u2022 Maestr\u00eda en Salud P\u00fablica con especialidad en Salud Ambiental&#8221; title_align=&#8221;left&#8221; title_size=&#8221;h5&#8243; title_color=&#8221;title&#8221; separator_style=&#8221;disabled&#8221;][vc_column_text css=&#8221;&#8221;]<strong>Ruth Marilyn Rivera Rol\u00f3n<\/strong> &#8211; ruth.rivera11@upr.edu<\/p>\n<ul>\n<li>Doctorado en An\u00e1lisis de Sistemas de Salud y Gerencia<\/li>\n<li>Doctorado en Determinantes Sociales de la Salud<\/li>\n<li>Doctorado en Salud Ambiental<\/li>\n<\/ul>\n<p>[\/vc_column_text][\/vc_tta_section][vc_tta_section title=&#8221;Escuela de Enfermer\u00eda&#8221; tab_id=&#8221;1601408293025-dd6e41c6-f4da&#8221;][vc_column_text css=&#8221;&#8221;]<strong>Janette Carrasquillo Solivan <\/strong>&#8211;\u00a0janette.carrasquillo@upr.edu<\/p>\n<ul>\n<li>Doctorado en Filosof\u00eda de Enfermer\u00eda (PhD)<\/li>\n<li>Maestr\u00eda en Ciencias en Enfermer\u00eda<\/li>\n<li>Bachillerato en Ciencias de Enfermer\u00eda<\/li>\n<\/ul>\n<p>[\/vc_column_text][vc_separator css=&#8221;&#8221;][vc_column_text css=&#8221;&#8221;]<strong>Raiza Hidalgo C\u00e1tala <\/strong>&#8211; raiza.hidalgo1@upr.edu<\/p>\n<ul>\n<li>Doctorado en Pr\u00e1ctica de Enfermer\u00eda con Especialidad en Anestesia (DNP-SA)<\/li>\n<\/ul>\n<p>[\/vc_column_text][\/vc_tta_section][\/vc_tta_tour][\/vc_column][\/vc_row]<\/p>\n<\/div>","protected":false},"excerpt":{"rendered":"<p>[vc_row][vc_column][vc_column_text]La Oficina Central de Admisiones ofrece servicios directos a todas las personas interesadas en completar una carrera acad\u00e9mica en el campo de la salud. Las funciones primordiales de la oficina son dar a conocer los requisitos de admisi\u00f3n para los diferentes ofrecimientos acad\u00e9micos y recibir, procesar y evaluar las solicitudes de admisi\u00f3n para los programas&hellip;<\/p>\n","protected":false},"author":1,"featured_media":0,"parent":0,"menu_order":0,"comment_status":"closed","ping_status":"closed","template":"template-microsite.php","meta":{"footnotes":""},"class_list":["post-80","page","type-page","status-publish","hentry","description-off"],"aioseo_notices":[],"_links":{"self":[{"href":"https:\/\/rcm1.rcm.upr.edu\/decanatoestudiantes\/wp-json\/wp\/v2\/pages\/80","targetHints":{"allow":["GET"]}}],"collection":[{"href":"https:\/\/rcm1.rcm.upr.edu\/decanatoestudiantes\/wp-json\/wp\/v2\/pages"}],"about":[{"href":"https:\/\/rcm1.rcm.upr.edu\/decanatoestudiantes\/wp-json\/wp\/v2\/types\/page"}],"author":[{"embeddable":true,"href":"https:\/\/rcm1.rcm.upr.edu\/decanatoestudiantes\/wp-json\/wp\/v2\/users\/1"}],"replies":[{"embeddable":true,"href":"https:\/\/rcm1.rcm.upr.edu\/decanatoestudiantes\/wp-json\/wp\/v2\/comments?post=80"}],"version-history":[{"count":20,"href":"https:\/\/rcm1.rcm.upr.edu\/decanatoestudiantes\/wp-json\/wp\/v2\/pages\/80\/revisions"}],"predecessor-version":[{"id":12732,"href":"https:\/\/rcm1.rcm.upr.edu\/decanatoestudiantes\/wp-json\/wp\/v2\/pages\/80\/revisions\/12732"}],"wp:attachment":[{"href":"https:\/\/rcm1.rcm.upr.edu\/decanatoestudiantes\/wp-json\/wp\/v2\/media?parent=80"}],"curies":[{"name":"wp","href":"https:\/\/api.w.org\/{rel}","templated":true}]}}