{"id":2899,"date":"2020-03-30T18:12:48","date_gmt":"2020-03-30T18:12:48","guid":{"rendered":"https:\/\/demografia.rcm.upr.edu\/?page_id=2899"},"modified":"2020-03-30T18:12:48","modified_gmt":"2020-03-30T18:12:48","slug":"inicio","status":"publish","type":"page","link":"https:\/\/rcm1.rcm.upr.edu\/demografia\/","title":{"rendered":"Inicio"},"content":{"rendered":"<div class=\"wpb-content-wrapper\"><p>[vc_row][vc_column][vc_raw_js]JTNDJTIxLS0lMjBHbG9iYWwlMjBzaXRlJTIwdGFnJTIwJTI4Z3RhZy5qcyUyOSUyMC0lMjBHb29nbGUlMjBBbmFseXRpY3MlMjAtLSUzRSUwQSUzQ3NjcmlwdCUyMGFzeW5jJTIwc3JjJTNEJTIyaHR0cHMlM0ElMkYlMkZ3d3cuZ29vZ2xldGFnbWFuYWdlci5jb20lMkZndGFnJTJGanMlM0ZpZCUzRFVBLTExOTU5MjEyMy0xNyUyMiUzRSUzQyUyRnNjcmlwdCUzRSUwQSUzQ3NjcmlwdCUzRSUwQSUyMCUyMHdpbmRvdy5kYXRhTGF5ZXIlMjAlM0QlMjB3aW5kb3cuZGF0YUxheWVyJTIwJTdDJTdDJTIwJTVCJTVEJTNCJTBBJTIwJTIwZnVuY3Rpb24lMjBndGFnJTI4JTI5JTdCZGF0YUxheWVyLnB1c2glMjhhcmd1bWVudHMlMjklM0IlN0QlMEElMjAlMjBndGFnJTI4JTI3anMlMjclMkMlMjBuZXclMjBEYXRlJTI4JTI5JTI5JTNCJTBBJTBBJTIwJTIwZ3RhZyUyOCUyN2NvbmZpZyUyNyUyQyUyMCUyN1VBLTExOTU5MjEyMy0xNyUyNyUyOSUzQiUwQSUzQyUyRnNjcmlwdCUzRSUwQQ==[\/vc_raw_js][vc_single_image image=&#8221;6985&#8243; img_size=&#8221;large&#8221; alignment=&#8221;center&#8221; style=&#8221;vc_box_shadow&#8221; onclick=&#8221;img_link_large&#8221;][\/vc_column][\/vc_row][vc_row][vc_column][vc_empty_space][vc_column_text]<\/p>\n<p>El\u00a0<strong>Programa Graduado de Demograf\u00eda<\/strong>, adscrito al Departamento de Ciencias Sociales de la Escuela Graduada de Salud P\u00fablica del Recinto de Ciencias M\u00e9dicas de la Universidad de Puerto Rico, ofrece una Maestr\u00eda en Ciencias en Demograf\u00eda. El Programa Graduado de Demograf\u00eda se inici\u00f3 en el a\u00f1o 1966, siendo el primer programa establecido en Puerto Rico y el primer programa de esta naturaleza en establecerse en Am\u00e9rica Latina. La primera clase graduanda fue en el a\u00f1o 1968 y desde entonces hasta el presente el Programa Graduado ha estado preparando profesionales en el campo de la demograf\u00eda.<\/p>\n<p>[\/vc_column_text][vc_empty_space][vc_column_text]<\/p>\n<p>Somos un Programa Graduado con mucho dinamismo que reconoce que la trayectoria demogr\u00e1fica de nuestro pa\u00eds constituye el fundamento para el desarrollo colectivo e individual de nuestra sociedad. Bajo este principio, el grado de Maestr\u00eda Ciencias en Demograf\u00eda provee las herramientas necesarias para promover estudios continuos y cient\u00edficos del estado (tama\u00f1o, composici\u00f3n y distribuci\u00f3n) y din\u00e1mica (natalidad, mortalidad y migraci\u00f3n) de la poblaci\u00f3n puertorrique\u00f1a. Demograf\u00eda, adem\u00e1s de obtener las destrezas propias de su disciplina (an\u00e1lisis demogr\u00e1fico, proyecci\u00f3n y estimaciones de poblaci\u00f3n, metodolog\u00eda cient\u00edfica, construcci\u00f3n de tablas de vida, manejo de bases de datos, construcci\u00f3n y manejo de indicadores de natalidad, mortalidad y migraci\u00f3n, pol\u00edticas de poblaci\u00f3n etc.), adquieren experiencias y conceptos que le permiten integrarse a equipos de trabajos interdisciplinarios.<\/p>\n<p>[\/vc_column_text][vc_empty_space][vc_column_text]El Programa Graduado en Demograf\u00eda provee las herramientas necesarias para promover estudios continuos y cient\u00edficos del estado (tama\u00f1o, composici\u00f3n y distribuci\u00f3n) y din\u00e1mica (natalidad, mortalidad y migraci\u00f3n) de la poblaci\u00f3n. El estudio de la demograf\u00eda faculta al estudiante con elementos para realizar el an\u00e1lisis de cualquier problema social, econ\u00f3mico y de salud en forma hol\u00edstica e integrada.[\/vc_column_text][\/vc_column][\/vc_row]<\/p>\n<\/div>","protected":false},"excerpt":{"rendered":"<p>[vc_row][vc_column][vc_raw_js]JTNDJTIxLS0lMjBHbG9iYWwlMjBzaXRlJTIwdGFnJTIwJTI4Z3RhZy5qcyUyOSUyMC0lMjBHb29nbGUlMjBBbmFseXRpY3MlMjAtLSUzRSUwQSUzQ3NjcmlwdCUyMGFzeW5jJTIwc3JjJTNEJTIyaHR0cHMlM0ElMkYlMkZ3d3cuZ29vZ2xldGFnbWFuYWdlci5jb20lMkZndGFnJTJGanMlM0ZpZCUzRFVBLTExOTU5MjEyMy0xNyUyMiUzRSUzQyUyRnNjcmlwdCUzRSUwQSUzQ3NjcmlwdCUzRSUwQSUyMCUyMHdpbmRvdy5kYXRhTGF5ZXIlMjAlM0QlMjB3aW5kb3cuZGF0YUxheWVyJTIwJTdDJTdDJTIwJTVCJTVEJTNCJTBBJTIwJTIwZnVuY3Rpb24lMjBndGFnJTI4JTI5JTdCZGF0YUxheWVyLnB1c2glMjhhcmd1bWVudHMlMjklM0IlN0QlMEElMjAlMjBndGFnJTI4JTI3anMlMjclMkMlMjBuZXclMjBEYXRlJTI4JTI5JTI5JTNCJTBBJTBBJTIwJTIwZ3RhZyUyOCUyN2NvbmZpZyUyNyUyQyUyMCUyN1VBLTExOTU5MjEyMy0xNyUyNyUyOSUzQiUwQSUzQyUyRnNjcmlwdCUzRSUwQQ==[\/vc_raw_js][vc_single_image image=&#8221;6985&#8243; img_size=&#8221;large&#8221; alignment=&#8221;center&#8221; style=&#8221;vc_box_shadow&#8221; onclick=&#8221;img_link_large&#8221;][\/vc_column][\/vc_row][vc_row][vc_column][vc_empty_space][vc_column_text] El\u00a0Programa Graduado de Demograf\u00eda, adscrito al Departamento de Ciencias Sociales de la Escuela Graduada de Salud P\u00fablica del Recinto de Ciencias M\u00e9dicas de la Universidad de Puerto Rico, ofrece una Maestr\u00eda en Ciencias en Demograf\u00eda. El Programa Graduado de Demograf\u00eda se inici\u00f3 en el a\u00f1o 1966, siendo el primer&hellip;<\/p>\n","protected":false},"author":1,"featured_media":0,"parent":0,"menu_order":1,"comment_status":"closed","ping_status":"closed","template":"template-microsite.php","meta":{"footnotes":""},"class_list":["post-2899","page","type-page","status-publish","hentry","description-off"],"aioseo_notices":[],"_links":{"self":[{"href":"https:\/\/rcm1.rcm.upr.edu\/demografia\/wp-json\/wp\/v2\/pages\/2899","targetHints":{"allow":["GET"]}}],"collection":[{"href":"https:\/\/rcm1.rcm.upr.edu\/demografia\/wp-json\/wp\/v2\/pages"}],"about":[{"href":"https:\/\/rcm1.rcm.upr.edu\/demografia\/wp-json\/wp\/v2\/types\/page"}],"author":[{"embeddable":true,"href":"https:\/\/rcm1.rcm.upr.edu\/demografia\/wp-json\/wp\/v2\/users\/1"}],"replies":[{"embeddable":true,"href":"https:\/\/rcm1.rcm.upr.edu\/demografia\/wp-json\/wp\/v2\/comments?post=2899"}],"version-history":[{"count":0,"href":"https:\/\/rcm1.rcm.upr.edu\/demografia\/wp-json\/wp\/v2\/pages\/2899\/revisions"}],"wp:attachment":[{"href":"https:\/\/rcm1.rcm.upr.edu\/demografia\/wp-json\/wp\/v2\/media?parent=2899"}],"curies":[{"name":"wp","href":"https:\/\/api.w.org\/{rel}","templated":true}]}}