{"id":3073,"date":"2020-03-31T14:56:35","date_gmt":"2020-03-31T14:56:35","guid":{"rendered":"https:\/\/demografia.rcm.upr.edu\/?page_id=3073"},"modified":"2020-03-31T14:56:35","modified_gmt":"2020-03-31T14:56:35","slug":"envejecimiento-demografico","status":"publish","type":"page","link":"https:\/\/rcm1.rcm.upr.edu\/demografia\/envejecimiento-demografico\/","title":{"rendered":"Indicadores relacionados a la poblaci\u00f3n de 60 a\u00f1os o m\u00e1s"},"content":{"rendered":"<div class=\"wpb-content-wrapper\"><p>[vc_row][vc_column]<div id=\"ultimate-heading-456169e24d3670cb8\" class=\"uvc-heading ult-adjust-bottom-margin ultimate-heading-456169e24d3670cb8 uvc-4291  uvc-heading-default-font-sizes\" data-hspacer=\"line_only\"  data-halign=\"left\" style=\"text-align:left\"><div class=\"uvc-main-heading ult-responsive\"  data-ultimate-target='.uvc-heading.ultimate-heading-456169e24d3670cb8 h2'  data-responsive-json-new='{\"font-size\":\"\",\"line-height\":\"\"}' ><h2 style=\"--font-weight:theme;\">Indicadores relacionados a la poblaci\u00f3n de 60 a\u00f1os o m\u00e1s<\/h2><\/div><div class=\"uvc-heading-spacer line_only\" style=\"margin-top:20px;margin-bottom:20px;height:1px;\"><span class=\"uvc-headings-line\" style=\"border-style:solid;border-bottom-width:1px;border-color:#ccc;width:autopx;\"><\/span><\/div><\/div>[\/vc_column][\/vc_row][vc_row][vc_column][vc_column_text]<\/p>\n<h3><strong>T\u00e9cnicas aplicadas al envejecimiento demogr\u00e1fico<\/strong><\/h3>\n<p>&nbsp;<\/p>\n<p><strong>Por Ciento Por Grupos de Edades<\/strong><\/p>\n<p>Es posible obtener el por ciento por edades sencillas, por edades en grupos quinquenales o por grandes grupos.\u00a0De esta manera con el algoritmo de la ecuaci\u00f3n de por cientos para los siguientes grandes grupos en un tiempo \u201ct\u201d determinado, ser\u00eda:[\/vc_column_text][vc_column_text]<\/p>\n<p><img loading=\"lazy\" decoding=\"async\" class=\"alignnone size-full wp-image-2915 aligncenter\" src=\"https:\/\/rcm1.rcm.upr.edu\/demografia\/wp-content\/uploads\/sites\/30\/2020\/03\/0-14.png\" alt=\"\" width=\"236\" height=\"81\" \/><\/p>\n<figure class=\"wp-block-image\">\u00a0 \u00a0 \u00a0 \u00a0 \u00a0 \u00a0 \u00a0 \u00a0 \u00a0 \u00a0 \u00a0 \u00a0 \u00a0 \u00a0 \u00a0 \u00a0 \u00a0 \u00a0 \u00a0 \u00a0 \u00a0 \u00a0 \u00a0 \u00a0 \u00a0 \u00a0 \u00a0 \u00a0 \u00a0 \u00a0 \u00a0 \u00a0 \u00a0 \u00a0 \u00a0 \u00a0 \u00a0 \u00a0 \u00a0 \u00a0 \u00a0 \u00a0 \u00a0 \u00a0 \u00a0 \u00a0 \u00a0 \u00a0 \u00a0 o<\/figure>\n<figure class=\"wp-block-image\"><img loading=\"lazy\" decoding=\"async\" class=\"alignnone size-full wp-image-2916 aligncenter\" src=\"https:\/\/rcm1.rcm.upr.edu\/demografia\/wp-content\/uploads\/sites\/30\/2020\/03\/0-14a.png\" alt=\"\" width=\"236\" height=\"81\" \/><\/figure>\n<p style=\"text-align: center\">Poblaci\u00f3n de 0 a 14 a\u00f1os<\/p>\n<p style=\"text-align: center\"><img loading=\"lazy\" decoding=\"async\" class=\"alignnone size-full wp-image-2917 aligncenter\" src=\"https:\/\/rcm1.rcm.upr.edu\/demografia\/wp-content\/uploads\/sites\/30\/2020\/03\/15-64.png\" alt=\"\" width=\"236\" height=\"77\" \/><\/p>\n<figure class=\"wp-block-image\">\u00a0 \u00a0 \u00a0 \u00a0 \u00a0 \u00a0 \u00a0 \u00a0 \u00a0 \u00a0 \u00a0 \u00a0 \u00a0 \u00a0 \u00a0 \u00a0 \u00a0 \u00a0 \u00a0 \u00a0 \u00a0 \u00a0 \u00a0 \u00a0 \u00a0 \u00a0 \u00a0 \u00a0 \u00a0 \u00a0 \u00a0 \u00a0 \u00a0 \u00a0 \u00a0 \u00a0 \u00a0 \u00a0 \u00a0 \u00a0 \u00a0 \u00a0 \u00a0 \u00a0 \u00a0 \u00a0 \u00a0 \u00a0 \u00a0 \u00a0 o<\/figure>\n<figure class=\"wp-block-image\"><img loading=\"lazy\" decoding=\"async\" class=\"alignnone size-full wp-image-2918 aligncenter\" src=\"https:\/\/rcm1.rcm.upr.edu\/demografia\/wp-content\/uploads\/sites\/30\/2020\/03\/15-64a.png\" alt=\"\" width=\"236\" height=\"77\" \/><\/figure>\n<figure class=\"wp-block-image\"><span style=\"text-align: center\">\u00a0 \u00a0 \u00a0 \u00a0 \u00a0 \u00a0 \u00a0 \u00a0 \u00a0 \u00a0 \u00a0 \u00a0 \u00a0 \u00a0 \u00a0 \u00a0 \u00a0 \u00a0 \u00a0 \u00a0 \u00a0 \u00a0 \u00a0 \u00a0 \u00a0 \u00a0 \u00a0 \u00a0 \u00a0 \u00a0 \u00a0 \u00a0 \u00a0 \u00a0 \u00a0 \u00a0 \u00a0 \u00a0 <\/span><span style=\"text-align: center\">Poblaci\u00f3n de 15 a 64 a\u00f1os<\/span><\/figure>\n<figure class=\"wp-block-image\"><img loading=\"lazy\" decoding=\"async\" class=\"size-full wp-image-4138 aligncenter\" src=\"https:\/\/rcm1.rcm.upr.edu\/demografia\/wp-content\/uploads\/sites\/30\/2020\/04\/60.png\" alt=\"\" width=\"219\" height=\"78\" \/><\/figure>\n<figure class=\"wp-block-image\"><span style=\"text-align: center\">\u00a0 \u00a0 \u00a0 \u00a0 \u00a0 \u00a0 \u00a0 \u00a0 \u00a0 \u00a0 \u00a0 \u00a0 \u00a0 \u00a0 \u00a0 \u00a0 \u00a0 \u00a0 \u00a0 \u00a0 \u00a0 \u00a0 \u00a0 \u00a0 \u00a0 \u00a0 \u00a0 \u00a0 \u00a0 \u00a0 \u00a0 \u00a0 \u00a0 \u00a0 \u00a0 \u00a0 \u00a0 \u00a0Poblaci\u00f3n de 60 a\u00f1os o m\u00e1s<\/span><\/figure>\n<figure class=\"wp-block-image\"><img loading=\"lazy\" decoding=\"async\" class=\"alignnone size-full wp-image-4139 aligncenter\" src=\"https:\/\/rcm1.rcm.upr.edu\/demografia\/wp-content\/uploads\/sites\/30\/2020\/04\/65.png\" alt=\"\" width=\"223\" height=\"80\" \/><span style=\"text-align: center\">\u00a0 \u00a0 \u00a0 \u00a0 \u00a0 \u00a0 \u00a0 \u00a0 \u00a0 \u00a0 \u00a0 \u00a0 \u00a0 \u00a0 \u00a0 \u00a0 \u00a0 \u00a0 \u00a0 \u00a0 \u00a0 \u00a0 \u00a0 \u00a0 \u00a0 \u00a0 \u00a0 \u00a0 \u00a0 \u00a0 \u00a0 \u00a0 \u00a0 \u00a0 \u00a0 \u00a0 <\/span><span style=\"text-align: center\">\u00a0 \u00a0Poblaci\u00f3n de 65 a\u00f1os o m\u00e1s<\/span><\/figure>\n<p>Estos porcentajes miden la importancia relativa de los grupos de edad de la poblaci\u00f3n m\u00e1s significativos: los menores (P<sub>0-14<\/sub>), la poblaci\u00f3n potencialmente activa (P<sub>15-64<\/sub>) y las personas mayores (P<sub>60+<\/sub>\u00a0o P<sub>65+<\/sub>).<\/p>\n<p>[\/vc_column_text][\/vc_column][\/vc_row][vc_row][vc_column][vc_column_text]<\/p>\n<p><strong>\u00cdndice de Envejecimiento<\/strong><\/p>\n<p>Conocido tambi\u00e9n como la tasa de envejecimiento, es la t\u00e9cnica m\u00e1s utilizada para ver el proceso de envejecimiento y simplemente se define como el porcentaje que representan los mayores de 65 a\u00f1os (P<sub>65+<\/sub>) o los mayores de 60 a\u00f1os (P<sub>60+<\/sub>) sobre la poblaci\u00f3n total.\u00a0Dicho por ciento puede interpretarse como la cantidad de viejos por cada 100 habitantes.<\/p>\n<p><img loading=\"lazy\" decoding=\"async\" class=\"size-full wp-image-4141 aligncenter\" src=\"https:\/\/rcm1.rcm.upr.edu\/demografia\/wp-content\/uploads\/sites\/30\/2020\/04\/indice-env-60.png\" alt=\"\" width=\"192\" height=\"80\" \/><\/p>\n<p style=\"text-align: center\">Poblaci\u00f3n de 60 a\u00f1os o m\u00e1s por cada 100 habitantes<\/p>\n<p><img loading=\"lazy\" decoding=\"async\" class=\"alignnone size-full wp-image-4142 aligncenter\" src=\"https:\/\/rcm1.rcm.upr.edu\/demografia\/wp-content\/uploads\/sites\/30\/2020\/04\/indice-env-65.png\" alt=\"\" width=\"192\" height=\"80\" \/><\/p>\n<p style=\"text-align: center\">Poblaci\u00f3n de 65 a\u00f1os o m\u00e1s por cada 100 habitantes<\/p>\n<p><strong>\u00cdndice de Vejez<\/strong><\/p>\n<p>El \u00edndice de vejez relaciona los grupos m\u00e1s din\u00e1micos de la poblaci\u00f3n y que m\u00e1s influyen en la estructura y evoluci\u00f3n de una poblaci\u00f3n.\u00a0Este \u00edndice nos relaciona la poblaci\u00f3n vieja, que puede ser de 60 a\u00f1os o m\u00e1s (P<sub>60+<\/sub>) o de 65 a\u00f1os o m\u00e1s (P<sub>65+<\/sub>) con la poblaci\u00f3n de menores que generalmente est\u00e1 por debajo de la edad de 15 a\u00f1os (P<sub>0-14<\/sub>) para ver si la poblaci\u00f3n mayor de un lugar en particular es m\u00e1s, igual o menor que la poblaci\u00f3n menor.\u00a0\u00a0La importancia de este indicador es que engloba a aquellos grupos de la poblaci\u00f3n que m\u00e1s prestaciones sociales van a necesitar. Lo contrario al \u00edndice de vejez se llama \u00cdndice de juventud. Si el \u00edndice de vejez presenta un valor superior a 1, sabremos que hay m\u00e1s poblaci\u00f3n mayor de 65 a\u00f1os que la poblaci\u00f3n menor de 15. En cambio, si el \u00edndice no llega a 1 querr\u00e1 decir que hay m\u00e1s poblaci\u00f3n menor de 15 a\u00f1os que mayor de 65. Un \u00edndice de vejez de 1 supone la misma proporci\u00f3n de poblaci\u00f3n mayor de 65 que menor de 15 a\u00f1os.\u00a0 Sin embargo, la utilidad del\u00a0<em>I<sub>vejez<\/sub><\/em>\u00a0estriba en observar la cantidad de poblaci\u00f3n vieja por cada 100 menores, es decir, intenta medir el peso que un sector recae sobre otro sector. \u00a0Las notaciones para obtener el \u00edndice de vejez (<em>I<sub>vejez<\/sub>)<\/em>\u00a0para la poblaci\u00f3n vieja de P<sub>60+<\/sub>\u00a0o P<sub>65+<\/sub>\u00a0para un tiempo \u201c<em>t<\/em>\u201d determinado, ser\u00eda de la siguiente manera:<\/p>\n<p style=\"text-align: center\">Para poblaci\u00f3n de 60 a\u00f1os o m\u00e1s<\/p>\n<figure class=\"wp-block-image\"><img loading=\"lazy\" decoding=\"async\" class=\"size-full wp-image-2955 aligncenter\" src=\"https:\/\/rcm1.rcm.upr.edu\/demografia\/wp-content\/uploads\/sites\/30\/2020\/03\/indice-vejez-60.png\" alt=\"\" width=\"122\" height=\"75\" \/><\/figure>\n<p style=\"text-align: center\">Para poblaci\u00f3n de 65 a\u00f1os o m\u00e1s<\/p>\n<figure class=\"wp-block-image\"><img loading=\"lazy\" decoding=\"async\" class=\"alignnone size-full wp-image-2956 aligncenter\" src=\"https:\/\/rcm1.rcm.upr.edu\/demografia\/wp-content\/uploads\/sites\/30\/2020\/03\/indice-vejez-65.png\" alt=\"\" width=\"121\" height=\"74\" \/><\/figure>\n<p>Visualizar el\u00a0<em>I<sub>vejez<\/sub><\/em>\u00a0en relaci\u00f3n a la cantidad de viejos por cada 100 menores en un lugar determinado, podr\u00edamos capturar la transformaci\u00f3n de una poblaci\u00f3n que va envejeciendo dr\u00e1sticamente.<\/p>\n<p>[\/vc_column_text][\/vc_column][\/vc_row][vc_row][vc_column][vc_column_text]<\/p>\n<p><strong>\u00cdndice de Longevidad<\/strong><\/p>\n<p>El acelerado envejecimiento de la poblaci\u00f3n ha hecho necesario medir tanto el sobreenvejecimiento como la evoluci\u00f3n del envejecimiento partiendo de la base de viejos. El \u00edndice de longevidad, tambi\u00e9n conocido como \u00edndice de sobreenvejecimiento o \u00edndice de senectud pretende medir el n\u00famero de personas de 85 a\u00f1os o m\u00e1s por cada 100 personas de 65 a\u00f1os o m\u00e1s.Es un indicador espec\u00edfico del envejecimiento demogr\u00e1fico y permite medir la composici\u00f3n del grupo de los m\u00e1s mayores.\u00a0 La f\u00f3rmula estar\u00eda expresada de la siguiente manera:<\/p>\n<figure class=\"wp-block-image\"><img loading=\"lazy\" decoding=\"async\" class=\"size-full wp-image-2951 aligncenter\" src=\"https:\/\/rcm1.rcm.upr.edu\/demografia\/wp-content\/uploads\/sites\/30\/2020\/03\/indice-longevidad.png\" alt=\"\" width=\"203\" height=\"89\" \/><\/figure>\n<p><strong>\u00cdndice de Ancianidad<\/strong><\/p>\n<p>A partir de este \u00edndice podemos saber la proporci\u00f3n de poblaci\u00f3n que tenemos en la franja de edad de 75 a 84 a\u00f1os en relaci\u00f3n con la poblaci\u00f3n mayor de 84 a\u00f1os.\u00a0La f\u00f3rmula estar\u00eda expresada de la siguiente manera<\/p>\n<p>&nbsp;<\/p>\n<figure class=\"wp-block-image\"><img loading=\"lazy\" decoding=\"async\" class=\"size-full wp-image-2943 aligncenter\" src=\"https:\/\/rcm1.rcm.upr.edu\/demografia\/wp-content\/uploads\/sites\/30\/2020\/03\/indice-ancianidad.png\" alt=\"\" width=\"198\" height=\"84\" \/><\/figure>\n<p><strong>\u00cdndice Generacional de Anciano<\/strong><\/p>\n<p>Tambi\u00e9n conocido como \u00edndice generacional de ancianidad. El\u00a0<em>IG<sub>anciano<\/sub><\/em>\u00a0representa el n\u00famero de personas de 35 a 64 a\u00f1os (P<sub>35-64<\/sub>) por cada persona de 65 y m\u00e1s (P<sub>65+<\/sub>). Se supone que mide el n\u00famero de personas de 35 a 64 a\u00f1os que podr\u00edan hacerse cargo de cada persona de 65 y m\u00e1s a\u00f1os.\u00a0Te\u00f3ricamente, relaciona la generaci\u00f3n de los mayores con la de sus hijos, es decir, con la de sus cuidadores naturales y nos informa indirectamente sobre la necesidad de cuidados. La f\u00f3rmula estar\u00eda expresada de la siguiente manera:<\/p>\n<p>&nbsp;<\/p>\n<figure class=\"wp-block-image\"><img loading=\"lazy\" decoding=\"async\" class=\"size-full wp-image-2950 aligncenter\" src=\"https:\/\/rcm1.rcm.upr.edu\/demografia\/wp-content\/uploads\/sites\/30\/2020\/03\/indice-generacional.png\" alt=\"\" width=\"188\" height=\"106\" \/><\/figure>\n<p><strong>\u00cdndice de Dependencia Demogr\u00e1fica<\/strong><\/p>\n<p>Tambi\u00e9n conocido como raz\u00f3n de dependencia, tasa de dependencia o tasa de dependencia global, es la relaci\u00f3n entre las personas en edades \u201cdependientes&#8221; (menores de 15 y mayores de 64 a\u00f1os) y las personas en edades &#8220;econ\u00f3micamente productivas&#8221; (15 a 64 a\u00f1os) en una poblaci\u00f3n.\u00a0Es un indicador con un significado econ\u00f3mico, dado que relacionala poblaci\u00f3n inactiva o econ\u00f3micamente dependiente (formada por menores de 15 a\u00f1os y poblaci\u00f3n mayor de 65 a\u00f1os) con la poblaci\u00f3n potencialmente activa (aquella que se encuentra entre los 15 y los 65 a\u00f1os). Si el \u00edndice supera el 100 nos encontramos en una situaci\u00f3n donde la poblaci\u00f3n activa es menor que la no activa. Por el contrario una relaci\u00f3n de dependencia menor a 100 nos indica una mayor proporci\u00f3n de poblaci\u00f3n de entre 15 a 64 a\u00f1os. Esta tasa indica la relaci\u00f3n existente entre la poblaci\u00f3n potencialmente activa y la que no lo es.\u00a0La f\u00f3rmula estar\u00eda expresada de la siguiente manera:<\/p>\n<figure class=\"wp-block-image\"><img loading=\"lazy\" decoding=\"async\" class=\"size-full wp-image-2942 aligncenter\" src=\"https:\/\/rcm1.rcm.upr.edu\/demografia\/wp-content\/uploads\/sites\/30\/2020\/03\/Idependencia.png\" alt=\"\" width=\"286\" height=\"130\" \/><\/figure>\n<figure class=\"wp-block-image\">\u00a0 \u00a0 \u00a0 \u00a0 \u00a0 \u00a0 \u00a0 \u00a0 \u00a0 \u00a0 \u00a0 \u00a0 \u00a0 \u00a0 \u00a0 \u00a0 \u00a0 \u00a0 \u00a0 \u00a0 \u00a0 \u00a0 \u00a0 \u00a0 \u00a0 \u00a0 \u00a0 \u00a0 \u00a0 \u00a0 \u00a0 \u00a0 Poblaci\u00f3n dependiente por cada 100 habitantes potencialmente activa<\/figure>\n<p>&nbsp;<\/p>\n<p><strong>\u00cdndice de Dependencia de Viejos<\/strong><\/p>\n<p>Tambi\u00e9n conocido como el \u00edndice de dependencia de la poblaci\u00f3n anciana, la tasa de dependencia de viejos es una variante de la tasa global de dependencia.\u00a0 El n\u00famero de personas de 65 a\u00f1os o m\u00e1s (P<sub>65+<\/sub>) por cada 100 personas en edad laboral. Es decir cu\u00e1ntos viejos (mayores de 65 a\u00f1os) existen con respecto a la poblaci\u00f3n potencial activa o econ\u00f3mica activa. La f\u00f3rmula estar\u00eda expresada de la siguiente manera:<\/p>\n<figure class=\"wp-block-image\"><img loading=\"lazy\" decoding=\"async\" class=\"size-full wp-image-2941 aligncenter\" src=\"https:\/\/rcm1.rcm.upr.edu\/demografia\/wp-content\/uploads\/sites\/30\/2020\/03\/IDep-viejo.png\" alt=\"\" width=\"247\" height=\"130\" \/><\/figure>\n<figure class=\"wp-block-image\">\u00a0 \u00a0 \u00a0 \u00a0 \u00a0 \u00a0 \u00a0 \u00a0 \u00a0 \u00a0 \u00a0 \u00a0 \u00a0 \u00a0 \u00a0 \u00a0 \u00a0 \u00a0 \u00a0 \u00a0 \u00a0 \u00a0 \u00a0 \u00a0 \u00a0 \u00a0 \u00a0 \u00a0 \u00a0 \u00a0 \u00a0 \u00a0 \u00a0 Poblaci\u00f3n vieja por cada 100 habitantes potencialmente activa<\/figure>\n<p><strong>\u00cdndice de Estructura de la Poblaci\u00f3n Activa<\/strong><\/p>\n<p>La poblaci\u00f3n de 15 a 64 a\u00f1os (P<sub>15-64<\/sub>) es considerada la estructura de la poblaci\u00f3n activa h\u00e1bil para laborar. El \u00edndice de estructura de la poblaci\u00f3n activa (<em>IEP<sub>activa<\/sub><\/em>) es un indicador del grado de envejecimiento del sector de la poblaci\u00f3n laboral. Puede obtenerse dividiendo la poblaci\u00f3n adulta vieja (P<sub>40-64<\/sub>), es decir, las 25 generaciones m\u00e1s viejas de la poblaci\u00f3n activa por la poblaci\u00f3n adulta joven (P<sub>15-39<\/sub>), es decir, las 25 generaciones m\u00e1s j\u00f3venes de la poblaci\u00f3n activa. Si el \u00edndice presenta un valor superior a uno (1), sabremos que la estructura de la poblaci\u00f3n laboral es m\u00e1s vieja. En cambio, cuando el \u00edndice est\u00e1 por debajo de uno (1), m\u00e1s joven es la estructura de la poblaci\u00f3n laboral.\u00a0 Un \u00edndice de estructura de la poblaci\u00f3n activa (<em>IEP<sub>activa<\/sub><\/em>) con el valor de uno (1) supone la misma proporci\u00f3n de poblaci\u00f3n laboral vieja (P<sub>40-64<\/sub>) que la poblaci\u00f3n laboral joven (P<sub>15-39<\/sub>).\u00a0 Sin embargo, la utilidad del\u00a0<em>IEP<sub>activa<\/sub>\u00a0<\/em>estriba en observar la cantidad de poblaci\u00f3n laboral vieja por cada 100 j\u00f3venes de poblaci\u00f3n activa, es decir, intenta medir el peso que un sector recae sobre otro sector. \u00a0La nomenclatura estar\u00eda dada de la siguiente manera:<\/p>\n<figure class=\"wp-block-image\"><img loading=\"lazy\" decoding=\"async\" class=\"size-full wp-image-2948 aligncenter\" src=\"https:\/\/rcm1.rcm.upr.edu\/demografia\/wp-content\/uploads\/sites\/30\/2020\/03\/indice-estructura.png\" alt=\"\" width=\"248\" height=\"136\" \/><\/figure>\n<p>[\/vc_column_text][\/vc_column][\/vc_row][vc_row][vc_column][vc_column_text]<\/p>\n<p><strong>\u00cdndice de Friz<\/strong><\/p>\n<p>Representa la proporci\u00f3n de poblaci\u00f3n en el grupo 0-19 a\u00f1os (P<sub>0-19<\/sub>) en relaci\u00f3n a la poblaci\u00f3n de 30-49 a\u00f1os (P<sub>30-49<\/sub>), que se toma como base 100. Por cada 100 personas entre las edades de 30 a 49 a\u00f1os tenemos tantas personas de 0 a 19 a\u00f1os.<\/p>\n<p>Adem\u00e1s este \u00edndice puede sugerir que:\u00a0&gt; 160 entonces la poblaci\u00f3n se considera joven;\u00a0= 66 a 160 entonces la poblaci\u00f3n se considera madura;&lt; 60 entonces la poblaci\u00f3n se considera vieja.\u00a0La f\u00f3rmula estar\u00eda expresada de la siguiente manera:<\/p>\n<figure class=\"wp-block-image\"><img loading=\"lazy\" decoding=\"async\" class=\"size-full wp-image-2949 aligncenter\" src=\"https:\/\/rcm1.rcm.upr.edu\/demografia\/wp-content\/uploads\/sites\/30\/2020\/03\/indice-friz.png\" alt=\"\" width=\"258\" height=\"89\" \/><\/figure>\n<p><strong>\u00cdndice de Sundbarg<\/strong><\/p>\n<p>Tomando como base la poblaci\u00f3n de 15-49 a\u00f1os (P<sub>15-49<\/sub>), el \u00edndice de Sundbarg compara los porcentajes con los grupos de 0 a 14 a\u00f1os (P<sub>0-14<\/sub>) y de mayores de 50 a\u00f1os (P<sub>50+<\/sub>). Si el porcentaje de los menores de 15 supera el de los mayores de 50 la poblaci\u00f3n es de car\u00e1cter progresivo (joven). Si se igualan es estacionaria (madura) y si el grupo de mayores de 50 supera al de menores de 15 es regresiva (vieja).\u00a0\u00a0La f\u00f3rmula estar\u00eda expresada de la siguiente manera y con el agravante que adem\u00e1s este \u00edndice puede sugerir que:<\/p>\n<p>&nbsp;<\/p>\n<figure class=\"wp-block-image\"><img loading=\"lazy\" decoding=\"async\" class=\"alignnone size-full wp-image-2953 aligncenter\" src=\"https:\/\/rcm1.rcm.upr.edu\/demografia\/wp-content\/uploads\/sites\/30\/2020\/03\/indice-sund-a.png\" alt=\"\" width=\"144\" height=\"97\" \/><span style=\"line-height: 150%;text-align: justify\">\u00a0 \u00a0 \u00a0 \u00a0 \u00a0 \u00a0 \u00a0 \u00a0 \u00a0 \u00a0 \u00a0 \u00a0 \u00a0 \u00a0 \u00a0 \u00a0 \u00a0 \u00a0 \u00a0 \u00a0 \u00a0 \u00a0 \u00a0 \u00a0 \u00a0 \u00a0 \u00a0 \u00a0 \u00a0 \u00a0 \u00a0 \u00a0 \u00a0 \u00a0 \u00a0 \u00a0 \u00a0 \u00a0 \u00a0 \u00a0 \u00a0 \u00a0 \u00a0 \u00a0 \u00a0 \u00a0 \u00a0 \u00a0 \u00a0 \u00a0 \u00a0 \u00a0 \u00a0 \u00a0 \u00a0<\/span><strong style=\"font-family: Arial, sans-serif;font-size: small;line-height: 24px;text-align: justify\"><span style=\"font-size: x-large\">&gt; = &lt;<\/span><\/strong><span style=\"line-height: 150%;text-align: justify\">\u00a0 <img loading=\"lazy\" decoding=\"async\" class=\"alignnone size-full wp-image-2954 aligncenter\" src=\"https:\/\/rcm1.rcm.upr.edu\/demografia\/wp-content\/uploads\/sites\/30\/2020\/03\/indice-sund-b.png\" alt=\"\" width=\"142\" height=\"97\" \/><\/span><\/figure>\n<p>&nbsp;<\/p>\n<p><strong>\u00cdndice de Burgd\u00f6fer<\/strong><\/p>\n<p>Compara los porcentajes de poblaci\u00f3n en los grupos de 5 a 14 (P<sub>5-14<\/sub>) y de 45 a 64 a\u00f1os (P<sub>45-64<\/sub>). Si el primero es mayor que el segundo la poblaci\u00f3n es joven, si son aproximadamente iguales es madura y si es menor la poblaci\u00f3n es vieja. La f\u00f3rmula estar\u00eda expresada de la siguiente manera:<\/p>\n<figure class=\"wp-block-image\"><img loading=\"lazy\" decoding=\"async\" class=\"alignnone size-full wp-image-2944 aligncenter\" src=\"https:\/\/rcm1.rcm.upr.edu\/demografia\/wp-content\/uploads\/sites\/30\/2020\/03\/Indice-Burgdo-a.png\" alt=\"\" width=\"214\" height=\"91\" \/><span style=\"line-height: 150%;text-align: justify\">\u00a0 \u00a0 \u00a0 \u00a0 \u00a0 \u00a0 \u00a0 \u00a0 \u00a0 \u00a0 \u00a0 \u00a0 \u00a0 \u00a0 \u00a0 \u00a0 \u00a0 \u00a0 \u00a0 \u00a0 \u00a0 \u00a0 \u00a0 \u00a0 \u00a0 \u00a0 \u00a0 \u00a0 \u00a0 \u00a0 \u00a0 \u00a0 \u00a0 \u00a0 \u00a0 \u00a0 \u00a0 \u00a0 \u00a0 \u00a0 \u00a0 \u00a0 \u00a0 \u00a0 \u00a0 \u00a0 \u00a0 \u00a0 \u00a0 \u00a0 \u00a0 \u00a0 \u00a0 \u00a0<\/span><strong style=\"font-family: Arial, sans-serif;font-size: small;line-height: 24px;text-align: justify\"><span style=\"font-size: x-large\">&gt; = &lt;<\/span><\/strong><span style=\"line-height: 150%;text-align: justify\">\u00a0 <img loading=\"lazy\" decoding=\"async\" class=\"alignnone size-full wp-image-2945 aligncenter\" src=\"https:\/\/rcm1.rcm.upr.edu\/demografia\/wp-content\/uploads\/sites\/30\/2020\/03\/Indice-Burgdo-b.png\" alt=\"\" width=\"214\" height=\"92\" \/><\/span><\/figure>\n<p><strong>\u00cdndice de Grado de Envejecimiento de Sauvy<\/strong><\/p>\n<p>Es un \u00edndice de vejez que consistente en dividir el n\u00famero de efectivos\u00a0<em>viejos\u00a0<\/em>(P<sub>60+<\/sub>) por el de\u00a0<em>j\u00f3venes\u00a0<\/em>(P<sub>0-19<\/sub>) y multiplicarlo por 100. Si lo que se obtiene supera el 30% estamos ante una poblaci\u00f3n vieja.\u00a0\u00a0La f\u00f3rmula estar\u00eda expresada de la siguiente manera:<\/p>\n<figure class=\"wp-block-image\"><img loading=\"lazy\" decoding=\"async\" class=\"size-full wp-image-2952 aligncenter\" src=\"https:\/\/rcm1.rcm.upr.edu\/demografia\/wp-content\/uploads\/sites\/30\/2020\/03\/indice-sauvy.png\" alt=\"\" width=\"239\" height=\"81\" \/><\/figure>\n<p>[\/vc_column_text][\/vc_column][\/vc_row]<\/p>\n<\/div>","protected":false},"excerpt":{"rendered":"<p>[vc_row][vc_column][\/vc_column][\/vc_row][vc_row][vc_column][vc_column_text] T\u00e9cnicas aplicadas al envejecimiento demogr\u00e1fico &nbsp; Por Ciento Por Grupos de Edades Es posible obtener el por ciento por edades sencillas, por edades en grupos quinquenales o por grandes grupos.\u00a0De esta manera con el algoritmo de la ecuaci\u00f3n de por cientos para los siguientes grandes grupos en un tiempo \u201ct\u201d determinado, ser\u00eda:[\/vc_column_text][vc_column_text] \u00a0 \u00a0&hellip;<\/p>\n","protected":false},"author":1,"featured_media":0,"parent":0,"menu_order":0,"comment_status":"closed","ping_status":"closed","template":"template-microsite.php","meta":{"footnotes":""},"class_list":["post-3073","page","type-page","status-publish","hentry","description-off"],"aioseo_notices":[],"_links":{"self":[{"href":"https:\/\/rcm1.rcm.upr.edu\/demografia\/wp-json\/wp\/v2\/pages\/3073","targetHints":{"allow":["GET"]}}],"collection":[{"href":"https:\/\/rcm1.rcm.upr.edu\/demografia\/wp-json\/wp\/v2\/pages"}],"about":[{"href":"https:\/\/rcm1.rcm.upr.edu\/demografia\/wp-json\/wp\/v2\/types\/page"}],"author":[{"embeddable":true,"href":"https:\/\/rcm1.rcm.upr.edu\/demografia\/wp-json\/wp\/v2\/users\/1"}],"replies":[{"embeddable":true,"href":"https:\/\/rcm1.rcm.upr.edu\/demografia\/wp-json\/wp\/v2\/comments?post=3073"}],"version-history":[{"count":0,"href":"https:\/\/rcm1.rcm.upr.edu\/demografia\/wp-json\/wp\/v2\/pages\/3073\/revisions"}],"wp:attachment":[{"href":"https:\/\/rcm1.rcm.upr.edu\/demografia\/wp-json\/wp\/v2\/media?parent=3073"}],"curies":[{"name":"wp","href":"https:\/\/api.w.org\/{rel}","templated":true}]}}