{"id":3094,"date":"2020-05-04T12:25:51","date_gmt":"2020-05-04T12:25:51","guid":{"rendered":"https:\/\/demografia.rcm.upr.edu\/?page_id=3094"},"modified":"2020-05-04T12:25:51","modified_gmt":"2020-05-04T12:25:51","slug":"poblacion-por-barrios","status":"publish","type":"page","link":"https:\/\/rcm1.rcm.upr.edu\/demografia\/poblacion-por-barrios\/","title":{"rendered":"Poblaci\u00f3n por Barrios"},"content":{"rendered":"<div class=\"wpb-content-wrapper\"><p>[vc_row][vc_column]<div id=\"ultimate-heading-357969f033ca62041\" class=\"uvc-heading ult-adjust-bottom-margin ultimate-heading-357969f033ca62041 uvc-6973  uvc-heading-default-font-sizes\" data-hspacer=\"line_only\"  data-halign=\"left\" style=\"text-align:left\"><div class=\"uvc-main-heading ult-responsive\"  data-ultimate-target='.uvc-heading.ultimate-heading-357969f033ca62041 h2'  data-responsive-json-new='{\"font-size\":\"\",\"line-height\":\"\"}' ><h2 style=\"--font-weight:theme;\">Poblaci\u00f3n por Barrios<\/h2><\/div><div class=\"uvc-heading-spacer line_only\" style=\"topheight:1px;\"><span class=\"uvc-headings-line\" style=\"border-style:solid;border-bottom-width:1px;border-color:#ccc;width:autopx;\"><\/span><\/div><\/div>[vc_empty_space][vc_column_text]Poblaci\u00f3n total por municipio y barrios, 1950 &#8211; 2010<\/p>\n<p>Poblaci\u00f3n total por barrios, sexo y grupos de edades, Puerto Rico: 2010<\/p>\n<p>Poblaci\u00f3n total por barrios, sexo y grupos de edades, Puerto Rico: 2000<\/p>\n<p>Edad mediana por municipio y barrios, 1950 &#8211; 2010[\/vc_column_text][\/vc_column][\/vc_row]<\/p>\n<\/div>","protected":false},"excerpt":{"rendered":"<p>[vc_row][vc_column][vc_empty_space][vc_column_text]Poblaci\u00f3n total por municipio y barrios, 1950 &#8211; 2010 Poblaci\u00f3n total por barrios, sexo y grupos de edades, Puerto Rico: 2010 Poblaci\u00f3n total por barrios, sexo y grupos de edades, Puerto Rico: 2000 Edad mediana por municipio y barrios, 1950 &#8211; 2010[\/vc_column_text][\/vc_column][\/vc_row]<\/p>\n","protected":false},"author":1,"featured_media":0,"parent":0,"menu_order":0,"comment_status":"closed","ping_status":"closed","template":"template-microsite.php","meta":{"footnotes":""},"class_list":["post-3094","page","type-page","status-publish","hentry","description-off"],"aioseo_notices":[],"_links":{"self":[{"href":"https:\/\/rcm1.rcm.upr.edu\/demografia\/wp-json\/wp\/v2\/pages\/3094","targetHints":{"allow":["GET"]}}],"collection":[{"href":"https:\/\/rcm1.rcm.upr.edu\/demografia\/wp-json\/wp\/v2\/pages"}],"about":[{"href":"https:\/\/rcm1.rcm.upr.edu\/demografia\/wp-json\/wp\/v2\/types\/page"}],"author":[{"embeddable":true,"href":"https:\/\/rcm1.rcm.upr.edu\/demografia\/wp-json\/wp\/v2\/users\/1"}],"replies":[{"embeddable":true,"href":"https:\/\/rcm1.rcm.upr.edu\/demografia\/wp-json\/wp\/v2\/comments?post=3094"}],"version-history":[{"count":0,"href":"https:\/\/rcm1.rcm.upr.edu\/demografia\/wp-json\/wp\/v2\/pages\/3094\/revisions"}],"wp:attachment":[{"href":"https:\/\/rcm1.rcm.upr.edu\/demografia\/wp-json\/wp\/v2\/media?parent=3094"}],"curies":[{"name":"wp","href":"https:\/\/api.w.org\/{rel}","templated":true}]}}