{"id":3099,"date":"2020-03-31T16:36:26","date_gmt":"2020-03-31T16:36:26","guid":{"rendered":"https:\/\/demografia.rcm.upr.edu\/?page_id=3099"},"modified":"2020-03-31T16:36:26","modified_gmt":"2020-03-31T16:36:26","slug":"poblacion-estimada","status":"publish","type":"page","link":"https:\/\/rcm1.rcm.upr.edu\/demografia\/poblacion-estimada\/","title":{"rendered":"Poblaci\u00f3n Estimada"},"content":{"rendered":"<div class=\"wpb-content-wrapper\"><p>[vc_row][vc_column]<div id=\"ultimate-heading-613069ded35b297ac\" class=\"uvc-heading ult-adjust-bottom-margin ultimate-heading-613069ded35b297ac uvc-7153  uvc-heading-default-font-sizes\" data-hspacer=\"line_only\"  data-halign=\"left\" style=\"text-align:left\"><div class=\"uvc-main-heading ult-responsive\"  data-ultimate-target='.uvc-heading.ultimate-heading-613069ded35b297ac h2'  data-responsive-json-new='{\"font-size\":\"\",\"line-height\":\"\"}' ><h2 style=\"--font-weight:theme;\">Poblaci\u00f3n Estimada<\/h2><\/div><div class=\"uvc-heading-spacer line_only\" style=\"topheight:1px;\"><span class=\"uvc-headings-line\" style=\"border-style:solid;border-bottom-width:1px;border-color:#ccc;width:autopx;\"><\/span><\/div><\/div>[vc_empty_space][vc_column_text]<strong>Estimaciones pos censales de la poblaci\u00f3n &#8211; <\/strong><strong>Puerto Rico\u00a0<\/strong><\/p>\n<p>Como ha ido cambiando la trayectoria de la poblaci\u00f3n al 1<sup>ro<\/sup>\u00a0de Julio seg\u00fan se va presentando anualmente las estimaciones pos censales: 2010-2017<\/p>\n<p>Poblaci\u00f3n total y sexo estimada al 1<sup>ro<\/sup>\u00a0de julio por edad sencilla, Puerto Rico: 2010-2016<\/p>\n<p>Poblaci\u00f3n total y sexo estimada al 1<sup>ro<\/sup>\u00a0de julio por grupos de edades quinquenales y otros grupos especificos, Puerto Rico: 2010-2016<\/p>\n<p>Poblacion total por municipio estimada al 1<sup>ro<\/sup>\u00a0de julio, Puerto Rico: 2010-2016<\/p>\n<p>Poblaci\u00f3n y sexo por municipio estimada al 1<sup>ro<\/sup>\u00a0de julio por grupo de edades quinquenados, Puerto Rico: 2010-2016<\/p>\n<p>&nbsp;<\/p>\n<p><strong>IMPORTANTE:<\/strong>\u00a0Los totales de poblaci\u00f3n para Puerto Rico y municipios por sexo y edad son estimaciones anuales posteriores al \u00faltimo censo (pos censal) del a\u00f1o 2010. \u00a0Esto significa que cada a\u00f1o que se obtiene una estimaci\u00f3n pos censal, los datos de los a\u00f1os anteriores sufriran ajustes.<\/p>\n<p>&nbsp;<\/p>\n<p style=\"text-align: right\"><em>Fuente: U.S. Census Bureau, Population Division (December 2017). Table 1. Annual Estimates of the Resident<\/em><br \/>\n<em>Population: April 1, 2010 to July 1, 2017<\/em><\/p>\n<p>[\/vc_column_text][\/vc_column][\/vc_row]<\/p>\n<\/div>","protected":false},"excerpt":{"rendered":"<p>[vc_row][vc_column][vc_empty_space][vc_column_text]Estimaciones pos censales de la poblaci\u00f3n &#8211; Puerto Rico\u00a0 Como ha ido cambiando la trayectoria de la poblaci\u00f3n al 1ro\u00a0de Julio seg\u00fan se va presentando anualmente las estimaciones pos censales: 2010-2017 Poblaci\u00f3n total y sexo estimada al 1ro\u00a0de julio por edad sencilla, Puerto Rico: 2010-2016 Poblaci\u00f3n total y sexo estimada al 1ro\u00a0de julio por grupos&hellip;<\/p>\n","protected":false},"author":1,"featured_media":0,"parent":0,"menu_order":0,"comment_status":"closed","ping_status":"closed","template":"template-microsite.php","meta":{"footnotes":""},"class_list":["post-3099","page","type-page","status-publish","hentry","description-off"],"aioseo_notices":[],"_links":{"self":[{"href":"https:\/\/rcm1.rcm.upr.edu\/demografia\/wp-json\/wp\/v2\/pages\/3099","targetHints":{"allow":["GET"]}}],"collection":[{"href":"https:\/\/rcm1.rcm.upr.edu\/demografia\/wp-json\/wp\/v2\/pages"}],"about":[{"href":"https:\/\/rcm1.rcm.upr.edu\/demografia\/wp-json\/wp\/v2\/types\/page"}],"author":[{"embeddable":true,"href":"https:\/\/rcm1.rcm.upr.edu\/demografia\/wp-json\/wp\/v2\/users\/1"}],"replies":[{"embeddable":true,"href":"https:\/\/rcm1.rcm.upr.edu\/demografia\/wp-json\/wp\/v2\/comments?post=3099"}],"version-history":[{"count":0,"href":"https:\/\/rcm1.rcm.upr.edu\/demografia\/wp-json\/wp\/v2\/pages\/3099\/revisions"}],"wp:attachment":[{"href":"https:\/\/rcm1.rcm.upr.edu\/demografia\/wp-json\/wp\/v2\/media?parent=3099"}],"curies":[{"name":"wp","href":"https:\/\/api.w.org\/{rel}","templated":true}]}}