{"id":3101,"date":"2020-05-04T13:35:16","date_gmt":"2020-05-04T13:35:16","guid":{"rendered":"https:\/\/demografia.rcm.upr.edu\/?page_id=3101"},"modified":"2020-05-04T13:35:16","modified_gmt":"2020-05-04T13:35:16","slug":"indicadores-demograficos","status":"publish","type":"page","link":"https:\/\/rcm1.rcm.upr.edu\/demografia\/indicadores-demograficos\/","title":{"rendered":"Indicadores Demogr\u00e1ficos"},"content":{"rendered":"<div class=\"wpb-content-wrapper\"><p>[vc_row][vc_column]<div id=\"ultimate-heading-667969d061b24eae5\" class=\"uvc-heading ult-adjust-bottom-margin ultimate-heading-667969d061b24eae5 uvc-742  uvc-heading-default-font-sizes\" data-hspacer=\"line_only\"  data-halign=\"left\" style=\"text-align:left\"><div class=\"uvc-main-heading ult-responsive\"  data-ultimate-target='.uvc-heading.ultimate-heading-667969d061b24eae5 h2'  data-responsive-json-new='{\"font-size\":\"\",\"line-height\":\"\"}' ><h2 style=\"--font-weight:theme;\">Indicadores Demogr\u00e1ficos<\/h2><\/div><div class=\"uvc-heading-spacer line_only\" style=\"topheight:1px;\"><span class=\"uvc-headings-line\" style=\"border-style:solid;border-bottom-width:1px;border-color:#ccc;width:autopx;\"><\/span><\/div><\/div>[vc_empty_space][vc_column_text]<\/p>\n<p>Los datos necesarios para un an\u00e1lisis demogr\u00e1fico provienen usualmente de las declaraciones que los individuos hacen sobre los eventos de que han sido objetos en un lapsos de tiempo y lugar determinado.\u00a0\u00a0Las cifras absolutas, si bien son la base de todos los an\u00e1lisis demogr\u00e1ficos, tienen utilidades restringidas debido a que no son directamente comparables unas con otras cuando se refieren a distintas poblaciones.\u00a0 De all\u00ed nace la necesidad de utilizar medidas relativas que permitan reducir las cifras absolutas a un com\u00fan denominador y por lo tanto sirvan para resumir largas series de datos en cifras manejables o para hacer comparaciones \u00fatiles entre poblaciones cuantitativamente diferentes. \u00a0Otro asunto de importancia son las notaciones o nomenclaturas demograficas que giran en torno a los algoritmos. La notaci\u00f3n o nomenclatura en demograf\u00eda suele ser una preocupaci\u00f3n al momento de aplicar de forma efectiva cualquier c\u00e1lculo a una situaci\u00f3n concreta en particular.\u00a0 Es importante que el Dem\u00f3grafo conozca y aprenda a identificar la nomenclatura usual utilizada en los an\u00e1lisis demogr\u00e1ficos. La utilidad de la notaci\u00f3n en demograf\u00eda, como en cualquier otra disciplina cuantitativa, consiste en que permite abreviar notablemente tanto la expresi\u00f3n de los hechos, fen\u00f3menos e indicadores a los que corresponden los datos, como incluirlos, en forma de variables abstractas, en las f\u00f3rmulas matem\u00e1ticas que expresan una relaci\u00f3n l\u00f3gica entre diversos indicadores. Presentamos una lista de notaciones mas comunes en la disciplina:<\/p>\n<p>[\/vc_column_text][\/vc_column][\/vc_row][vc_row][vc_column width=&#8221;5\/6&#8243;][vc_column_text]<\/p>\n<table>\n<tbody>\n<tr>\n<td>P<\/td>\n<td>(population): Representa el n\u00famero de habitantes o poblaci\u00f3n total, sin embargo en varias instancias\u00a0la nomenclatura utilizada es la letra\u00a0<strong>N<\/strong>(number) para designar la poblaci\u00f3n.<\/td>\n<\/tr>\n<tr>\n<td>P<sup>t+n<\/sup><\/td>\n<td>Poblaci\u00f3n al momento actual. Tambi\u00e9n, muchos lo reconocen como la poblaci\u00f3n m\u00e1s cerca entre los dos puntos o simplemente la m\u00e1s reciente entre los dos puntos.\u00a0 Adem\u00e1s, con respecto a la poblaci\u00f3n a estimar o proyectar se le suele se\u00f1alar como poblaci\u00f3n ha encontrar o poblaci\u00f3n futura. En varios textos podemos encontrar que la nomenclatura esta dada por\u00a0<strong>P<\/strong><sup>1<\/sup>.<\/td>\n<\/tr>\n<tr>\n<td>P<sup>t<\/sup><\/td>\n<td>Poblaci\u00f3n inicial o poblaci\u00f3n base. Muchos lo reconocen tambi\u00e9n como la poblaci\u00f3n m\u00e1s alejada entre los dos puntos o simplemente la menos reciente entre los dos puntos.En varios textos podemos encontrar que la nomenclatura esta dada por\u00a0<strong>P<\/strong><sup>0<\/sup>\u00a0o\u00a0<strong>P<\/strong><sup>t-n<\/sup>.<\/td>\n<\/tr>\n<tr>\n<td>PM<\/td>\n<td>Poblaci\u00f3n masculina.<\/td>\n<\/tr>\n<tr>\n<td>PF<\/td>\n<td>Poblaci\u00f3n femenina.<\/td>\n<\/tr>\n<tr>\n<td>B<\/td>\n<td>(birth)<strong>:<\/strong>\u00a0Representa el n\u00famero de nacimientos vivos.<\/td>\n<\/tr>\n<tr>\n<td><em>b<\/em><\/td>\n<td>Tasa bruta de natalidad.<\/td>\n<\/tr>\n<tr>\n<td>D<\/td>\n<td>(death)<strong>:<\/strong>\u00a0Representa el n\u00famero de defunciones.<\/td>\n<\/tr>\n<tr>\n<td><em>d<\/em><\/td>\n<td>Tasa de mortalidad<\/td>\n<\/tr>\n<tr>\n<td>E<\/td>\n<td>Representa el n\u00famero de emigrantes.<\/td>\n<\/tr>\n<tr>\n<td>I<\/td>\n<td>Representa el n\u00famero de inmigrantes.<\/td>\n<\/tr>\n<tr>\n<td>SM<\/td>\n<td>Saldo migratorio. La diferencia entre\u00a0<strong>I<\/strong>\u00a0y\u00a0<strong>E<\/strong><\/td>\n<\/tr>\n<tr>\n<td><em>sm<\/em><\/td>\n<td>Tasa de saldo migratorio<\/td>\n<\/tr>\n<tr>\n<td><em>r<\/em><\/td>\n<td>(rate): Tasa de crecimiento<\/td>\n<\/tr>\n<tr>\n<td><em>e<\/em><sup>o<\/sup><\/td>\n<td>Esperanza de vida al nacer<\/td>\n<\/tr>\n<\/tbody>\n<\/table>\n<p>[\/vc_column_text][\/vc_column][vc_column width=&#8221;1\/6&#8243;][\/vc_column][\/vc_row]<\/p>\n<\/div>","protected":false},"excerpt":{"rendered":"<p>[vc_row][vc_column][vc_empty_space][vc_column_text] Los datos necesarios para un an\u00e1lisis demogr\u00e1fico provienen usualmente de las declaraciones que los individuos hacen sobre los eventos de que han sido objetos en un lapsos de tiempo y lugar determinado.\u00a0\u00a0Las cifras absolutas, si bien son la base de todos los an\u00e1lisis demogr\u00e1ficos, tienen utilidades restringidas debido a que no son directamente comparables&hellip;<\/p>\n","protected":false},"author":1,"featured_media":0,"parent":0,"menu_order":0,"comment_status":"closed","ping_status":"closed","template":"template-microsite.php","meta":{"footnotes":""},"class_list":["post-3101","page","type-page","status-publish","hentry","description-off"],"aioseo_notices":[],"_links":{"self":[{"href":"https:\/\/rcm1.rcm.upr.edu\/demografia\/wp-json\/wp\/v2\/pages\/3101","targetHints":{"allow":["GET"]}}],"collection":[{"href":"https:\/\/rcm1.rcm.upr.edu\/demografia\/wp-json\/wp\/v2\/pages"}],"about":[{"href":"https:\/\/rcm1.rcm.upr.edu\/demografia\/wp-json\/wp\/v2\/types\/page"}],"author":[{"embeddable":true,"href":"https:\/\/rcm1.rcm.upr.edu\/demografia\/wp-json\/wp\/v2\/users\/1"}],"replies":[{"embeddable":true,"href":"https:\/\/rcm1.rcm.upr.edu\/demografia\/wp-json\/wp\/v2\/comments?post=3101"}],"version-history":[{"count":0,"href":"https:\/\/rcm1.rcm.upr.edu\/demografia\/wp-json\/wp\/v2\/pages\/3101\/revisions"}],"wp:attachment":[{"href":"https:\/\/rcm1.rcm.upr.edu\/demografia\/wp-json\/wp\/v2\/media?parent=3101"}],"curies":[{"name":"wp","href":"https:\/\/api.w.org\/{rel}","templated":true}]}}