{"id":3103,"date":"2020-05-04T13:35:16","date_gmt":"2020-05-04T13:35:16","guid":{"rendered":"https:\/\/demografia.rcm.upr.edu\/?page_id=3103"},"modified":"2020-05-04T13:35:16","modified_gmt":"2020-05-04T13:35:16","slug":"documentos-de-salud","status":"publish","type":"page","link":"https:\/\/rcm1.rcm.upr.edu\/demografia\/documentos-de-salud\/","title":{"rendered":"Documentos de Salud"},"content":{"rendered":"<div class=\"wpb-content-wrapper\"><p>[vc_row][vc_column]<div id=\"ultimate-heading-330969ded32007b2d\" class=\"uvc-heading ult-adjust-bottom-margin ultimate-heading-330969ded32007b2d uvc-5623  uvc-heading-default-font-sizes\" data-hspacer=\"line_only\"  data-halign=\"left\" style=\"text-align:left\"><div class=\"uvc-main-heading ult-responsive\"  data-ultimate-target='.uvc-heading.ultimate-heading-330969ded32007b2d h2'  data-responsive-json-new='{\"font-size\":\"\",\"line-height\":\"\"}' ><h2 style=\"--font-weight:theme;\">Documentos de Salud<\/h2><\/div><div class=\"uvc-heading-spacer line_only\" style=\"topheight:1px;\"><span class=\"uvc-headings-line\" style=\"border-style:solid;border-bottom-width:1px;border-color:#ccc;width:autopx;\"><\/span><\/div><\/div>[vc_empty_space][vc_column_text][vc_tta_tour][vc_tta_section title=&#8221;Estad\u00edsticas Vitales&#8221; tab_id=&#8221;1602209550528-ab988260-2a24&#8243;][vc_column_text]<a href=\"http:\/\/www.estadisticas.gobierno.pr\/iepr\/LinkClick.aspx?fileticket=WXNyz1dr1S0%3d&amp;tabid=186\">Informe Anual de Estad\u00edsticas Vitales: Matrimonios y Divorcios 2011-2013<\/a> <em>Gobierno de Puerto Rico, Departamento de Salud,\u00a0Secretar\u00eda Auxiliar de Planificaci\u00f3n y desarrollo<\/em><\/p>\n<p><a href=\"https:\/\/estadisticas.pr\/files\/BibliotecaVirtual\/estadisticas\/biblioteca\/DS\/DS_InformeAnual_2014.pdf\">Informe de salud de Puerto Rico 2014<\/a>\u00a0<em>Estado Libre Asociado de Puerto Rico,\u00a0<\/em><em>Departamento de Salud,\u00a0Secretar\u00eda Auxiliar de Planificaci\u00f3n y desarrollo<\/em><\/p>\n<p><a href=\"http:\/\/www.estadisticas.gobierno.pr\/iepr\/LinkClick.aspx?fileticket=k38ErIOOU_Y%3d&amp;tabid=186\">Informe Anual de Estad\u00edsticas Vitales 2009-2010: Nacimientos, Matrimonios y Divorcios<\/a>\u00a0<em>Gobierno de Puerto Rico,\u00a0<\/em><em>Departamento de Salud,\u00a0Secretar\u00eda Auxiliar de Planificaci\u00f3n y desarrollo<\/em><\/p>\n<p><a href=\"https:\/\/rcm1.rcm.upr.edu\/demografia\/wp-content\/uploads\/sites\/30\/2020\/04\/DS_InformedeMortalidadInfantilMaternayFetal_2007-2008.pdf\">Informe Anual de Estad\u00edsticas Vitales 2007-2008: Informe Anual de Estad\u00edsticas Vitales: Mortalidad Infantil, Materna y Fetal\u00a0<\/a>\u00a0<em>Gobierno de Puerto Rico\u00a0<\/em><em>Departamento de Salud,\u00a0Secretar\u00eda Auxiliar de Planificaci\u00f3n y desarrollo<\/em><\/p>\n<p><a href=\"https:\/\/rcm1.rcm.upr.edu\/demografia\/wp-content\/uploads\/sites\/30\/2020\/04\/DS_InformeAnualEstadisticasVitales_NacimientosyMatrimonios_2007-2008.pdf\">Informe Anual de Estad\u00edsticas Vitales 2007-2008: Nacimientos, Matrimonios y Divorcios\u00a0<\/a>\u00a0&lt;<em>Gobierno de Puerto Rico, D<\/em><em>epartamento de Salud,\u00a0Secretar\u00eda Auxiliar de Planificaci\u00f3n y desarrollo<\/em><\/p>\n<p><a href=\"https:\/\/rcm1.rcm.upr.edu\/demografia\/wp-content\/uploads\/sites\/30\/2020\/04\/Nuevas-Estadisticas-Mortalidad_Dic2010.pdf\">Nueva estad\u00edsticas de Informe Anual de Estad\u00edsticas Vitales: Mortalidad, 2000-2008<\/a>\u00a0<em>Instituto de Estad\u00edsticas de Puerto Rico<\/em><\/p>\n<p><a href=\"https:\/\/rcm1.rcm.upr.edu\/demografia\/wp-content\/uploads\/sites\/30\/2020\/04\/Estadisticas-Vitales_2006_Informe_Puerto-Rico-completo.pdf\">Informe Anual de Estad\u00edsticas Vitales 2006<\/a><\/p>\n<p><a href=\"https:\/\/rcm1.rcm.upr.edu\/demografia\/wp-content\/uploads\/sites\/30\/2020\/04\/EstadisticasVitales_Informe_2005-completo.pdf\">Informe Anual de Estad\u00edsticas Vitales 2005<\/a><\/p>\n<p><a href=\"https:\/\/rcm1.rcm.upr.edu\/demografia\/wp-content\/uploads\/sites\/30\/2020\/04\/EstadisticasVitales_Informe_2004-completo.pdf\">Informe Anual de Estad\u00edsticas Vitales 2004<\/a><\/p>\n<p><a href=\"https:\/\/rcm1.rcm.upr.edu\/demografia\/wp-content\/uploads\/sites\/30\/2020\/04\/EstadisticasVitales_Informe_2003-completo.pdf\">Informe Anual de Estad\u00edsticas Vitales 2003<\/a><\/p>\n<p><a href=\"https:\/\/rcm1.rcm.upr.edu\/demografia\/wp-content\/uploads\/sites\/30\/2020\/04\/Estadisticas-Vitales_2002_Informe_Puerto-Rico-completo.pdf\">Informe Anual de Estad\u00edsticas Vitales 2002<\/a><\/p>\n<p><a href=\"https:\/\/rcm1.rcm.upr.edu\/demografia\/wp-content\/uploads\/sites\/30\/2020\/04\/EstadisticasVitales_Informe_2001-completo.pdf\">Informe Anual de Estad\u00edsticas Vitales 2001<\/a><\/p>\n<p><a href=\"https:\/\/rcm1.rcm.upr.edu\/demografia\/wp-content\/uploads\/sites\/30\/2020\/04\/EstadisticasVitales_Resumen_2001-completo.pdf\">Resumen de Estad\u00edsticas Vitales 2001<\/a><\/p>\n<p><a href=\"https:\/\/rcm1.rcm.upr.edu\/demografia\/wp-content\/uploads\/sites\/30\/2020\/04\/EstadisticasVitales_Resumen_2000-completo.pdf\">Resumen de Estad\u00edsticas Vitales 2000<\/a><\/p>\n<p><a href=\"https:\/\/rcm1.rcm.upr.edu\/demografia\/wp-content\/uploads\/sites\/30\/2020\/04\/Estadisticas-Vitales_2000_Informe_Puerto-Rico-completo.pdf\">Informe Anual de Estad\u00edsticas Vitales 2000<\/a><\/p>\n<p><a href=\"https:\/\/rcm1.rcm.upr.edu\/demografia\/wp-content\/uploads\/sites\/30\/2020\/04\/EstadisticasVitales_Informe_1999-completo.pdf\">Informe Anual de Estad\u00edsticas Vitales 1999<\/a><\/p>\n<p><a href=\"https:\/\/rcm1.rcm.upr.edu\/demografia\/wp-content\/uploads\/sites\/30\/2020\/04\/Estadisticas-Vitales_Resumen_Puerto-Rico_1999-completo.pdf\">Resumen de Estad\u00edsticas Vitales 1999<\/a><\/p>\n<p><a href=\"https:\/\/rcm1.rcm.upr.edu\/demografia\/wp-content\/uploads\/sites\/30\/2020\/04\/Estadisticas-Vitales_1998_Resumen_Puerto-Rico-completo.pdf\">Resumen de Estad\u00edsticas Vitales 1998<\/a><\/p>\n<p><a href=\"https:\/\/rcm1.rcm.upr.edu\/demografia\/wp-content\/uploads\/sites\/30\/2020\/04\/EstadisticasVitales_InformeNatalidad_Puerto-Rico_1998-completo.pdf\">Informe Anual de Estad\u00edsticas Vitales: Natalidad 1998<\/a><\/p>\n<p><a href=\"https:\/\/rcm1.rcm.upr.edu\/demografia\/wp-content\/uploads\/sites\/30\/2020\/04\/EstadisticasVitales_InformeMortilidad_Puerto-Rico_1998-completo.pdf\">Informe Anual de Estad\u00edsticas Vitales: Mortalidad 1998<\/a><\/p>\n<p><a href=\"https:\/\/rcm1.rcm.upr.edu\/demografia\/wp-content\/uploads\/sites\/30\/2020\/04\/EstadisticasVitales_InformeNatalidad_Puerto-Rico_1997-completo.pdf\">Informe Anual de Estad\u00edsticas Vitales: Natalidad 1997<\/a><\/p>\n<p><a href=\"https:\/\/rcm1.rcm.upr.edu\/demografia\/wp-content\/uploads\/sites\/30\/2020\/04\/EstadisticasVitales_InformeMortalidad_Puerto-Rico_1997-completo.pdf\">Informe Anual de Estad\u00edsticas Vitales: Mortalidad 1997<\/a><\/p>\n<p><a href=\"https:\/\/rcm1.rcm.upr.edu\/demografia\/wp-content\/uploads\/sites\/30\/2020\/04\/Estadisticas-Vitales_1997_Resumen_Puerto-Rico-completo.pdf\">Resumen de Estad\u00edsticas Vitales 1997<\/a><\/p>\n<p><a href=\"https:\/\/rcm1.rcm.upr.edu\/demografia\/wp-content\/uploads\/sites\/30\/2020\/04\/EstadisticasVitales_InformeNatalidad_Puerto-Rico_1996-completo.pdf\">Informe Anual de Estad\u00edsticas Vitales: Natalidad 1996<\/a><\/p>\n<p><a href=\"https:\/\/rcm1.rcm.upr.edu\/demografia\/wp-content\/uploads\/sites\/30\/2020\/04\/EstadisticasVitales_InformeMortalidad_Puerto-Rico_1996-completo.pdf\">Informe Anual de Estad\u00edsticas Vitales: Mortalidad 1996<\/a><\/p>\n<p><a href=\"https:\/\/rcm1.rcm.upr.edu\/demografia\/wp-content\/uploads\/sites\/30\/2020\/04\/EstadisticasVitales_1995_Informe_Puerto-Rico-completo.pdf\">Informe Anual de Estad\u00edsticas Vitales 1995<\/a><\/p>\n<p><a href=\"https:\/\/rcm1.rcm.upr.edu\/demografia\/wp-content\/uploads\/sites\/30\/2020\/04\/EstadisticasVitales_Informe_1994-completo.pdf\">Informe Anual de Estad\u00edsticas Vitales 1994<\/a><\/p>\n<p><a href=\"https:\/\/rcm1.rcm.upr.edu\/demografia\/wp-content\/uploads\/sites\/30\/2020\/04\/Estadisticas-Vitales_1993_Informe_Puerto-Rico-completo.pdf\">Informe Anual de Estad\u00edsticas Vitales 1993<\/a><\/p>\n<p><a href=\"https:\/\/rcm1.rcm.upr.edu\/demografia\/wp-content\/uploads\/sites\/30\/2020\/04\/Estadisticasvitales_Resumen_1993-completo.pdf\">Resumen de Estad\u00edsticas Vitales 1993<\/a><\/p>\n<p><a href=\"https:\/\/rcm1.rcm.upr.edu\/demografia\/wp-content\/uploads\/sites\/30\/2020\/04\/EstadisticasVitales_Informe_1992-completo.pdf\">Informe Anual de Estad\u00edsticas Vitales 1992<\/a><\/p>\n<p><a href=\"https:\/\/rcm1.rcm.upr.edu\/demografia\/wp-content\/uploads\/sites\/30\/2020\/04\/EstadisticasVitales_Cesareas_1992-completo.pdf\">Nacimientos por Ces\u00e1reas 1992<\/a><\/p>\n<p><a href=\"https:\/\/rcm1.rcm.upr.edu\/demografia\/wp-content\/uploads\/sites\/30\/2020\/04\/EstadisticasVitales_Cesareas_1992-completo.pdf\">Nacimientos por Ces\u00e1reas 1991<\/a><\/p>\n<p><a href=\"https:\/\/rcm1.rcm.upr.edu\/demografia\/wp-content\/uploads\/sites\/30\/2020\/04\/EstadisticasVitales_Informe_1991-completo.pdf\">Informe Anual de Estad\u00edsticas Vitales 1991<\/a><\/p>\n<p><a href=\"https:\/\/rcm1.rcm.upr.edu\/demografia\/wp-content\/uploads\/sites\/30\/2020\/04\/EstadisticasVitales_Resumen_1991-completo.pdf\">Resumen de Estad\u00edsticas Vitales 1991<\/a><\/p>\n<p><a href=\"https:\/\/rcm1.rcm.upr.edu\/demografia\/wp-content\/uploads\/sites\/30\/2020\/04\/EstadisticasVitales_Informe_1990-completo.pdf\">Informe Anual de Estad\u00edsticas Vitales 1990<\/a><\/p>\n<p><a href=\"https:\/\/rcm1.rcm.upr.edu\/demografia\/wp-content\/uploads\/sites\/30\/2020\/04\/EstadisticasVitales_Resumen_1990-completo.pdf\">Resumen de Estad\u00edsticas Vitales 1990<\/a><\/p>\n<p><a href=\"https:\/\/rcm1.rcm.upr.edu\/demografia\/wp-content\/uploads\/sites\/30\/2020\/04\/Estadisticas-Vitales_1989-1990_Nacimientos_Puerto-Rico-completo.pdf\">Nacimientos en Puerto Rico989-1990<\/a><\/p>\n<p><a href=\"https:\/\/rcm1.rcm.upr.edu\/demografia\/wp-content\/uploads\/sites\/30\/2020\/04\/EstadisticasVitales_Resumen_1980-90-completo.pdf\">Resumen de Estad\u00edsticas Vitales 1980-1990<\/a><\/p>\n<p><a href=\"https:\/\/rcm1.rcm.upr.edu\/demografia\/wp-content\/uploads\/sites\/30\/2020\/04\/EstadisticasVitales_Resumen_1989-completo.pdf\">Resumen de Estad\u00edsticas Vitales 1989<\/a><\/p>\n<p><a href=\"https:\/\/rcm1.rcm.upr.edu\/demografia\/wp-content\/uploads\/sites\/30\/2020\/04\/Estadisticas-Vitales_1989_Informe_Puerto-Rico-completo.pdf\">Informe Anual de Estad\u00edsticas Vitales 1989<\/a><\/p>\n<p><a href=\"https:\/\/rcm1.rcm.upr.edu\/demografia\/wp-content\/uploads\/sites\/30\/2020\/04\/EstadisticasVitales_Informe_1988_completo.pdf\">Informe Anual de Estad\u00edsticas Vitales 1988<\/a><\/p>\n<p><a href=\"https:\/\/rcm1.rcm.upr.edu\/demografia\/wp-content\/uploads\/sites\/30\/2020\/04\/EstadisticasVitales_Informe_1987-completo.pdf\">Informe Anual de Estad\u00edsticas Vitales 1987<\/a><\/p>\n<p><a href=\"https:\/\/rcm1.rcm.upr.edu\/demografia\/wp-content\/uploads\/sites\/30\/2020\/04\/EstadisticasVitales_Informe_1986-completo.pdf\">Informe Anual de Estad\u00edsticas Vitales 1986<\/a><\/p>\n<p><a href=\"https:\/\/rcm1.rcm.upr.edu\/demografia\/wp-content\/uploads\/sites\/30\/2020\/04\/EstadisticasVitales_Informe_1985-completo.pdf\">Informe Anual de Estad\u00edsticas Vitales 1985<\/a><\/p>\n<p><a href=\"https:\/\/rcm1.rcm.upr.edu\/demografia\/wp-content\/uploads\/sites\/30\/2020\/04\/EstadisticasVitales_Informe_1984-completo.pdf\">Informe Anual de Estad\u00edsticas Vitales 1984<\/a><\/p>\n<p><a href=\"https:\/\/rcm1.rcm.upr.edu\/demografia\/wp-content\/uploads\/sites\/30\/2020\/04\/EstadisticasVitales_Informe_1983-completo.pdf\">Informe Anual de Estad\u00edsticas Vitales 1983<\/a><\/p>\n<p><a href=\"https:\/\/rcm1.rcm.upr.edu\/demografia\/wp-content\/uploads\/sites\/30\/2020\/04\/EstadisticasVitales_Informe_1982-completo.pdf\">Informe Anual de Estad\u00edsticas Vitales 1982<\/a><\/p>\n<p><a href=\"https:\/\/rcm1.rcm.upr.edu\/demografia\/wp-content\/uploads\/sites\/30\/2020\/04\/EstadisticasVitales_Informe_1981-completo.pdf\">Informe Anual de Estad\u00edsticas Vitales 1981<\/a><\/p>\n<p><a href=\"https:\/\/rcm1.rcm.upr.edu\/demografia\/wp-content\/uploads\/sites\/30\/2020\/04\/EstadisticasVitales_Informe_1980-completo.pdf\">Informe Anual de Estad\u00edsticas Vitales 1980<\/a><\/p>\n<p><a href=\"https:\/\/rcm1.rcm.upr.edu\/demografia\/wp-content\/uploads\/sites\/30\/2020\/04\/EstadisticasVitales_Informe_1979-completo.pdf\">Informe Anual de Estad\u00edsticas Vitales 1979<\/a><\/p>\n<p><a href=\"https:\/\/rcm1.rcm.upr.edu\/demografia\/wp-content\/uploads\/sites\/30\/2020\/04\/EstadisticasVitales_Informe_1978-completo.pdf\">Informe Anual de Estad\u00edsticas Vitales 1978<\/a><\/p>\n<p><a href=\"https:\/\/rcm1.rcm.upr.edu\/demografia\/wp-content\/uploads\/sites\/30\/2020\/04\/EstadisticasVitales_Informe_1977-completo.pdf\">Informe Anual de Estad\u00edsticas Vitales 1977<\/a><\/p>\n<p><a href=\"https:\/\/rcm1.rcm.upr.edu\/demografia\/wp-content\/uploads\/sites\/30\/2020\/04\/EstadisticasVitales_Informe_1976-completo.pdf\">Informe Anual de Estad\u00edsticas Vitales 1976<\/a><\/p>\n<p><a href=\"https:\/\/rcm1.rcm.upr.edu\/demografia\/wp-content\/uploads\/sites\/30\/2020\/04\/EstadisticasVitales_Informe_1975-completo.pdf\">Informe Anual de Estad\u00edsticas Vitales 1975<\/a> <a href=\"https:\/\/rcm1.rcm.upr.edu\/demografia\/wp-content\/uploads\/sites\/30\/2020\/04\/Estadisticas-Vitales_1975_Informe-Tuberculosis_Puerto-Rico-completo.pdf\">I<\/a><\/p>\n<p><a href=\"https:\/\/rcm1.rcm.upr.edu\/demografia\/wp-content\/uploads\/sites\/30\/2020\/04\/Estadisticas-Vitales_1975_Informe-Tuberculosis_Puerto-Rico-completo.pdf\">nforme Tuberculosis 1960 <\/a><\/p>\n<p><a href=\"https:\/\/rcm1.rcm.upr.edu\/demografia\/wp-content\/uploads\/sites\/30\/2020\/04\/EstadisticasVitales_Informe_1974-completo.pdf\">Informe Anual de Estad\u00edsticas Vitales 1974<\/a><\/p>\n<p><a href=\"https:\/\/rcm1.rcm.upr.edu\/demografia\/wp-content\/uploads\/sites\/30\/2020\/04\/EstadisticasVitales_Informe_1973-completo.pdf\">Informe Anual de Estad\u00edsticas Vitales 1973<\/a><\/p>\n<p><a href=\"https:\/\/rcm1.rcm.upr.edu\/demografia\/wp-content\/uploads\/sites\/30\/2020\/04\/EstadisticasVitales_Informe_1972-completo.pdf\">Informe Anual de Estad\u00edsticas Vitales 1972<\/a><\/p>\n<p><a href=\"https:\/\/rcm1.rcm.upr.edu\/demografia\/wp-content\/uploads\/sites\/30\/2020\/04\/EstadisticasVitales_Informe_1971-completo.pdf\">Informe Anual de Estad\u00edsticas Vitales 1971<\/a><\/p>\n<p><a href=\"https:\/\/rcm1.rcm.upr.edu\/demografia\/wp-content\/uploads\/sites\/30\/2020\/04\/EstadisticasVitales_Informe_Trimestres_1971-completo.pdf\">Informe Trimestral 1971<\/a><\/p>\n<p><a href=\"https:\/\/rcm1.rcm.upr.edu\/demografia\/wp-content\/uploads\/sites\/30\/2020\/04\/EstadisticasVitales_Informe_1970-completo.pdf\">I<\/a><a href=\"https:\/\/rcm1.rcm.upr.edu\/demografia\/wp-content\/uploads\/sites\/30\/2020\/04\/EstadisticasVitales_Informe_1970-completo.pdf\">nforme 1970<\/a><\/p>\n<p><a href=\"https:\/\/rcm1.rcm.upr.edu\/demografia\/wp-content\/uploads\/sites\/30\/2020\/04\/EstadisticasVitales_Informe_1969-completo.pdf\">Informe Anual de Estad\u00edsticas Vitales 1969<\/a><\/p>\n<p><a href=\"https:\/\/rcm1.rcm.upr.edu\/demografia\/wp-content\/uploads\/sites\/30\/2020\/04\/EstadisticasVitales_Informe_1968-completo.pdf\">Informe Anual de Estad\u00edsticas Vitales 1968<\/a><\/p>\n<p><a href=\"https:\/\/rcm1.rcm.upr.edu\/demografia\/wp-content\/uploads\/sites\/30\/2020\/04\/EstadisticasVitales_Informe_1967-completo.pdf\">Informe Anual de Estad\u00edsticas Vitales 1967<\/a><\/p>\n<p><a href=\"https:\/\/rcm1.rcm.upr.edu\/demografia\/wp-content\/uploads\/sites\/30\/2020\/04\/EstadisticasVitales_informe_1966-completo.pdf\">Infrome 1966<\/a><\/p>\n<p><a href=\"https:\/\/rcm1.rcm.upr.edu\/demografia\/wp-content\/uploads\/sites\/30\/2020\/04\/EstadisticasVitales_Informe_1965-completo.pdf\">Informe Anual de Estad\u00edsticas Vitales 1965<\/a><\/p>\n<p><a href=\"https:\/\/rcm1.rcm.upr.edu\/demografia\/wp-content\/uploads\/sites\/30\/2020\/04\/EstadisticasVitales_Informe_1964-completo.pdf\">Informe Anual de Estad\u00edsticas Vitales 1964<\/a><\/p>\n<p><a href=\"https:\/\/rcm1.rcm.upr.edu\/demografia\/wp-content\/uploads\/sites\/30\/2020\/04\/EstadisticasVitales_Informe_1963-completo.pdf\">Informe Anual de Estad\u00edsticas Vitales 1963<\/a><\/p>\n<p><a href=\"https:\/\/rcm1.rcm.upr.edu\/demografia\/wp-content\/uploads\/sites\/30\/2020\/04\/EstadisticasVitales_Tomo1_Puerto-Rico_1962-completo.pdf\">Tomo I 1962<\/a><\/p>\n<p><a href=\"https:\/\/rcm1.rcm.upr.edu\/demografia\/wp-content\/uploads\/sites\/30\/2020\/04\/EstadisticasVitales_Informe_1962-completo.pdf\">Informe <\/a><a href=\"https:\/\/rcm1.rcm.upr.edu\/demografia\/wp-content\/uploads\/sites\/30\/2020\/04\/EstadisticasVitales_Informe_1962-completo.pdf\">1962<\/a><\/p>\n<p><a href=\"https:\/\/rcm1.rcm.upr.edu\/demografia\/wp-content\/uploads\/sites\/30\/2020\/04\/EstadisticasVitales_Tomo2_Puerto-Rico_1961-completo.pdf\">Tomo II 1961 <\/a><\/p>\n<p><a href=\"https:\/\/rcm1.rcm.upr.edu\/demografia\/wp-content\/uploads\/sites\/30\/2020\/04\/EstadisticasVitales_Informe_1961-completo.pdf\">Informe Anual de Estad\u00edsticas Vitales 1961<\/a><\/p>\n<p><a href=\"https:\/\/rcm1.rcm.upr.edu\/demografia\/wp-content\/uploads\/sites\/30\/2020\/04\/EstadisticasVitales_Tomo1_Puerto-Rico_1960-completo.pdf\">Tomo I 1960<\/a><\/p>\n<p><a href=\"https:\/\/rcm1.rcm.upr.edu\/demografia\/wp-content\/uploads\/sites\/30\/2020\/04\/Estadisticas-Vitales_1960_Informe_Puerto-Rico-completo.pdf\">Informe Anual de Estad\u00edsticas Vitales 1960<\/a><\/p>\n<p><a href=\"https:\/\/rcm1.rcm.upr.edu\/demografia\/wp-content\/uploads\/sites\/30\/2020\/04\/EstadisticasVitales_Informe_1959-completo.pdf\">Informe Anual de Estad\u00edsticas Vitales 1959<\/a><\/p>\n<p><a href=\"https:\/\/rcm1.rcm.upr.edu\/demografia\/wp-content\/uploads\/sites\/30\/2020\/04\/EstadisticasVitales_Informe_1958-completo.pdf\">Informe Anual de Estad\u00edsticas Vitales 1958<\/a><\/p>\n<p><a href=\"https:\/\/rcm1.rcm.upr.edu\/demografia\/wp-content\/uploads\/sites\/30\/2020\/04\/DS_TablasdeVida_1999-2010.pdf\">Tablas de vida abreviadas para Puerto Rico: 1999-2010<\/a>\u00a0<em>Estado Libre Asociado de Puerto Rico,\u00a0<\/em><em>Departamento de Salud,\u00a0Secretar\u00eda Auxiliar de Planificaci\u00f3n y desarrollo<\/em><\/p>\n<p><a href=\"https:\/\/rcm1.rcm.upr.edu\/demografia\/wp-content\/uploads\/sites\/30\/2020\/04\/DS_RevisinTasaEV2000a2008_201212.pdf\">Revisi\u00f3n a las tasas de los eventos vitales por los cambios en poblaci\u00f3n<\/a>\u00a0<em>Gobierno de Puerto Rico,\u00a0<\/em><em>Departamento de Salud,\u00a0Secretar\u00eda Auxiliar de Planificaci\u00f3n y desarrollo<\/em><\/p>\n<p><a href=\"https:\/\/rcm1.rcm.upr.edu\/demografia\/wp-content\/uploads\/sites\/30\/2020\/04\/Estadisticas-Vitales_Informe-Cesareas_Puerto-Rico_1991-completo.pdf\">Bolet\u00edn de Informe Anual de Estad\u00edsticas Vitales: Mortalidad: 2009-2010<\/a>\u00a0<em>Estado Libre Asociado de Puerto Rico,\u00a0<\/em><em>Departamento de Salud,\u00a0Secretar\u00eda Auxiliar de Planificaci\u00f3n y desarrollo<\/em>[\/vc_column_text][vc_tta_section title=&#8221;Estad\u00edsticas de Salud&#8221; tab_id=&#8221;1602209550547-755a9de9-b668&#8243;][vc_column_text]<a href=\"https:\/\/rcm1.rcm.upr.edu\/demografia\/wp-content\/uploads\/sites\/30\/2020\/04\/DS_PRCHASecondaryDataAnalysisFinal_201212.pdf\">Puerto Rico community health assessment: Secondary data profile<\/a>\u00a0<em>Gobierno de Puerto Rico<\/em><em>, Departamento de Salud,\u00a0Secretar\u00eda Auxiliar de Planificaci\u00f3n y desarrollo<\/em><\/p>\n<p><a href=\"http:\/\/www.estadisticas.gobierno.pr\/iepr\/LinkClick.aspx?fileticket=BRP7FNQKhks%3d&amp;tabid=186\">Cancer in Puerto Rico 2004-2009:\u00a0Cancer Incidence and Mortality<\/a>\u00a0Puerto Rico Central Cancer Registry<\/p>\n<p><a href=\"http:\/\/www.estadisticas.gobierno.pr\/iepr\/LinkClick.aspx?fileticket=u_goumCYemA%3d&amp;tabid=165\">Perfil del migrante: 2013<\/a>\u00a0<em>Instituto de Estad\u00edsticas de Puerto Rico<\/em><\/p>\n<p><a href=\"http:\/\/www.estadisticas.gobierno.pr\/iepr\/LinkClick.aspx?fileticket=TI8JrWYt4oY%3d&amp;tabid=186\">Perfil del migrante: 2012<\/a>\u00a0<em>Instituto de Estad\u00edsticas de Puerto Rico<\/em><\/p>\n<p><a href=\"https:\/\/rcm1.rcm.upr.edu\/demografia\/wp-content\/uploads\/sites\/30\/2020\/04\/Perfil-del-Migrante-2011_final2.pdf\">Perfil del migrante: 2011<\/a>\u00a0<em>Instituto de Estad\u00edsticas de Puerto Rico<\/em><\/p>\n<p><a href=\"https:\/\/rcm1.rcm.upr.edu\/demografia\/wp-content\/uploads\/sites\/30\/2020\/04\/Perfil_del_migrante_2010.pdf\">Perfil del migrante: 2010<\/a><em>Instituto de Estad\u00edsticas de Puerto Rico<\/em><\/p>\n<p><a href=\"https:\/\/rcm1.rcm.upr.edu\/demografia\/wp-content\/uploads\/sites\/30\/2020\/04\/pub_perfil_migrante_00_09.pdf\">Perfil del migrante: 2000-2009<\/a>\u00a0<em>Instituto de Estad\u00edsticas de Puerto Rico<\/em>[\/vc_column_text][\/vc_tta_section][\/vc_column][\/vc_row]<\/p>\n<\/div>","protected":false},"excerpt":{"rendered":"<p>[vc_row][vc_column][vc_empty_space][vc_column_text][vc_tta_tour][vc_tta_section title=&#8221;Estad\u00edsticas Vitales&#8221; tab_id=&#8221;1602209550528-ab988260-2a24&#8243;][vc_column_text]Informe Anual de Estad\u00edsticas Vitales: Matrimonios y Divorcios 2011-2013 Gobierno de Puerto Rico, Departamento de Salud,\u00a0Secretar\u00eda Auxiliar de Planificaci\u00f3n y desarrollo Informe de salud de Puerto Rico 2014\u00a0Estado Libre Asociado de Puerto Rico,\u00a0Departamento de Salud,\u00a0Secretar\u00eda Auxiliar de Planificaci\u00f3n y desarrollo Informe Anual de Estad\u00edsticas Vitales 2009-2010: Nacimientos, Matrimonios y Divorcios\u00a0Gobierno de Puerto&hellip;<\/p>\n","protected":false},"author":1,"featured_media":0,"parent":0,"menu_order":0,"comment_status":"closed","ping_status":"closed","template":"template-microsite.php","meta":{"footnotes":""},"class_list":["post-3103","page","type-page","status-publish","hentry","description-off"],"aioseo_notices":[],"_links":{"self":[{"href":"https:\/\/rcm1.rcm.upr.edu\/demografia\/wp-json\/wp\/v2\/pages\/3103","targetHints":{"allow":["GET"]}}],"collection":[{"href":"https:\/\/rcm1.rcm.upr.edu\/demografia\/wp-json\/wp\/v2\/pages"}],"about":[{"href":"https:\/\/rcm1.rcm.upr.edu\/demografia\/wp-json\/wp\/v2\/types\/page"}],"author":[{"embeddable":true,"href":"https:\/\/rcm1.rcm.upr.edu\/demografia\/wp-json\/wp\/v2\/users\/1"}],"replies":[{"embeddable":true,"href":"https:\/\/rcm1.rcm.upr.edu\/demografia\/wp-json\/wp\/v2\/comments?post=3103"}],"version-history":[{"count":0,"href":"https:\/\/rcm1.rcm.upr.edu\/demografia\/wp-json\/wp\/v2\/pages\/3103\/revisions"}],"wp:attachment":[{"href":"https:\/\/rcm1.rcm.upr.edu\/demografia\/wp-json\/wp\/v2\/media?parent=3103"}],"curies":[{"name":"wp","href":"https:\/\/api.w.org\/{rel}","templated":true}]}}