{"id":3147,"date":"2020-03-31T17:38:34","date_gmt":"2020-03-31T17:38:34","guid":{"rendered":"https:\/\/demografia.rcm.upr.edu\/?page_id=3147"},"modified":"2020-03-31T17:38:34","modified_gmt":"2020-03-31T17:38:34","slug":"facultad","status":"publish","type":"page","link":"https:\/\/rcm1.rcm.upr.edu\/demografia\/facultad\/","title":{"rendered":"Facultad"},"content":{"rendered":"<div class=\"wpb-content-wrapper\"><p>[vc_row][vc_column]<div id=\"ultimate-heading-534369d3c6cd7d595\" class=\"uvc-heading ult-adjust-bottom-margin ultimate-heading-534369d3c6cd7d595 uvc-7285  uvc-heading-default-font-sizes\" data-hspacer=\"line_only\"  data-halign=\"left\" style=\"text-align:left\"><div class=\"uvc-main-heading ult-responsive\"  data-ultimate-target='.uvc-heading.ultimate-heading-534369d3c6cd7d595 h2'  data-responsive-json-new='{\"font-size\":\"\",\"line-height\":\"\"}' ><h2 style=\"--font-weight:theme;\">Facultad<\/h2><\/div><div class=\"uvc-heading-spacer line_only\" style=\"topheight:1px;\"><span class=\"uvc-headings-line\" style=\"border-style:solid;border-bottom-width:1px;border-color:#ccc;width:autopx;\"><\/span><\/div><\/div>[vc_empty_space][vc_column_text]<\/p>\n<p><strong>Dra. Luz E. Le\u00f3n &#8211; <\/strong><strong>Catedr\u00e1tica<\/strong><strong><br \/>\n<\/strong>Coordinadora del Programa Graduado de Demograf\u00eda y del Centro de Investigaci\u00f3n Demogr\u00e1fica<\/p>\n<p>Edificio Arbona A-410<\/p>\n<p>787-758-2525, exts. 2272, 1414<\/p>\n<p>luz.leon@upr.edu<\/p>\n<p><em>Obtuvo su Ph.D. en Demograf\u00eda de la Universidad de Fordham, en Nueva York.<\/em><br \/>\n<em>Sus \u00e1reas de inter\u00e9s en investigaci\u00f3n son migraci\u00f3n, g\u00e9nero, viejos y tabaco, entre otros.<\/em><\/p>\n<p>&nbsp;<\/p>\n<p><strong>Dra. Ana Luisa D\u00e1vila &#8211; <\/strong><strong>Catedr\u00e1tica<\/strong><strong><br \/>\n<\/strong> Edificio Arbona A-414<\/p>\n<p>787-758-2525, exts. 1045, 1414<\/p>\n<p>analuisa.davila@upr.edu<\/p>\n<p><em>Obtuvo su Ph.D. en Demograf\u00eda de la Universidad Sorbonne de Paris, en Francia.<\/em><br \/>\n<em>Sus \u00e1reas de inter\u00e9s en investigaci\u00f3n son fecundidad, salud reproductiva, g\u00e9nero y viejos, entre otros.<\/em><\/p>\n<p>&nbsp;<\/p>\n<p><strong>Dra. Vivianna M. De Jes\u00fas Monge \u2013 Profesora Adjunta<\/strong><\/p>\n<p>Edificio Arbona A-411<\/p>\n<p>787-758-2525, exts. 1290, 1414<\/p>\n<p>vivianna.dejesus@upr.edu<\/p>\n<p><em>Obtuvo su Ph.D. en Antropolog\u00eda de la Universidad de Salamanca, en Espa\u00f1a.<\/em><br \/>\n<em>Sus \u00e1reas de inter\u00e9s en investigaci\u00f3n son pobreza, viejos y cannabis medicinal.<\/em><\/p>\n<p>&nbsp;<\/p>\n<p><strong>Dr. Hernando Mattei &#8211; <\/strong><strong>Catedr\u00e1tico<\/strong><\/p>\n<p><em>Coordinador del Centro de Datos Censales y Estad\u00edsticas de la Salud<\/em><\/p>\n<p>Edificio Arbona A-412<\/p>\n<p>787-758-2525, exts. 1415, 1414<\/p>\n<p>hernando.mattei@upr.edu<\/p>\n<p><em>Obtuvo su Ph.D. en Sociolog\u00eda de la Universidad de Texas, en Austin.<\/em><br \/>\n<em>Sus \u00e1reas de inter\u00e9s en investigaci\u00f3n son salud reproductiva, mortalidad, familia y demograf\u00eda del envejeciente.<\/em>[\/vc_column_text][\/vc_column][\/vc_row]<\/p>\n<\/div>","protected":false},"excerpt":{"rendered":"<p>[vc_row][vc_column][vc_empty_space][vc_column_text] Dra. Luz E. Le\u00f3n &#8211; Catedr\u00e1tica Coordinadora del Programa Graduado de Demograf\u00eda y del Centro de Investigaci\u00f3n Demogr\u00e1fica Edificio Arbona A-410 787-758-2525, exts. 2272, 1414 luz.leon@upr.edu Obtuvo su Ph.D. en Demograf\u00eda de la Universidad de Fordham, en Nueva York. Sus \u00e1reas de inter\u00e9s en investigaci\u00f3n son migraci\u00f3n, g\u00e9nero, viejos y tabaco, entre otros. &nbsp;&hellip;<\/p>\n","protected":false},"author":1,"featured_media":0,"parent":0,"menu_order":0,"comment_status":"closed","ping_status":"closed","template":"template-microsite.php","meta":{"footnotes":""},"class_list":["post-3147","page","type-page","status-publish","hentry","description-off"],"aioseo_notices":[],"_links":{"self":[{"href":"https:\/\/rcm1.rcm.upr.edu\/demografia\/wp-json\/wp\/v2\/pages\/3147","targetHints":{"allow":["GET"]}}],"collection":[{"href":"https:\/\/rcm1.rcm.upr.edu\/demografia\/wp-json\/wp\/v2\/pages"}],"about":[{"href":"https:\/\/rcm1.rcm.upr.edu\/demografia\/wp-json\/wp\/v2\/types\/page"}],"author":[{"embeddable":true,"href":"https:\/\/rcm1.rcm.upr.edu\/demografia\/wp-json\/wp\/v2\/users\/1"}],"replies":[{"embeddable":true,"href":"https:\/\/rcm1.rcm.upr.edu\/demografia\/wp-json\/wp\/v2\/comments?post=3147"}],"version-history":[{"count":0,"href":"https:\/\/rcm1.rcm.upr.edu\/demografia\/wp-json\/wp\/v2\/pages\/3147\/revisions"}],"wp:attachment":[{"href":"https:\/\/rcm1.rcm.upr.edu\/demografia\/wp-json\/wp\/v2\/media?parent=3147"}],"curies":[{"name":"wp","href":"https:\/\/api.w.org\/{rel}","templated":true}]}}