{"id":3151,"date":"2020-04-24T01:41:33","date_gmt":"2020-04-24T01:41:33","guid":{"rendered":"https:\/\/demografia.rcm.upr.edu\/?page_id=3151"},"modified":"2020-04-24T01:41:33","modified_gmt":"2020-04-24T01:41:33","slug":"composicion","status":"publish","type":"page","link":"https:\/\/rcm1.rcm.upr.edu\/demografia\/composicion\/","title":{"rendered":"Composici\u00f3n Edad y Sexo"},"content":{"rendered":"<div class=\"wpb-content-wrapper\"><p>[vc_row][vc_column]<div id=\"ultimate-heading-413069d7e0edc30b9\" class=\"uvc-heading ult-adjust-bottom-margin ultimate-heading-413069d7e0edc30b9 uvc-5894  uvc-heading-default-font-sizes\" data-hspacer=\"line_only\"  data-halign=\"left\" style=\"text-align:left\"><div class=\"uvc-main-heading ult-responsive\"  data-ultimate-target='.uvc-heading.ultimate-heading-413069d7e0edc30b9 h2'  data-responsive-json-new='{\"font-size\":\"\",\"line-height\":\"\"}' ><h2 style=\"--font-weight:theme;\">Composici\u00f3n Edad y Sexo<\/h2><\/div><div class=\"uvc-heading-spacer line_only\" style=\"topheight:1px;\"><span class=\"uvc-headings-line\" style=\"border-style:solid;border-bottom-width:1px;border-color:#ccc;width:autopx;\"><\/span><\/div><\/div>[vc_empty_space][vc_column_text]<\/p>\n<h3><strong>T\u00e9cnicas aplicadas a la composicion de la poblaci\u00f3n y sus variantes<\/strong><\/h3>\n<p>&nbsp;<\/p>\n<p><strong>Por Ciento de Hombres<\/strong><\/p>\n<p>La expresi\u00f3n &#8220;por ciento&#8221; viene de la frase latina &#8220;per centum&#8221;, y de ella se deriva la palabra &#8220;porcentaje&#8221;.\u00a0 Un sin\u00f3nimo para expresar el por ciento es distribuci\u00f3n porcentual.\u00a0 Compara el n\u00famero de casos en una categor\u00eda de inter\u00e9s de una variable espec\u00edfica\u00a0 (hombres) con el tama\u00f1o total de la distribuci\u00f3n de los casos de todas las categor\u00edas, incluyendo la categor\u00eda de inter\u00e9s (hombres\u00a0+ mujeres).\u00a0 Hay que resaltar que los casos de dicha categor\u00eda de inter\u00e9s formar\u00e1n parte del n\u00famero total de casos en la distribuci\u00f3n total.\u00a0La notaci\u00f3n expresada podr\u00eda ser representada por las siguientes ecuaciones:<\/p>\n<p><img loading=\"lazy\" decoding=\"async\" class=\"alignnone size-full wp-image-6631 aligncenter\" src=\"https:\/\/rcm1.rcm.upr.edu\/demografia\/wp-content\/uploads\/sites\/30\/2020\/10\/PM-.png\" alt=\"\" width=\"219\" height=\"77\" \/><\/p>\n<p style=\"text-align: center\">El n\u00famero de hombres por cada 100 habitantes<\/p>\n<p><strong><img loading=\"lazy\" decoding=\"async\" class=\"size-full wp-image-6632 aligncenter\" src=\"https:\/\/rcm1.rcm.upr.edu\/demografia\/wp-content\/uploads\/sites\/30\/2020\/10\/PM-edad.png\" alt=\"\" width=\"248\" height=\"83\" \/><\/strong><\/p>\n<p style=\"text-align: center\">El n\u00famero de hombres por cada 100 habitantes<\/p>\n<p>&nbsp;<\/p>\n<p><strong>Por Ciento de Mujeres<\/strong><\/p>\n<p>Compara el n\u00famero de casos en una categor\u00eda de inter\u00e9s de una variable espec\u00edfica\u00a0 (mujeres) con el tama\u00f1o total de la distribuci\u00f3n de los casos de todas las categor\u00edas, incluyendo la categor\u00eda de inter\u00e9s (mujeres\u00a0\u00a0+ \u00a0hombres).\u00a0\u00a0La notaci\u00f3n expresada podr\u00eda ser representada por las siguientes ecuaciones:<\/p>\n<p style=\"text-align: center\"><img loading=\"lazy\" decoding=\"async\" class=\"alignnone size-full wp-image-6633 aligncenter\" src=\"https:\/\/rcm1.rcm.upr.edu\/demografia\/wp-content\/uploads\/sites\/30\/2020\/10\/PF-.png\" alt=\"\" width=\"205\" height=\"77\" \/>El n\u00famero de mujeres por cada 100 habitantes<\/p>\n<p>&nbsp;<\/p>\n<p><strong><img loading=\"lazy\" decoding=\"async\" class=\"size-full wp-image-6632 aligncenter\" src=\"https:\/\/rcm1.rcm.upr.edu\/demografia\/wp-content\/uploads\/sites\/30\/2020\/10\/PM-edad.png\" alt=\"\" width=\"248\" height=\"83\" \/><\/strong><\/p>\n<p style=\"text-align: center\">El n\u00famero de mujeres de x edad por cada 100 habitantes de x edad<\/p>\n<p><strong>Raz\u00f3n de Masculinidad<\/strong><\/p>\n<p>Tambi\u00e9n conocido como raz\u00f3n por sexo o \u00edndice de masculinidad, se utiliza para estimar la relaci\u00f3n entre el n\u00famero de hombres y el de mujeres en una poblaci\u00f3n. Por lo com\u00fan se expresa como el n\u00famero de varones por cada 100 mujeres. En la mayor\u00eda de los pa\u00edses, el \u00edndice de masculinidad al nacer es de aproximadamente 105 varones por cada 100 mujeres. Despu\u00e9s del nacimiento, los \u00edndices de masculinidad por edades var\u00edan conforme se avanza en la edad.<\/p>\n<p style=\"text-align: center\"><img loading=\"lazy\" decoding=\"async\" class=\"alignnone size-full wp-image-6634\" src=\"https:\/\/rcm1.rcm.upr.edu\/demografia\/wp-content\/uploads\/sites\/30\/2020\/10\/RazonMas.png\" alt=\"\" width=\"202\" height=\"77\" \/><\/p>\n<p style=\"text-align: center\">El \u00edndice de masculinidad al momento de nacer<\/p>\n<p>&nbsp;<\/p>\n<p style=\"text-align: center\"><img loading=\"lazy\" decoding=\"async\" class=\"alignnone size-full wp-image-6635\" src=\"https:\/\/rcm1.rcm.upr.edu\/demografia\/wp-content\/uploads\/sites\/30\/2020\/10\/RazonMas-edad.png\" alt=\"\" width=\"238\" height=\"83\" \/><\/p>\n<p style=\"text-align: center\">El\u00a0\u00edndice de masculinidad para toda la poblaci\u00f3n y por edad<\/p>\n<p><strong>Edad Mediana<\/strong><\/p>\n<p>Es el valor que se encuentra en el centro de un conjunto y la misma es f\u00e1cil de obtener, tanto y cuando las edades est\u00e9n presentada de forma sencilla y ordenadas. Por consiguiente, es el valor que divide la poblaci\u00f3n o la muestra en dos parte iguales; de tal forma que la mitad de los valores son mayores que la mediana y la otra mitad es menor que la mediana.\u00a0 Una de las cualidades de esta medida es que los valores extremos no afectan el resultado. Adem\u00e1s, es m\u00e1s variable que la edad media pero es menos sensible a los cambios estructurales propios de cada poblaci\u00f3n. Cuando la edades est\u00e1n reagrupadas la mediana debe obtenerse mediante el calculo:<\/p>\n<p><strong><img loading=\"lazy\" decoding=\"async\" class=\"size-full wp-image-6636 aligncenter\" src=\"https:\/\/rcm1.rcm.upr.edu\/demografia\/wp-content\/uploads\/sites\/30\/2020\/10\/EdadMediana.png\" alt=\"\" width=\"238\" height=\"69\" \/><\/strong><\/p>\n<p>El envejecimiento de la poblaci\u00f3n es constituido por un cambio en la distribuci\u00f3n de la poblaci\u00f3n de un pa\u00eds hacia mayores edades. Uno de los indicadores que puede reflejar dicho cambio es la edad mediana.\u00a0\u00a0Se ha establecido que una poblaci\u00f3n con una mediana de edad de 20 a\u00f1os o menos se considera joven; una poblaci\u00f3n con una edad mediana entre 20 a 29 a\u00f1os se considera que esta en transici\u00f3n y una poblaci\u00f3n con una mediana que supere los 30 a\u00f1os es considerada vieja.<\/p>\n<p>&nbsp;<\/p>\n<p><strong>Edad Media o Promedio<\/strong><\/p>\n<p>Es la medida de posici\u00f3n central m\u00e1s utilizada, la m\u00e1s conocida y la m\u00e1s sencilla de calcular.\u00a0\u00a0 Es el centro de gravedad, el punto alrededor del cual los valores se aglutinan. Su principal desventaja radica en su sensibilidad al cambio de uno de sus valores o a los valores extremos demasiado grandes o peque\u00f1os. La media se define como la suma de todos los valores observados, dividido por el n\u00famero total de observaciones.<\/p>\n<p>Cuando los valores representan una poblaci\u00f3n la ecuaci\u00f3n se define como<\/p>\n<p><img loading=\"lazy\" decoding=\"async\" class=\"size-medium wp-image-6637 aligncenter\" src=\"https:\/\/rcm1.rcm.upr.edu\/demografia\/wp-content\/uploads\/sites\/30\/2020\/10\/EdadMedia-Poblacion-300x79.png\" alt=\"\" width=\"300\" height=\"79\" srcset=\"https:\/\/rcm1.rcm.upr.edu\/demografia\/wp-content\/uploads\/sites\/30\/2020\/10\/EdadMedia-Poblacion-300x79.png 300w, https:\/\/rcm1.rcm.upr.edu\/demografia\/wp-content\/uploads\/sites\/30\/2020\/10\/EdadMedia-Poblacion.png 408w\" sizes=\"auto, (max-width: 300px) 100vw, 300px\" \/><\/p>\n<p>Cuando los valores representan una muestra la ecuaci\u00f3n se define como<\/p>\n<p><img loading=\"lazy\" decoding=\"async\" class=\"alignnone size-medium wp-image-6638 aligncenter\" src=\"https:\/\/rcm1.rcm.upr.edu\/demografia\/wp-content\/uploads\/sites\/30\/2020\/10\/EdadMedia-muestra-300x80.png\" alt=\"\" width=\"300\" height=\"80\" srcset=\"https:\/\/rcm1.rcm.upr.edu\/demografia\/wp-content\/uploads\/sites\/30\/2020\/10\/EdadMedia-muestra-300x80.png 300w, https:\/\/rcm1.rcm.upr.edu\/demografia\/wp-content\/uploads\/sites\/30\/2020\/10\/EdadMedia-muestra.png 403w\" sizes=\"auto, (max-width: 300px) 100vw, 300px\" \/><\/p>\n<p>Esta f\u00f3rmula \u00fanicamente es aplicable si los datos se encuentran desagrupados; en caso contrario debemos calcular la media mediante la multiplicaci\u00f3n de los diferentes valores por la frecuencia con que se encuentren dentro de la informaci\u00f3n; es decir:<\/p>\n<p><img loading=\"lazy\" decoding=\"async\" class=\"size-full wp-image-6639 aligncenter\" src=\"https:\/\/rcm1.rcm.upr.edu\/demografia\/wp-content\/uploads\/sites\/30\/2020\/10\/EdadMedia-Agrupados.png\" alt=\"\" width=\"167\" height=\"141\" \/><\/p>\n<p>Es importante resaltar que existe una gran variedad de medias como la\u00a0<em>Media geom\u00e9trica<\/em>, la\u00a0<em>Media ponderada<\/em>, la\u00a0<em>Media cuadr\u00e1tica<\/em>, etc. Por el momento s\u00f3lo hacemos \u00e9nfasis en la media aritm\u00e9tica ya que es la m\u00e1s utilizada, aunque se recomienda a los lectores profundizar en estos temas.<\/p>\n<p>&nbsp;<\/p>\n<p><strong>\u00cdndice de Whipple<\/strong><\/p>\n<p>El \u00cdndice de Whipple\u00a0<em>WI<\/em>\u00a0 (\u00edndice de concentraci\u00f3n de edades) mide la declaraci\u00f3n de la edad, respecto a la preferencia hacia ciertos d\u00edgitos (0 y 5). En su versi\u00f3n original el \u00cdndice de Whipple fue destinado a medir la preferencia o la concentraci\u00f3n de poblaci\u00f3n en edades terminadas en los d\u00edgitos 0 y 5 respectivamente, sin embargo el m\u00e9todo puede ser adaptado para establecer el nivel de atracci\u00f3n por cualquier d\u00edgito.<\/p>\n<p style=\"text-align: center\"><img loading=\"lazy\" decoding=\"async\" class=\"alignnone size-medium wp-image-6642\" src=\"https:\/\/rcm1.rcm.upr.edu\/demografia\/wp-content\/uploads\/sites\/30\/2020\/10\/WI-0-300x139.png\" alt=\"\" width=\"300\" height=\"139\" srcset=\"https:\/\/rcm1.rcm.upr.edu\/demografia\/wp-content\/uploads\/sites\/30\/2020\/10\/WI-0-300x139.png 300w, https:\/\/rcm1.rcm.upr.edu\/demografia\/wp-content\/uploads\/sites\/30\/2020\/10\/WI-0.png 317w\" sizes=\"auto, (max-width: 300px) 100vw, 300px\" \/><\/p>\n<p style=\"text-align: center\">Para el d\u00edgito 0<\/p>\n<p style=\"text-align: center\"><img loading=\"lazy\" decoding=\"async\" class=\"alignnone size-medium wp-image-6643\" src=\"https:\/\/rcm1.rcm.upr.edu\/demografia\/wp-content\/uploads\/sites\/30\/2020\/10\/WI-5-300x134.png\" alt=\"\" width=\"300\" height=\"134\" srcset=\"https:\/\/rcm1.rcm.upr.edu\/demografia\/wp-content\/uploads\/sites\/30\/2020\/10\/WI-5-300x134.png 300w, https:\/\/rcm1.rcm.upr.edu\/demografia\/wp-content\/uploads\/sites\/30\/2020\/10\/WI-5.png 317w\" sizes=\"auto, (max-width: 300px) 100vw, 300px\" \/><\/p>\n<p style=\"text-align: center\">Para los d\u00edgitos 0 y 5<\/p>\n<p>[\/vc_column_text][\/vc_column][\/vc_row]<\/p>\n<\/div>","protected":false},"excerpt":{"rendered":"<p>[vc_row][vc_column][vc_empty_space][vc_column_text] T\u00e9cnicas aplicadas a la composicion de la poblaci\u00f3n y sus variantes &nbsp; Por Ciento de Hombres La expresi\u00f3n &#8220;por ciento&#8221; viene de la frase latina &#8220;per centum&#8221;, y de ella se deriva la palabra &#8220;porcentaje&#8221;.\u00a0 Un sin\u00f3nimo para expresar el por ciento es distribuci\u00f3n porcentual.\u00a0 Compara el n\u00famero de casos en una categor\u00eda de&hellip;<\/p>\n","protected":false},"author":1,"featured_media":0,"parent":0,"menu_order":0,"comment_status":"closed","ping_status":"closed","template":"template-microsite.php","meta":{"footnotes":""},"class_list":["post-3151","page","type-page","status-publish","hentry","description-off"],"aioseo_notices":[],"_links":{"self":[{"href":"https:\/\/rcm1.rcm.upr.edu\/demografia\/wp-json\/wp\/v2\/pages\/3151","targetHints":{"allow":["GET"]}}],"collection":[{"href":"https:\/\/rcm1.rcm.upr.edu\/demografia\/wp-json\/wp\/v2\/pages"}],"about":[{"href":"https:\/\/rcm1.rcm.upr.edu\/demografia\/wp-json\/wp\/v2\/types\/page"}],"author":[{"embeddable":true,"href":"https:\/\/rcm1.rcm.upr.edu\/demografia\/wp-json\/wp\/v2\/users\/1"}],"replies":[{"embeddable":true,"href":"https:\/\/rcm1.rcm.upr.edu\/demografia\/wp-json\/wp\/v2\/comments?post=3151"}],"version-history":[{"count":0,"href":"https:\/\/rcm1.rcm.upr.edu\/demografia\/wp-json\/wp\/v2\/pages\/3151\/revisions"}],"wp:attachment":[{"href":"https:\/\/rcm1.rcm.upr.edu\/demografia\/wp-json\/wp\/v2\/media?parent=3151"}],"curies":[{"name":"wp","href":"https:\/\/api.w.org\/{rel}","templated":true}]}}