{"id":3157,"date":"2020-04-24T01:41:33","date_gmt":"2020-04-24T01:41:33","guid":{"rendered":"https:\/\/demografia.rcm.upr.edu\/?page_id=3157"},"modified":"2020-04-24T01:41:33","modified_gmt":"2020-04-24T01:41:33","slug":"natalidad","status":"publish","type":"page","link":"https:\/\/rcm1.rcm.upr.edu\/demografia\/natalidad\/","title":{"rendered":"Natalidad"},"content":{"rendered":"<div class=\"wpb-content-wrapper\"><p>[vc_row][vc_column]<div id=\"ultimate-heading-92569d7e0ed3466c\" class=\"uvc-heading ult-adjust-bottom-margin ultimate-heading-92569d7e0ed3466c uvc-6915  uvc-heading-default-font-sizes\" data-hspacer=\"line_only\"  data-halign=\"left\" style=\"text-align:left\"><div class=\"uvc-main-heading ult-responsive\"  data-ultimate-target='.uvc-heading.ultimate-heading-92569d7e0ed3466c h2'  data-responsive-json-new='{\"font-size\":\"\",\"line-height\":\"\"}' ><h2 style=\"--font-weight:theme;\">Natalidad<\/h2><\/div><div class=\"uvc-heading-spacer line_only\" style=\"topheight:1px;\"><span class=\"uvc-headings-line\" style=\"border-style:solid;border-bottom-width:1px;border-color:#ccc;width:autopx;\"><\/span><\/div><\/div>[vc_empty_space][vc_column_text]<strong>Natalidad<\/strong> &#8211;\u00a0 Frecuencia con que se producen los nacimientos en una poblaci\u00f3n. La natalidad se considera uno de los componentes principales en el crecimiento de la poblaci\u00f3n.<\/p>\n<p><strong>Nacidos vivos<\/strong> &#8211;\u00a0 Es el producto de la concepci\u00f3n que, independientemente de la duraci\u00f3n del embarazo, sea expulsado o extra\u00eddo completamente del cuerpo de la madre y que despu\u00e9s, de esta separaci\u00f3n respire o manifieste cualquier otro signo de vida, tal como palpitaciones del coraz\u00f3n, pulsaci\u00f3n del cord\u00f3n umbilical o contracci\u00f3n efectiva de alg\u00fan m\u00fasculo, sometido a la acci\u00f3n de la voluntad, se haya o no cortado el cord\u00f3n umbilical y est\u00e9 o no adherido a la placenta.[\/vc_column_text][vc_column_text]<\/p>\n<h3><strong>T\u00e9cnicas\u00a0aplicadas a la natalidad y sus variantes<\/strong><\/h3>\n<p>&nbsp;<\/p>\n<p><strong>Tasa de Natalidad<\/strong><\/p>\n<p>Las tasas de natalidad normalmente conocida como tasa bruta o tasa cruda de natalidad (TBN). Se define como el total de nacimientos vivos de madre con residencia en un lugar a lo largo del a\u00f1o t por cada 1,000 habitantes. No olvidemos, que la mayor\u00eda de las tasas anuales, como la tasa de natalidad, relacionan los eventos demogr\u00e1ficos con la poblaci\u00f3n a mitad de a\u00f1o (la poblaci\u00f3n al 1 de julio) que se considera ser la poblaci\u00f3n promedio sujeta a riesgo durante el a\u00f1o.<\/p>\n<p style=\"text-align: center\"><img loading=\"lazy\" decoding=\"async\" class=\"alignnone size-full wp-image-6647\" src=\"https:\/\/rcm1.rcm.upr.edu\/demografia\/wp-content\/uploads\/sites\/30\/2020\/10\/Tasa-natalidad.png\" alt=\"\" width=\"182\" height=\"118\" \/><\/p>\n<p>&nbsp;<\/p>\n<p style=\"text-align: left\"><strong>Tasa de Fecundidad General<\/strong><\/p>\n<p>La tasa de fecundidad general es el n\u00famero de nacidos vivos por 1,000 mujeres comprendidas entre los 15 y 49 a\u00f1os en determinado a\u00f1o. No obstante, en la mayor\u00eda de los pa\u00edses, se supone arbitrariamente que la edad reproductiva de las mujeres est\u00e1 comprendida entre los 15 y los 49 a\u00f1os. En algunos pa\u00edses m\u00e1s desarrollados como los EE. UU., se utilizan las edades de 15 a 44.\u00a0 As\u00ed pues, la tasa general de fecundidad es mucho m\u00e1s indicativa de los cambios en la fecundidad efectiva que la tasa bruta de natalidad.<\/p>\n<p style=\"text-align: center\"><img loading=\"lazy\" decoding=\"async\" class=\"alignnone size-medium wp-image-6648\" src=\"https:\/\/rcm1.rcm.upr.edu\/demografia\/wp-content\/uploads\/sites\/30\/2020\/10\/Tasa-fec-general-15-44-300x116.png\" alt=\"\" width=\"300\" height=\"116\" srcset=\"https:\/\/rcm1.rcm.upr.edu\/demografia\/wp-content\/uploads\/sites\/30\/2020\/10\/Tasa-fec-general-15-44-300x116.png 300w, https:\/\/rcm1.rcm.upr.edu\/demografia\/wp-content\/uploads\/sites\/30\/2020\/10\/Tasa-fec-general-15-44.png 313w\" sizes=\"auto, (max-width: 300px) 100vw, 300px\" \/><\/p>\n<p style=\"text-align: center\">Entre la poblaci\u00f3n femenina de 15 a 44 a\u00f1os<\/p>\n<p>&nbsp;<\/p>\n<p style=\"text-align: center\"><img loading=\"lazy\" decoding=\"async\" class=\"alignnone size-medium wp-image-6649\" src=\"https:\/\/rcm1.rcm.upr.edu\/demografia\/wp-content\/uploads\/sites\/30\/2020\/10\/Tasa-fec-general-15-49-300x122.png\" alt=\"\" width=\"300\" height=\"122\" srcset=\"https:\/\/rcm1.rcm.upr.edu\/demografia\/wp-content\/uploads\/sites\/30\/2020\/10\/Tasa-fec-general-15-49-300x122.png 300w, https:\/\/rcm1.rcm.upr.edu\/demografia\/wp-content\/uploads\/sites\/30\/2020\/10\/Tasa-fec-general-15-49.png 318w\" sizes=\"auto, (max-width: 300px) 100vw, 300px\" \/><\/p>\n<p style=\"text-align: center\">Entre la poblaci\u00f3n femenina de 15 a 49 a\u00f1os<\/p>\n<p>&nbsp;<\/p>\n<p><strong>Tasa de Fecundidad Espec\u00edfica<\/strong><\/p>\n<p>La tasa de fecundidad especifica por edad o la tasa especifica de fecundidad por edad, tambi\u00e9n conocida como la\u00a0<strong><em>tasas anuales de fecundidad por edad<\/em><\/strong>\u00a0se obtiene dividiendo el n\u00famero de nacidos vivos de madres en el grupo de edad entre el n\u00famero de mujeres de dicho grupo multiplicamdo por una constante de 100 o 1000.<\/p>\n<p>La tasa de fecundidad espec\u00edfica para grupos de 15 a 44 a\u00f1os estar\u00eda dado por:<\/p>\n<p><img loading=\"lazy\" decoding=\"async\" class=\"size-medium wp-image-6650 aligncenter\" src=\"https:\/\/rcm1.rcm.upr.edu\/demografia\/wp-content\/uploads\/sites\/30\/2020\/10\/Tasa-fec-especifica-15-44-300x149.png\" alt=\"\" width=\"300\" height=\"149\" srcset=\"https:\/\/rcm1.rcm.upr.edu\/demografia\/wp-content\/uploads\/sites\/30\/2020\/10\/Tasa-fec-especifica-15-44-300x149.png 300w, https:\/\/rcm1.rcm.upr.edu\/demografia\/wp-content\/uploads\/sites\/30\/2020\/10\/Tasa-fec-especifica-15-44.png 364w\" sizes=\"auto, (max-width: 300px) 100vw, 300px\" \/><\/p>\n<p>La tasa de fecundidad espec\u00edfica para grupos de 15 a 49 a\u00f1os estar\u00eda dado por:<\/p>\n<p><img loading=\"lazy\" decoding=\"async\" class=\"size-medium wp-image-6651 aligncenter\" src=\"https:\/\/rcm1.rcm.upr.edu\/demografia\/wp-content\/uploads\/sites\/30\/2020\/10\/Tasa-fec-especifica-15-49-300x149.png\" alt=\"\" width=\"300\" height=\"149\" srcset=\"https:\/\/rcm1.rcm.upr.edu\/demografia\/wp-content\/uploads\/sites\/30\/2020\/10\/Tasa-fec-especifica-15-49-300x149.png 300w, https:\/\/rcm1.rcm.upr.edu\/demografia\/wp-content\/uploads\/sites\/30\/2020\/10\/Tasa-fec-especifica-15-49.png 364w\" sizes=\"auto, (max-width: 300px) 100vw, 300px\" \/><\/p>\n<p>&nbsp;<\/p>\n<p><strong>Tasa Global de Fecundidad<\/strong><\/p>\n<p>La tasa global de fecundidad (TFR, por sus siglas en ingles), tambi\u00e9n conocida como la\u00a0<strong><em>tasa total de fecundidad<\/em><\/strong>\u00a0se le nomina como un indicador sint\u00e9tico.\u00a0 La TGF se obtiene sumando las tasas de fecundidad por edad (TFE). Si \u00e9stas corresponden a grupos quinquenales de edad, la suma deber\u00e1 multiplicarse por 5, ya que reflejan una situaci\u00f3n promedio de una mujer en cada uno de los tramos quinquenales de las edades del per\u00edodo f\u00e9rtil.<\/p>\n<p><img loading=\"lazy\" decoding=\"async\" class=\"alignnone size-medium wp-image-6652 aligncenter\" src=\"https:\/\/rcm1.rcm.upr.edu\/demografia\/wp-content\/uploads\/sites\/30\/2020\/10\/tasa-global-fecundidad-15-44-300x85.png\" alt=\"\" width=\"300\" height=\"85\" srcset=\"https:\/\/rcm1.rcm.upr.edu\/demografia\/wp-content\/uploads\/sites\/30\/2020\/10\/tasa-global-fecundidad-15-44-300x85.png 300w, https:\/\/rcm1.rcm.upr.edu\/demografia\/wp-content\/uploads\/sites\/30\/2020\/10\/tasa-global-fecundidad-15-44.png 461w\" sizes=\"auto, (max-width: 300px) 100vw, 300px\" \/><\/p>\n<p>&nbsp;<\/p>\n<p><strong>Tasa Bruta de Reproducci\u00f3n<\/strong><\/p>\n<p>La tasa bruta de reproducci\u00f3n, es similar a la tasa global de fecundidad solo que considera \u00fanicamente los nacimiento de ni\u00f1as.\u00a0 Por esta raz\u00f3n, se concibe como el n\u00famero de hijas nacidas vivas que, en promedio, tendr\u00eda una mujer de una cohorte hipot\u00e9tica de mujeres no expuestas a la mortalidad, durante el per\u00edodo f\u00e9rtil, y que est\u00e1n expuestas al comportamiento reproductivo de la poblaci\u00f3n de inter\u00e9s en el momento espec\u00edfico de su c\u00e1lculo.\u00a0 Debido a que \u00fanicamente considera los nacimientos femeninos, esta medida se\u00f1ala la posibilidad que tienen las poblaciones femeninas de reemplazarse(<a href=\"https:\/\/ccp.ucr.ac.cr\/\">http:\/\/ccp.ucr.ac.cr<\/a>).<br \/>\n<img loading=\"lazy\" decoding=\"async\" class=\"size-medium wp-image-6653 aligncenter\" src=\"https:\/\/rcm1.rcm.upr.edu\/demografia\/wp-content\/uploads\/sites\/30\/2020\/10\/Tasa-bruta-reproduccion-300x119.png\" alt=\"\" width=\"300\" height=\"119\" srcset=\"https:\/\/rcm1.rcm.upr.edu\/demografia\/wp-content\/uploads\/sites\/30\/2020\/10\/Tasa-bruta-reproduccion-300x119.png 300w, https:\/\/rcm1.rcm.upr.edu\/demografia\/wp-content\/uploads\/sites\/30\/2020\/10\/Tasa-bruta-reproduccion.png 326w\" sizes=\"auto, (max-width: 300px) 100vw, 300px\" \/><\/p>\n<p><strong>Razon Ni\u00f1o-Mujer<\/strong><\/p>\n<p>Tambi\u00e9n conocida como\u00a0<strong><em>relaci\u00f3n ni\u00f1os-mujeres<\/em><\/strong>, indica el n\u00famero de ni\u00f1os (ambos sexos) menores de 5 a\u00f1os por 1,000 mujeres en edad reproductiva en un determinado a\u00f1o. Esta medida se utiliza como indicador aproximado de la fecundidad, especialmente cuando no se dispone de datos detallados acerca de los nacimientos.<\/p>\n<p><img loading=\"lazy\" decoding=\"async\" class=\"size-full wp-image-6654 aligncenter\" src=\"https:\/\/rcm1.rcm.upr.edu\/demografia\/wp-content\/uploads\/sites\/30\/2020\/10\/Razon-ninos-mujeres.png\" alt=\"\" width=\"291\" height=\"188\" \/><\/p>\n<p><strong>Razon de Masculinidad al Nacer <\/strong><\/p>\n<p>La relaci\u00f3n de masculinidad al nacer se utiliza para estimar la relaci\u00f3n entre el n\u00famero de hombres y el de mujeres de nacidos vivos. Por lo com\u00fan se expresa como el n\u00famero de ni\u00f1os nacidos vivos por cada 100 ni\u00f1as nacidas vivas.<\/p>\n<p><img loading=\"lazy\" decoding=\"async\" class=\"size-medium wp-image-6655 aligncenter\" src=\"https:\/\/rcm1.rcm.upr.edu\/demografia\/wp-content\/uploads\/sites\/30\/2020\/10\/Razon-masc-nacer-300x138.png\" alt=\"\" width=\"300\" height=\"138\" srcset=\"https:\/\/rcm1.rcm.upr.edu\/demografia\/wp-content\/uploads\/sites\/30\/2020\/10\/Razon-masc-nacer-300x138.png 300w, https:\/\/rcm1.rcm.upr.edu\/demografia\/wp-content\/uploads\/sites\/30\/2020\/10\/Razon-masc-nacer.png 309w\" sizes=\"auto, (max-width: 300px) 100vw, 300px\" \/><\/p>\n<p>&nbsp;<\/p>\n<p><b>Porcentaje de Nacimiento<\/b><\/p>\n<p>Se define como el porcentaje de nacimientos de orden de madres pertenecientes a un determinado \u00e1mbito sobre el total de nacimientos registrados en ese \u00e1mbito t.<\/p>\n<p><strong><img loading=\"lazy\" decoding=\"async\" class=\"size-full wp-image-6656 aligncenter\" src=\"https:\/\/rcm1.rcm.upr.edu\/demografia\/wp-content\/uploads\/sites\/30\/2020\/10\/porciento-orden-nacimiento.png\" alt=\"\" width=\"254\" height=\"130\" \/><\/strong><\/p>\n<p>&nbsp;<\/p>\n<p><strong>Tasa de Fecundidad de Adolescentes<\/strong><\/p>\n<p>La fecundidad adolescente es aquella que ocurre antes de la edad 20.\u00a0 No obstante, la fecundidad de mujeres entre 15 y 19 a\u00f1os es la que se toma como referencia para obtener mediciones comparables entre todos los pa\u00edses. A partir de dicha referencia, muc hos autores le llaman\u00a0<em><strong>tasa de de fecundidad tard\u00eda<\/strong><\/em>.\u00a0 La tasa de fecundidad adolescente es el n\u00famero de nacidos vivos de madres con edades entre 15 y 19 a\u00f1os en relaci\u00f3n a la poblaci\u00f3n de mujeres de 15 a 19 a\u00f1os, multiplicado por 1000.<\/p>\n<p><img loading=\"lazy\" decoding=\"async\" class=\"size-medium wp-image-6657 aligncenter\" src=\"https:\/\/rcm1.rcm.upr.edu\/demografia\/wp-content\/uploads\/sites\/30\/2020\/10\/Tasa-fec-adolescente-300x137.png\" alt=\"\" width=\"300\" height=\"137\" srcset=\"https:\/\/rcm1.rcm.upr.edu\/demografia\/wp-content\/uploads\/sites\/30\/2020\/10\/Tasa-fec-adolescente-300x137.png 300w, https:\/\/rcm1.rcm.upr.edu\/demografia\/wp-content\/uploads\/sites\/30\/2020\/10\/Tasa-fec-adolescente.png 307w\" sizes=\"auto, (max-width: 300px) 100vw, 300px\" \/><\/p>\n<p>&nbsp;<\/p>\n<p><strong>Tasa de Fecundidad de Adolescentes Precoz<\/strong><\/p>\n<p>La fecundidad adolescente precoz es la que ocurre antes de los 15 a\u00f1os.\u00a0 No existe una\u00a0 norma establecida y de forma arbitraria marcar\u00edamos la adolescencia precoz en el grupo de10 a 14 a\u00f1os. La tasa de fecundidad adolescente precoz es el n\u00famero de nacidos vivos de madres con edades entre 10 a 14 a\u00f1os en relaci\u00f3n a la poblaci\u00f3n de mujeres de 10 a 14 a\u00f1os, multiplicado por 1000.<\/p>\n<p><img loading=\"lazy\" decoding=\"async\" class=\"size-medium wp-image-6658 aligncenter\" src=\"https:\/\/rcm1.rcm.upr.edu\/demografia\/wp-content\/uploads\/sites\/30\/2020\/10\/Tasa-fec-adoles-precoz-300x125.png\" alt=\"\" width=\"300\" height=\"125\" srcset=\"https:\/\/rcm1.rcm.upr.edu\/demografia\/wp-content\/uploads\/sites\/30\/2020\/10\/Tasa-fec-adoles-precoz-300x125.png 300w, https:\/\/rcm1.rcm.upr.edu\/demografia\/wp-content\/uploads\/sites\/30\/2020\/10\/Tasa-fec-adoles-precoz.png 340w\" sizes=\"auto, (max-width: 300px) 100vw, 300px\" \/><\/p>\n<p>&nbsp;<\/p>\n<p><strong>Descendencia Final o Paritez Media<\/strong><\/p>\n<p>Los procedimientos anteriores se fundamentan en an\u00e1lisis transversales. Sin embargo, haciendo un an\u00e1lisis con respecto a las mujeres que se encuentran al final de su vida f\u00e9rtil, sobre los hijos que tuvieron a lo largo de toda su vida, es posible conocer el comportamiento reproductivo de esta cohorte o generaci\u00f3n. Si para este an\u00e1lisis se considera el \u00faltimo grupo quinquenal de edad (45-49 a\u00f1os), se tendr\u00eda un seguimiento a una generaci\u00f3n que inicio su per\u00edodo f\u00e9rtil entre 30 y 35 a\u00f1os atr\u00e1s. De esta manera, la descendencia final tambi\u00e9n llamada paridez media, representada con DF, se define como la relaci\u00f3n entre los hijos nacidos vivos de las mujeres de 45 a 49 a\u00f1os cumplidos y la poblaci\u00f3n femenina de este grupo de edades\u00a0(<a href=\"https:\/\/ccp.ucr.ac.cr\/\">http:\/\/ccp.ucr.ac.cr<\/a>).<\/p>\n<p><img loading=\"lazy\" decoding=\"async\" class=\"alignnone size-medium wp-image-6659 aligncenter\" src=\"https:\/\/rcm1.rcm.upr.edu\/demografia\/wp-content\/uploads\/sites\/30\/2020\/10\/Des-final-45-49-300x130.png\" alt=\"\" width=\"300\" height=\"130\" srcset=\"https:\/\/rcm1.rcm.upr.edu\/demografia\/wp-content\/uploads\/sites\/30\/2020\/10\/Des-final-45-49-300x130.png 300w, https:\/\/rcm1.rcm.upr.edu\/demografia\/wp-content\/uploads\/sites\/30\/2020\/10\/Des-final-45-49.png 327w\" sizes=\"auto, (max-width: 300px) 100vw, 300px\" \/><\/p>\n<p><img loading=\"lazy\" decoding=\"async\" class=\"alignnone size-medium wp-image-6660 aligncenter\" src=\"https:\/\/rcm1.rcm.upr.edu\/demografia\/wp-content\/uploads\/sites\/30\/2020\/10\/Des-final-40-44-300x131.png\" alt=\"\" width=\"300\" height=\"131\" srcset=\"https:\/\/rcm1.rcm.upr.edu\/demografia\/wp-content\/uploads\/sites\/30\/2020\/10\/Des-final-40-44-300x131.png 300w, https:\/\/rcm1.rcm.upr.edu\/demografia\/wp-content\/uploads\/sites\/30\/2020\/10\/Des-final-40-44.png 324w\" sizes=\"auto, (max-width: 300px) 100vw, 300px\" \/>[\/vc_column_text][\/vc_column][\/vc_row]<\/p>\n<\/div>","protected":false},"excerpt":{"rendered":"<p>[vc_row][vc_column][vc_empty_space][vc_column_text]Natalidad &#8211;\u00a0 Frecuencia con que se producen los nacimientos en una poblaci\u00f3n. La natalidad se considera uno de los componentes principales en el crecimiento de la poblaci\u00f3n. Nacidos vivos &#8211;\u00a0 Es el producto de la concepci\u00f3n que, independientemente de la duraci\u00f3n del embarazo, sea expulsado o extra\u00eddo completamente del cuerpo de la madre y que&hellip;<\/p>\n","protected":false},"author":1,"featured_media":0,"parent":0,"menu_order":0,"comment_status":"closed","ping_status":"closed","template":"template-microsite.php","meta":{"footnotes":""},"class_list":["post-3157","page","type-page","status-publish","hentry","description-off"],"aioseo_notices":[],"_links":{"self":[{"href":"https:\/\/rcm1.rcm.upr.edu\/demografia\/wp-json\/wp\/v2\/pages\/3157","targetHints":{"allow":["GET"]}}],"collection":[{"href":"https:\/\/rcm1.rcm.upr.edu\/demografia\/wp-json\/wp\/v2\/pages"}],"about":[{"href":"https:\/\/rcm1.rcm.upr.edu\/demografia\/wp-json\/wp\/v2\/types\/page"}],"author":[{"embeddable":true,"href":"https:\/\/rcm1.rcm.upr.edu\/demografia\/wp-json\/wp\/v2\/users\/1"}],"replies":[{"embeddable":true,"href":"https:\/\/rcm1.rcm.upr.edu\/demografia\/wp-json\/wp\/v2\/comments?post=3157"}],"version-history":[{"count":0,"href":"https:\/\/rcm1.rcm.upr.edu\/demografia\/wp-json\/wp\/v2\/pages\/3157\/revisions"}],"wp:attachment":[{"href":"https:\/\/rcm1.rcm.upr.edu\/demografia\/wp-json\/wp\/v2\/media?parent=3157"}],"curies":[{"name":"wp","href":"https:\/\/api.w.org\/{rel}","templated":true}]}}