{"id":3171,"date":"2020-04-24T01:41:33","date_gmt":"2020-04-24T01:41:33","guid":{"rendered":"https:\/\/demografia.rcm.upr.edu\/?page_id=3171"},"modified":"2020-04-24T01:41:33","modified_gmt":"2020-04-24T01:41:33","slug":"mortalidad","status":"publish","type":"page","link":"https:\/\/rcm1.rcm.upr.edu\/demografia\/mortalidad\/","title":{"rendered":"Mortalidad"},"content":{"rendered":"<div class=\"wpb-content-wrapper\"><p>[vc_row][vc_column]<div id=\"ultimate-heading-730469d7e0ed247e7\" class=\"uvc-heading ult-adjust-bottom-margin ultimate-heading-730469d7e0ed247e7 uvc-8136  uvc-heading-default-font-sizes\" data-hspacer=\"line_only\"  data-halign=\"left\" style=\"text-align:left\"><div class=\"uvc-main-heading ult-responsive\"  data-ultimate-target='.uvc-heading.ultimate-heading-730469d7e0ed247e7 h2'  data-responsive-json-new='{\"font-size\":\"\",\"line-height\":\"\"}' ><h2 style=\"--font-weight:theme;\">Mortalidad<\/h2><\/div><div class=\"uvc-heading-spacer line_only\" style=\"topheight:1px;\"><span class=\"uvc-headings-line\" style=\"border-style:solid;border-bottom-width:1px;border-color:#ccc;width:autopx;\"><\/span><\/div><\/div>[vc_empty_space][vc_column_text]<strong>Mortalidad<\/strong> &#8211; Este t\u00e9rmino expresa la acci\u00f3n de la muerte sobre una poblaci\u00f3n y constituye uno de los componentes fundamentales y determinante del tama\u00f1o y la composici\u00f3n por sexo y edad de la poblaci\u00f3n.<\/p>\n<p><strong>Defunciones <\/strong>&#8211; Tambi\u00e9n conocido como muerte, es\u00a0la desaparici\u00f3n definitiva de todo signo de vida.<\/p>\n<p><strong>Defunci\u00f3n infantil<\/strong> &#8211; Es el cese total e irreversible de las se\u00f1ales de vida en el transcurso del primer a\u00f1o de vida (sin haberlo cumplido), despu\u00e9s de haber tenido lugar el nacimiento vivo.<\/p>\n<p>&nbsp;<\/p>\n<h3><strong>T\u00e9cnicas aplicadas a la mortalidad y sus variantes<\/strong><\/h3>\n<p>&nbsp;<\/p>\n<p><strong>Tasa de Mortalidad<\/strong><\/p>\n<p>La tasa de mortalidad (denominada tambi\u00e9n la tasa bruta de mortalidad) es el n\u00famero de muertes por cada 1.000 habitantes durante un a\u00f1o determinado. Es decir, es el n\u00famero de defunciones ocurridas en un a\u00f1o entre la poblaci\u00f3n media total de ese a\u00f1o, se expresa por mil habitantes.<\/p>\n<p style=\"text-align: center\"><img loading=\"lazy\" decoding=\"async\" class=\"alignnone size-full wp-image-6666\" src=\"https:\/\/rcm1.rcm.upr.edu\/demografia\/wp-content\/uploads\/sites\/30\/2020\/10\/Tasa-mortalidad.png\" alt=\"\" width=\"208\" height=\"106\" \/><\/p>\n<p><a href=\"https:\/\/rcm1.rcm.upr.edu\/demografia\/wp-content\/uploads\/sites\/30\/2020\/04\/2013-GRAFICA3.2-edad-de-los-contrayentes-Puerto-Rico.pdf\" target=\"_blank\" rel=\"noopener noreferrer\">Edad de los contrayentes<\/a><\/p>\n<p><a href=\"https:\/\/rcm1.rcm.upr.edu\/demografia\/wp-content\/uploads\/sites\/30\/2020\/04\/RDPR-22-Defunciones-edad_grupo-PR-2013-2016.xls\" target=\"_blank\" rel=\"noopener noreferrer\">Defunciones por Edad 2013-2016<\/a><\/p>\n<p><a href=\"https:\/\/rcm1.rcm.upr.edu\/demografia\/wp-content\/uploads\/sites\/30\/2020\/04\/RDPR-21-Defunciones-edad_sencillo-PR-2013-2016.xls\" target=\"_blank\" rel=\"noopener noreferrer\">Defunciones por Edad (sencillo) 2013-2016<\/a><\/p>\n<p><a href=\"https:\/\/rcm1.rcm.upr.edu\/demografia\/wp-content\/uploads\/sites\/30\/2020\/04\/RDPR-6-Defunciones-residencia-PR-2013-2016.xls\" target=\"_blank\" rel=\"noopener noreferrer\">Defunciones Residencia 2013-2016<\/a><\/p>\n<p><a href=\"https:\/\/rcm1.rcm.upr.edu\/demografia\/wp-content\/uploads\/sites\/30\/2020\/04\/RDPR-12-Defunciones-infantil_sexo-tiempo-PR-2013-2016.xls\" target=\"_blank\" rel=\"noopener noreferrer\">Defunciones Infantil 2013-2016<\/a>[\/vc_column_text][\/vc_column][\/vc_row]<\/p>\n<\/div>","protected":false},"excerpt":{"rendered":"<p>[vc_row][vc_column][vc_empty_space][vc_column_text]Mortalidad &#8211; Este t\u00e9rmino expresa la acci\u00f3n de la muerte sobre una poblaci\u00f3n y constituye uno de los componentes fundamentales y determinante del tama\u00f1o y la composici\u00f3n por sexo y edad de la poblaci\u00f3n. Defunciones &#8211; Tambi\u00e9n conocido como muerte, es\u00a0la desaparici\u00f3n definitiva de todo signo de vida. Defunci\u00f3n infantil &#8211; Es el cese total&hellip;<\/p>\n","protected":false},"author":1,"featured_media":0,"parent":0,"menu_order":0,"comment_status":"closed","ping_status":"closed","template":"template-microsite.php","meta":{"footnotes":""},"class_list":["post-3171","page","type-page","status-publish","hentry","description-off"],"aioseo_notices":[],"_links":{"self":[{"href":"https:\/\/rcm1.rcm.upr.edu\/demografia\/wp-json\/wp\/v2\/pages\/3171","targetHints":{"allow":["GET"]}}],"collection":[{"href":"https:\/\/rcm1.rcm.upr.edu\/demografia\/wp-json\/wp\/v2\/pages"}],"about":[{"href":"https:\/\/rcm1.rcm.upr.edu\/demografia\/wp-json\/wp\/v2\/types\/page"}],"author":[{"embeddable":true,"href":"https:\/\/rcm1.rcm.upr.edu\/demografia\/wp-json\/wp\/v2\/users\/1"}],"replies":[{"embeddable":true,"href":"https:\/\/rcm1.rcm.upr.edu\/demografia\/wp-json\/wp\/v2\/comments?post=3171"}],"version-history":[{"count":0,"href":"https:\/\/rcm1.rcm.upr.edu\/demografia\/wp-json\/wp\/v2\/pages\/3171\/revisions"}],"wp:attachment":[{"href":"https:\/\/rcm1.rcm.upr.edu\/demografia\/wp-json\/wp\/v2\/media?parent=3171"}],"curies":[{"name":"wp","href":"https:\/\/api.w.org\/{rel}","templated":true}]}}