{"id":3181,"date":"2020-04-24T01:41:33","date_gmt":"2020-04-24T01:41:33","guid":{"rendered":"https:\/\/demografia.rcm.upr.edu\/?page_id=3181"},"modified":"2020-04-24T01:41:33","modified_gmt":"2020-04-24T01:41:33","slug":"distribucion-y-tamano","status":"publish","type":"page","link":"https:\/\/rcm1.rcm.upr.edu\/demografia\/distribucion-y-tamano\/","title":{"rendered":"Distribuci\u00f3n y Tama\u00f1o"},"content":{"rendered":"<div class=\"wpb-content-wrapper\"><p>[vc_row][vc_column]<div id=\"ultimate-heading-265569e1a6a065576\" class=\"uvc-heading ult-adjust-bottom-margin ultimate-heading-265569e1a6a065576 uvc-3483  uvc-heading-default-font-sizes\" data-hspacer=\"line_only\"  data-halign=\"left\" style=\"text-align:left\"><div class=\"uvc-main-heading ult-responsive\"  data-ultimate-target='.uvc-heading.ultimate-heading-265569e1a6a065576 h2'  data-responsive-json-new='{\"font-size\":\"\",\"line-height\":\"\"}' ><h2 style=\"--font-weight:theme;\">Distribuci\u00f3n y Tama\u00f1o<\/h2><\/div><div class=\"uvc-heading-spacer line_only\" style=\"topheight:1px;\"><span class=\"uvc-headings-line\" style=\"border-style:solid;border-bottom-width:1px;border-color:#ccc;width:autopx;\"><\/span><\/div><\/div>[vc_empty_space][vc_column_text]<\/p>\n<h3><strong>T\u00e9cnicas aplicadas a la distribucion y\u00a0tama\u00f1o de la poblaci\u00f3n<\/strong><\/h3>\n<h3><strong><br \/>\n<\/strong><strong>Por ciento de poblaci\u00f3n urbana<\/strong><\/h3>\n<p>Un indicador de la urbanizaci\u00f3n, que mide el grado de urbanizaci\u00f3n de un pa\u00eds o regi\u00f3n, es el porcentaje de poblaci\u00f3n urbana, que expresa el n\u00famero de residentes de las zonas urbanas por cada 100 habitantes del pa\u00eds en consideraci\u00f3n, en un determinado a\u00f1o.\u00a0La f\u00f3rmula estar\u00eda expresada de la siguiente manera: <img loading=\"lazy\" decoding=\"async\" class=\"size-full wp-image-2922 aligncenter\" src=\"https:\/\/rcm1.rcm.upr.edu\/demografia\/wp-content\/uploads\/sites\/30\/2020\/03\/URBANO.png\" alt=\"\" width=\"248\" height=\"77\" \/><\/p>\n<h3><\/h3>\n<h3>Por ciento de poblaci\u00f3n rural<\/h3>\n<p>Mide el grado de ruralia un pa\u00eds o regi\u00f3n, es el porcentaje de poblaci\u00f3n rural, que expresa el n\u00famero de residentes de las zonas rural por cada 100 habitantes del pa\u00eds en consideraci\u00f3n, en un determinado a\u00f1o.\u00a0La f\u00f3rmula estar\u00eda expresada de la siguiente manera:<\/p>\n<p><strong><img loading=\"lazy\" decoding=\"async\" class=\"size-full wp-image-2921 aligncenter\" src=\"https:\/\/rcm1.rcm.upr.edu\/demografia\/wp-content\/uploads\/sites\/30\/2020\/03\/RURAL.png\" alt=\"\" width=\"219\" height=\"77\" \/><\/strong><\/p>\n<h3><\/h3>\n<h3>Densidad poblacional<\/h3>\n<p>Se expresa como el n\u00famero de personas por unidad de superficie o \u00e1rea de terreno en millas o kil\u00f3metros cuadrados. No obstante, tambi\u00e9n se usan como indicadores de la densidad de poblaci\u00f3n el n\u00famero de personas por unidad de terreno cultivable y el promedio de personas por hogar o por habitaci\u00f3n. Esta \u00faltima medida se utiliza com\u00fanmente para indicar el hacinamiento. La f\u00f3rmula estar\u00eda expresada de la siguiente manera:<\/p>\n<p>&nbsp;<\/p>\n<p style=\"text-align: center\"><strong>Poblaci\u00f3n por millas cuadradas<\/strong><br \/>\n<img loading=\"lazy\" decoding=\"async\" class=\"alignnone size-full wp-image-2926 aligncenter\" src=\"https:\/\/rcm1.rcm.upr.edu\/demografia\/wp-content\/uploads\/sites\/30\/2020\/03\/DENCIDAD-MILLA.png\" alt=\"\" width=\"202\" height=\"89\" \/><\/p>\n<p>&nbsp;<\/p>\n<p style=\"text-align: center\"><strong>Poblaci\u00f3n por kil\u00f3metros cuadrados<\/strong><img loading=\"lazy\" decoding=\"async\" class=\"alignnone size-full wp-image-2925 aligncenter\" src=\"https:\/\/rcm1.rcm.upr.edu\/demografia\/wp-content\/uploads\/sites\/30\/2020\/03\/DENCIDAD-KM.png\" alt=\"\" width=\"225\" height=\"88\" \/><\/p>\n<p>[\/vc_column_text][\/vc_column][\/vc_row]<\/p>\n<\/div>","protected":false},"excerpt":{"rendered":"<p>[vc_row][vc_column][vc_empty_space][vc_column_text] T\u00e9cnicas aplicadas a la distribucion y\u00a0tama\u00f1o de la poblaci\u00f3n Por ciento de poblaci\u00f3n urbana Un indicador de la urbanizaci\u00f3n, que mide el grado de urbanizaci\u00f3n de un pa\u00eds o regi\u00f3n, es el porcentaje de poblaci\u00f3n urbana, que expresa el n\u00famero de residentes de las zonas urbanas por cada 100 habitantes del pa\u00eds en consideraci\u00f3n,&hellip;<\/p>\n","protected":false},"author":1,"featured_media":0,"parent":0,"menu_order":0,"comment_status":"closed","ping_status":"closed","template":"template-microsite.php","meta":{"footnotes":""},"class_list":["post-3181","page","type-page","status-publish","hentry","description-off"],"aioseo_notices":[],"_links":{"self":[{"href":"https:\/\/rcm1.rcm.upr.edu\/demografia\/wp-json\/wp\/v2\/pages\/3181","targetHints":{"allow":["GET"]}}],"collection":[{"href":"https:\/\/rcm1.rcm.upr.edu\/demografia\/wp-json\/wp\/v2\/pages"}],"about":[{"href":"https:\/\/rcm1.rcm.upr.edu\/demografia\/wp-json\/wp\/v2\/types\/page"}],"author":[{"embeddable":true,"href":"https:\/\/rcm1.rcm.upr.edu\/demografia\/wp-json\/wp\/v2\/users\/1"}],"replies":[{"embeddable":true,"href":"https:\/\/rcm1.rcm.upr.edu\/demografia\/wp-json\/wp\/v2\/comments?post=3181"}],"version-history":[{"count":0,"href":"https:\/\/rcm1.rcm.upr.edu\/demografia\/wp-json\/wp\/v2\/pages\/3181\/revisions"}],"wp:attachment":[{"href":"https:\/\/rcm1.rcm.upr.edu\/demografia\/wp-json\/wp\/v2\/media?parent=3181"}],"curies":[{"name":"wp","href":"https:\/\/api.w.org\/{rel}","templated":true}]}}