{"id":3183,"date":"2020-04-24T01:41:33","date_gmt":"2020-04-24T01:41:33","guid":{"rendered":"https:\/\/demografia.rcm.upr.edu\/?page_id=3183"},"modified":"2020-04-24T01:41:33","modified_gmt":"2020-04-24T01:41:33","slug":"migracion","status":"publish","type":"page","link":"https:\/\/rcm1.rcm.upr.edu\/demografia\/migracion\/","title":{"rendered":"Migraci\u00f3n"},"content":{"rendered":"<div class=\"wpb-content-wrapper\"><p>[vc_row][vc_column]<div id=\"ultimate-heading-317169ff65317aed3\" class=\"uvc-heading ult-adjust-bottom-margin ultimate-heading-317169ff65317aed3 uvc-6388  uvc-heading-default-font-sizes\" data-hspacer=\"line_only\"  data-halign=\"left\" style=\"text-align:left\"><div class=\"uvc-main-heading ult-responsive\"  data-ultimate-target='.uvc-heading.ultimate-heading-317169ff65317aed3 h2'  data-responsive-json-new='{\"font-size\":\"\",\"line-height\":\"\"}' ><h2 style=\"--font-weight:theme;\">Migraci\u00f3n<\/h2><\/div><div class=\"uvc-heading-spacer line_only\" style=\"topheight:1px;\"><span class=\"uvc-headings-line\" style=\"border-style:solid;border-bottom-width:1px;border-color:#ccc;width:autopx;\"><\/span><\/div><\/div>[vc_empty_space][vc_column_text]<\/p>\n<h3><strong>T\u00e9cnicas aplicadas a la migraci\u00f3n\u00a0y sus variantes<\/strong><\/h3>\n<p>&nbsp;<\/p>\n<p><strong>Migraci\u00f3n Neta<\/strong><\/p>\n<p>Tambi\u00e9n se conoce como saldo migratorio o balance migratorio y est\u00e1 constituido por la diferencia entre inmigrantes (I) y los emigrantes (E) de un lugar determinado.<\/p>\n<p><img loading=\"lazy\" decoding=\"async\" class=\"size-full wp-image-2957 aligncenter\" src=\"https:\/\/rcm1.rcm.upr.edu\/demografia\/wp-content\/uploads\/sites\/30\/2020\/03\/MigracionNeta.png\" alt=\"\" width=\"167\" height=\"42\" \/><\/p>\n<p>&nbsp;<\/p>\n<figure class=\"wp-block-image\"><\/figure>\n<p><strong>Tasa Neta de Migraci\u00f3n<\/strong><\/p>\n<p>La tasa neta de migraci\u00f3n muestra el efecto neto de la inmigraci\u00f3n y de la emigraci\u00f3n sobre la poblaci\u00f3n de un \u00e1rea, expresada como el aumento o disminuci\u00f3n por 1,000 habitantes del \u00e1rea en un a\u00f1o determinado.<\/p>\n<p><img loading=\"lazy\" decoding=\"async\" class=\"size-full wp-image-6663 aligncenter\" src=\"https:\/\/rcm1.rcm.upr.edu\/demografia\/wp-content\/uploads\/sites\/30\/2020\/10\/Tasa-neta-mig.png\" alt=\"\" width=\"244\" height=\"75\" \/>[\/vc_column_text][\/vc_column][\/vc_row]<\/p>\n<\/div>","protected":false},"excerpt":{"rendered":"<p>[vc_row][vc_column][vc_empty_space][vc_column_text] T\u00e9cnicas aplicadas a la migraci\u00f3n\u00a0y sus variantes &nbsp; Migraci\u00f3n Neta Tambi\u00e9n se conoce como saldo migratorio o balance migratorio y est\u00e1 constituido por la diferencia entre inmigrantes (I) y los emigrantes (E) de un lugar determinado. &nbsp; Tasa Neta de Migraci\u00f3n La tasa neta de migraci\u00f3n muestra el efecto neto de la inmigraci\u00f3n y&hellip;<\/p>\n","protected":false},"author":1,"featured_media":0,"parent":0,"menu_order":0,"comment_status":"closed","ping_status":"closed","template":"template-microsite.php","meta":{"footnotes":""},"class_list":["post-3183","page","type-page","status-publish","hentry","description-off"],"aioseo_notices":[],"_links":{"self":[{"href":"https:\/\/rcm1.rcm.upr.edu\/demografia\/wp-json\/wp\/v2\/pages\/3183","targetHints":{"allow":["GET"]}}],"collection":[{"href":"https:\/\/rcm1.rcm.upr.edu\/demografia\/wp-json\/wp\/v2\/pages"}],"about":[{"href":"https:\/\/rcm1.rcm.upr.edu\/demografia\/wp-json\/wp\/v2\/types\/page"}],"author":[{"embeddable":true,"href":"https:\/\/rcm1.rcm.upr.edu\/demografia\/wp-json\/wp\/v2\/users\/1"}],"replies":[{"embeddable":true,"href":"https:\/\/rcm1.rcm.upr.edu\/demografia\/wp-json\/wp\/v2\/comments?post=3183"}],"version-history":[{"count":0,"href":"https:\/\/rcm1.rcm.upr.edu\/demografia\/wp-json\/wp\/v2\/pages\/3183\/revisions"}],"wp:attachment":[{"href":"https:\/\/rcm1.rcm.upr.edu\/demografia\/wp-json\/wp\/v2\/media?parent=3183"}],"curies":[{"name":"wp","href":"https:\/\/api.w.org\/{rel}","templated":true}]}}