{"id":3187,"date":"2020-04-24T01:41:33","date_gmt":"2020-04-24T01:41:33","guid":{"rendered":"https:\/\/demografia.rcm.upr.edu\/?page_id=3187"},"modified":"2020-04-24T01:41:33","modified_gmt":"2020-04-24T01:41:33","slug":"jose-janer","status":"publish","type":"page","link":"https:\/\/rcm1.rcm.upr.edu\/demografia\/jose-janer\/","title":{"rendered":"Jos\u00e9 L. Janer"},"content":{"rendered":"<div class=\"wpb-content-wrapper\"><p>[vc_row][vc_column]<div id=\"ultimate-heading-996969ded35a7ce21\" class=\"uvc-heading ult-adjust-bottom-margin ultimate-heading-996969ded35a7ce21 uvc-3768  uvc-heading-default-font-sizes\" data-hspacer=\"line_only\"  data-halign=\"left\" style=\"text-align:left\"><div class=\"uvc-main-heading ult-responsive\"  data-ultimate-target='.uvc-heading.ultimate-heading-996969ded35a7ce21 h2'  data-responsive-json-new='{\"font-size\":\"\",\"line-height\":\"\"}' ><h2 style=\"--font-weight:theme;\">Dr. Jos\u00e9 Luis Janer Mend\u00eda<\/h2><\/div><div class=\"uvc-heading-spacer line_only\" style=\"topheight:1px;\"><span class=\"uvc-headings-line\" style=\"border-style:solid;border-bottom-width:1px;border-color:#ccc;width:autopx;\"><\/span><\/div><\/div>[vc_empty_space][vc_column_text]<\/p>\n<p>\n\n(1909-1985)<\/p>\n<p>\n\nJos\u00e9 Luis Janer Mend\u00eda naci\u00f3 en San Juan, Puerto Rico en el 1909.\u00a0 Realiz\u00f3 sus estudios acad\u00e9micos en la Universidad de Puerto Rico y en los Estados Unidos en la Universidad de John Hopkins en Baltimor, donde obtuvo el grado de Maestr\u00eda en Ciencias con concentraci\u00f3n en bioestad\u00edsticas.\u00a0 Fue un disc\u00edpulo aprovechado de la escuela de bioestad\u00edsticas que encabez\u00f3 el Dr. Raymond Pearl en los Estados Unidos de Am\u00e9rica y su tesis de maestr\u00eda se titula: &#8220;Population Growth and its Relation to Time Changes in Vital Statistics&#8221; la cual fue publicada en la prestigiosa revista &#8220;Human Biology&#8221; en 1948.<\/p>\n<p>\n\nSu vida profesional comenz\u00f3 en la Escuela de Medicina Tropical de Puerto Rico donde realiz\u00f3 numerosos estudios de investigaci\u00f3n en el campo de la parasitolog\u00eda junto a los doctores William Hoffman, Juan A. Pons, Ernest Faust, Charles Jones, entre otros.\u00a0 Su mayor contribuci\u00f3n en este campo lo constituyen sus estudios sobre &#8220;Shistosoma Mansoni&#8221;(Bilharzia) que fueron publicados en &#8220;The Puerto Rico Jornal of Medicine&#8221; y en otras revistas profesionales.<\/p>\n<p>\n\nEntre 1942 y 1958 se desempe\u00f1\u00f3 como Director del Negociado de Registro Demogr\u00e1fico y Estad\u00edsticas Vitales del Departamento de Salud de Puerto Rico.\u00a0 Desde esa posici\u00f3n logr\u00f3 convertir el Registro Demogr\u00e1fico de Puerto Rico en uno de los sistemas m\u00e1s completos y confiables del Hemisferio Occidental, tarea que hab\u00eda comenzado otro prestigioso puertorrique\u00f1o, el Sr. Manuel A. P\u00e9rez.\u00a0 Adem\u00e1s, bajo su liderazgo la oficina del registro demogr\u00e1fico se convirti\u00f3 en la primera Escuela de Demograf\u00eda de la Isla.\u00a0 Bajo su preceptor\u00eda, los estad\u00edsticos del registro comenzaron a aplicar los m\u00e9todos cuantitativos m\u00e1s modernos para obtener estimaciones y proyecciones de poblaci\u00f3n y tablas de vida.\u00a0 Su influencia fue de tal magnitud que algunos de los estad\u00edsticos de esa agencia continuaron estudios graduados en el campo de la demograf\u00eda y de la bioestad\u00edstica en los Estados Unidos.<\/p>\n<p>\n\nDurante estos a\u00f1os, de 1942 y 1958, tambi\u00e9n particip\u00f3 activamente en la docencia como conferenciante &#8220;ad-honorem&#8221; en la Escuela de Medicina Tropical de la Universidad de Puerto Rico.\u00a0\u00a0 En el 1958, se traslad\u00f3 a la Escuela de Medicina donde continu\u00f3 su fruct\u00edfera labor acad\u00e9mica, tanto en el campo de la bioestad\u00edstica como en el de la demograf\u00eda.\u00a0 Bajo su est\u00edmulo y con su colaboraci\u00f3n, se desarroll\u00f3 a mediados de la d\u00e9cada del sesenta, el Programa Graduado de Demograf\u00eda en la Escuela Graduada de Salud P\u00fablica de la Universidad de Puerto Rico, que vino a ser el primero en su clase en Puerto Rico y Am\u00e9rica Latina.<\/p>\n<p>\n\nEl Profesor Janer fue el primer profesional puertorrique\u00f1o en utilizar t\u00e9cnicas estad\u00edsticas y demogr\u00e1ficas m\u00e1s avanzadas en la ense\u00f1anza universitaria y en los estudios\u00a0 cient\u00edficos de las poblaciones humanas y con justicia se le considera el primer dem\u00f3grafo y bioestad\u00edstico de Puerto Rico. Public\u00f3 alrededor de 50 trabajos de investigaci\u00f3n, la mayor\u00eda de ellos relacionados con la demograf\u00eda y perteneci\u00f3 a doce prestigiosas asociaciones profesionales tanto nacionales como internacionales.\u00a0 Fue miembro fundador de la m\u00e1s conocidas y prestigiosa de todas las asociaciones de dem\u00f3grafos del mundo. &#8220;La uni\u00f3n internacional para estudios cient\u00edficos\u00a0 de la poblaci\u00f3n&#8221;, con sede en Lieja, B\u00e9lgica y por m\u00e1s de 15 a\u00f1os fue miembro del comit\u00e9 de expertos en estad\u00edsticas de salud de la Organizaci\u00f3n Mundial de la Salud.<\/p>\n<p>\n\nRecibi\u00f3 numerosos reconocimientos y honores y por su gran dedicaci\u00f3n a la ense\u00f1anza y la investigaci\u00f3n cient\u00edfica en el campo de la salud p\u00fablica, recibi\u00f3 en el 1970 el premio &#8220;Dr. Eduardo Garrido Morales&#8221; conferido por la Asociaci\u00f3n de la salud p\u00fablica de Puerto Rico.\u00a0 En el 1982 en el Recinto de Ciencias M\u00e9dicas de la Universidad de Puerto Rico, le confieren el grado de Doctor Honoris Causa.\u00a0 El Dr. Janer dedic\u00f3 su vida a servir desinteresadamente al pueblo puertorrique\u00f1o y ha sido uno de los profesionales m\u00e1s destacados en el campo de la bioestad\u00edsticas y en el de la demograf\u00eda.\u00a0 Su prestigio es bien reconocido tanto en nuestro Pa\u00eds como internacionalmente.\u00a0 Pero lo m\u00e1s importante es que el Dr. Jos\u00e9 L. Janer Media fue el cient\u00edfico intelectual y humanista de profundos sentimientos humanos quien dedic\u00f3 su vida a difundir y a defender todos aquellos valores que tienen que ver con la libertad, igualdad y la dignidad del ser humano.<\/p>\n<p>\n\n\u00a0 En el 1952 las Naciones Unidas le concedi\u00f3 una beca al Director del Registro Demogr\u00e1fico y Estad\u00edsticas del Departamento de Salud de Puerto Rico, el se\u00f1or Jos\u00e9 Luis Janer Mend\u00eda.\u00a0 Dicha distinci\u00f3n consist\u00eda que por seis meses estar\u00eda visitando a Suiza, Inglaterra, Francia e Italia con el prop\u00f3sito de estudiar todo lo relacionado al aspecto demogr\u00e1fico de dichos pa\u00edses.<\/p>\n<p>\n\nEl\u00a0doctor\u00a0Jos\u00e9 Luis Janer Mend\u00eda fue miembro fundador de la m\u00e1s conocida y prestigiosa de todas las asociaciones de dem\u00f3grafos en el mundo,\u00a0<em>La Uni\u00f3n Internacional para el Estudio Cient\u00edfico de la Poblaci\u00f3n<\/em>\u00a0(<a href=\"https:\/\/www.iussp.org\/\">IUSSP<\/a>), con sede en Lieja, B\u00e9lgica.<\/p>\n<p>\n\nEl\u00a0doctor\u00a0Jos\u00e9 Luis Janer Mend\u00eda por m\u00e1s de 15 a\u00f1os de su vida profesional fue miembro del Comit\u00e9 de Expertos en Estad\u00edsticas de Salud de la Organizaci\u00f3n Mundial de la Salud.<\/p>\n<p>\n\nEn el a\u00f1o 1982 el Recinto de Ciencias M\u00e9dicas de la Universidad de Puerto Rico le confiere a Jos\u00e9 Luis Janer Mend\u00eda el grado de Doctor Honoris Causa.<\/p>\n<p>[\/vc_column_text][vc_empty_space][vc_column_text]<\/p>\n<p>Janer, Jos\u00e9. (1948). <a href=\"https:\/\/rcm1.rcm.upr.edu\/demografia\/wp-content\/uploads\/sites\/30\/2022\/02\/Jose_Janer_1948_La_esperanza_de_vida_actual_de_los_puertorriquenos_y_algunas_de_sus_implicaciones.pdf\" target=\"_blank\" rel=\"noopener\">La esperanza de vida actual de los puertorrique\u00f1os y algunas de sus implicaciones.<\/a><\/p>\n<p>Janer, Jos\u00e9. (1949).\u00a0<a href=\"https:\/\/rcm1.rcm.upr.edu\/demografia\/wp-content\/uploads\/sites\/30\/2022\/02\/Jose_Janer_1949_La_superpoblacion_en_Puerto_Rico.pdf\" target=\"_blank\" rel=\"noopener\">La superpoblaci\u00f3n en Puerto Rico.<\/a><\/p>\n<p>Janer, Jos\u00e9. (1952).\u00a0<a href=\"https:\/\/rcm1.rcm.upr.edu\/demografia\/wp-content\/uploads\/sites\/30\/2022\/02\/Jose_Janer_1952_El_actual_promedio_de_vida_de_los_puertorriquenos.pdf\" target=\"_blank\" rel=\"noopener\">El actual promedio de vida de los puertorrique\u00f1os: Significado y limitaciones del concepto.<\/a><\/p>\n<p>Rodr\u00edguez Pastor, Jos\u00e9, &amp; Janer, Jos\u00e9. (1955).\u00a0<a href=\"https:\/\/rcm1.rcm.upr.edu\/demografia\/wp-content\/uploads\/sites\/30\/2022\/02\/Jose_Janer_1955_Tuberculosis_mortality_in_Puerto_Rico_since_1950.pdf\" target=\"_blank\" rel=\"noopener\">Tuberculosis mortality in Puerto Rico since 1950.<\/a><\/p>\n<p>Janer, Jos\u00e9. (1958).\u00a0<a href=\"https:\/\/rcm1.rcm.upr.edu\/demografia\/wp-content\/uploads\/sites\/30\/2022\/02\/Jose_Janer_1958_Vital_statistics_system_of_the_Commonwealth_of_Puerto_Rico.pdf\" target=\"_blank\" rel=\"noopener\">Vital statistics system of the Commonwealth of Puerto Rico.<\/a><\/p>\n<p>Masi, Alfonse T., Timothee, Rafael, Janer, Jos\u00e9, &amp; Mari\u00f1elarena, Rafael. (1959).\u00a0<a href=\"https:\/\/rcm1.rcm.upr.edu\/demografia\/wp-content\/uploads\/sites\/30\/2022\/02\/Jose_Janer_1959_Epidemia_de_influencia_asiatica_en_Puerto_Rico.pdf\" target=\"_blank\" rel=\"noopener\">Epidemia de influencia asi\u00e1tica en Puerto Rico.<\/a><\/p>\n<p>Janer, Jos\u00e9, &amp; Arbona, Guillermo. (1963). <a href=\"https:\/\/rcm1.rcm.upr.edu\/demografia\/wp-content\/uploads\/sites\/30\/2022\/02\/Jose_Janer_1963_La_importancia_de_la_demografia_en_la_planificacion_de_la_salud.pdf\" target=\"_blank\" rel=\"noopener\">La importancia de la demograf\u00eda en la planificaci\u00f3n de la salud y el bienestar en Am\u00e9rica Latina.<\/a><\/p>\n<p>Janer, Jos\u00e9, &amp;\u00a0Arbona,\u00a0Guillermo. (nd).\u00a0<a href=\"https:\/\/rcm1.rcm.upr.edu\/demografia\/wp-content\/uploads\/sites\/30\/2022\/02\/Jose_Janer_Como_afectan_nuestras_caracteristicas_demograficas_en_el_programa_de_salud_publica.pdf\" target=\"_blank\" rel=\"noopener\">C\u00f3mo afectan nuestras caracter\u00edsticas demogr\u00e1ficas en el Programa de Salud P\u00fablica.<\/a><\/p>\n<p>[\/vc_column_text][\/vc_column][\/vc_row]<\/p><\/div>","protected":false},"excerpt":{"rendered":"<p>[vc_row][vc_column][vc_empty_space][vc_column_text] (1909-1985) Jos\u00e9 Luis Janer Mend\u00eda naci\u00f3 en San Juan, Puerto Rico en el 1909.\u00a0 Realiz\u00f3 sus estudios acad\u00e9micos en la Universidad de Puerto Rico y en los Estados Unidos en la Universidad de John Hopkins en Baltimor, donde obtuvo el grado de Maestr\u00eda en Ciencias con concentraci\u00f3n en bioestad\u00edsticas.\u00a0 Fue un disc\u00edpulo aprovechado de&hellip;<\/p>\n","protected":false},"author":1,"featured_media":0,"parent":0,"menu_order":0,"comment_status":"closed","ping_status":"closed","template":"template-microsite.php","meta":{"footnotes":""},"class_list":["post-3187","page","type-page","status-publish","hentry","description-off"],"aioseo_notices":[],"_links":{"self":[{"href":"https:\/\/rcm1.rcm.upr.edu\/demografia\/wp-json\/wp\/v2\/pages\/3187","targetHints":{"allow":["GET"]}}],"collection":[{"href":"https:\/\/rcm1.rcm.upr.edu\/demografia\/wp-json\/wp\/v2\/pages"}],"about":[{"href":"https:\/\/rcm1.rcm.upr.edu\/demografia\/wp-json\/wp\/v2\/types\/page"}],"author":[{"embeddable":true,"href":"https:\/\/rcm1.rcm.upr.edu\/demografia\/wp-json\/wp\/v2\/users\/1"}],"replies":[{"embeddable":true,"href":"https:\/\/rcm1.rcm.upr.edu\/demografia\/wp-json\/wp\/v2\/comments?post=3187"}],"version-history":[{"count":0,"href":"https:\/\/rcm1.rcm.upr.edu\/demografia\/wp-json\/wp\/v2\/pages\/3187\/revisions"}],"wp:attachment":[{"href":"https:\/\/rcm1.rcm.upr.edu\/demografia\/wp-json\/wp\/v2\/media?parent=3187"}],"curies":[{"name":"wp","href":"https:\/\/api.w.org\/{rel}","templated":true}]}}