{"id":3191,"date":"2020-05-04T13:32:57","date_gmt":"2020-05-04T13:32:57","guid":{"rendered":"https:\/\/demografia.rcm.upr.edu\/?page_id=3191"},"modified":"2020-05-04T13:32:57","modified_gmt":"2020-05-04T13:32:57","slug":"filosofia-y-mision","status":"publish","type":"page","link":"https:\/\/rcm1.rcm.upr.edu\/demografia\/filosofia-y-mision\/","title":{"rendered":"Filosof\u00eda y Misi\u00f3n"},"content":{"rendered":"<div class=\"wpb-content-wrapper\"><p>[vc_row][vc_column]<div id=\"ultimate-heading-732069ded320d61d9\" class=\"uvc-heading ult-adjust-bottom-margin ultimate-heading-732069ded320d61d9 uvc-3925  uvc-heading-default-font-sizes\" data-hspacer=\"line_only\"  data-halign=\"left\" style=\"text-align:left\"><div class=\"uvc-main-heading ult-responsive\"  data-ultimate-target='.uvc-heading.ultimate-heading-732069ded320d61d9 h2'  data-responsive-json-new='{\"font-size\":\"\",\"line-height\":\"\"}' ><h2 style=\"--font-weight:theme;\">Filosof\u00eda y Misi\u00f3n<\/h2><\/div><div class=\"uvc-heading-spacer line_only\" style=\"topheight:1px;\"><span class=\"uvc-headings-line\" style=\"border-style:solid;border-bottom-width:1px;border-color:#ccc;width:autopx;\"><\/span><\/div><\/div>[vc_empty_space][vc_column_text]La poblaci\u00f3n es el objeto de estudio del quehacer cient\u00edfico. La ciencia le ha asignado a ciertas disciplinas el estudio de aspectos espec\u00edficos de la poblaci\u00f3n siendo la responsabilidad de la disciplina demogr\u00e1fica el estudiar el estado y la din\u00e1mica de esas poblaciones dentro del marco general del pensamiento y del m\u00e9todo cient\u00edfico.<\/p>\n\n<p>[\/vc_column_text][vc_empty_space][vc_column_text]<\/p>\n\n<p>\n\nPara poder realizar esta responsabilidad, el Programa Graduado de Demograf\u00eda reconoce que:<\/p>\n\n<p>&nbsp;<\/p>\n\n<ol class=\"wp-block-list\">\n<li>Los cambios poblaciones son aspectos relevantes al desarrollo socioecon\u00f3mico y de salud de un pa\u00eds.<\/li>\n<li>Existen otros aspectos tales como, el desarrollo de las estructuras sociales y econ\u00f3micas y las condiciones ambientales que son determinantes del desarrollo socioecon\u00f3mico y de la situaci\u00f3n de la salud de un pa\u00eds.<\/li>\n<li>El an\u00e1lisis poblacional debe partir desde una concepci\u00f3n interdisciplinaria, en el cual se plantea una estrecha interdependencia entre los componentes demogr\u00e1ficos y una gran interrelaci\u00f3n entre estos y su medioambiente.<\/li>\n<\/ol>\n\n<p>[\/vc_column_text][vc_empty_space][vc_column_text]<\/p>\n\n<p>En armon\u00eda con esta filosof\u00eda nos comprometemos a la formaci\u00f3n de profesionales que entiendan y compartan la misma para que puedan participar cient\u00edficamente en el an\u00e1lisis poblacional, en la planificaci\u00f3n y en la formulaci\u00f3n de toma de decisiones.Adem\u00e1s, es nuestra misi\u00f3n desarrollar profesionales en los aspectos te\u00f3ricos y metodol\u00f3gicos del campo de la demograf\u00eda para que puedan:<\/p>\n\n<p>&nbsp;<\/p>\n\n<ol class=\"wp-block-list\">\n<li>Participar en la planificaci\u00f3n de actividades y programas dirigidos hacia el mejoramiento de los niveles de vida y el bienestar de las sociedades humanas.<\/li>\n<li>Llevar a cabo investigaciones y asesoramiento en el campo de la demograf\u00eda.<\/li>\n<li>Participar en actividades educativas relativas a la demograf\u00eda.<\/li>\n<li>Participar en el desarrollo y en el mejoramiento de t\u00e9cnicas de an\u00e1lisis demogr\u00e1fico.<\/li>\n<\/ol>\n<p><!-- \/wp:post-content -->[\/vc_column_text][\/vc_column][\/vc_row]<\/p><\/div>","protected":false},"excerpt":{"rendered":"<p>[vc_row][vc_column][vc_empty_space][vc_column_text]La poblaci\u00f3n es el objeto de estudio del quehacer cient\u00edfico. La ciencia le ha asignado a ciertas disciplinas el estudio de aspectos espec\u00edficos de la poblaci\u00f3n siendo la responsabilidad de la disciplina demogr\u00e1fica el estudiar el estado y la din\u00e1mica de esas poblaciones dentro del marco general del pensamiento y del m\u00e9todo cient\u00edfico. [\/vc_column_text][vc_empty_space][vc_column_text] Para&hellip;<\/p>\n","protected":false},"author":1,"featured_media":0,"parent":0,"menu_order":0,"comment_status":"closed","ping_status":"closed","template":"template-microsite.php","meta":{"footnotes":""},"class_list":["post-3191","page","type-page","status-publish","hentry","description-off"],"aioseo_notices":[],"_links":{"self":[{"href":"https:\/\/rcm1.rcm.upr.edu\/demografia\/wp-json\/wp\/v2\/pages\/3191","targetHints":{"allow":["GET"]}}],"collection":[{"href":"https:\/\/rcm1.rcm.upr.edu\/demografia\/wp-json\/wp\/v2\/pages"}],"about":[{"href":"https:\/\/rcm1.rcm.upr.edu\/demografia\/wp-json\/wp\/v2\/types\/page"}],"author":[{"embeddable":true,"href":"https:\/\/rcm1.rcm.upr.edu\/demografia\/wp-json\/wp\/v2\/users\/1"}],"replies":[{"embeddable":true,"href":"https:\/\/rcm1.rcm.upr.edu\/demografia\/wp-json\/wp\/v2\/comments?post=3191"}],"version-history":[{"count":0,"href":"https:\/\/rcm1.rcm.upr.edu\/demografia\/wp-json\/wp\/v2\/pages\/3191\/revisions"}],"wp:attachment":[{"href":"https:\/\/rcm1.rcm.upr.edu\/demografia\/wp-json\/wp\/v2\/media?parent=3191"}],"curies":[{"name":"wp","href":"https:\/\/api.w.org\/{rel}","templated":true}]}}