{"id":3201,"date":"2020-04-24T01:41:23","date_gmt":"2020-04-24T01:41:23","guid":{"rendered":"https:\/\/demografia.rcm.upr.edu\/?page_id=3201"},"modified":"2020-04-24T01:41:23","modified_gmt":"2020-04-24T01:41:23","slug":"normas-editoriales","status":"publish","type":"page","link":"https:\/\/rcm1.rcm.upr.edu\/demografia\/normas-editoriales\/","title":{"rendered":"Normas Editoriales"},"content":{"rendered":"<div class=\"wpb-content-wrapper\"><p>[vc_row][vc_column]<div id=\"ultimate-heading-840169ded32078464\" class=\"uvc-heading ult-adjust-bottom-margin ultimate-heading-840169ded32078464 uvc-8661  uvc-heading-default-font-sizes\" data-hspacer=\"line_only\"  data-halign=\"left\" style=\"text-align:left\"><div class=\"uvc-main-heading ult-responsive\"  data-ultimate-target='.uvc-heading.ultimate-heading-840169ded32078464 h2'  data-responsive-json-new='{\"font-size\":\"\",\"line-height\":\"\"}' ><h2 style=\"--font-weight:theme;\">Normas Editoriales<\/h2><\/div><div class=\"uvc-heading-spacer line_only\" style=\"topheight:1px;\"><span class=\"uvc-headings-line\" style=\"border-style:solid;border-bottom-width:1px;border-color:#ccc;width:autopx;\"><\/span><\/div><\/div>[vc_empty_space][vc_column_text]<\/p>\n<p><strong>CIDE<\/strong>\u00a0<em>digital<\/em>\u00a0\u00a0es una publicaci\u00f3n semestral bajo un formato electr\u00f3nico de car\u00e1cter acad\u00e9mico que incluye trabajos emp\u00edricos, te\u00f3ricos, hist\u00f3ricos y metodol\u00f3gicos con contenidos demogr\u00e1ficos o relacionados con alg\u00fan t\u00f3pico relativo a los estudios de poblaci\u00f3n. Dem\u00f3grafos,\u00a0acad\u00e9micos, investigadores o estudiantes graduados interesados en la difusi\u00f3n de los resultados de sus trabajos, pueden enviar sus contribuciones.<\/p>\n<p>[\/vc_column_text][vc_empty_space][vc_column_text]<\/p>\n<p><strong>Evaluaci\u00f3n<\/strong><\/p>\n<ol>\n<li>Para ser considerado\u00a0el manuscritos,\u00a0deben ser enviados\u00a0por correo electr\u00f3nico al Editor de CIDE\u00a0<em>digital<\/em>. De surgir problemas t\u00e9cnicos, se le requerir\u00e1 al autor que lo entregue en\u00a0 \u201cCD\u201d y\/o en papel.<\/li>\n<li>La Junta Editorial aceptar\u00e1 aquellos trabajos que sean originales y a\u00fan no hayan sido publicados.<\/li>\n<li>Como\u00a0excepci\u00f3n y si lo acuerda la Junta Editorial, se pueden publicar trabajos no in\u00e9ditos. En este caso se incluir\u00e1n los datos de la anterior publicaci\u00f3n en el documento y el autor se har\u00e1 responsable de solicitar las debidas autorizaciones que evidencien que el mismo puede publicarse libremente en CIDE\u00a0<em>digital<\/em>.<\/li>\n<li>Todo art\u00edculo enviado ser\u00e1 considerado por la Junta Editorial, sin que ello implique la obligatoriedad de su publicaci\u00f3n.<\/li>\n<li>Si dicha Junta Editorial considera pertinente el art\u00edculo dentro del perfil tem\u00e1tico de la revista, ser\u00e1 enviado a por lo menos un miembro del \u00a0Comit\u00e9 Asesor Cient\u00edfico que se encargar\u00e1 de evaluarlo, utilizando el sistema de doble ciego (omitiendo el nombre del autor o autores y de la instituci\u00f3n del cual proviene).<\/li>\n<li>El\u00a0manuscrito aunque no sufra variaciones significativas en su contenido original, la forma del documento\u00a0muy bien\u00a0 podr\u00e1 ser alterada\u00a0 (tipo y tama\u00f1o de letra, alineaciones, m\u00e1rgenes, numeraci\u00f3n de p\u00e1ginas.).<\/li>\n<li>Si el art\u00edculo es aceptado, el Editor informar\u00e1 por escrito, a la persona que somete el mismo, en qu\u00e9 n\u00famero de la Revista aparecer\u00e1 publicado el art\u00edculo.\u00a0 El producto final ser\u00e1 presentado electr\u00f3nicamente bajo el formato de PDF.<\/li>\n<\/ol>\n<p>[\/vc_column_text][vc_empty_space][vc_column_text]<\/p>\n<p><strong>Formato del manuscrito<\/strong><\/p>\n<ol>\n<li>Se requerir\u00e1 que la redacci\u00f3n y el estilo a seguir en el manuscrito sea la \u00faltima versi\u00f3n de APA (The Publication Manual of the American Psychological Association), a menos que en alguna instancia del mismo se le sugiera lo contrario.<\/li>\n<li>El\u00a0texto del manuscrito debe estar escrito en el formato de\u00a0Microsoft Word (XP, 2000, 2003, 2007, Vista)\u00a0u otro procesador compatible con Windows.<\/li>\n<li>La p\u00e1gina inicial de cada manuscrito deber\u00e1 contener: t\u00edtulo, autor(es), su afiliaci\u00f3n institucional, la profesi\u00f3n del autor o autores, direcci\u00f3n particular completa y del centro de trabajo, correo electr\u00f3nico, tel\u00e9fono y otra informaci\u00f3n de contacto.<\/li>\n<li>El manuscrito deber\u00e1 ir precedido de una hoja con el t\u00edtulo y un resumen, que ser\u00e1 escrito\u00a0tanto\u00a0en espa\u00f1ol\u00a0como\u00a0en ingl\u00e9s,\u00a0y\u00a0no exceder\u00e1 de 250 palabras. El\u00a0mismo describir\u00e1 el objetivo del art\u00edculo, su metodolog\u00eda, sus principales hallazgo y las conclusiones. Adicional deber\u00e1 incluir\u00a0al menos de tres a cinco palabras claves\u00a0(<em>key words<\/em>)\u00a0que identifiquen el contenido del escrito. Sugerencia, pueden ser extra\u00eddas del Tesauro Multiling\u00fce dePOPIN.<\/li>\n<li>El\u00a0manuscrito debe tener un promedio de 10 a 20 p\u00e1ginas, en un tama\u00f1o carta (8.5 x 11), a uno y medio espacio por l\u00edneas, el tipo de letra Ariel\u00a012 y\u00a0todas las p\u00e1ginas ir\u00e1n numeradas correlativamente al margen superior derecho.<\/li>\n<li>En lo que sea posible la estructura del manuscrito debe seguir el siguiente orden: Introducci\u00f3n, metodolog\u00eda o m\u00e9todo, hallazgos, discusi\u00f3n o conclusi\u00f3n, referencias.<\/li>\n<li>La primera vez que se emplee una sigla en el texto se especificar\u00e1 primero su equivalencia completa y despu\u00e9s la sigla.<\/li>\n<li>Si aplica, las\u00a0citas bibliogr\u00e1ficas en el texto deber\u00e1n incluir entre par\u00e9ntesis s\u00f3lo el apellido del autor, la fecha de publicaci\u00f3n y el n\u00famero de p\u00e1gina, en lo que sea posible; por ejemplo: (V\u00e1zquez, 2001: 33-41); (Torres y Afanador; 2005); (Le\u00f3n, 2008: 56).<\/li>\n<li>Los\u00a0agradecimientos (si aplica) del autor por alg\u00fan motivo extraordinario o ha los organismos e instituciones que financiaron el proyecto de investigaci\u00f3n deben ir aparte en una nota que aparecer\u00e1 antes de las referencias bibliogr\u00e1ficas citadas en el art\u00edculo.<\/li>\n<\/ol>\n<p>[\/vc_column_text][vc_empty_space][vc_column_text]<\/p>\n<p><strong>Legalidad y responsabilidades<\/strong><\/p>\n<ol>\n<li>Los trabajos ha publicarse son propiedad de sus correspondientes autores, los cuales han autorizado expresamente su divulgaci\u00f3n en la Revista Electr\u00f3nica CIDE\u00a0<em>digital<\/em>.<\/li>\n<li>Puesto que CIDE\u00a0<em>digital<\/em>\u00a0es una publicaci\u00f3n abierta al alcance de cualquier persona interesada, cada autor debe ocuparse, si es su deseo, de registrar su trabajo en las oficinas de registro de la propiedad intelectual de su pa\u00eds de origen.<\/li>\n<li>CIDE\u00a0<em>digital<\/em>\u00a0no se hace responsable de la verdadera autor\u00eda de los mismos. Cualquier reclamaci\u00f3n al respecto deber\u00e1 cursarse a los autores del trabajo causante del conflicto.<\/li>\n<li>En relaci\u00f3n con los derechos de autor, si el trabajo es in\u00e9dito y publicado por primera vez en CIDE\u00a0<em>digital<\/em>\u00a0, el autor o los autores pueden utilizar sus derechos para publicar sus trabajos en cualquier otra publicaci\u00f3n con el \u00fanico requisito de reconocer la previa aparici\u00f3n en nuestra publicaci\u00f3n, incluyendo el nombre y el dominio de la red de CIDE\u00a0<em>digital<\/em>.<\/li>\n<\/ol>\n<p>[\/vc_column_text][\/vc_column][\/vc_row]<\/p>\n<\/div>","protected":false},"excerpt":{"rendered":"<p>[vc_row][vc_column][vc_empty_space][vc_column_text] CIDE\u00a0digital\u00a0\u00a0es una publicaci\u00f3n semestral bajo un formato electr\u00f3nico de car\u00e1cter acad\u00e9mico que incluye trabajos emp\u00edricos, te\u00f3ricos, hist\u00f3ricos y metodol\u00f3gicos con contenidos demogr\u00e1ficos o relacionados con alg\u00fan t\u00f3pico relativo a los estudios de poblaci\u00f3n. Dem\u00f3grafos,\u00a0acad\u00e9micos, investigadores o estudiantes graduados interesados en la difusi\u00f3n de los resultados de sus trabajos, pueden enviar sus contribuciones. [\/vc_column_text][vc_empty_space][vc_column_text] Evaluaci\u00f3n&hellip;<\/p>\n","protected":false},"author":1,"featured_media":0,"parent":0,"menu_order":0,"comment_status":"closed","ping_status":"closed","template":"template-microsite.php","meta":{"footnotes":""},"class_list":["post-3201","page","type-page","status-publish","hentry","description-off"],"aioseo_notices":[],"_links":{"self":[{"href":"https:\/\/rcm1.rcm.upr.edu\/demografia\/wp-json\/wp\/v2\/pages\/3201","targetHints":{"allow":["GET"]}}],"collection":[{"href":"https:\/\/rcm1.rcm.upr.edu\/demografia\/wp-json\/wp\/v2\/pages"}],"about":[{"href":"https:\/\/rcm1.rcm.upr.edu\/demografia\/wp-json\/wp\/v2\/types\/page"}],"author":[{"embeddable":true,"href":"https:\/\/rcm1.rcm.upr.edu\/demografia\/wp-json\/wp\/v2\/users\/1"}],"replies":[{"embeddable":true,"href":"https:\/\/rcm1.rcm.upr.edu\/demografia\/wp-json\/wp\/v2\/comments?post=3201"}],"version-history":[{"count":0,"href":"https:\/\/rcm1.rcm.upr.edu\/demografia\/wp-json\/wp\/v2\/pages\/3201\/revisions"}],"wp:attachment":[{"href":"https:\/\/rcm1.rcm.upr.edu\/demografia\/wp-json\/wp\/v2\/media?parent=3201"}],"curies":[{"name":"wp","href":"https:\/\/api.w.org\/{rel}","templated":true}]}}