{"id":5056,"date":"2020-09-16T19:50:49","date_gmt":"2020-09-16T19:50:49","guid":{"rendered":"https:\/\/demografia.rcm.upr.edu\/?page_id=5056"},"modified":"2020-09-16T19:50:49","modified_gmt":"2020-09-16T19:50:49","slug":"tesis-defendidas","status":"publish","type":"page","link":"https:\/\/rcm1.rcm.upr.edu\/demografia\/tesis-defendidas\/","title":{"rendered":"Tesis Defendidas en el Programa"},"content":{"rendered":"<div class=\"wpb-content-wrapper\"><p>[vc_row][vc_column]<div id=\"ultimate-heading-551169f0341cad30f\" class=\"uvc-heading ult-adjust-bottom-margin ultimate-heading-551169f0341cad30f uvc-2890  uvc-heading-default-font-sizes\" data-hspacer=\"line_only\"  data-halign=\"left\" style=\"text-align:left\"><div class=\"uvc-main-heading ult-responsive\"  data-ultimate-target='.uvc-heading.ultimate-heading-551169f0341cad30f h2'  data-responsive-json-new='{\"font-size\":\"\",\"line-height\":\"\"}' ><h2 style=\"--font-weight:theme;\">Tesis Defendidas en el Programa<\/h2><\/div><div class=\"uvc-heading-spacer line_only\" style=\"topheight:1px;\"><span class=\"uvc-headings-line\" style=\"border-style:solid;border-bottom-width:1px;border-color:#ccc;width:autopx;\"><\/span><\/div><\/div>[vc_empty_space][vc_column_text]El Programa Graduado de Demograf\u00eda requiere dentro de sus requisitos el desarrollo de un proyecto de investigaci\u00f3n para optar por el Grado de Maestr\u00eda en Ciencias en Demograf\u00eda (M.S.) Cada estudiante deber\u00e1 llevar a cabo un proyecto de investigaci\u00f3n (tesis) que aporte sustancialmente al desarrollo de la teor\u00eda, metodolog\u00eda o aplicaci\u00f3n al campo de la demograf\u00eda y ciencias afines. El\/la estudiante demostrar\u00e1 mediante la realizaci\u00f3n de un trabajo de investigaci\u00f3n individual y original: primero, el dominio de las destrezas en el \u00e1rea de la demograf\u00eda; segundo, las destrezas adquiridas en t\u00e9rminos de la planificaci\u00f3n y ejecuci\u00f3n de los elementos que componen una investigaci\u00f3n y tercero, la aplicaci\u00f3n de las estad\u00edsticas seg\u00fan lo requiera el estudio.<\/p>\n<p>[\/vc_column_text][vc_empty_space][vc_column_text]Datos relevantes de la producci\u00f3n de tesis (actualizado el 5 de marzo de 2019):<\/p>\n<ul>\n<li>La maestr\u00eda en Ciencias en Demograf\u00eda ha conferido el grado a<strong> 184 dem\u00f3grafos<\/strong>.<\/li>\n<li>La\u00a0<strong>primera tesis<\/strong>\u00a0presentada en el Programa de Demograf\u00eda fue en el\u00a0<strong>a\u00f1o 1968<\/strong>.<\/li>\n<li>Desde el 1968 al presente se han presentado\u00a0<strong>179 tesis<\/strong>.<\/li>\n<li>Del total de tesis presentadas,\u00a0<strong>175\u00a0<\/strong>han sido escritos por\u00a0<strong>un solo autor<\/strong>.<\/li>\n<li>Solamente\u00a0<strong>4 tesis<\/strong>\u00a0han sido escrito por\u00a0<strong>dos o m\u00e1s autores<\/strong>.<\/li>\n<li>Del total de tesis presentadas, han sido escritas por\u00a0<strong>184 dem\u00f3grafos<\/strong>.<\/li>\n<li><strong>Dos tercera partes<\/strong>\u00a0de las tesis (64%) han sido escritas\u00a0<strong>por mujeres (118)<\/strong>.<\/li>\n<li><strong>Una tercera parte<\/strong>\u00a0de las tesis (36%) han sido escritas\u00a0<strong>por hombres (66).<\/strong><\/li>\n<li>Por cada\u00a0<strong>18 tesis<\/strong>\u00a0escritas por mujeres hay\u00a0<strong>10 tesis<\/strong>\u00a0escritas por hombres.<\/li>\n<li>Sobre un\u00a0<strong>tercio de las tesis (37 %)<\/strong>\u00a0se han presentado en este nuevo siglo (2000-2018).<\/li>\n<\/ul>\n<p>[\/vc_column_text][vc_empty_space][vc_column_text]<strong>Propuestas y Proyecto de Investigaci\u00f3n (Tesis) presentadas por estudiantes<\/strong><\/p>\n<p><strong>(2018) MEDINA DE JES\u00daS, LEIDYMEE.<\/strong> La poblaci\u00f3n extranjera residiendo en Puerto Rico: Sus caracter\u00edsticas sociodemogr\u00e1ficas y distribuciones geogr\u00e1ficas, 2012-2016.<\/p>\n<p><strong>(2017) RODR\u00cdGUEZ MIRANDA, MAR\u00cdA\u00a0CECILIA. <\/strong>Los\u00a0nacimientos prematuros en Puerto Rico para los periodos 2000-2004 y 2012-2014.<\/p>\n<p><strong>(2017) REXACH GUZM\u00c1N, ANGELO L.<\/strong> Caracter\u00edsticas sociodemogr\u00e1ficas y de salud de las madres y los nacimientos concebidos fuera de matrimonio, Puerto Rico: 1981-2014.[\/vc_column_text][\/vc_column][\/vc_row]<\/p>\n<\/div>","protected":false},"excerpt":{"rendered":"<p>[vc_row][vc_column][vc_empty_space][vc_column_text]El Programa Graduado de Demograf\u00eda requiere dentro de sus requisitos el desarrollo de un proyecto de investigaci\u00f3n para optar por el Grado de Maestr\u00eda en Ciencias en Demograf\u00eda (M.S.) Cada estudiante deber\u00e1 llevar a cabo un proyecto de investigaci\u00f3n (tesis) que aporte sustancialmente al desarrollo de la teor\u00eda, metodolog\u00eda o aplicaci\u00f3n al campo de la&hellip;<\/p>\n","protected":false},"author":1,"featured_media":0,"parent":0,"menu_order":0,"comment_status":"closed","ping_status":"closed","template":"template-microsite.php","meta":{"footnotes":""},"class_list":["post-5056","page","type-page","status-publish","hentry","description-off"],"aioseo_notices":[],"_links":{"self":[{"href":"https:\/\/rcm1.rcm.upr.edu\/demografia\/wp-json\/wp\/v2\/pages\/5056","targetHints":{"allow":["GET"]}}],"collection":[{"href":"https:\/\/rcm1.rcm.upr.edu\/demografia\/wp-json\/wp\/v2\/pages"}],"about":[{"href":"https:\/\/rcm1.rcm.upr.edu\/demografia\/wp-json\/wp\/v2\/types\/page"}],"author":[{"embeddable":true,"href":"https:\/\/rcm1.rcm.upr.edu\/demografia\/wp-json\/wp\/v2\/users\/1"}],"replies":[{"embeddable":true,"href":"https:\/\/rcm1.rcm.upr.edu\/demografia\/wp-json\/wp\/v2\/comments?post=5056"}],"version-history":[{"count":0,"href":"https:\/\/rcm1.rcm.upr.edu\/demografia\/wp-json\/wp\/v2\/pages\/5056\/revisions"}],"wp:attachment":[{"href":"https:\/\/rcm1.rcm.upr.edu\/demografia\/wp-json\/wp\/v2\/media?parent=5056"}],"curies":[{"name":"wp","href":"https:\/\/api.w.org\/{rel}","templated":true}]}}