{"id":1490,"date":"2016-06-29T13:47:50","date_gmt":"2016-06-29T17:47:50","guid":{"rendered":"http:\/\/enfermeria.rcm.upr.edu\/programas-academicos\/"},"modified":"2025-04-30T12:11:54","modified_gmt":"2025-04-30T12:11:54","slug":"programas-academicos","status":"publish","type":"page","link":"https:\/\/rcm1.rcm.upr.edu\/enfermeria\/programas-academicos\/","title":{"rendered":"Programas Acad\u00e9micos"},"content":{"rendered":"<section class=\"wpb-content-wrapper\"><p>[vc_row][vc_column][vc_column_text]<strong>Bachillerato<\/strong><\/p>\n<ul>\n<li><a href=\"https:\/\/rcm1.rcm.upr.edu\/enfermeria\/programas-academicos\/bachillerato\/\" target=\"_blank\" rel=\"noopener noreferrer\">Bachillerato en Ciencias en Enfermer\u00eda<\/a><\/li>\n<\/ul>\n<p>&nbsp;<\/p>\n<p><strong>Maestr\u00eda<\/strong><\/p>\n<ul>\n<li><a href=\"https:\/\/rcm1.rcm.upr.edu\/enfermeria\/programas-academicos\/maestria\/maestria-general\/\" target=\"_blank\" rel=\"noopener noreferrer\">Maestr\u00eda en Ciencias en Enfermer\u00eda (General)<\/a><\/li>\n<\/ul>\n<p>&nbsp;<\/p>\n<p><strong>Doctorado<\/strong><\/p>\n<ul>\n<li><a href=\"https:\/\/rcm1.rcm.upr.edu\/enfermeria\/programas-academicos\/doctorado\/\" target=\"_blank\" rel=\"noopener noreferrer\">Doctorado en Filosof\u00eda en Enfermer\u00eda (Ph.D.)<\/a><\/li>\n<li><a href=\"https:\/\/rcm1.rcm.upr.edu\/enfermeria\/dnp-sa\/\">Doctor of Nursing Practice with Specialty in Anesthesia (DNP-SA)<\/a><\/li>\n<\/ul>\n<p>[\/vc_column_text][\/vc_column][\/vc_row]<\/p>\n<\/section>","protected":false},"excerpt":{"rendered":"<p>[vc_row][vc_column][vc_column_text]Bachillerato Bachillerato en Ciencias en Enfermer\u00eda &nbsp; Maestr\u00eda Maestr\u00eda en Ciencias en Enfermer\u00eda (General) &nbsp; Doctorado Doctorado en Filosof\u00eda en Enfermer\u00eda (Ph.D.) Doctor of Nursing Practice with Specialty in Anesthesia (DNP-SA) [\/vc_column_text][\/vc_column][\/vc_row]<\/p>\n","protected":false},"author":1,"featured_media":0,"parent":0,"menu_order":0,"comment_status":"closed","ping_status":"closed","template":"template-microsite.php","meta":{"footnotes":""},"class_list":["post-1490","page","type-page","status-publish","hentry","description-off"],"jetpack_sharing_enabled":true,"_links":{"self":[{"href":"https:\/\/rcm1.rcm.upr.edu\/enfermeria\/wp-json\/wp\/v2\/pages\/1490","targetHints":{"allow":["GET"]}}],"collection":[{"href":"https:\/\/rcm1.rcm.upr.edu\/enfermeria\/wp-json\/wp\/v2\/pages"}],"about":[{"href":"https:\/\/rcm1.rcm.upr.edu\/enfermeria\/wp-json\/wp\/v2\/types\/page"}],"author":[{"embeddable":true,"href":"https:\/\/rcm1.rcm.upr.edu\/enfermeria\/wp-json\/wp\/v2\/users\/1"}],"replies":[{"embeddable":true,"href":"https:\/\/rcm1.rcm.upr.edu\/enfermeria\/wp-json\/wp\/v2\/comments?post=1490"}],"version-history":[{"count":3,"href":"https:\/\/rcm1.rcm.upr.edu\/enfermeria\/wp-json\/wp\/v2\/pages\/1490\/revisions"}],"predecessor-version":[{"id":4244,"href":"https:\/\/rcm1.rcm.upr.edu\/enfermeria\/wp-json\/wp\/v2\/pages\/1490\/revisions\/4244"}],"wp:attachment":[{"href":"https:\/\/rcm1.rcm.upr.edu\/enfermeria\/wp-json\/wp\/v2\/media?parent=1490"}],"curies":[{"name":"wp","href":"https:\/\/api.w.org\/{rel}","templated":true}]}}