{"id":1492,"date":"2016-06-29T13:49:20","date_gmt":"2016-06-29T17:49:20","guid":{"rendered":"http:\/\/enfermeria.rcm.upr.edu\/programas-academicos\/doctorado\/"},"modified":"2025-12-15T12:25:40","modified_gmt":"2025-12-15T12:25:40","slug":"doctorado","status":"publish","type":"page","link":"https:\/\/rcm1.rcm.upr.edu\/enfermeria\/programas-academicos\/doctorado\/","title":{"rendered":"Doctorado en Filosof\u00eda en Enfermer\u00eda (Ph.D.)"},"content":{"rendered":"<section class=\"wpb-content-wrapper\"><p>[vc_row][vc_column][vc_column_text]El Doctorado en Filosof\u00eda en Enfermer\u00eda, como programa enfocado en investigaci\u00f3n, prepara estudiantes en el inquirir intelectual para conducir investigaci\u00f3n de forma independiente con el prop\u00f3sito de expandir el conocimiento de la enfermer\u00eda y mejorar su pr\u00e1ctica.[\/vc_column_text][\/vc_column][\/vc_row][vc_row][vc_column][vc_column_text]<\/p>\n<h3>Objetivos del Programa<\/h3>\n<p>El estudiante de PhD que complete este programa adquirir\u00e1 conocimientos sustantivos, significativos y habilidades para:<\/p>\n<ol>\n<li>Evaluar teor\u00edas con el fin de promover la expansi\u00f3n de las bases te\u00f3ricas de los modelos de pr\u00e1ctica de enfermer\u00eda.<\/li>\n<li>Conducir estudios de investigaci\u00f3n que reflejen el compromiso hacia las dimensiones l\u00f3gicas, \u00e9ticas y epistemol\u00f3gicas que contribuyen al desarrollo del conocimiento para el avance de la disciplina de enfermer\u00eda y de modelos de intervenci\u00f3n.<\/li>\n<li>Ejercer el liderazgo como investigador\/a en la generaci\u00f3n y aplicaci\u00f3n de nuevos conocimientos para avanzar la profesi\u00f3n y contribuir a la pr\u00e1ctica de la enfermer\u00eda basada en la evidencia.<\/li>\n<li>Trabajar en colaboraci\u00f3n con otros profesionales de la salud, as\u00ed como profesionales de otras disciplinas, en la investigaci\u00f3n culturalmente relevante.<\/li>\n<li>Elaborar proyectos de pol\u00edtica p\u00fablica, basados en evidencia cient\u00edfica orientados a tratar problemas relacionados con la prestaci\u00f3n de servicios en los escenarios de trabajo, gobierno, profesionales y comunitarios.<\/li>\n<li>Utilizar el inquirir cient\u00edfico para la soluci\u00f3n de problemas y toma de decisiones sobre controversias relacionadas con la pr\u00e1ctica de la disciplina.<\/li>\n<\/ol>\n<p>[\/vc_column_text][vc_column_text]<div class='w3eden'><!-- WPDM Link Template: Default Template -->\n\n<div class=\"link-template-default card mb-2\">\n    <div class=\"card-body\">\n        <div class=\"media\">\n            <div class=\"mr-3 img-48\"><img decoding=\"async\" class=\"wpdm_icon\" alt=\"Icon\" src=\"https:\/\/rcm1.rcm.upr.edu\/enfermeria\/wp-content\/plugins\/download-manager\/assets\/file-type-icons\/pdf.svg\" \/><\/div>\n            <div class=\"media-body\">\n                <h3 class=\"package-title\"><a href='https:\/\/rcm1.rcm.upr.edu\/enfermeria\/download\/phd-opusculo\/'>PhD (Op\u00fasculo )<\/a><\/h3>\n                <div class=\"text-muted text-small\"><i class=\"fas fa-copy\"><\/i> 1 file(s) <i class=\"fas fa-hdd ml-3\"><\/i> 2.40 MB<\/div>\n            <\/div>\n            <div class=\"ml-3\">\n                <a class='wpdm-download-link download-on-click btn btn-info ' rel='nofollow' href='#' data-downloadurl=\"https:\/\/rcm1.rcm.upr.edu\/enfermeria\/download\/phd-opusculo\/?wpdmdl=4238&refresh=69d91a034fcd11775835651\">Download<\/a>\n            <\/div>\n        <\/div>\n    <\/div>\n<\/div>\n\n<\/div>[\/vc_column_text][vc_column_text]<\/p>\n<h3 id=\"dns-fecha-limite\">Fecha L\u00edmite de Admisi\u00f3n<\/h3>\n<p>15 de mayo de 2026[\/vc_column_text][vc_column_text]<\/p>\n<h3 id=\"dns-proceso-admision\">Proceso de Admisi\u00f3n<\/h3>\n<p>El candidato debe obtener 70% o m\u00e1s, como resultado de la suma de los siguientes criterios, para ser considerado como candidato para admisi\u00f3n: GPA del grado de BSN (10%), GPA del grado de maestr\u00eda (10%), ensayo de metas profesionales e inter\u00e9s de investigaci\u00f3n (25%), escrito erudito (30%) y entrevista con facultad del Programa Graduado (25%). Candidatos con documentos incompletos no ser\u00e1n considerados.<\/p>\n<p>Complete la\u00a0<a href=\"https:\/\/solicitud.upr.edu\/\" target=\"_blank\" rel=\"noopener\">Solicitud Electr\u00f3nica de Admisi\u00f3n al Recinto de Ciencias M\u00e9dicas<\/a>.[\/vc_column_text][vc_column_text]<\/p>\n<ul>\n<li>Profesional de enfermer\u00eda con grado de bachillerato en ciencias en enfermer\u00eda y maestr\u00eda en ciencias de enfermer\u00eda o maestr\u00eda en cualquier otro campo de una universidad acreditada con un GPA m\u00ednimo de 3.00 (en una escala de 4.00). Debe presentar una transcripci\u00f3n oficial de todos los grados acad\u00e9micos obtenidos a nivel subgraduado en enfermer\u00eda y graduado. Si el candidato solicita admisi\u00f3n mientras completa su maestr\u00eda, la admisi\u00f3n al Programa de PhD en Enfermer\u00eda estar\u00e1 condicionada a la presentaci\u00f3n de evidencia de haber completado la maestr\u00eda exitosamente.<\/li>\n<li>Licencia actualizada para practicar la enfermer\u00eda en Puerto Rico o en su pa\u00eds de origen.<\/li>\n<li>Evidencia de tener un a\u00f1o de experiencia en la pr\u00e1ctica de enfermer\u00eda.<\/li>\n<li>Presentar evidencia de haber completado un curso de estad\u00edstica o su equivalente a nivel graduado. Es preferible tener un curso de investigaci\u00f3n a nivel graduado.<\/li>\n<li>Curriculum vitae actualizado: un resumen de la educaci\u00f3n obtenida, empleos y experiencias pr\u00e1cticas, honores, reconocimientos, investigaciones, publicaciones y presentaciones realizadas.<\/li>\n<li>Tres (3) cartas de recomendaci\u00f3n, de un acad\u00e9mico, de un empleador y de un profesional, que puedan comentar sobre su potencial para realizar estudios doctorales. Al menos uno de \u00e9stos debe poseer un grado doctoral.\n<ul>\n<li><a href=\"https:\/\/rcm1.rcm.upr.edu\/enfermeria\/wp-content\/uploads\/2022\/03\/Recommendation-Form-for-Applicants-PhD.pdf\">Recommendation Form for Applicants- Doctor of Philosophy in Nursing (PhD)<\/a><\/li>\n<\/ul>\n<\/li>\n<li>Un ensayo que aborde (a) su declaraci\u00f3n personal, (b) su declaraci\u00f3n de objetivos profesionales a corto plazo enfocada en los estudios de doctorado en investigaci\u00f3n en enfermer\u00eda y (c) sus planes profesionales a largo plazo y las contribuciones que espera hacer a la profesi\u00f3n de enfermer\u00eda. Utilice una hoja separada para cada \u00e1rea y limite el ensayo a 3 p\u00e1ginas, a doble espacio, fuente Arial de 11 puntos. Incluya su nombre y n\u00famero de p\u00e1gina en el documento.<\/li>\n<li>Un breve escrito acad\u00e9mico que incluya su \u00e1rea de investigaci\u00f3n de inter\u00e9s*, el planteamiento del problema, los antecedentes, el prop\u00f3sito de la investigaci\u00f3n prevista y el posible impacto de su investigaci\u00f3n en la pr\u00e1ctica de enfermer\u00eda y el avance de la ciencia de enfermer\u00eda. Incluya citas pertinentes para respaldar el planteamiento del problema y los antecedentes. La lista de referencias en el estilo APA actual. El l\u00edmite es de hasta cinco p\u00e1ginas a doble espacio en fuente Arial de 11 puntos. Incluya su nombre y el n\u00famero de p\u00e1gina en el documento.<\/li>\n<\/ul>\n<p>*Se sugiere que el <a href=\"https:\/\/rcm1.rcm.upr.edu\/enfermeria\/areas-de-interes-en-investigacion\/\">\u00e1rea de inter\u00e9s en investigaci\u00f3n<\/a> de los candidatos est\u00e9 alineada con las \u00e1reas de investigaci\u00f3n de la facultad de la Escuela de Enfermer\u00eda.[\/vc_column_text][vc_column_text]<\/p>\n<h3 id=\"dns-requisitos-adicionales\">Requisitos Adicionales de Admisi\u00f3n<\/h3>\n<ol>\n<li>Entrevista con los miembros del Comit\u00e9 de Admisiones del Programa PhD.<\/li>\n<li>Literacia en computadora, poseer una computadora personal y debe tener servicio de internet.<\/li>\n<li>Dominio en hablar y escribir espa\u00f1ol y en lectura y escritura en ingl\u00e9s.<\/li>\n<li>Participar en un seminario relacionado al Programa PhD.<\/li>\n<\/ol>\n<p>[\/vc_column_text][vc_column_text]<\/p>\n<h3 id=\"dns-requisito-adicional-extranjeros\">Requisito Adicional Estudiantes Extranjeros<\/h3>\n<p>Estudiantes extranjeros que hayan realizado estudios fuera de Puerto Rico o de Estados Unidos tienen que someter su expediente acad\u00e9mico a la <a href=\"https:\/\/www.wes.org\/\" target=\"_blank\" rel=\"noopener noreferrer\">\u201cWorld Educational Services\u201d (WES)<\/a> para evaluaci\u00f3n y reconocimiento de credenciales acad\u00e9micas equivalentes a un grado obtenido en territorio americano.[\/vc_column_text][vc_column_text]<\/p>\n<h3>Requisitos de Graduaci\u00f3n<\/h3>\n<ul>\n<li>La otorgaci\u00f3n del grado requiere que los candidatos completen todos los requisitos del Programa, defiendan la disertaci\u00f3n exitosamente y sometan el documento de disertaci\u00f3n para publicaci\u00f3n en la plataforma ProQuest Dissertations &amp; Theses Global (Certificaci\u00f3n 025 2022-23 SA-RCM).<\/li>\n<li>Promedio general de calificaciones de 3.00 o superior (en escala de 4.00).<\/li>\n<li>Completar todos los cursos con una calificaci\u00f3n m\u00ednima de B.<\/li>\n<\/ul>\n<p>[\/vc_column_text][\/vc_column][\/vc_row][vc_row][vc_column][vc_column_text]<\/p>\n<h3 id=\"dns-contacto\">Cont\u00e1ctenos<\/h3>\n<p><strong>Direcci\u00f3n Postal:<br \/>\n<\/strong>Oficina Central de Admisiones RCM<br \/>\nPrograma de Doctorado en Filosof\u00eda en Enfermer\u00eda<br \/>\nPO BOX 365067<br \/>\nSan Juan, PR 00936-5067<\/p>\n<p><strong>Correo electr\u00f3nico:<\/strong><br \/>\n<a href=\"about:blank\">admisiones.rcm@upr.edu<\/a><\/p>\n<p><strong>Janette Carrasquillo<\/strong><br \/>\n<a href=\"mailto:janette.carrasquillo@upr.edu\">janette.carrasquillo@upr.edu<\/a><br \/>\nOficial de Admisiones<br \/>\n787-758-2525 ext. 5230<\/p>\n<p><strong>Dra. Josmarie Ortiz Cotto<br \/>\n<\/strong><a href=\"mailto:josmarie.ortiz@upr.edu\">josmarie.ortiz@upr.edu<\/a><br \/>\nDirectora Interina<br \/>\nExtensi\u00f3n: 2171[\/vc_column_text][\/vc_column][\/vc_row]<\/p>\n<\/section>","protected":false},"excerpt":{"rendered":"<p>[vc_row][vc_column][vc_column_text]El Doctorado en Filosof\u00eda en Enfermer\u00eda, como programa enfocado en investigaci\u00f3n, prepara estudiantes en el inquirir intelectual para conducir investigaci\u00f3n de forma independiente con el prop\u00f3sito de expandir el conocimiento de la enfermer\u00eda y mejorar su pr\u00e1ctica.[\/vc_column_text][\/vc_column][\/vc_row][vc_row][vc_column][vc_column_text] Objetivos del Programa El estudiante de PhD que complete este programa adquirir\u00e1 conocimientos sustantivos, significativos y habilidades para:&hellip;<\/p>\n","protected":false},"author":1,"featured_media":0,"parent":1490,"menu_order":0,"comment_status":"closed","ping_status":"closed","template":"template-microsite.php","meta":{"footnotes":""},"class_list":["post-1492","page","type-page","status-publish","hentry","description-off"],"jetpack_sharing_enabled":true,"_links":{"self":[{"href":"https:\/\/rcm1.rcm.upr.edu\/enfermeria\/wp-json\/wp\/v2\/pages\/1492","targetHints":{"allow":["GET"]}}],"collection":[{"href":"https:\/\/rcm1.rcm.upr.edu\/enfermeria\/wp-json\/wp\/v2\/pages"}],"about":[{"href":"https:\/\/rcm1.rcm.upr.edu\/enfermeria\/wp-json\/wp\/v2\/types\/page"}],"author":[{"embeddable":true,"href":"https:\/\/rcm1.rcm.upr.edu\/enfermeria\/wp-json\/wp\/v2\/users\/1"}],"replies":[{"embeddable":true,"href":"https:\/\/rcm1.rcm.upr.edu\/enfermeria\/wp-json\/wp\/v2\/comments?post=1492"}],"version-history":[{"count":16,"href":"https:\/\/rcm1.rcm.upr.edu\/enfermeria\/wp-json\/wp\/v2\/pages\/1492\/revisions"}],"predecessor-version":[{"id":4296,"href":"https:\/\/rcm1.rcm.upr.edu\/enfermeria\/wp-json\/wp\/v2\/pages\/1492\/revisions\/4296"}],"up":[{"embeddable":true,"href":"https:\/\/rcm1.rcm.upr.edu\/enfermeria\/wp-json\/wp\/v2\/pages\/1490"}],"wp:attachment":[{"href":"https:\/\/rcm1.rcm.upr.edu\/enfermeria\/wp-json\/wp\/v2\/media?parent=1492"}],"curies":[{"name":"wp","href":"https:\/\/api.w.org\/{rel}","templated":true}]}}