{"id":1903,"date":"2016-06-29T12:34:53","date_gmt":"2016-06-29T16:34:53","guid":{"rendered":"http:\/\/enfermeria.rcm.upr.edu\/nuestra-escuela\/mision-vision-y-valores\/"},"modified":"2025-09-08T23:40:42","modified_gmt":"2025-09-08T23:40:42","slug":"mision-vision-y-valores","status":"publish","type":"page","link":"https:\/\/rcm1.rcm.upr.edu\/enfermeria\/nuestra-escuela\/mision-vision-y-valores\/","title":{"rendered":"Misi\u00f3n, Visi\u00f3n, Valores, Metas y Resultados Esperados del Programa"},"content":{"rendered":"<section class=\"wpb-content-wrapper\"><p>[vc_row][vc_column][vc_column_text]<strong>Misi\u00f3n<\/strong><\/p>\n<p>Formar profesionales de enfermer\u00eda altamente cualificados, l\u00edderes en servicio, educaci\u00f3n e investigaci\u00f3n en distintos niveles y comprometidos a trabajar de manera \u00e9tica e interprofesional para contribuir a la accesibilidad y bienestar de los m\u00faltiples sectores de la poblaci\u00f3n.<\/p>\n<p><strong>Visi\u00f3n<\/strong><\/p>\n<p>Instituci\u00f3n acad\u00e9mica de vanguardia con prestigio local, nacional e internacional en la generaci\u00f3n de nuevo conocimiento y en la formaci\u00f3n de profesionales de enfermer\u00eda de excelencia capaces de transformar la profesi\u00f3n, la prestaci\u00f3n de servicios y la pol\u00edtica p\u00fablica en salud.<\/p>\n<p><strong>Valores<\/strong><\/p>\n<ul>\n<li>Respeto por la Dignidad Humana<\/li>\n<li>Honestidad<\/li>\n<li>Autenticidad<\/li>\n<li>Responsabilidad<\/li>\n<li>Justicia<\/li>\n<li>Integridad<\/li>\n<li>Compromiso<\/li>\n<li>Igualdad<\/li>\n<li>Lealtad<\/li>\n<\/ul>\n<p><strong>Metas<\/strong><\/p>\n<p>Las principales metas de la Escuela de Enfermer\u00eda son:<\/p>\n<ol>\n<li>Preparar profesionales de enfermer\u00eda generalistas, a nivel de bachillerato, con el conocimiento, las actitudes y las destrezas t\u00e9cnicas, tecnol\u00f3gicas, de pensamiento cr\u00edtico y para la toma de decisiones \u00e9ticas necesarias para la pr\u00e1ctica como profesionales de enfermer\u00eda; y para asumir el rol de liderazgo cuando ofrecen cuidado directo competente basado en evidencia, colaborativo, interprofesional y congruente con la cultura de individuos, grupos y poblaciones en una variedad de escenarios, incluyendo el nivel primario, secundario y terciario del cuidado de la salud.<\/li>\n<li>Preparar profesionales de enfermer\u00eda a nivel de maestr\u00eda que puedan asumir roles de liderazgo como educadores de programas de enfermer\u00eda, administradores de los servicios de enfermer\u00eda y especialistas; con el conocimiento y las destrezas en la pr\u00e1ctica basada en evidencia e investigaci\u00f3n, para mejorar el cuidado de la salud y avanzar la educaci\u00f3n, la administraci\u00f3n y la pr\u00e1ctica.<\/li>\n<li>Preparar profesionales de enfermer\u00eda en la pr\u00e1ctica avanzada en anestesia a nivel doctoral, con el conocimiento, las destrezas y las actitudes necesarias para la administraci\u00f3n segura de anestesia; con una base s\u00f3lida en la pr\u00e1ctica basada en evidencia, pensamiento cr\u00edtico, mejoramiento de la calidad, liderazgo de sistemas y habilidades interprofesionales.<\/li>\n<li>Preparar a profesionales de enfermer\u00eda cient\u00edficos, a nivel doctoral, para realizar investigaci\u00f3n en enfermer\u00eda y contribuir al avance de la ciencia y al mejoramiento de la pr\u00e1ctica.<\/li>\n<li>Proveer actividades de educaci\u00f3n continua para aumentar el conocimiento y el aprendizaje a lo largo de la vida entre los profesionales de enfermer\u00eda y otros profesionales de la salud.<\/li>\n<li>Contribuir al desarrollo de los profesionales de enfermer\u00eda para el mejoramiento del cuidado de la salud a nivel nacional e internacional.<\/li>\n<\/ol>\n<p><strong>Resultados Esperados del Programa<\/strong><\/p>\n<p><strong>Indicadores requeridos por el Departamento de Educaci\u00f3n de U.S.<\/strong><\/p>\n<ul>\n<li>\u00cdndice de Graduaci\u00f3n \u2013 El 70% de los estudiantes admitidos se graduar\u00e1n en el periodo de tiempo establecido.<\/li>\n<li>\u00cdndice de Rev\u00e1lida y Certificaci\u00f3n \u2013 El 80% de los estudiantes graduados aprobar\u00e1n la rev\u00e1lida o certificaci\u00f3n que aplique a su programa de estudio.<\/li>\n<li>\u00cdndice de Empleabilidad \u2013 El 70% de los estudiantes graduados se encontrar\u00e1n empleados o estudiando dentro de 6 a 12 meses luego de la graduaci\u00f3n.<\/li>\n<\/ul>\n<p><strong>Resultados de la Facultad<\/strong><\/p>\n<ul>\n<li>El 100% de facultad evidencia que se involucra en actividades conducentes al desarrollo profesional y de su peritaje en \u00e1reas de responsabilidad en un per\u00edodo de tres a\u00f1os.<\/li>\n<li>El 100% de facultad evidencia que se involucra en trabajo acad\u00e9mico en docencia, investigaci\u00f3n o servicio en un per\u00edodo de tres a\u00f1os.<\/li>\n<li>El 100% de facultad evidencia participaci\u00f3n en actividades dentro de las organizaciones profesionales, y otras comunidades de inter\u00e9s en un per\u00edodo de tres a\u00f1os.<\/li>\n<\/ul>\n<p><strong>Otros Resultados del Programa<\/strong><\/p>\n<p><strong>\u00a0Satisfacci\u00f3n Estudiantil<\/strong><\/p>\n<ul>\n<li>Los estudiantes reportar\u00e1n un 80% de nivel de satisfacci\u00f3n con el curso, contenido, metodolog\u00eda de ense\u00f1anza-aprendizaje y las estrategias de evaluaci\u00f3n.<\/li>\n<li>Los estudiantes reportar\u00e1n un 80% de satisfacci\u00f3n con el componente cl\u00ednico de los cursos.<\/li>\n<li>El 80% de los estudiantes estar\u00e1n satisfechos con los servicios de apoyo recibidos.<\/li>\n<li>Los estudiantes reportar\u00e1n un 80% de satisfacci\u00f3n con el desempe\u00f1o de la facultad en el componente te\u00f3rico y cl\u00ednico.<\/li>\n<\/ul>\n<p><strong>Satisfacci\u00f3n de los Estudiantes Candidatos a Graduaci\u00f3n<\/strong><\/p>\n<ul>\n<li>Los estudiantes candidatos a graduaci\u00f3n reportar\u00e1n un 70% de satisfacci\u00f3n con el conocimiento adquirido, las destrezas, los valores y las actitudes necesarias para el desempe\u00f1o profesional.<\/li>\n<li>Los estudiantes candidatos a graduaci\u00f3n reportar\u00e1n 80% de satisfacci\u00f3n con el logro de los resultados de aprendizaje relacionados a practicante competente, investigaci\u00f3n y pensamiento cr\u00edtico.<\/li>\n<li>Los estudiantes candidatos a graduaci\u00f3n reportar\u00e1n un 80% de satisfacci\u00f3n con el programa.<\/li>\n<\/ul>\n<p><strong>Satisfacci\u00f3n de los Egresados<\/strong><\/p>\n<ul>\n<li>Los egresados de la Escuela de Enfermer\u00eda reportar\u00e1n un 80% de satisfacci\u00f3n con su capacidad profesional y competencias.<\/li>\n<li>Los egresados de la Escuela de Enfermer\u00eda reportar\u00e1n un 80% de satisfacci\u00f3n con el programa.<\/li>\n<\/ul>\n<p><strong>Satisfacci\u00f3n del Patrono<\/strong><\/p>\n<ul>\n<li>Los patronos de los egresados de la Escuela de Enfermer\u00eda reflejar\u00e1n un 80% de satisfacci\u00f3n en el desempe\u00f1o profesional y especializado de estos.<\/li>\n<li>El 80% de los patronos estar\u00e1n satisfechos con los egresados y el programa.<\/li>\n<\/ul>\n<p><strong>Resultados del Aprendizaje Estudiantil<\/strong><\/p>\n<ul>\n<li>Los estudiantes lograr\u00e1n el desarrollo de las destrezas y conocimiento en el \u00e1rea de profesional competente en un 80% de acuerdo con su nivel de estudio.<\/li>\n<li>Los estudiantes lograr\u00e1n los resultados de aprendizaje en investigaci\u00f3n en un 80% de acuerdo con su nivel de estudio.<\/li>\n<li>Los estudiantes lograr\u00e1n el desarrollo del pensamiento cr\u00edtico en un 80% de acuerdo con su nivel de estudio.<\/li>\n<\/ul>\n<p>[\/vc_column_text][\/vc_column][\/vc_row]<\/p>\n<\/section>","protected":false},"excerpt":{"rendered":"<p>[vc_row][vc_column][vc_column_text]Misi\u00f3n Formar profesionales de enfermer\u00eda altamente cualificados, l\u00edderes en servicio, educaci\u00f3n e investigaci\u00f3n en distintos niveles y comprometidos a trabajar de manera \u00e9tica e interprofesional para contribuir a la accesibilidad y bienestar de los m\u00faltiples sectores de la poblaci\u00f3n. Visi\u00f3n Instituci\u00f3n acad\u00e9mica de vanguardia con prestigio local, nacional e internacional en la generaci\u00f3n de nuevo&hellip;<\/p>\n","protected":false},"author":1,"featured_media":0,"parent":1489,"menu_order":0,"comment_status":"closed","ping_status":"closed","template":"template-microsite.php","meta":{"footnotes":""},"class_list":["post-1903","page","type-page","status-publish","hentry","description-off"],"jetpack_sharing_enabled":true,"_links":{"self":[{"href":"https:\/\/rcm1.rcm.upr.edu\/enfermeria\/wp-json\/wp\/v2\/pages\/1903","targetHints":{"allow":["GET"]}}],"collection":[{"href":"https:\/\/rcm1.rcm.upr.edu\/enfermeria\/wp-json\/wp\/v2\/pages"}],"about":[{"href":"https:\/\/rcm1.rcm.upr.edu\/enfermeria\/wp-json\/wp\/v2\/types\/page"}],"author":[{"embeddable":true,"href":"https:\/\/rcm1.rcm.upr.edu\/enfermeria\/wp-json\/wp\/v2\/users\/1"}],"replies":[{"embeddable":true,"href":"https:\/\/rcm1.rcm.upr.edu\/enfermeria\/wp-json\/wp\/v2\/comments?post=1903"}],"version-history":[{"count":3,"href":"https:\/\/rcm1.rcm.upr.edu\/enfermeria\/wp-json\/wp\/v2\/pages\/1903\/revisions"}],"predecessor-version":[{"id":4282,"href":"https:\/\/rcm1.rcm.upr.edu\/enfermeria\/wp-json\/wp\/v2\/pages\/1903\/revisions\/4282"}],"up":[{"embeddable":true,"href":"https:\/\/rcm1.rcm.upr.edu\/enfermeria\/wp-json\/wp\/v2\/pages\/1489"}],"wp:attachment":[{"href":"https:\/\/rcm1.rcm.upr.edu\/enfermeria\/wp-json\/wp\/v2\/media?parent=1903"}],"curies":[{"name":"wp","href":"https:\/\/api.w.org\/{rel}","templated":true}]}}