{"id":284,"date":"2016-11-16T10:45:52","date_gmt":"2016-11-16T14:45:52","guid":{"rendered":"http:\/\/127.0.0.1\/enfermeria\/fecha-limite-de-admision\/"},"modified":"2024-12-10T18:08:19","modified_gmt":"2024-12-10T18:08:19","slug":"fecha-limite-de-admision","status":"publish","type":"page","link":"https:\/\/rcm1.rcm.upr.edu\/enfermeria\/fecha-limite-de-admision\/","title":{"rendered":"Fecha L\u00edmite de Admisi\u00f3n"},"content":{"rendered":"<section class=\"wpb-content-wrapper\"><p>[vc_row][vc_column][vc_column_text]<\/p>\n<h2 style=\"text-align: center;\"><strong>Fecha l\u00edmite para aceptar solicitudes<\/strong><\/h2>\n<p>[\/vc_column_text][vc_empty_space height=&#8221;15px&#8221;][vc_column_text]<\/p>\n<h3 style=\"text-align: center;\"><strong>A\u00f1o Acad\u00e9mico 2024-2025<\/strong><\/h3>\n<p>[\/vc_column_text][vc_empty_space height=&#8221;15px&#8221;][vc_column_text]<\/p>\n<table width=\"100%\">\n<tbody>\n<tr>\n<td width=\"176\"><strong>\u00a0<\/strong><\/td>\n<td width=\"165\"><strong>Programa<\/strong><\/td>\n<td align=\"center\" width=\"141\"><strong>Desde<\/strong><\/td>\n<td align=\"center\" width=\"141\"><strong>Hasta<\/strong><\/td>\n<\/tr>\n<tr>\n<td width=\"176\"><strong>Bachilleratos<\/strong><\/td>\n<td width=\"165\"><a href=\"https:\/\/rcm1.rcm.upr.edu\/enfermeria\/programas-academicos\/bachillerato\/\" target=\"_blank\" rel=\"noopener\">Ciencias en Enfermer\u00eda (BSN)<\/a><\/td>\n<td align=\"center\" width=\"141\">31\/10\/2024<\/td>\n<td align=\"center\" width=\"141\">03\/01\/2025<\/td>\n<\/tr>\n<tr>\n<td width=\"176\"><strong>Maestr\u00edas<\/strong><\/td>\n<td width=\"165\"><a href=\"https:\/\/rcm1.rcm.upr.edu\/enfermeria\/programas-academicos\/maestria\/maestria-general\/\" target=\"_blank\" rel=\"noopener\">Maestr\u00eda en Ciencias en Enfermer\u00eda (MSN)<\/a><\/td>\n<td align=\"center\" width=\"141\">31\/10\/2024<\/td>\n<td align=\"center\" width=\"141\">03\/01\/2025<\/td>\n<\/tr>\n<tr>\n<td width=\"176\"><strong>Doctorados<\/strong><\/td>\n<td width=\"165\"><a href=\"https:\/\/rcm1.rcm.upr.edu\/enfermeria\/programas-academicos\/doctorado\/\" target=\"_blank\" rel=\"noopener\">Doctorado en Filosof\u00eda de Enfermer\u00eda (Ph.D)<\/a><\/td>\n<td align=\"center\" width=\"141\">31\/10\/2024<\/td>\n<td align=\"center\" width=\"141\">03\/01\/2025<\/td>\n<\/tr>\n<tr>\n<td width=\"176\"><\/td>\n<td width=\"165\"><a href=\"https:\/\/rcm1.rcm.upr.edu\/enfermeria\/dnp-sa\/\" target=\"_blank\" rel=\"noopener\">Doctorado en Pr\u00e1ctica de Enfermer\u00eda con Especialidad en Anestesia (DNP-SA)<\/a><\/td>\n<td align=\"center\" width=\"141\">31\/10\/2024<\/td>\n<td align=\"center\" width=\"141\">31\/01\/2025<\/td>\n<\/tr>\n<\/tbody>\n<\/table>\n<p>[\/vc_column_text][vc_column_text]<strong>Decisi\u00f3n temprana<\/strong>: 31 de octubre de 2024<\/p>\n<p><strong>Decisi\u00f3n regular<\/strong>: 31 de enero 2025[\/vc_column_text][\/vc_column][\/vc_row]<\/p>\n<\/section>","protected":false},"excerpt":{"rendered":"<p>[vc_row][vc_column][vc_column_text] Fecha l\u00edmite para aceptar solicitudes [\/vc_column_text][vc_empty_space height=&#8221;15px&#8221;][vc_column_text] A\u00f1o Acad\u00e9mico 2024-2025 [\/vc_column_text][vc_empty_space height=&#8221;15px&#8221;][vc_column_text] \u00a0 Programa Desde Hasta Bachilleratos Ciencias en Enfermer\u00eda (BSN) 31\/10\/2024 03\/01\/2025 Maestr\u00edas Maestr\u00eda en Ciencias en Enfermer\u00eda (MSN) 31\/10\/2024 03\/01\/2025 Doctorados Doctorado en Filosof\u00eda de Enfermer\u00eda (Ph.D) 31\/10\/2024 03\/01\/2025 Doctorado en Pr\u00e1ctica de Enfermer\u00eda con Especialidad en Anestesia (DNP-SA) 31\/10\/2024 31\/01\/2025 [\/vc_column_text][vc_column_text]Decisi\u00f3n&hellip;<\/p>\n","protected":false},"author":1,"featured_media":0,"parent":0,"menu_order":0,"comment_status":"closed","ping_status":"closed","template":"template-microsite.php","meta":{"footnotes":""},"class_list":["post-284","page","type-page","status-publish","hentry","description-off"],"jetpack_sharing_enabled":true,"_links":{"self":[{"href":"https:\/\/rcm1.rcm.upr.edu\/enfermeria\/wp-json\/wp\/v2\/pages\/284","targetHints":{"allow":["GET"]}}],"collection":[{"href":"https:\/\/rcm1.rcm.upr.edu\/enfermeria\/wp-json\/wp\/v2\/pages"}],"about":[{"href":"https:\/\/rcm1.rcm.upr.edu\/enfermeria\/wp-json\/wp\/v2\/types\/page"}],"author":[{"embeddable":true,"href":"https:\/\/rcm1.rcm.upr.edu\/enfermeria\/wp-json\/wp\/v2\/users\/1"}],"replies":[{"embeddable":true,"href":"https:\/\/rcm1.rcm.upr.edu\/enfermeria\/wp-json\/wp\/v2\/comments?post=284"}],"version-history":[{"count":6,"href":"https:\/\/rcm1.rcm.upr.edu\/enfermeria\/wp-json\/wp\/v2\/pages\/284\/revisions"}],"predecessor-version":[{"id":4198,"href":"https:\/\/rcm1.rcm.upr.edu\/enfermeria\/wp-json\/wp\/v2\/pages\/284\/revisions\/4198"}],"wp:attachment":[{"href":"https:\/\/rcm1.rcm.upr.edu\/enfermeria\/wp-json\/wp\/v2\/media?parent=284"}],"curies":[{"name":"wp","href":"https:\/\/api.w.org\/{rel}","templated":true}]}}