{"id":295,"date":"2016-11-17T09:45:17","date_gmt":"2016-11-17T13:45:17","guid":{"rendered":"http:\/\/enfermeria.rcm.upr.edu\/oficina-de-asuntos-estudiantiles\/admisiones\/costos\/"},"modified":"2016-11-17T09:45:17","modified_gmt":"2016-11-17T13:45:17","slug":"costos","status":"publish","type":"page","link":"https:\/\/rcm1.rcm.upr.edu\/enfermeria\/oficina-de-asuntos-estudiantiles\/admisiones\/costos\/","title":{"rendered":"Costos"},"content":{"rendered":"<p>Los costos de los cr\u00e9ditos para el a\u00f1o acad\u00e9mico son los siguientes:<\/p>\n<table>\n<tbody>\n<tr>\n<td width=\"200\">\n<h4>Costos por cr\u00e9dito<\/h4>\n<\/td>\n<td>\n<h4>Programa<\/h4>\n<\/td>\n<\/tr>\n<tr>\n<td>$157.00<\/td>\n<td>Bachillerato en Ciencias en Enfermer\u00eda<\/td>\n<\/tr>\n<tr>\n<td>$205 .00<\/td>\n<td>Maestr\u00eda en Ciencias en Enfermer\u00eda (Diurno)<\/td>\n<\/tr>\n<tr>\n<td>$245 .00<\/td>\n<td>Maestr\u00eda en Ciencias en Enfermer\u00eda (Vespertino)<\/td>\n<\/tr>\n<tr>\n<td>$500.00<\/td>\n<td>Doctorado en Pr\u00e1ctica de Enfermer\u00eda &#8211; Especialidad en Anestesia<\/td>\n<\/tr>\n<tr>\n<td>$8,000.00 (<strong>costo<\/strong>\u00a0<strong>anual<\/strong>)<\/td>\n<td>Doctorado en Ciencias en Enfermer\u00eda<\/td>\n<\/tr>\n<\/tbody>\n<\/table>\n<h4>Ciudadano Americano No Residente de PR<\/h4>\n<p>El estudiante no residente procedente de Estados Unidos pagar\u00e1 la tarifa de matr\u00edcula y otras cuotas establecidas por programa vigentes para los residentes de Puerto Rico y se le cargar\u00e1 un diferencial seg\u00fan el estado de procedencia, conforme al principio de reciprocidad establecido en la Carta Circular N\u00fam. 83-19.<\/p>\n","protected":false},"excerpt":{"rendered":"<p>Los costos de los cr\u00e9ditos para el a\u00f1o acad\u00e9mico son los siguientes: Costos por cr\u00e9dito Programa $157.00 Bachillerato en Ciencias en Enfermer\u00eda $205 .00 Maestr\u00eda en Ciencias en Enfermer\u00eda (Diurno) $245 .00 Maestr\u00eda en Ciencias en Enfermer\u00eda (Vespertino) $500.00 Doctorado en Pr\u00e1ctica de Enfermer\u00eda &#8211; Especialidad en Anestesia $8,000.00 (costo\u00a0anual) Doctorado en Ciencias en Enfermer\u00eda&hellip;<\/p>\n","protected":false},"author":1,"featured_media":0,"parent":43,"menu_order":0,"comment_status":"closed","ping_status":"closed","template":"template-microsite.php","meta":{"footnotes":""},"class_list":["post-295","page","type-page","status-publish","hentry","description-off"],"jetpack_sharing_enabled":true,"_links":{"self":[{"href":"https:\/\/rcm1.rcm.upr.edu\/enfermeria\/wp-json\/wp\/v2\/pages\/295","targetHints":{"allow":["GET"]}}],"collection":[{"href":"https:\/\/rcm1.rcm.upr.edu\/enfermeria\/wp-json\/wp\/v2\/pages"}],"about":[{"href":"https:\/\/rcm1.rcm.upr.edu\/enfermeria\/wp-json\/wp\/v2\/types\/page"}],"author":[{"embeddable":true,"href":"https:\/\/rcm1.rcm.upr.edu\/enfermeria\/wp-json\/wp\/v2\/users\/1"}],"replies":[{"embeddable":true,"href":"https:\/\/rcm1.rcm.upr.edu\/enfermeria\/wp-json\/wp\/v2\/comments?post=295"}],"version-history":[{"count":0,"href":"https:\/\/rcm1.rcm.upr.edu\/enfermeria\/wp-json\/wp\/v2\/pages\/295\/revisions"}],"up":[{"embeddable":true,"href":"https:\/\/rcm1.rcm.upr.edu\/enfermeria\/wp-json\/wp\/v2\/pages\/43"}],"wp:attachment":[{"href":"https:\/\/rcm1.rcm.upr.edu\/enfermeria\/wp-json\/wp\/v2\/media?parent=295"}],"curies":[{"name":"wp","href":"https:\/\/api.w.org\/{rel}","templated":true}]}}