{"id":301,"date":"2016-11-17T10:06:42","date_gmt":"2016-11-17T14:06:42","guid":{"rendered":"http:\/\/127.0.0.1\/enfermeria\/?page_id=301"},"modified":"2024-12-10T18:13:25","modified_gmt":"2024-12-10T18:13:25","slug":"asistencia-economica","status":"publish","type":"page","link":"https:\/\/rcm1.rcm.upr.edu\/enfermeria\/oficina-de-asuntos-estudiantiles\/asistencia-economica\/","title":{"rendered":"Asistencia Econ\u00f3mica"},"content":{"rendered":"<section class=\"wpb-content-wrapper\"><p>[vc_row][vc_column][vc_column_text]El comenzar estudios y completar un grado superior requiere de cierta preparaci\u00f3n para poder tener \u00e9xito.\u00a0 C\u00f3mo usted va a financiar sus estudios es parte de esa planificaci\u00f3n.\u00a0 A continuaci\u00f3n informaci\u00f3n de ayudas econ\u00f3micas disponibles de las cuales usted podr\u00eda beneficiarse.<\/p>\n<h4>A nivel del Recinto de Ciencias M\u00e9dicas<\/h4>\n<p>El Decanato de Estudiantes administra el <a href=\"https:\/\/de.rcm.upr.edu\/asistencia-economica\">programa de asistencia econ\u00f3mica del Recinto de Ciencias M\u00e9dicas<\/a>. Pueden participar de este todo\u00a0 ciudadano americano y residentes de Puerto Rico. Este programa incluye: becas, pr\u00e9stamos bancarios, ayudas institucionales y ayuda mediante el programa de Estudio y Trabajo.<\/p>\n<p>El Programa de Ayudant\u00edas Graduadas propiamente no es una ayuda econ\u00f3mica; la base para cualificar es tener un promedio de 3.00 o m\u00e1s, entre otros requisitos.\u00a0 Este programa es otra manera de sufragar los estudios mientras adquieres destrezas como asistente de c\u00e1tedra o de investigaci\u00f3n de alg\u00fan profesor.<\/p>\n<h4>Beca Johnson &amp; Johnson (Nivel Subgraduado)<\/h4>\n<p>La Universidad de Puerto Rico (UPR) y la compa\u00f1\u00eda Johnson &amp; Johnson (J&amp;J) han aunado esfuerzos desde el a\u00f1o 2003 para estimular a m\u00e1s estudiantes a considerar la enfermer\u00eda como su opci\u00f3n de estudio. A esos fines, se cre\u00f3 el programa de Becas Johnson &amp; Johnson para Estudiantes de Enfermer\u00eda en la Universidad de Puerto Rico.[\/vc_column_text][\/vc_column][\/vc_row][vc_row][vc_column][vc_column_text]<\/p>\n<h4><strong>Beca Rosa Echegaray (Fondo Dotal Sixto Moreira)<\/strong><\/h4>\n<p>El Fondo Dotal de la Universidad de Puerto Rico tiene como objetivo respaldar las actividades acad\u00e9micas, asegurando la estabilidad fiscal de la Instituci\u00f3n para generaciones futuras. El Fondo se constituye de aportaciones de entidades p\u00fablicas o privadas, exalumnos, sobrantes presupuestarios, asignaciones legislativas, el producto de la venta de propiedades de la Universidad de Puerto Rico o de cualquier otra entidad o persona natural o jur\u00eddica que desee aportar al crecimiento del Fondo. El principal de los fondos depositados se mantiene intacto y se invierte a perpetuidad, solamente se utilizan los r\u00e9ditos o ingresos que estos generen, y para los prop\u00f3sitos estipulados por el fondo, los donantes o legatarios. A tenor de lo dispuesto en la Pol\u00edtica de Uso del Fondo Dotal de la Universidad de Puerto Rico, se emite esta convocatoria para el fortalecimiento de las oportunidades educativas para ESTUDIANTES DE ENFERMER\u00cdA de segundo a\u00f1o en adelante de los recintos de Ciencias M\u00e9dicas, Mayag\u00fcez, Arecibo y Humacao. Se otorgar\u00e1n 111 becas de $1,000 a estudiantes subgraduados y graduados.<\/p>\n<p><a href=\"https:\/\/rcm1.rcm.upr.edu\/enfermeria\/wp-content\/uploads\/2024\/12\/convocatoria-Beca-Sixto-Moreira-2024-2025-Subgraduados-Graduados.pdf\">Convocatoria Fondo Dotal Sixto Moreira<\/a>[\/vc_column_text][\/vc_column][\/vc_row]<\/p>\n<\/section>","protected":false},"excerpt":{"rendered":"<p>[vc_row][vc_column][vc_column_text]El comenzar estudios y completar un grado superior requiere de cierta preparaci\u00f3n para poder tener \u00e9xito.\u00a0 C\u00f3mo usted va a financiar sus estudios es parte de esa planificaci\u00f3n.\u00a0 A continuaci\u00f3n informaci\u00f3n de ayudas econ\u00f3micas disponibles de las cuales usted podr\u00eda beneficiarse. A nivel del Recinto de Ciencias M\u00e9dicas El Decanato de Estudiantes administra el programa&hellip;<\/p>\n","protected":false},"author":1,"featured_media":0,"parent":82,"menu_order":0,"comment_status":"closed","ping_status":"closed","template":"template-microsite.php","meta":{"footnotes":""},"class_list":["post-301","page","type-page","status-publish","hentry","description-off"],"jetpack_sharing_enabled":true,"_links":{"self":[{"href":"https:\/\/rcm1.rcm.upr.edu\/enfermeria\/wp-json\/wp\/v2\/pages\/301","targetHints":{"allow":["GET"]}}],"collection":[{"href":"https:\/\/rcm1.rcm.upr.edu\/enfermeria\/wp-json\/wp\/v2\/pages"}],"about":[{"href":"https:\/\/rcm1.rcm.upr.edu\/enfermeria\/wp-json\/wp\/v2\/types\/page"}],"author":[{"embeddable":true,"href":"https:\/\/rcm1.rcm.upr.edu\/enfermeria\/wp-json\/wp\/v2\/users\/1"}],"replies":[{"embeddable":true,"href":"https:\/\/rcm1.rcm.upr.edu\/enfermeria\/wp-json\/wp\/v2\/comments?post=301"}],"version-history":[{"count":2,"href":"https:\/\/rcm1.rcm.upr.edu\/enfermeria\/wp-json\/wp\/v2\/pages\/301\/revisions"}],"predecessor-version":[{"id":4201,"href":"https:\/\/rcm1.rcm.upr.edu\/enfermeria\/wp-json\/wp\/v2\/pages\/301\/revisions\/4201"}],"up":[{"embeddable":true,"href":"https:\/\/rcm1.rcm.upr.edu\/enfermeria\/wp-json\/wp\/v2\/pages\/82"}],"wp:attachment":[{"href":"https:\/\/rcm1.rcm.upr.edu\/enfermeria\/wp-json\/wp\/v2\/media?parent=301"}],"curies":[{"name":"wp","href":"https:\/\/api.w.org\/{rel}","templated":true}]}}