{"id":319,"date":"2016-11-18T09:58:11","date_gmt":"2016-11-18T13:58:11","guid":{"rendered":"http:\/\/enfermeria.rcm.upr.edu\/investigacion\/oficina-de-la-decana-auxiliar-de-investigacion\/"},"modified":"2025-07-29T14:35:29","modified_gmt":"2025-07-29T14:35:29","slug":"oficina-de-la-decana-auxiliar-de-investigacion","status":"publish","type":"page","link":"https:\/\/rcm1.rcm.upr.edu\/enfermeria\/oficina-de-la-decana-auxiliar-de-investigacion\/","title":{"rendered":"Oficina de la Decana Auxiliar de Investigaci\u00f3n"},"content":{"rendered":"<section class=\"wpb-content-wrapper\"><p>[vc_row][vc_column][vc_column_text]<strong>INTRODUCCI\u00d3N<\/strong><\/p>\n<p>La Oficina del Decano Auxiliar de Investigaci\u00f3n (ODAI) de la Escuela de Enfermer\u00eda, establecida desde el 2015, tiene la encomienda de promover y apoyar la cultura de investigaci\u00f3n y pr\u00e1ctica basada en evidencia (PBE). Sirve de apoyo para que la Escuela administre investigaciones subvencionadas, proyectos de PBE y QI y actividades relacionadas, de acuerdo con los reglamentos federales aplicables de la Universidad de Puerto Rico y las pol\u00edticas, normas y procedimientos de las agencias patrocinadoras. Esta unidad administrativa cuenta con el Centro de Investigaci\u00f3n y Pr\u00e1ctica Basada en Evidencia (CIPBE), infraestructura que facilita la gesti\u00f3n y operacionalizaci\u00f3n de sus servicios.<\/p>\n<p>Los objetivos de la ODAI son:<\/p>\n<ol>\n<li>Promover, sostener y fortalecer una cultura de investigaci\u00f3n que incluye desarrollar, someter, conducir y publicar investigaciones; as\u00ed como proyectos de pr\u00e1ctica basada en evidencia.<\/li>\n<li>Identificar y viabilizar oportunidades para el desarrollo de los investigadores.<\/li>\n<li>Proporcionar actividades de capacitaci\u00f3n e intercambio para facultad y estudiantes.<\/li>\n<li>Garantizar el cumplimiento de la investigaci\u00f3n subvencionada, y actividades relacionadas de acuerdo con las regulaciones locales, institucionales y federales aplicables.<\/li>\n<li>Establecer colaboraciones para avanzar las metas de investigaci\u00f3n y potenciar destrezas profesionales y acad\u00e9micas.<\/li>\n<\/ol>\n<p><strong>LINEAS DE INVESTIGACI\u00d3N<\/strong><\/p>\n<p>La disciplina de enfermer\u00eda desempe\u00f1a un papel fundamental en el mejoramiento de los resultados de salud de la poblaci\u00f3n. La investigaci\u00f3n emerge como una herramienta esencial para generar conocimiento innovador, provocando cambios que enriquecen y orientan un cuidado integral centrado en el individuo, la familia, la comunidad y las poblaciones en Puerto Rico. A trav\u00e9s de la investigaci\u00f3n y la pr\u00e1ctica basada en evidencia, se busca abordar los fen\u00f3menos de salud actuales y potenciales. En la Escuela de Enfermer\u00eda, se han establecido l\u00edneas de investigaci\u00f3n que est\u00e1n en sinton\u00eda con las necesidades de salud de las poblaciones de inter\u00e9s. Sin embargo, estas l\u00edneas de investigaci\u00f3n pueden variar seg\u00fan las necesidades emergentes de Puerto Rico.<\/p>\n<p>Las l\u00edneas de investigaci\u00f3n actuales de la Escuela de Enfermer\u00eda son las siguientes:<\/p>\n<table>\n<tbody>\n<tr>\n<td width=\"189\"><strong>L\u00edneas de Investigaci\u00f3n<\/strong><\/td>\n<\/tr>\n<tr>\n<td width=\"189\"><strong>C\u00e1ncer<\/strong><\/td>\n<\/tr>\n<tr>\n<td width=\"189\"><strong>Violencia<\/strong><\/td>\n<\/tr>\n<tr>\n<td width=\"189\"><strong>Diabetes<\/strong><\/td>\n<\/tr>\n<tr>\n<td width=\"189\"><strong>Dolor<\/strong><\/td>\n<\/tr>\n<tr>\n<td width=\"189\"><strong>Delirio<\/strong><\/td>\n<\/tr>\n<tr>\n<td width=\"189\"><strong>Sue\u00f1o<\/strong><\/td>\n<\/tr>\n<tr>\n<td width=\"189\"><strong>Sedaci\u00f3n<\/strong><\/td>\n<\/tr>\n<\/tbody>\n<\/table>\n<p>&nbsp;<\/p>\n<p><strong>COLABORACIONES<\/strong><\/p>\n<p>Las colaboraciones de la ODAI son fundamentales para avanzar la agenda de investigaci\u00f3n, PBI y QI. Esto es un mecanismo que viabiliza la conceptualizaci\u00f3n, coordinaci\u00f3n y desarrollo de proyectos de inter\u00e9s com\u00fan, maximizando recursos para el logro de resultados. A trav\u00e9s de estos acuerdos, las partes formalizan sus relaciones, interacciones, roles y responsabilidades. Los acuerdos de colaboraci\u00f3n establecidos a trav\u00e9s de la ODAI est\u00e1n pareados con el inter\u00e9s en el desarrollo de la investigaci\u00f3n, capacitaci\u00f3n de facultad y estudiantes.<\/p>\n<p>Para conocer los detalles de las normas, pol\u00edticas y procedimientos de la ODAI y del CIPBE acceda al siguiente enlace:<\/p>\n<p><a href=\"https:\/\/rcm1.rcm.upr.edu\/enfermeria\/centro-de-investigacion-y-practica-basada-en-evidencia\/\">MANUAL DE NORMAS, POL\u00cdTICAS Y PROCEDIMIENTOS DE LA OFICINA DEL\/LA DECANO\/A AUXILIAR DE INVESTIGACI\u00d3N Y CENTRO DE INVESTIGACI\u00d3N Y PR\u00c1CTICA BASADA EN EVIDENCIA DE LA ESCUELA DE ENFERMER\u00cdA<\/a><\/p>\n<p><strong>CONTACTO<\/strong><\/p>\n<p>Dra. Noemy D\u00edaz Ramos<br \/>\nDecana Auxiliar Interina de Investigaci\u00f3n<br \/>\n787-758-2525, Ext. 1091, 2183<\/p>\n<p><a href=\"mailto:noemy.diaz@upr.edu\">noemy.diaz@upr.edu<\/a><br \/>\n<a href=\"mailto:cipbe.rcm@upr.edu\">cipbe.rcm@upr.edu<\/a>[\/vc_column_text][\/vc_column][\/vc_row]<\/p>\n<\/section>","protected":false},"excerpt":{"rendered":"<p>[vc_row][vc_column][vc_column_text]INTRODUCCI\u00d3N La Oficina del Decano Auxiliar de Investigaci\u00f3n (ODAI) de la Escuela de Enfermer\u00eda, establecida desde el 2015, tiene la encomienda de promover y apoyar la cultura de investigaci\u00f3n y pr\u00e1ctica basada en evidencia (PBE). Sirve de apoyo para que la Escuela administre investigaciones subvencionadas, proyectos de PBE y QI y actividades relacionadas, de acuerdo&hellip;<\/p>\n","protected":false},"author":1,"featured_media":0,"parent":0,"menu_order":0,"comment_status":"closed","ping_status":"closed","template":"template-microsite.php","meta":{"footnotes":""},"class_list":["post-319","page","type-page","status-publish","hentry","description-off"],"jetpack_sharing_enabled":true,"_links":{"self":[{"href":"https:\/\/rcm1.rcm.upr.edu\/enfermeria\/wp-json\/wp\/v2\/pages\/319","targetHints":{"allow":["GET"]}}],"collection":[{"href":"https:\/\/rcm1.rcm.upr.edu\/enfermeria\/wp-json\/wp\/v2\/pages"}],"about":[{"href":"https:\/\/rcm1.rcm.upr.edu\/enfermeria\/wp-json\/wp\/v2\/types\/page"}],"author":[{"embeddable":true,"href":"https:\/\/rcm1.rcm.upr.edu\/enfermeria\/wp-json\/wp\/v2\/users\/1"}],"replies":[{"embeddable":true,"href":"https:\/\/rcm1.rcm.upr.edu\/enfermeria\/wp-json\/wp\/v2\/comments?post=319"}],"version-history":[{"count":8,"href":"https:\/\/rcm1.rcm.upr.edu\/enfermeria\/wp-json\/wp\/v2\/pages\/319\/revisions"}],"predecessor-version":[{"id":4270,"href":"https:\/\/rcm1.rcm.upr.edu\/enfermeria\/wp-json\/wp\/v2\/pages\/319\/revisions\/4270"}],"wp:attachment":[{"href":"https:\/\/rcm1.rcm.upr.edu\/enfermeria\/wp-json\/wp\/v2\/media?parent=319"}],"curies":[{"name":"wp","href":"https:\/\/api.w.org\/{rel}","templated":true}]}}