{"id":345,"date":"2016-11-18T10:28:49","date_gmt":"2016-11-18T14:28:49","guid":{"rendered":"http:\/\/enfermeria.rcm.upr.edu\/investigacion\/centro-de-investigacion-y-practica-basada-en-evidencia\/"},"modified":"2025-07-29T14:23:34","modified_gmt":"2025-07-29T14:23:34","slug":"centro-de-investigacion-y-practica-basada-en-evidencia","status":"publish","type":"page","link":"https:\/\/rcm1.rcm.upr.edu\/enfermeria\/centro-de-investigacion-y-practica-basada-en-evidencia\/","title":{"rendered":"Centro de Investigaci\u00f3n y Pr\u00e1ctica Basada en Evidencia"},"content":{"rendered":"<section class=\"wpb-content-wrapper\"><p>[vc_row][vc_column][vc_column_text]<strong>INTRODUCCI\u00d3N<\/strong><\/p>\n<p>El Centro de Investigaci\u00f3n y Pr\u00e1ctica Basada en Evidencia (CIPBE) fue inaugurado en octubre de 2013 y tiene como meta guiar a la facultad y estudiantes en el desarrollo de investigaci\u00f3n colaborativa y la pr\u00e1ctica basada en evidencia para mejorar los resultados de salud. En el 2015, al establecerse la Oficina del Decano Auxiliar de Investigaci\u00f3n (ODAI), el CIPBE pasa a ser parte de esta unidad administrativa.<\/p>\n<p>El CIPBE promueve la investigaci\u00f3n interprofesional, adem\u00e1s, ofrece apoyo y recursos para el desarrollo de propuestas de investigaci\u00f3n y proyectos de pr\u00e1ctica basada en evidencia (EBP), espec\u00edficamente preparaci\u00f3n y edici\u00f3n de documentos y procesos administrativos relacionados al Comit\u00e9 Institucional de Derechos Humanos (IRB, por sus siglas en ingl\u00e9s), entre otros.<\/p>\n<p>El CIPBE cuenta con facilidades f\u00edsicas para el uso de la facultad y estudiantes en el desarrollo de sus propuestas de investigaci\u00f3n o proyectos de EBP y para la entrada y an\u00e1lisis de datos.\u00a0 Igualmente, cuenta con un sal\u00f3n para reuniones debidamente equipado para realizar presentaciones en modalidad presencial e h\u00edbrida. Nos encontramos localizados en el primer piso de la Escuela de Enfermer\u00eda, junto al Decanato de Estudiantes, en la oficina 120.[\/vc_column_text][\/vc_column][\/vc_row][vc_row][vc_column][vc_media_grid element_width=&#8221;6&#8243; grid_id=&#8221;vc_gid:1753797889872-4f45f821-0c50-9&#8243; include=&#8221;4257,4256,4255,4258&#8243;][\/vc_column][\/vc_row][vc_row][vc_column][vc_column_text]<strong>SERVICIOS<\/strong><\/p>\n<ul>\n<li>Mentor\u00eda, entrenamientos, seminarios y talleres.<\/li>\n<li>Materiales y programas para facilitar las actividades de investigaci\u00f3n y pr\u00e1ctica basada en la evidencia.<\/li>\n<li>Asistencia para identificar mecanismos de financiamiento intramurales\/extramurales.<\/li>\n<li>Apoyo t\u00e9cnico para el desarrollo y monitoreo de propuestas y presupuestos.<\/li>\n<li>Asistencia para procesar solicitudes como protocolo nuevo, enmiendas, renovaciones o cierre de protocolo, para el IRB mediante su sistema electr\u00f3nico.<\/li>\n<li>Contactar recursos expertos para apoyo en metodolog\u00eda, estad\u00edstica y edici\u00f3n.<\/li>\n<li>Asistencia en la b\u00fasqueda de literatura en bases de datos.<\/li>\n<li>Apoyo en desarrollo de investigaciones, proyectos basados en la evidencia, presentaciones y carteles.<\/li>\n<li>Apoyo para proyectos interprofesionales.<\/li>\n<li>Entrenamiento a asistentes de investigaci\u00f3n en IRB, entrevistas y entrada de datos.<\/li>\n<li>Edici\u00f3n de documentos relacionados a propuestas de investigaci\u00f3n, proyectos y manuscritos basadas en la evidencia.<\/li>\n<li>Apoyo administrativo y operacional para proyectos interprofesionales de investigaci\u00f3n y pr\u00e1ctica basada en evidencia<\/li>\n<\/ul>\n<p>[\/vc_column_text][\/vc_column][\/vc_row][vc_row][vc_column][vc_column_text]<strong>SOLICITE NUESTROS SERVICIOS<\/strong>[\/vc_column_text][vc_single_image image=&#8221;4262&#8243; img_size=&#8221;full&#8221;][\/vc_column][\/vc_row][vc_row][vc_column][vc_column_text]<strong>MANUAL ODAI\/CIPBE<\/strong><\/p>\n<p>Para conocer los detalles de las normas, pol\u00edticas y procedimientos de la ODAI y del CIPBE descargue el manual:[\/vc_column_text][vc_btn title=&#8221;Descargar Manual&#8221; color=&#8221;black&#8221; link=&#8221;url:https%3A%2F%2Frcm1.rcm.upr.edu%2Fenfermeria%2Fwp-content%2Fuploads%2F2025%2F07%2Fmanual-ODAI-CIPBE-1.0-10-abril-2025.pdf&#8221;][\/vc_column][\/vc_row][vc_row][vc_column][vc_column_text]<strong>OTROS DOCUMENTOS<\/strong><\/p>\n<p><a href=\"https:\/\/rcm1.rcm.upr.edu\/enfermeria\/wp-content\/uploads\/2025\/07\/procedimiento-solicitud-plataforma-SurveyMonkey.pdf\">Hoja de Procedimiento para Solicitud Desarrollo de Encuestas Electr\u00f3nicas en la Plataforma SurveyMonkey<\/a><\/p>\n<p><a href=\"https:\/\/rcm1.rcm.upr.edu\/enfermeria\/wp-content\/uploads\/2025\/07\/formulario-solicitud-uso-plataforma-SurveyMonkey.pdf\">Formulario para el Uso de la Plataforma SurveyMonkey<\/a><\/p>\n<p><strong>ENLACES DE INTER\u00c9S<\/strong><\/p>\n<p><strong>NIH y recursos de Investigaci\u00f3n<\/strong>:<\/p>\n<p><a href=\"https:\/\/www.nih.gov\/\">https:\/\/www.nih.gov\/<\/a><\/p>\n<p><a href=\"https:\/\/www.ninr.nih.gov\/\">https:\/\/www.ninr.nih.gov\/<\/a><\/p>\n<p><a href=\"https:\/\/researchtraining.nih.gov\/\">https:\/\/researchtraining.nih.gov\/<\/a><\/p>\n<p><a href=\"https:\/\/irp.nih.gov\/\">https:\/\/irp.nih.gov\/<\/a><\/p>\n<p><a href=\"https:\/\/www.ninr.nih.gov\/training\">https:\/\/www.ninr.nih.gov\/training<\/a><\/p>\n<p><a href=\"https:\/\/www.ahrq.gov\/funding\/index.html\">https:\/\/www.ahrq.gov\/funding\/index.html<\/a><\/p>\n<p><strong>Recursos para Pr\u00e1ctica Basada en Evidencia (EBP)<\/strong>:<\/p>\n<p><a href=\"https:\/\/rcm-upr.libguides.com\/evidencebasednursing\">https:\/\/rcm-upr.libguides.com\/evidencebasednursing<\/a><\/p>\n<p><a href=\"https:\/\/fuld.nursing.osu.edu\/\">https:\/\/fuld.nursing.osu.edu\/<\/a><\/p>\n<p><a href=\"https:\/\/ebn.bmj.com\/\">https:\/\/ebn.bmj.com\/<\/a><\/p>\n<p><a href=\"https:\/\/www.ncbi.nlm.nih.gov\/books\/NBK589676\/\">https:\/\/www.ncbi.nlm.nih.gov\/books\/NBK589676\/<\/a><\/p>\n<p><a href=\"https:\/\/www.nlm.nih.gov\/oet\/ed\/pubmed\/pubmed_in_ebp\/index.html\">https:\/\/www.nlm.nih.gov\/oet\/ed\/pubmed\/pubmed_in_ebp\/index.html<\/a><\/p>\n<p><strong>Estrategias para B\u00fasqueda de Literatura<\/strong>:<\/p>\n<p><a href=\"https:\/\/rcm-upr.libguides.com\/estrategiasdebusqueda\">https:\/\/rcm-upr.libguides.com\/estrategiasdebusqueda<\/a><\/p>\n<p><a href=\"https:\/\/www.elsevier.es\/es-revista-enfermeria-intensiva-142-articulo-como-elaborar-una-estrategia-busqueda-S1130239918300841\">https:\/\/www.elsevier.es\/es-revista-enfermeria-intensiva-142-articulo-como-elaborar-una-estrategia-busqueda-S1130239918300841<\/a><\/p>\n<p><strong>Recursos para redacci\u00f3n, construcci\u00f3n de carteles y res\u00famenes<\/strong>:<\/p>\n<p><a href=\"https:\/\/owl.purdue.edu\/owl\/research_and_citation\/apa_style\/apa_formatting_and_style_guide\/reference_list_author_authors.html\">https:\/\/owl.purdue.edu\/owl\/research_and_citation\/apa_style\/apa_formatting_and_style_guide\/reference_list_author_authors.html<\/a><\/p>\n<p><a href=\"https:\/\/www.kmeverson.org\/academic-poster-design.html\">https:\/\/www.kmeverson.org\/academic-poster-design.html<\/a><\/p>\n<p><a href=\"https:\/\/www.ncbi.nlm.nih.gov\/pmc\/articles\/PMC3136027\/\">https:\/\/www.ncbi.nlm.nih.gov\/pmc\/articles\/PMC3136027\/<\/a><\/p>\n<p><a href=\"https:\/\/guides.lib.uci.edu\/c.php?g=334338&amp;p=2249902\">https:\/\/guides.lib.uci.edu\/c.php?g=334338&amp;p=2249902<\/a><\/p>\n<p><strong>CONTACTOS<\/strong><\/p>\n<p>Maria Celeste Larriuz Serrano, MS, MPH<br \/>\nCentro de Investigaci\u00f3n y Pr\u00e1ctica Basada en Evidencia<br \/>\nTel\u00e9fono: 787-758-2525, Ext. 2186, 1217<br \/>\nEmail: <a href=\"mailto:maria.larriuz@upr.edu\">maria.larriuz@upr.edu<\/a>, <a href=\"mailto:cipbe.rcm@upr.edu\">cipbe.rcm@upr.edu<\/a>[\/vc_column_text][\/vc_column][\/vc_row]<\/p>\n<\/section>","protected":false},"excerpt":{"rendered":"<p>[vc_row][vc_column][vc_column_text]INTRODUCCI\u00d3N El Centro de Investigaci\u00f3n y Pr\u00e1ctica Basada en Evidencia (CIPBE) fue inaugurado en octubre de 2013 y tiene como meta guiar a la facultad y estudiantes en el desarrollo de investigaci\u00f3n colaborativa y la pr\u00e1ctica basada en evidencia para mejorar los resultados de salud. En el 2015, al establecerse la Oficina del Decano Auxiliar&hellip;<\/p>\n","protected":false},"author":1,"featured_media":0,"parent":0,"menu_order":0,"comment_status":"closed","ping_status":"closed","template":"template-microsite.php","meta":{"footnotes":""},"class_list":["post-345","page","type-page","status-publish","hentry","description-off"],"jetpack_sharing_enabled":true,"_links":{"self":[{"href":"https:\/\/rcm1.rcm.upr.edu\/enfermeria\/wp-json\/wp\/v2\/pages\/345","targetHints":{"allow":["GET"]}}],"collection":[{"href":"https:\/\/rcm1.rcm.upr.edu\/enfermeria\/wp-json\/wp\/v2\/pages"}],"about":[{"href":"https:\/\/rcm1.rcm.upr.edu\/enfermeria\/wp-json\/wp\/v2\/types\/page"}],"author":[{"embeddable":true,"href":"https:\/\/rcm1.rcm.upr.edu\/enfermeria\/wp-json\/wp\/v2\/users\/1"}],"replies":[{"embeddable":true,"href":"https:\/\/rcm1.rcm.upr.edu\/enfermeria\/wp-json\/wp\/v2\/comments?post=345"}],"version-history":[{"count":6,"href":"https:\/\/rcm1.rcm.upr.edu\/enfermeria\/wp-json\/wp\/v2\/pages\/345\/revisions"}],"predecessor-version":[{"id":4269,"href":"https:\/\/rcm1.rcm.upr.edu\/enfermeria\/wp-json\/wp\/v2\/pages\/345\/revisions\/4269"}],"wp:attachment":[{"href":"https:\/\/rcm1.rcm.upr.edu\/enfermeria\/wp-json\/wp\/v2\/media?parent=345"}],"curies":[{"name":"wp","href":"https:\/\/api.w.org\/{rel}","templated":true}]}}