{"id":38,"date":"2016-06-29T14:06:08","date_gmt":"2016-06-29T18:06:08","guid":{"rendered":"http:\/\/enfermeria.rcm.upr.edu\/programas-academicos\/bachillerato\/"},"modified":"2025-10-27T11:47:16","modified_gmt":"2025-10-27T11:47:16","slug":"bachillerato","status":"publish","type":"page","link":"https:\/\/rcm1.rcm.upr.edu\/enfermeria\/programas-academicos\/bachillerato\/","title":{"rendered":"Bachillerato en Ciencias en Enfermer\u00eda"},"content":{"rendered":"<section class=\"wpb-content-wrapper\"><p>[vc_row][vc_column][vc_column_text]<\/p>\n<h3>Bachillerato en Ciencias de Enfermer\u00eda<\/h3>\n<p>El programa de estudios para el Bachillerato en Ciencias de Enfermer\u00eda consiste de cuatro a\u00f1os de estudios universitarios para un total de 127 cr\u00e9ditos semestre. El primer y segundo a\u00f1o corresponden a los cursos de estudios generales, ciencias b\u00e1sicas, matem\u00e1ticas y electivas libres los cuales ser\u00e1n tomados en cualquier otro recinto de la Universidad de Puerto Rico y\/o alguna otra Universidad licenciada por la Junta de Instituciones Postsecundarias de Puerto Rico. El estudiante es admitido al tercer a\u00f1o, por traslado articulado, traslado regular, readmisi\u00f3n, reclasificaci\u00f3n o transferencia a la Escuela de Enfermer\u00eda del Recinto de Ciencias M\u00e9dicas. Durante el tercero y cuarto a\u00f1o el curr\u00edculo se concentra en materias que comprenden los cursos te\u00f3ricos y cl\u00ednicos de concentraci\u00f3n y electivas en enfermer\u00eda.<\/p>\n<p>La Oficina del Programa de Bachillerato est\u00e1 ubicada en el <strong>segundo piso del Edificio de Enfermer\u00eda Celia Guzm\u00e1n<\/strong>.[\/vc_column_text][\/vc_column][\/vc_row][vc_row][vc_column][vc_wp_custommenu nav_menu=&#8221;79&#8243;][\/vc_column][\/vc_row][vc_row][vc_column][vc_column_text]<div class='w3eden'><!-- WPDM Link Template: Default Template -->\n\n<div class=\"link-template-default card mb-2\">\n    <div class=\"card-body\">\n        <div class=\"media\">\n            <div class=\"mr-3 img-48\"><img decoding=\"async\" class=\"wpdm_icon\" alt=\"Icon\" src=\"https:\/\/rcm1.rcm.upr.edu\/enfermeria\/wp-content\/plugins\/download-manager\/assets\/file-type-icons\/pdf.svg\" \/><\/div>\n            <div class=\"media-body\">\n                <h3 class=\"package-title\"><a href='https:\/\/rcm1.rcm.upr.edu\/enfermeria\/download\/bachillerato-en-ciencias-en-enfermeria\/'>Bachillerato en Ciencias en Enfermer\u00eda (Op\u00fasculo)<\/a><\/h3>\n                <div class=\"text-muted text-small\"><i class=\"fas fa-copy\"><\/i> 1 file(s) <i class=\"fas fa-hdd ml-3\"><\/i> 258.56 KB<\/div>\n            <\/div>\n            <div class=\"ml-3\">\n                <a class='wpdm-download-link download-on-click btn btn-info ' rel='nofollow' href='#' data-downloadurl=\"https:\/\/rcm1.rcm.upr.edu\/enfermeria\/download\/bachillerato-en-ciencias-en-enfermeria\/?wpdmdl=4228&refresh=69d716316feab1775703601\">Download<\/a>\n            <\/div>\n        <\/div>\n    <\/div>\n<\/div>\n\n<\/div>\n<div class='w3eden'><!-- WPDM Link Template: Default Template -->\n\n<div class=\"link-template-default card mb-2\">\n    <div class=\"card-body\">\n        <div class=\"media\">\n            <div class=\"mr-3 img-48\"><img decoding=\"async\" class=\"wpdm_icon\" alt=\"Icon\" src=\"https:\/\/rcm1.rcm.upr.edu\/enfermeria\/wp-content\/plugins\/download-manager\/assets\/file-type-icons\/pdf.svg\" \/><\/div>\n            <div class=\"media-body\">\n                <h3 class=\"package-title\"><a href='https:\/\/rcm1.rcm.upr.edu\/enfermeria\/download\/manual-de-normas-y-funcionamiento-programa-de-bachillerato\/'>Manual de Normas y Funcionamiento Programa de Bachillerato<\/a><\/h3>\n                <div class=\"text-muted text-small\"><i class=\"fas fa-copy\"><\/i> 1 file(s) <i class=\"fas fa-hdd ml-3\"><\/i> 796.50 KB<\/div>\n            <\/div>\n            <div class=\"ml-3\">\n                <a class='wpdm-download-link download-on-click btn btn-info ' rel='nofollow' href='#' data-downloadurl=\"https:\/\/rcm1.rcm.upr.edu\/enfermeria\/download\/manual-de-normas-y-funcionamiento-programa-de-bachillerato\/?wpdmdl=4230&refresh=69d71631c0c471775703601\">Download<\/a>\n            <\/div>\n        <\/div>\n    <\/div>\n<\/div>\n\n<\/div>[\/vc_column_text][vc_empty_space][\/vc_column][\/vc_row][vc_row][vc_column][vc_column_text]<\/p>\n<h4>Resultados de Aprendizaje esperados para estudiantes de BSN<\/h4>\n<p><strong>a. Practicante Competente:<\/strong><\/p>\n<p>Los estudiantes egresados del Programa de BSN demuestran comportamientos como profesionales competentes a trav\u00e9s de las siguientes acciones:<\/p>\n<ol>\n<li>Aplicaci\u00f3n de destrezas en el proceso de enfermer\u00eda<\/li>\n<li>Nivel b\u00e1sico de servicios directos al cliente<\/li>\n<li>Sensibilidad cultural y \u00e9tica<\/li>\n<li>Destrezas de liderazgo<\/li>\n<li>Conocimientos t\u00e9cnicos<\/li>\n<li>Destrezas de comunicaci\u00f3n<\/li>\n<li>Tecnolog\u00edas de atenci\u00f3n al paciente<\/li>\n<li>Los sistemas para el manejo de la informaci\u00f3n<\/li>\n<\/ol>\n<p><strong>b. Destrezas de Investigaci\u00f3n:<\/strong><\/p>\n<p>Los estudiantes egresados del Programa de BSN demuestran los siguientes comportamientos:<\/p>\n<ol>\n<li>Aplicaci\u00f3n del razonamiento cient\u00edfico para resolver situaciones de problema.<\/li>\n<li>Comprensi\u00f3n b\u00e1sica del proceso de investigaci\u00f3n y de modelos para aplicar la evidencia a la pr\u00e1ctica cl\u00ednica y la protecci\u00f3n de sujetos humanos en investigaci\u00f3n.<\/li>\n<li>Acceso, an\u00e1lisis y utilizaci\u00f3n de la literatura pertinente y la utilizaci\u00f3n de los resultados de la investigaci\u00f3n pertinentes para la pr\u00e1ctica basada en la evidencia en el cuidado del paciente en diferentes escenarios.<\/li>\n<\/ol>\n<p><strong>c. Destrezas de Pensamiento Cr\u00edtico:<\/strong><\/p>\n<p>Los estudiantes egresados del Programa de BSN demuestran habilidades de pensamiento cr\u00edtico a trav\u00e9s de los siguientes comportamientos:<\/p>\n<ol>\n<li>Uso de juicio cl\u00ednico y habilidades en la toma de decisiones<\/li>\n<li>Participaci\u00f3n en el proceso de auto-evaluaci\u00f3n objetiva<\/li>\n<li>Evaluaci\u00f3n de los resultados del cuidado de enfermer\u00eda<\/li>\n<li>Fomenta la soluci\u00f3n creativa de problemas.<\/li>\n<\/ol>\n<p>[\/vc_column_text][vc_column_text]<\/p>\n<h3 id=\"bsn-perfil\">Perfil del egresado de BSN \/ BSN Graduate Profile<\/h3>\n<ol>\n<li>Demonstrates clinical judgment based on nursing theories, knowledge from natural, physical, social, and nursing sciences to understand the human experience and nursing practice.<\/li>\n<li>Delivers accountable and compassionate person-centered care using nursing process and skills, to facilitate the continuity of care based on the needs of the individuals, families and communities.<\/li>\n<li>Incorporates population health needs in the delivery of care considering effective partnerships, policies, and public safety measures for improvement of equitable population health outcomes.<\/li>\n<li>Integrates the best evidence, clinical experts\u2019 knowledge, and patients\u2019 preferences to improve and advance the nursing practice.<\/li>\n<li>Contributes to high quality patient and team members\u2019 safety culture to promote excellence of care and minimize risks in health outcomes.<\/li>\n<li>Practices the nursing profession in collaboration with the interprofessional healthcare team members, patients, families, communities, and other stakeholders to optimize care, enhance the healthcare experience, and strengthen outcomes.<\/li>\n<li>Considers healthcare system effectiveness to optimize the coordination of resources to provide safe, quality, and equitable care to diverse populations, through an innovative, and evidence-based practice.<\/li>\n<li>Provides safe, high-quality, and efficient nursing care using information, communication technologies, and informatics processes ethically.<\/li>\n<\/ol>\n<p>Tasas de graduaci\u00f3n y pase de rev\u00e1lida del Programa de BSN:<\/p>\n<ul>\n<li style=\"list-style-type: none;\">\n<ul>\n<li>Tasa de Graduaci\u00f3n (2023-2024): 94%<\/li>\n<li>Pase de rev\u00e1lida (2022-2023): 100%<\/li>\n<\/ul>\n<\/li>\n<\/ul>\n<p>[\/vc_column_text][\/vc_column][\/vc_row][vc_row][vc_column][vc_column_text]<\/p>\n<h3 id=\"bsn-perfil\">Fecha l\u00edmite de Admisi\u00f3n<\/h3>\n<p>Favor acceder a <a href=\"https:\/\/rcm1.rcm.upr.edu\/enfermeria\/fecha-limite-de-admision\/\">este enlace para informaci\u00f3n sobre la fecha l\u00edmite de admisi\u00f3n<\/a>.<\/p>\n<h3><\/h3>\n<h3 id=\"bsn-proceso-admision\">Proceso de Admisi\u00f3n<\/h3>\n<p>La admisi\u00f3n al programa podr\u00e1 hacerse por traslado, transferencia o reclasificaci\u00f3n y readmisi\u00f3n. Todas las solicitudes se considerar\u00e1n para comenzar en agosto al tercer a\u00f1o de estudios.<\/p>\n<div data-ogsc=\"rgb(0, 0, 0)\">Complete la\u00a0<a href=\"https:\/\/solicitud.upr.edu\/\" target=\"_blank\" rel=\"noopener\"><u>Solicitud Electr\u00f3nica de Admisi\u00f3n<\/u><\/a>\u00a0solamente si usted proviene de una instituci\u00f3n privada y nunca ha tomado cursos en el Sistema UPR. Estudiantes\u00a0<span data-ogsb=\"rgb(255, 255, 255)\">provenientes del sistema UPR:<\/span>\u00a0traslado regular y\u00a0traslado articulado referirse a la oficina del registrador de su recinto y re-admisi\u00f3n\u00a0<span data-ogsb=\"rgb(255, 255, 255)\">referirse a la oficina del registrador del RCM.\u00a0<\/span><\/div>\n<p>A. Para cualificar al tercer a\u00f1o los\/as solicitantes deber\u00e1n haber aprobado los siguientes cursos o sus equivalentes en su unidad de origen (Sistema U.P.R. o una universidad privada reconocida):<\/p>\n<table border=\"1\" summary=\"BSN cr\u00e9ditos\" cellspacing=\"0\" cellpadding=\"5\">\n<tbody>\n<tr>\n<td>Biolog\u00eda General 3101 3102<\/td>\n<td>8 crs.<\/td>\n<\/tr>\n<tr>\n<td>Ingl\u00e9s B\u00e1sico 3101-3102<\/td>\n<td>6 crs.<\/td>\n<\/tr>\n<tr>\n<td>Espa\u00f1ol B\u00e1sico 3101-3102<\/td>\n<td>6 crs.<\/td>\n<\/tr>\n<tr>\n<td>Humanidades 3101-3102*<\/td>\n<td>6 crs.<\/td>\n<\/tr>\n<tr>\n<td>Ciencias Sociales 3121-3122<\/td>\n<td>6 crs.<\/td>\n<\/tr>\n<tr>\n<td>Matem\u00e1ticas 3001 o 3018<\/td>\n<td>3 crs.<\/td>\n<\/tr>\n<tr>\n<td>CISO (Estad\u00edsticas) 3155<\/td>\n<td>3 crs.<\/td>\n<\/tr>\n<tr>\n<td>Anatom\u00eda y Fisiolog\u00eda 4011 y 4012<\/td>\n<td>6 crs.<\/td>\n<\/tr>\n<tr>\n<td>Qu\u00edmica General I y II 3021 y 3022<\/td>\n<td>8 crs.<\/td>\n<\/tr>\n<tr>\n<td>Microbiolog\u00eda 3345<\/td>\n<td>4 crs.<\/td>\n<\/tr>\n<tr>\n<td>Psicolog\u00eda General 3005<\/td>\n<td>3 crs.<\/td>\n<\/tr>\n<tr>\n<td>Electivas libres<\/td>\n<td>6 crs.<\/td>\n<\/tr>\n<tr>\n<td>Para un total de:<\/td>\n<td>65 crs.<\/td>\n<\/tr>\n<\/tbody>\n<\/table>\n<p>Los estudiantes que se admitan con cursos de otras Instituciones, para ser convalidados, estar\u00e1n sujetos a las Normas de la Oficina del Registrador del RCM.<\/p>\n<p>B. Tener \u00edndice General y Espec\u00edfico m\u00ednimo de 2.50. El \u00edndice espec\u00edfico se calcula dividiendo el n\u00famero total de puntos de honor por el n\u00famero total de cr\u00e9dito acumulados en los siguientes cursos prerrequisitos o sus equivalentes.<\/p>\n<table border=\"1\" summary=\"cursos prerrequisitos\" cellspacing=\"0\" cellpadding=\"5\">\n<tbody>\n<tr>\n<td>Biolog\u00eda General<\/td>\n<td>3101 \u2013 3102<\/td>\n<\/tr>\n<tr>\n<td>Matem\u00e1ticas<\/td>\n<td>3001 o 3018<\/td>\n<\/tr>\n<tr>\n<td>CISO (Estad\u00edsticas)<\/td>\n<td>3155<\/td>\n<\/tr>\n<tr>\n<td>Qu\u00edmica General<\/td>\n<td>3021 \u2013 3022<\/td>\n<\/tr>\n<tr>\n<td>Anatom\u00eda y Fisiolog\u00eda<\/td>\n<td>4011 \u2013 4012<\/td>\n<\/tr>\n<tr>\n<td>Microbiolog\u00eda<\/td>\n<td>3345<\/td>\n<\/tr>\n<\/tbody>\n<\/table>\n<p>C. Criterios de Selecci\u00f3n (porcentual)<\/p>\n<ul>\n<li>\u00cdndice General requerido (IR) 45%<\/li>\n<li>\u00cdndice Espec\u00edfico (ciencias y matem\u00e1ticas)(IE) 45%<\/li>\n<li>Puntuaci\u00f3n Entrevista (PE) 10%<\/li>\n<\/ul>\n<p>[\/vc_column_text][vc_column_text]<\/p>\n<h3>Requisitos de Graduaci\u00f3n<\/h3>\n<ul>\n<li>Un promedio m\u00ednimo de calificaciones de 2.00 (en una escala de 4.00).<\/li>\n<li>Aprobar las 127 horas-cr\u00e9dito del programa.<\/li>\n<\/ul>\n<p>[\/vc_column_text][\/vc_column][\/vc_row][vc_row][vc_column][vc_column_text]<\/p>\n<h3 id=\"bsn-contacto\">Cont\u00e1ctenos<\/h3>\n<p><strong>Tel\u00e9fono<\/strong><br \/>\n(787) 758-2525,\u00a0exts.1093, 1095<br \/>\nFax: (787) 759-3644[\/vc_column_text][\/vc_column][\/vc_row][vc_row][vc_column][vc_column_text]<strong>Dra. Beatriz N. D\u00edaz Santiago<br \/>\n<\/strong><a href=\"mailto:beatriz.diaz4@upr.edu\">beatriz.diaz4@upr.edu<\/a><br \/>\nDirectora Interina<br \/>\nExtensiones: 1093, 1095[\/vc_column_text][vc_column_text]<strong>Luz Cruz<\/strong><br \/>\n<a href=\"mailto:luz.cruz7@upr.edu\">luz.cruz7@upr.edu<\/a><br \/>\nSecretaria Administrativa[\/vc_column_text][vc_column_text]<strong>Lourdes Collazo<\/strong><br \/>\n<a href=\"mailto:lourdes.collazo@upr.edu\">lourdes.collazo@upr.edu<\/a><br \/>\nSecretaria Administrativa[\/vc_column_text][vc_column_text]<strong>Janette Carrasquillo<\/strong><br \/>\njanette.carrasquillo@upr.edu<br \/>\nOficial de Admisiones<br \/>\next. <span style=\"font-family: inherit; font-size: inherit;\">5230<\/span>[\/vc_column_text][vc_column_text]<strong>Direcci\u00f3n Postal<\/strong><br \/>\nOficina Central de Admisiones RCM<br \/>\nPrograma Subgraduado de Enfermer\u00eda<br \/>\nPO BOX 365067<br \/>\nSan Juan, PR 00936-5067[\/vc_column_text][\/vc_column][\/vc_row]<\/p>\n<\/section>","protected":false},"excerpt":{"rendered":"<p>[vc_row][vc_column][vc_column_text] Bachillerato en Ciencias de Enfermer\u00eda El programa de estudios para el Bachillerato en Ciencias de Enfermer\u00eda consiste de cuatro a\u00f1os de estudios universitarios para un total de 127 cr\u00e9ditos semestre. El primer y segundo a\u00f1o corresponden a los cursos de estudios generales, ciencias b\u00e1sicas, matem\u00e1ticas y electivas libres los cuales ser\u00e1n tomados en cualquier&hellip;<\/p>\n","protected":false},"author":1,"featured_media":0,"parent":1490,"menu_order":0,"comment_status":"closed","ping_status":"closed","template":"template-microsite.php","meta":{"footnotes":""},"class_list":["post-38","page","type-page","status-publish","hentry","description-off"],"jetpack_sharing_enabled":true,"_links":{"self":[{"href":"https:\/\/rcm1.rcm.upr.edu\/enfermeria\/wp-json\/wp\/v2\/pages\/38","targetHints":{"allow":["GET"]}}],"collection":[{"href":"https:\/\/rcm1.rcm.upr.edu\/enfermeria\/wp-json\/wp\/v2\/pages"}],"about":[{"href":"https:\/\/rcm1.rcm.upr.edu\/enfermeria\/wp-json\/wp\/v2\/types\/page"}],"author":[{"embeddable":true,"href":"https:\/\/rcm1.rcm.upr.edu\/enfermeria\/wp-json\/wp\/v2\/users\/1"}],"replies":[{"embeddable":true,"href":"https:\/\/rcm1.rcm.upr.edu\/enfermeria\/wp-json\/wp\/v2\/comments?post=38"}],"version-history":[{"count":11,"href":"https:\/\/rcm1.rcm.upr.edu\/enfermeria\/wp-json\/wp\/v2\/pages\/38\/revisions"}],"predecessor-version":[{"id":4291,"href":"https:\/\/rcm1.rcm.upr.edu\/enfermeria\/wp-json\/wp\/v2\/pages\/38\/revisions\/4291"}],"up":[{"embeddable":true,"href":"https:\/\/rcm1.rcm.upr.edu\/enfermeria\/wp-json\/wp\/v2\/pages\/1490"}],"wp:attachment":[{"href":"https:\/\/rcm1.rcm.upr.edu\/enfermeria\/wp-json\/wp\/v2\/media?parent=38"}],"curies":[{"name":"wp","href":"https:\/\/api.w.org\/{rel}","templated":true}]}}