{"id":43,"date":"2016-06-29T14:16:30","date_gmt":"2016-06-29T18:16:30","guid":{"rendered":"http:\/\/enfermeria.rcm.upr.edu\/oficina-de-asuntos-estudiantiles\/admisiones\/"},"modified":"2016-06-29T14:16:30","modified_gmt":"2016-06-29T18:16:30","slug":"admisiones","status":"publish","type":"page","link":"https:\/\/rcm1.rcm.upr.edu\/enfermeria\/oficina-de-asuntos-estudiantiles\/admisiones\/","title":{"rendered":"Admisiones"},"content":{"rendered":"<section class=\"wpb-content-wrapper\"><p>[vc_row][vc_column][vc_column_text]La Escuela de Enfermer\u00eda ofrece programas acad\u00e9micos al nivel de <a href=\"\/programas-academicos\/doctorado\/\">doctorado<\/a>, maestr\u00eda (<a href=\"\/programas-academicos\/maestria\/maestria-general\/\">general<\/a> y <a href=\"https:\/\/enfermeria.rcm.upr.edu\/programas-academicos\/maestria\/programa-anestesia\/\">anestesia<\/a>) y <a href=\"\/programas-academicos\/bachillerato\/\">bachillerato<\/a>. Se admiten estudiantes nuevos una vez al a\u00f1o en el mes de agosto.<\/p>\n<p>Para m\u00e1s informaci\u00f3n de c\u00f3mo solicitar pulse <a href=\"https:\/\/admisiones.upr.edu\">aqu\u00ed<\/a>.<\/p>\n<p>Fecha l\u00edmite para solicitar pulse <a href=\"\/fecha-limite-de-admision\/\">aqu\u00ed<\/a>.[\/vc_column_text][\/vc_column][\/vc_row][vc_row][vc_column][vc_column_text]<\/p>\n<h3 id=\"dns-contacto\">Cont\u00e1ctenos<\/h3>\n<table border=\"0\" summary=\"\" cellspacing=\"0\" cellpadding=\"10\">\n<tbody>\n<tr>\n<td colspan=\"2\"><strong>Direcci\u00f3n Postal:<\/strong><br \/>\nOficina Central de Admisiones RCM<br \/>\nPrograma Maestr\u00eda en Ciencias en Enfermer\u00eda<br \/>\nPO BOX 365067<br \/>\nSan Juan, PR 00936-5067<\/td>\n<\/tr>\n<tr>\n<td colspan=\"2\"><strong>Cuadro telef\u00f3nico<\/strong>: 787-758-2525<\/td>\n<\/tr>\n<tr>\n<td valign=\"top\"><strong>Janette Carrasquillo<\/strong><br \/>\njanette.carrasquillo<br \/>\n<em>Oficial de Admisiones<\/em><br \/>\next. <span style=\"font-family: inherit; font-size: inherit;\">5233<\/span><\/td>\n<td valign=\"top\"><strong>Carmen Mabel Arroyo Novoa, RN, PhD<\/strong><br \/>\n<a href=\"mailto:nancy.davila@upr.edu\" target=\"_blank\" rel=\"noopener noreferrer\">carmen.arroyo1@upr.edu<\/a><br \/>\n<em>Directora Interina Programa Doctoral<\/em><br \/>\next. 2171<\/td>\n<\/tr>\n<tr>\n<td valign=\"top\"><strong>Silma Torres<\/strong><br \/>\n<a href=\"mailto:silma.torres@upr.edu\" target=\"_blank\" rel=\"noopener noreferrer\">silma.torres@upr.edu<\/a><br \/>\n<em>Secretaria Administrativa<\/em><br \/>\n<em>Departamento Graduado<\/em><br \/>\next. 1985, 1976<\/td>\n<\/tr>\n<\/tbody>\n<\/table>\n<p>[\/vc_column_text][\/vc_column][\/vc_row]<\/p>\n<\/section>","protected":false},"excerpt":{"rendered":"<p>[vc_row][vc_column][vc_column_text]La Escuela de Enfermer\u00eda ofrece programas acad\u00e9micos al nivel de doctorado, maestr\u00eda (general y anestesia) y bachillerato. Se admiten estudiantes nuevos una vez al a\u00f1o en el mes de agosto. Para m\u00e1s informaci\u00f3n de c\u00f3mo solicitar pulse aqu\u00ed. Fecha l\u00edmite para solicitar pulse aqu\u00ed.[\/vc_column_text][\/vc_column][\/vc_row][vc_row][vc_column][vc_column_text] Cont\u00e1ctenos Direcci\u00f3n Postal: Oficina Central de Admisiones RCM Programa Maestr\u00eda en&hellip;<\/p>\n","protected":false},"author":1,"featured_media":0,"parent":82,"menu_order":0,"comment_status":"closed","ping_status":"closed","template":"template-microsite.php","meta":{"footnotes":""},"class_list":["post-43","page","type-page","status-publish","hentry","description-off"],"jetpack_sharing_enabled":true,"_links":{"self":[{"href":"https:\/\/rcm1.rcm.upr.edu\/enfermeria\/wp-json\/wp\/v2\/pages\/43","targetHints":{"allow":["GET"]}}],"collection":[{"href":"https:\/\/rcm1.rcm.upr.edu\/enfermeria\/wp-json\/wp\/v2\/pages"}],"about":[{"href":"https:\/\/rcm1.rcm.upr.edu\/enfermeria\/wp-json\/wp\/v2\/types\/page"}],"author":[{"embeddable":true,"href":"https:\/\/rcm1.rcm.upr.edu\/enfermeria\/wp-json\/wp\/v2\/users\/1"}],"replies":[{"embeddable":true,"href":"https:\/\/rcm1.rcm.upr.edu\/enfermeria\/wp-json\/wp\/v2\/comments?post=43"}],"version-history":[{"count":0,"href":"https:\/\/rcm1.rcm.upr.edu\/enfermeria\/wp-json\/wp\/v2\/pages\/43\/revisions"}],"up":[{"embeddable":true,"href":"https:\/\/rcm1.rcm.upr.edu\/enfermeria\/wp-json\/wp\/v2\/pages\/82"}],"wp:attachment":[{"href":"https:\/\/rcm1.rcm.upr.edu\/enfermeria\/wp-json\/wp\/v2\/media?parent=43"}],"curies":[{"name":"wp","href":"https:\/\/api.w.org\/{rel}","templated":true}]}}