{"id":46,"date":"2016-06-29T14:44:22","date_gmt":"2016-06-29T18:44:22","guid":{"rendered":"http:\/\/enfermeria.rcm.upr.edu\/contactenos\/"},"modified":"2025-09-12T14:59:49","modified_gmt":"2025-09-12T14:59:49","slug":"contactenos","status":"publish","type":"page","link":"https:\/\/rcm1.rcm.upr.edu\/enfermeria\/contactenos\/","title":{"rendered":"Cont\u00e1ctenos"},"content":{"rendered":"<section class=\"wpb-content-wrapper\"><p>[vc_row][vc_column width=&#8221;1\/2&#8243;][vc_row_inner][vc_column_inner width=&#8221;1\/2&#8243;][vc_column_text]<strong>Direcci\u00f3n Postal<br \/>\n<\/strong>Escuela de Enfermer\u00eda<br \/>\nUPR-Recinto de Ciencias M\u00e9dicas<br \/>\nPO BOX 365067<br \/>\nSan Juan, PR 00936-5067[\/vc_column_text][\/vc_column_inner][vc_column_inner width=&#8221;1\/2&#8243;][vc_column_text]<strong>Direcci\u00f3n F\u00edsica<br \/>\n<\/strong>Escuela de Enfermer\u00eda<br \/>\nEdificio de Enfermer\u00eda Celia Guzm\u00e1n<br \/>\nUPR-Recinto de Ciencias M\u00e9dicas<br \/>\nCentro M\u00e9dico, San Juan, PR[\/vc_column_text][\/vc_column_inner][\/vc_row_inner][vc_column_text]<strong>Cuadro Telef\u00f3nico del Recinto de Ciencias M\u00e9dicas: (787) 758-2525<\/strong><\/p>\n<p><strong>Oficina de la Decana<br \/>\n<\/strong>Dra. Sherily Pereira Morales<br \/>\n<a href=\"mailto:sherily.pereira@upr.edu\">sherily.pereira@upr.edu<\/a><br \/>\nDecana Interina<br \/>\nCorreo Electr\u00f3nico: <a href=\"mailto:decano-enfermeria.rcm@upr.edu\">decano-enfermeria.rcm@upr.edu<\/a><br \/>\nExtensiones: 3101 \/ 1986<\/p>\n<p><strong>Oficina de Asuntos Administrativos<br \/>\n<\/strong>Sra. Yaralys Rom\u00e1n Agosto<br \/>\n<a href=\"mailto:yaralys.roman@upr.edu\">yaralys.roman@upr.edu<\/a><br \/>\nAdministradora Escuela de Enfermer\u00eda<br \/>\nExtensiones: 1984, 5614<\/p>\n<p><strong>Oficina de Asuntos Acad\u00e9micos<br \/>\n<\/strong>Dra. Nancy D\u00e1vila Ortiz<br \/>\n<a href=\"mailto:nancy.davila@upr.edu\">nancy.davila@upr.edu<\/a><br \/>\nDecana Asociada de Asuntos Acad\u00e9micos Interina<br \/>\nExtensiones: 2540, 2092<\/p>\n<p><strong>Oficina de la Decana Auxiliar de Investigaci\u00f3n<br \/>\n<\/strong>Dra. Noemy D\u00edaz Ramos<br \/>\n<a href=\"mailto:noemy.diaz@upr.edu\">noemy.diaz@upr.edu<\/a><br \/>\nDecana Auxiliar Interina de Investigaci\u00f3n<br \/>\nExtensi\u00f3n: 2183<\/p>\n<p><strong>Oficina de Asuntos Estudiantiles<br \/>\n<\/strong>Dr. Emanuel D\u00edaz Ortiz<br \/>\n<a href=\"mailto:emmanuel.diaz2@upr.edu\">emmanuel.diaz2@upr.edu<\/a><br \/>\nDecano Auxiliar Interino de Asuntos Estudiantiles<br \/>\nExtensi\u00f3n: 1089<\/p>\n<p><strong>Divisi\u00f3n de Educaci\u00f3n Continua y Estudios Profesionales (DECEP)<br \/>\n<\/strong>Prof. Irma D. V\u00e1zquez Sanjurjo<br \/>\n<a href=\"mailto:irma.vazquez@upr.edu\">irma.vazquez@upr.edu<\/a><br \/>\nDirectora Interina<br \/>\nCorreo Electr\u00f3nico: <a href=\"mailto:decepenfermeria.rcm@upr.edu\">decepenfermeria.rcm@upr.edu<\/a><br \/>\nExtensiones: 1187, 3110<\/p>\n<p><strong>Programa Bachillerato en Ciencias en Enfermer\u00eda<br \/>\n<\/strong>Dra. Beatriz N. D\u00edaz Santiago<br \/>\n<a href=\"http:\/\/beatriz.diaz4@upr.edu\">beatriz.diaz4@upr.edu<\/a><br \/>\nDirectora Interina<br \/>\nExtensiones: 1093, 1095<\/p>\n<p><strong>Programa Maestr\u00eda en Ciencias en Enfermer\u00eda<br \/>\n<\/strong>Dra. Carmen Irene D\u00edaz Col\u00f3n<br \/>\n<a href=\"mailto:carmen.diaz7@upr.edu\">carmen.diaz7@upr.edu<\/a><br \/>\nDirectora Interina<br \/>\nExt. 1995<\/p>\n<p><strong>Programa Doctorado en Pr\u00e1ctica de Enfermer\u00eda con Especialidad en Anestesia<br \/>\n<\/strong>Dr. Jos\u00e9 L. Bonilla Garc\u00eda<br \/>\n<a href=\"mailto:jose.l.bonilla@upr.edu\">jose.l.bonilla@upr.edu<\/a><br \/>\nDirector<br \/>\nExtensiones: 1985, 2034<\/p>\n<p>Dr. Jorge Hern\u00e1ndez V\u00e9lez<br \/>\n<a href=\"mailto:jorge.hernandezvelez@upr.edu\">jorge.hernandezvelez@upr.edu<\/a><br \/>\nAsistente del Director y Coordinador Cl\u00ednico<br \/>\nExtensi\u00f3n: 1987<\/p>\n<p><strong>Programa Doctorado en Filosof\u00eda (PhD) en Enfermer\u00eda<br \/>\n<\/strong>Dra. Josmarie Ortiz Cotto<br \/>\n<a href=\"mailto:josmarie.ortiz@upr.edu\">josmarie.ortiz@upr.edu<\/a><br \/>\nDirectora Interina<br \/>\nExtensi\u00f3n: 2171<\/p>\n<p><strong>Centro de Investigaci\u00f3n y Pr\u00e1ctica Basada en Evidencia (CIPBE)<br \/>\n<\/strong>Sra. Mar\u00eda C. Larriuz Serrano<br \/>\n<a href=\"mailto:maria.larriuz@upr.edu\">maria.larriuz@upr.edu<\/a><br \/>\nDirectora<br \/>\nCorreo Electr\u00f3nico: <a href=\"mailto:cipbe.rcm@upr.edu\">cipbe.rcm@upr.edu<\/a><br \/>\nExtensiones: 2186, 1217<\/p>\n<p><strong>Centro de Promoci\u00f3n y Salud Integral de Manuel A. P\u00e9rez<br \/>\n<\/strong>Dr. F\u00e9lix J. Rom\u00e1n Hern\u00e1ndez<br \/>\n<a href=\"mailto:felix.roman@upr.edu\">felix.roman@upr.edu<\/a><br \/>\nDirector Interino<br \/>\nExtensiones: 1093, 2156[\/vc_column_text][\/vc_column][vc_column width=&#8221;1\/2&#8243;][vc_gmaps link=&#8221;#E-8_JTNDaWZyYW1lJTIwc3JjJTNEJTIyaHR0cHMlM0ElMkYlMkZ3d3cuZ29vZ2xlLmNvbSUyRm1hcHMlMkZlbWJlZCUzRnBiJTNEJTIxMW0xOCUyMTFtMTIlMjExbTMlMjExZDE4OTIuOTQ2Mzg3ODA5NTI4NyUyMTJkLTY2LjA3NTQ0NTc0NjY1NzIyJTIxM2QxOC4zOTc3MzA1Mzg2Mzg4NCUyMTJtMyUyMTFmMCUyMTJmMCUyMTNmMCUyMTNtMiUyMTFpMTAyNCUyMTJpNzY4JTIxNGYxMy4xJTIxM20zJTIxMW0yJTIxMXMweDhjMDM2ODVmM2RhZDJmMDklMjUzQTB4OTUxMmExOTY3ZWJlYTc5MiUyMTJzRXNjdWVsYSUyQmRlJTJCRW5mZXJtZXIlMjVDMyUyNUFEYSUyNTJDJTJCU2FuJTJCSnVhbiUyNTJDJTJCMDA5MjElMjE1ZTAlMjEzbTIlMjExc2VuJTIxMnNwciUyMTR2MTQ2NzM5NTk5NDYzOSUyMiUyMHdpZHRoJTNEJTIyNjAwJTIyJTIwaGVpZ2h0JTNEJTIyNjAwJTIyJTIwZnJhbWVib3JkZXIlM0QlMjIwJTIyJTIwc3R5bGUlM0QlMjJib3JkZXIlM0EwJTIyJTIwYWxsb3dmdWxsc2NyZWVuJTNFJTNDJTJGaWZyYW1lJTNF&#8221;][\/vc_column][\/vc_row]<\/p>\n<\/section>","protected":false},"excerpt":{"rendered":"<p>[vc_row][vc_column width=&#8221;1\/2&#8243;][vc_row_inner][vc_column_inner width=&#8221;1\/2&#8243;][vc_column_text]Direcci\u00f3n Postal Escuela de Enfermer\u00eda UPR-Recinto de Ciencias M\u00e9dicas PO BOX 365067 San Juan, PR 00936-5067[\/vc_column_text][\/vc_column_inner][vc_column_inner width=&#8221;1\/2&#8243;][vc_column_text]Direcci\u00f3n F\u00edsica Escuela de Enfermer\u00eda Edificio de Enfermer\u00eda Celia Guzm\u00e1n UPR-Recinto de Ciencias M\u00e9dicas Centro M\u00e9dico, San Juan, PR[\/vc_column_text][\/vc_column_inner][\/vc_row_inner][vc_column_text]Cuadro Telef\u00f3nico del Recinto de Ciencias M\u00e9dicas: (787) 758-2525 Oficina de la Decana Dra. Sherily Pereira Morales sherily.pereira@upr.edu Decana&hellip;<\/p>\n","protected":false},"author":1,"featured_media":0,"parent":0,"menu_order":0,"comment_status":"closed","ping_status":"closed","template":"template-microsite.php","meta":{"footnotes":""},"class_list":["post-46","page","type-page","status-publish","hentry","description-off"],"jetpack_sharing_enabled":true,"_links":{"self":[{"href":"https:\/\/rcm1.rcm.upr.edu\/enfermeria\/wp-json\/wp\/v2\/pages\/46","targetHints":{"allow":["GET"]}}],"collection":[{"href":"https:\/\/rcm1.rcm.upr.edu\/enfermeria\/wp-json\/wp\/v2\/pages"}],"about":[{"href":"https:\/\/rcm1.rcm.upr.edu\/enfermeria\/wp-json\/wp\/v2\/types\/page"}],"author":[{"embeddable":true,"href":"https:\/\/rcm1.rcm.upr.edu\/enfermeria\/wp-json\/wp\/v2\/users\/1"}],"replies":[{"embeddable":true,"href":"https:\/\/rcm1.rcm.upr.edu\/enfermeria\/wp-json\/wp\/v2\/comments?post=46"}],"version-history":[{"count":29,"href":"https:\/\/rcm1.rcm.upr.edu\/enfermeria\/wp-json\/wp\/v2\/pages\/46\/revisions"}],"predecessor-version":[{"id":4284,"href":"https:\/\/rcm1.rcm.upr.edu\/enfermeria\/wp-json\/wp\/v2\/pages\/46\/revisions\/4284"}],"wp:attachment":[{"href":"https:\/\/rcm1.rcm.upr.edu\/enfermeria\/wp-json\/wp\/v2\/media?parent=46"}],"curies":[{"name":"wp","href":"https:\/\/api.w.org\/{rel}","templated":true}]}}