{"id":50,"date":"2016-06-29T14:46:53","date_gmt":"2016-06-29T18:46:53","guid":{"rendered":"http:\/\/enfermeria.rcm.upr.edu\/oficina-de-asuntos-estudiantiles\/exalumnos\/"},"modified":"2016-06-29T14:46:53","modified_gmt":"2016-06-29T18:46:53","slug":"exalumnos","status":"publish","type":"page","link":"https:\/\/rcm1.rcm.upr.edu\/enfermeria\/oficina-de-asuntos-estudiantiles\/exalumnos\/","title":{"rendered":"Exalumnos"},"content":{"rendered":"<section class=\"wpb-content-wrapper\"><p>\t\t\t\t[vc_row][vc_column][vc_column_text]La Oficina de Asuntos Estudiantiles de la Escuela de Enfermer\u00eda tiene entre sus objetivos mantener una comunicaci\u00f3n efectiva con los egresados de nuestra Escuela. Es nuestro inter\u00e9s particular establecer lazos de comunicaci\u00f3n para fomentar una colaboraci\u00f3n e integraci\u00f3n activa del ex-alumno en los diferentes proyectos, actividades curriculares y extracurriculares desarrolladas en la Facultad.<\/p>\n<p>Te invitamos a visitar nuestra p\u00e1gina peri\u00f3dicamente ya que en ella encontrar\u00e1s informaci\u00f3n de actividades que se realizan de inter\u00e9s para nuestros ex-alumnos.<\/p>\n<p>Agradeceremos actualices tu informaci\u00f3n de contacto utilizando el formulario en esta p\u00e1gina. \u00a1Eres importante para nosotros![\/vc_column_text][\/vc_column][\/vc_row][vc_row][vc_column][vc_raw_html]JTNDaWZyYW1lJTIwc3JjJTNEJTIyaHR0cHMlM0ElMkYlMkZkb2NzLmdvb2dsZS5jb20lMkZmb3JtcyUyRmQlMkZlJTJGMUZBSXBRTFNjVmNiM1N1UWJlTGZVNEpaTnZtb2lFVzJmQ0hCTG9mT3NNTHpKSDJNOV82elkyQ3clMkZ2aWV3Zm9ybSUzRmVtYmVkZGVkJTNEdHJ1ZSUyMiUyMHdpZHRoJTNEJTIyNzYwJTIyJTIwaGVpZ2h0JTNEJTIyMjAxMCUyMiUyMGZyYW1lYm9yZGVyJTNEJTIyMCUyMiUyMG1hcmdpbmhlaWdodCUzRCUyMjAlMjIlMjBtYXJnaW53aWR0aCUzRCUyMjAlMjIlM0VMb2FkaW5nLi4uJTNDJTJGaWZyYW1lJTNF[\/vc_raw_html][\/vc_column][\/vc_row]\t\t<\/p>\n<\/section>","protected":false},"excerpt":{"rendered":"<p>[vc_row][vc_column][vc_column_text]La Oficina de Asuntos Estudiantiles de la Escuela de Enfermer\u00eda tiene entre sus objetivos mantener una comunicaci\u00f3n efectiva con los egresados de nuestra Escuela. Es nuestro inter\u00e9s particular establecer lazos de comunicaci\u00f3n para fomentar una colaboraci\u00f3n e integraci\u00f3n activa del ex-alumno en los diferentes proyectos, actividades curriculares y extracurriculares desarrolladas en la Facultad. Te invitamos&hellip;<\/p>\n","protected":false},"author":1,"featured_media":0,"parent":82,"menu_order":0,"comment_status":"closed","ping_status":"closed","template":"","meta":{"footnotes":""},"class_list":["post-50","page","type-page","status-publish","hentry","description-off"],"jetpack_sharing_enabled":true,"_links":{"self":[{"href":"https:\/\/rcm1.rcm.upr.edu\/enfermeria\/wp-json\/wp\/v2\/pages\/50","targetHints":{"allow":["GET"]}}],"collection":[{"href":"https:\/\/rcm1.rcm.upr.edu\/enfermeria\/wp-json\/wp\/v2\/pages"}],"about":[{"href":"https:\/\/rcm1.rcm.upr.edu\/enfermeria\/wp-json\/wp\/v2\/types\/page"}],"author":[{"embeddable":true,"href":"https:\/\/rcm1.rcm.upr.edu\/enfermeria\/wp-json\/wp\/v2\/users\/1"}],"replies":[{"embeddable":true,"href":"https:\/\/rcm1.rcm.upr.edu\/enfermeria\/wp-json\/wp\/v2\/comments?post=50"}],"version-history":[{"count":0,"href":"https:\/\/rcm1.rcm.upr.edu\/enfermeria\/wp-json\/wp\/v2\/pages\/50\/revisions"}],"up":[{"embeddable":true,"href":"https:\/\/rcm1.rcm.upr.edu\/enfermeria\/wp-json\/wp\/v2\/pages\/82"}],"wp:attachment":[{"href":"https:\/\/rcm1.rcm.upr.edu\/enfermeria\/wp-json\/wp\/v2\/media?parent=50"}],"curies":[{"name":"wp","href":"https:\/\/api.w.org\/{rel}","templated":true}]}}