{"id":80,"date":"2016-07-01T08:14:01","date_gmt":"2016-07-01T12:14:01","guid":{"rendered":"http:\/\/enfermeria.rcm.upr.edu\/politicas-y-documentos-de-la-universidad\/"},"modified":"2016-07-01T08:14:01","modified_gmt":"2016-07-01T12:14:01","slug":"politicas-y-documentos-de-la-universidad","status":"publish","type":"page","link":"https:\/\/rcm1.rcm.upr.edu\/enfermeria\/politicas-y-documentos-de-la-universidad\/","title":{"rendered":"Pol\u00edticas y Documentos de la Universidad"},"content":{"rendered":"<section class=\"wpb-content-wrapper\"><p>[vc_row][vc_column][vc_column_text]<\/p>\n<ul>\n<li><a href=\"https:\/\/rcm1.rcm.upr.edu\/enfermeria\/wp-content\/uploads\/2020\/03\/REGLAMENTO_DE_ESTUDIANTES_RECINTO_DE_CIENCIAS_MEDICAS.pdf\" target=\"_blank\" rel=\"noopener noreferrer\">Reglamento de Estudiantes del Recinto de Ciencias M\u00e9dicas<\/a><\/li>\n<li><a href=\"https:\/\/rcm1.rcm.upr.edu\/enfermeria\/wp-content\/uploads\/2020\/03\/Reglamento_Cumplimiento_Responsabilidades.pdf\" target=\"_blank\" rel=\"noopener noreferrer\">Reglamento para el Cumplimiento de las Responsabilidades de la UPR seg\u00fan la Ley de Servicios Educativos Integrales para personas con Impedimentos (Ley 51 del 7 de junio de 1996)<\/a><\/li>\n<li><a href=\"https:\/\/rcm1.rcm.upr.edu\/enfermeria\/wp-content\/uploads\/2020\/03\/Derechos-y-Deberes-del-Estudiante-Ayuda-Economica.pdf\" target=\"_blank\" rel=\"noopener noreferrer\">Derechos y Deberes del Estudiante para con el Profesor<\/a><\/li>\n<li><a href=\"https:\/\/rcm1.rcm.upr.edu\/enfermeria\/wp-content\/uploads\/2020\/03\/SOLICITUD-SERVICIOS-Y-MODIFICACIONES-RAZONABLE-OSEI-2018.pdf\" target=\"_blank\" rel=\"noopener noreferrer\">Solicitud de Acomodo Razonable y Procedimiento<\/a><\/li>\n<li><a title=\"Est\u00e1ndares para la utilizaci\u00f3n Aceptable de Recursos de Tecnolog\u00eda Inform\u00e1tica\" href=\"https:\/\/rcm1.rcm.upr.edu\/enfermeria\/wp-content\/uploads\/2020\/08\/Estandares-Para-La-Utilizacion-Aceptable-De-Recursos-De-Tecnologia-Informatica-2007-2008.pdf\" target=\"_blank\" rel=\"noopener noreferrer\">Est\u00e1ndares para la utilizaci\u00f3n Aceptable de Recursos de Tecnolog\u00eda Inform\u00e1tica<\/a><\/li>\n<li><a href=\"https:\/\/rcm1.rcm.upr.edu\/enfermeria\/wp-content\/uploads\/2020\/03\/Ley-40-Reglamentar-la-Practica-de-Fumar.pdf\" target=\"_blank\" rel=\"noopener noreferrer\">Ley #40: Reglamentar la pr\u00e1ctica de fumar<\/a><\/li>\n<li><a title=\"Pol\u00edtica Institucional Sobre El Uso Aceptable De Los Recursos De La Tecnolog\u00eda De Informaci\u00f3n En La Universidad de Puerto Rico\" href=\"https:\/\/rcm1.rcm.upr.edu\/enfermeria\/wp-content\/uploads\/2020\/08\/politica_inst_uso_tech_UPR_2007_2008.pdf\" target=\"_blank\" rel=\"noopener noreferrer\">Pol\u00edtica Institucional Sobre El Uso Aceptable De Los Recursos De La Tecnolog\u00eda De Informaci\u00f3n En La Universidad de Puerto Rico<\/a><\/li>\n<li><a href=\"https:\/\/rcm1.rcm.upr.edu\/enfermeria\/wp-content\/uploads\/2020\/03\/Procedimiento-Enmendado-Hostigamiento-Sexual.pdf\" target=\"_blank\" rel=\"noopener noreferrer\">Procedimiento Enmendado sobre Hostigamiento Sexual<\/a><\/li>\n<li><a title=\"Pol\u00edtica y Reglamento de la Universidad de Puerto Rico, Recinto de Ciencias M\u00e9dicas sobre el uso il\u00edcito de drogas, sustancias controladas y abuso de alcohol\" href=\"https:\/\/rcm1.rcm.upr.edu\/enfermeria\/wp-content\/uploads\/2020\/08\/politica_reglamento_uso_ilicito_drogas_alcohol.pdf\" target=\"_blank\" rel=\"noopener noreferrer\">Pol\u00edtica y Reglamento de la Universidad de Puerto Rico, Recinto de Ciencias M\u00e9dicas sobre el uso il\u00edcito de drogas, sustancias controladas y abuso de alcohol<\/a><\/li>\n<\/ul>\n<p>[\/vc_column_text][\/vc_column][\/vc_row]<\/p>\n<\/section>","protected":false},"excerpt":{"rendered":"<p>[vc_row][vc_column][vc_column_text] Reglamento de Estudiantes del Recinto de Ciencias M\u00e9dicas Reglamento para el Cumplimiento de las Responsabilidades de la UPR seg\u00fan la Ley de Servicios Educativos Integrales para personas con Impedimentos (Ley 51 del 7 de junio de 1996) Derechos y Deberes del Estudiante para con el Profesor Solicitud de Acomodo Razonable y Procedimiento Est\u00e1ndares para&hellip;<\/p>\n","protected":false},"author":1,"featured_media":0,"parent":0,"menu_order":0,"comment_status":"closed","ping_status":"closed","template":"template-microsite.php","meta":{"footnotes":""},"class_list":["post-80","page","type-page","status-publish","hentry","description-off"],"jetpack_sharing_enabled":true,"_links":{"self":[{"href":"https:\/\/rcm1.rcm.upr.edu\/enfermeria\/wp-json\/wp\/v2\/pages\/80","targetHints":{"allow":["GET"]}}],"collection":[{"href":"https:\/\/rcm1.rcm.upr.edu\/enfermeria\/wp-json\/wp\/v2\/pages"}],"about":[{"href":"https:\/\/rcm1.rcm.upr.edu\/enfermeria\/wp-json\/wp\/v2\/types\/page"}],"author":[{"embeddable":true,"href":"https:\/\/rcm1.rcm.upr.edu\/enfermeria\/wp-json\/wp\/v2\/users\/1"}],"replies":[{"embeddable":true,"href":"https:\/\/rcm1.rcm.upr.edu\/enfermeria\/wp-json\/wp\/v2\/comments?post=80"}],"version-history":[{"count":0,"href":"https:\/\/rcm1.rcm.upr.edu\/enfermeria\/wp-json\/wp\/v2\/pages\/80\/revisions"}],"wp:attachment":[{"href":"https:\/\/rcm1.rcm.upr.edu\/enfermeria\/wp-json\/wp\/v2\/media?parent=80"}],"curies":[{"name":"wp","href":"https:\/\/api.w.org\/{rel}","templated":true}]}}