{"id":82,"date":"2016-07-01T08:15:34","date_gmt":"2016-07-01T12:15:34","guid":{"rendered":"http:\/\/enfermeria.rcm.upr.edu\/oficina-de-asuntos-estudiantiles\/"},"modified":"2024-12-10T18:16:07","modified_gmt":"2024-12-10T18:16:07","slug":"oficina-de-asuntos-estudiantiles","status":"publish","type":"page","link":"https:\/\/rcm1.rcm.upr.edu\/enfermeria\/oficina-de-asuntos-estudiantiles\/","title":{"rendered":"Oficina de Asuntos Estudiantiles"},"content":{"rendered":"<section class=\"wpb-content-wrapper\"><p>[vc_row][vc_column][vc_column_text]La Oficina de Asuntos Estudiantiles fue creada en el a\u00f1o 1995. Su misi\u00f3n es facilitar la adaptaci\u00f3n de los estudiantes de enfermer\u00eda en la vida universitaria y contribuir en su desarrollo personal, acad\u00e9mico y\u00a0 profesional para lograr sus metas educativas. Mantenemos una l\u00ednea estrecha de comunicaci\u00f3n con la facultad, representantes estudiantiles, personal administrativo, no docente y otras dependencias del Recinto de Ciencias M\u00e9dicas para atender de forma efectiva las necesidades de nuestros estudiantes.<\/p>\n<p>La oficina est\u00e1 localizada en el <strong>primer piso del Edificio de la Escuela de Enfermer\u00eda Celia Guzm\u00e1n <\/strong>y el horario de servicio es de 8:00am a 4:30pm.<\/p>\n<p><strong>Los servicios que ofrece esta oficina est\u00e1n dirigidos a:<\/strong><\/p>\n<ul>\n<li>Consejer\u00eda y Orientaci\u00f3n<\/li>\n<li>Gobierno y Participaci\u00f3n Estudiantil (Consejo de Estudiantes de la Escuela de Enfermer\u00eda y la <a href=\"https:\/\/www.nsna.org\/\" target=\"_blank\" rel=\"noopener noreferrer\">Asociaci\u00f3n Nacional de Estudiantes de Enfermer\u00eda (NSNA))<\/a><\/li>\n<li>Reclutamiento<\/li>\n<li>Admisiones<\/li>\n<li>Orientaci\u00f3n y colaboraci\u00f3n en re-admisiones, transferencias y reclasificaciones<\/li>\n<li>Reconocimientos y Premios<\/li>\n<li>Graduaci\u00f3n<\/li>\n<li>Pol\u00edticas y Procedimientos Institucionales<\/li>\n<li>Actividades Educativas, Culturales y Sociales<\/li>\n<\/ul>\n<p><strong>Oportunidades de Internados en:<\/strong><\/p>\n<ul>\n<li>Instituciones Hospitalarias Locales<\/li>\n<li>Instituciones Hospitalarias en Estados Unidos<\/li>\n<li>Programa \u201c<strong>VALOR<\/strong>\u201d del Hospital de Veteranos de San Juan<\/li>\n<\/ul>\n<p><strong>Actividades Estudiantiles<\/strong><\/p>\n<ul>\n<li>Orientaci\u00f3n a Estudiantes de Nuevo Ingreso<\/li>\n<li>Bienvenida<\/li>\n<li>Iniciaci\u00f3n Cl\u00ednica (estudiantes subgraduados de tercer a\u00f1o)<\/li>\n<li>Actividades de Confraternizaci\u00f3n<\/li>\n<li>Viajes Culturales y\/o educativos<\/li>\n<li>Talleres para el Crecimiento Personal y Profesional<\/li>\n<li>Competencias Intelectuales<\/li>\n<li>Noche de Talentos<\/li>\n<li>D\u00eda de Juegos<\/li>\n<li>D\u00eda del Estudiante<\/li>\n<li>D\u00eda de\u00a0Logros (Estudiantes sobresalientes de Clase Graduanda)<\/li>\n<li>Iniciaci\u00f3n a la Profesi\u00f3n de Enfermer\u00eda (Clase Graduanda de Subgraduado)<\/li>\n<\/ul>\n<h3 class=\"Titulos\">Documentos<\/h3>\n<ul>\n<li><a href=\"https:\/\/rcm1.rcm.upr.edu\/politicas-y-leyes\/\" target=\"_blank\" rel=\"noopener noreferrer\">Pol\u00edticas Institucionales<\/a><\/li>\n<li><a href=\"https:\/\/rcm1.rcm.upr.edu\/enfermeria\/wp-content\/uploads\/2024\/12\/calendario-academico-RCM-2024-25.pdf\">Calendario acad\u00e9mico 2024-2025<\/a><\/li>\n<\/ul>\n<p>[\/vc_column_text][\/vc_column][\/vc_row][vc_row][vc_column][vc_column_text]<\/p>\n<h3 id=\"dns-contacto\">Personal de la Oficina<\/h3>\n<table style=\"height: 344px;\" border=\"0\" summary=\"\" width=\"460\" cellspacing=\"0\" cellpadding=\"10\">\n<tbody>\n<tr>\n<td valign=\"top\">\n<div data-ogsc=\"rgb(0, 36, 81)\">\n<p>Dr. Emanuel D\u00edaz<br \/>\nDecano Auxiliar Interino de Asuntos Estudiantiles<br \/>\nExt. 1089<br \/>\n<a href=\"mailto:emmanuel.diaz2@upr.edu\">emmanuel.diaz2@upr.edu<\/a><\/p>\n<\/div>\n<\/td>\n<td valign=\"top\"><strong>Dra. Iris C\u00e1tala<\/strong><\/p>\n<p><a href=\"mailto:iris.catala@upr.edu\">iris.catala@upr.edu<\/a><br \/>\nConsejera<br \/>\next. 1090<\/td>\n<\/tr>\n<tr>\n<td valign=\"top\"><strong>Tel\u00e9fono<\/strong><br \/>\n(787)758-2525<br \/>\nFax: (787)759-3644<\/td>\n<td valign=\"top\"><strong>Jos\u00e9 A. Santos<\/strong><\/p>\n<p><a href=\"mailto:jose.santos10@upr.edu\">jose.santos10@upr.edu<\/a><\/p>\n<p>Asistente Administrativo<strong><br \/>\n<\/strong>ext. 1089<\/td>\n<\/tr>\n<\/tbody>\n<\/table>\n<p>[\/vc_column_text][\/vc_column][\/vc_row]<\/p>\n<\/section>","protected":false},"excerpt":{"rendered":"<p>[vc_row][vc_column][vc_column_text]La Oficina de Asuntos Estudiantiles fue creada en el a\u00f1o 1995. Su misi\u00f3n es facilitar la adaptaci\u00f3n de los estudiantes de enfermer\u00eda en la vida universitaria y contribuir en su desarrollo personal, acad\u00e9mico y\u00a0 profesional para lograr sus metas educativas. Mantenemos una l\u00ednea estrecha de comunicaci\u00f3n con la facultad, representantes estudiantiles, personal administrativo, no docente&hellip;<\/p>\n","protected":false},"author":1,"featured_media":0,"parent":0,"menu_order":0,"comment_status":"closed","ping_status":"closed","template":"template-microsite.php","meta":{"footnotes":""},"class_list":["post-82","page","type-page","status-publish","hentry","description-off"],"jetpack_sharing_enabled":true,"_links":{"self":[{"href":"https:\/\/rcm1.rcm.upr.edu\/enfermeria\/wp-json\/wp\/v2\/pages\/82","targetHints":{"allow":["GET"]}}],"collection":[{"href":"https:\/\/rcm1.rcm.upr.edu\/enfermeria\/wp-json\/wp\/v2\/pages"}],"about":[{"href":"https:\/\/rcm1.rcm.upr.edu\/enfermeria\/wp-json\/wp\/v2\/types\/page"}],"author":[{"embeddable":true,"href":"https:\/\/rcm1.rcm.upr.edu\/enfermeria\/wp-json\/wp\/v2\/users\/1"}],"replies":[{"embeddable":true,"href":"https:\/\/rcm1.rcm.upr.edu\/enfermeria\/wp-json\/wp\/v2\/comments?post=82"}],"version-history":[{"count":4,"href":"https:\/\/rcm1.rcm.upr.edu\/enfermeria\/wp-json\/wp\/v2\/pages\/82\/revisions"}],"predecessor-version":[{"id":4203,"href":"https:\/\/rcm1.rcm.upr.edu\/enfermeria\/wp-json\/wp\/v2\/pages\/82\/revisions\/4203"}],"wp:attachment":[{"href":"https:\/\/rcm1.rcm.upr.edu\/enfermeria\/wp-json\/wp\/v2\/media?parent=82"}],"curies":[{"name":"wp","href":"https:\/\/api.w.org\/{rel}","templated":true}]}}