{"id":88,"date":"2016-07-01T08:32:16","date_gmt":"2016-07-01T12:32:16","guid":{"rendered":"http:\/\/enfermeria.rcm.upr.edu\/facultad\/"},"modified":"2024-12-10T17:06:46","modified_gmt":"2024-12-10T17:06:46","slug":"facultad","status":"publish","type":"page","link":"https:\/\/rcm1.rcm.upr.edu\/enfermeria\/facultad\/","title":{"rendered":"Facultad"},"content":{"rendered":"<section class=\"wpb-content-wrapper\"><p>[vc_row][vc_column][vc_column_text]<\/p>\n<table width=\"100%\">\n<thead>\n<tr>\n<td width=\"100%\">\n<p><strong>FACULTAD<\/strong><\/p>\n<\/td>\n<\/tr>\n<\/thead>\n<tbody>\n<tr>\n<td width=\"100%\">\n<p>Nombre:\u00a0\u00a0\u00a0 \u00a0\u00a0 Alicea, Melany<\/p>\n<p>Rango:\u00a0\u00a0\u00a0\u00a0\u00a0\u00a0\u00a0\u00a0 Instructora<\/p>\n<p>Grado:\u00a0\u00a0\u00a0\u00a0\u00a0\u00a0\u00a0\u00a0 MSN (2012) Recinto de Ciencias M\u00e9dicas, UPR<\/p>\n<p>Extensi\u00f3n:\u00a0\u00a0\u00a0\u00a0 2153<\/p>\n<p>Email:\u00a0\u00a0\u00a0\u00a0\u00a0\u00a0\u00a0\u00a0\u00a0 \u00a0 <a href=\"mailto:melany.alicea@upr.edu\">melany.alicea@upr.edu<\/a><\/p>\n<\/td>\n<\/tr>\n<tr>\n<td width=\"100%\">\n<p>&nbsp;<\/p>\n<p>&nbsp;<\/p>\n<p>Nombre:\u00a0\u00a0\u00a0\u00a0\u00a0\u00a0 Almenas Hern\u00e1ndez, Marta<\/p>\n<p>Rango:\u00a0\u00a0\u00a0\u00a0 \u00a0\u00a0\u00a0\u00a0 Catedr\u00e1tica Asociada<\/p>\n<p>Grado:\u00a0\u00a0\u00a0\u00a0\u00a0\u00a0\u00a0\u00a0 EdD (2012) Universidad Interamericana de Puerto Rico<\/p>\n<p>\u00a0\u00a0\u00a0\u00a0\u00a0\u00a0\u00a0\u00a0\u00a0\u00a0\u00a0\u00a0\u00a0\u00a0\u00a0\u00a0\u00a0\u00a0\u00a0\u00a0\u00a0\u00a0\u00a0\u00a0\u00a0\u00a0\u00a0\u00a0\u00a0\u00a0\u00a0\u00a0\u00a0\u00a0\u00a0\u00a0\u00a0\u00a0\u00a0\u00a0\u00a0 Recinto Metropolitano<\/p>\n<p>Extensi\u00f3n:\u00a0\u00a0\u00a0\u00a0 2158<\/p>\n<p>Email:\u00a0\u00a0\u00a0\u00a0\u00a0\u00a0 \u00a0\u00a0\u00a0\u00a0 <a href=\"mailto:marta.almenas@upr.edu\">marta.almenas@upr.edu<\/a><\/p>\n<\/td>\n<\/tr>\n<tr>\n<td width=\"100%\">\n<p>&nbsp;<\/p>\n<p>&nbsp;<\/p>\n<p>Nombre:\u00a0\u00a0\u00a0 \u00a0\u00a0 Aponte Reyes, Linnette<\/p>\n<p>Rango:\u00a0\u00a0\u00a0\u00a0\u00a0\u00a0 \u00a0\u00a0Catedr\u00e1tica Auxiliar<\/p>\n<p>Grado:\u00a0\u00a0\u00a0\u00a0\u00a0\u00a0\u00a0\u00a0 EdD (2017) Nova Southeastern, Recinto de Puerto Rico<\/p>\n<p>Extensi\u00f3n:\u00a0 \u00a0\u00a0 2159<\/p>\n<p>Email:\u00a0\u00a0\u00a0\u00a0\u00a0\u00a0 \u00a0\u00a0\u00a0\u00a0 <a href=\"mailto:linnette.aponte@upr.edu\">linnette.aponte@upr.edu<\/a><\/p>\n<\/td>\n<\/tr>\n<tr>\n<td width=\"100%\">\n<p>&nbsp;<\/p>\n<p>&nbsp;<\/p>\n<p>Nombre:\u00a0 \u00a0\u00a0\u00a0\u00a0 Arroyo Novoa, Carmen Mabel<\/p>\n<p>Rango:\u00a0\u00a0\u00a0\u00a0\u00a0\u00a0\u00a0 Catedr\u00e1tica<\/p>\n<p>Grado:\u00a0\u00a0\u00a0\u00a0\u00a0\u00a0\u00a0\u00a0 PhD (2010) Universidad de San Francisco California<\/p>\n<p>Extensi\u00f3n:\u00a0 \u00a0\u00a0 2115<\/p>\n<p>Email:\u00a0\u00a0\u00a0\u00a0\u00a0\u00a0\u00a0\u00a0 \u00a0\u00a0 <a href=\"mailto:carmen.arroyo1@upr.edu\">carmen.arroyo1@upr.edu<\/a><\/p>\n<\/td>\n<\/tr>\n<tr>\n<td width=\"100%\">\n<p>&nbsp;<\/p>\n<p>&nbsp;<\/p>\n<p>Nombre:\u00a0 \u00a0\u00a0\u00a0\u00a0 Bonilla Garc\u00eda, Jos\u00e9 L.<\/p>\n<p>Rango:\u00a0\u00a0\u00a0\u00a0\u00a0\u00a0\u00a0 Catedr\u00e1tico Asociado<\/p>\n<p>Grado:\u00a0\u00a0\u00a0\u00a0\u00a0\u00a0\u00a0\u00a0 DNP-A (2020) Texas Wesleyan University<\/p>\n<p>Extensi\u00f3n:\u00a0 \u00a0\u00a0 2034<\/p>\n<p>Email:\u00a0\u00a0\u00a0\u00a0\u00a0\u00a0\u00a0\u00a0 \u00a0\u00a0 <a href=\"mailto:jose.l.bonilla@upr.edu\">jose.l.bonilla@upr.edu<\/a><\/p>\n<\/td>\n<\/tr>\n<tr>\n<td width=\"100%\">\n<p>&nbsp;<\/p>\n<p>&nbsp;<\/p>\n<p>&nbsp;<\/p>\n<p>&nbsp;<\/p>\n<p>Nombre:\u00a0\u00a0 \u00a0\u00a0\u00a0 C\u00e1tala Torres, Iris Waleska<\/p>\n<p>Rango:\u00a0\u00a0\u00a0\u00a0\u00a0\u00a0\u00a0\u00a0 Consejera IV<\/p>\n<p>Grado:\u00a0\u00a0\u00a0\u00a0\u00a0\u00a0\u00a0\u00a0 PsyD (2010) Universidad Carlos Albizu<\/p>\n<p>Extensi\u00f3n:\u00a0 \u00a0\u00a0 1090<\/p>\n<p>Email:\u00a0\u00a0\u00a0\u00a0\u00a0\u00a0\u00a0 \u00a0\u00a0\u00a0 <a href=\"mailto:iris.catala@upr.edu\">iris.catala@upr.edu<\/a><\/p>\n<\/td>\n<\/tr>\n<tr>\n<td width=\"100%\">\n<p>&nbsp;<\/p>\n<p>&nbsp;<\/p>\n<p>Nombre:\u00a0\u00a0 \u00a0\u00a0\u00a0 Camacho Santiago, Luz V.<\/p>\n<p>Rango:\u00a0\u00a0\u00a0\u00a0\u00a0\u00a0 \u00a0 Catedr\u00e1tica Asociada<\/p>\n<p>Grado:\u00a0\u00a0\u00a0\u00a0\u00a0\u00a0\u00a0\u00a0 EdD (2017) Nova Southeastern, Recinto de Puerto Rico<\/p>\n<p>Extensi\u00f3n:\u00a0\u00a0\u00a0 2156<\/p>\n<p>Email:\u00a0\u00a0\u00a0\u00a0\u00a0\u00a0\u00a0\u00a0 \u00a0\u00a0 <a href=\"mailto:luz.camacho2@upr.edu\">luz.camacho2@upr.edu<\/a><\/p>\n<\/td>\n<\/tr>\n<tr>\n<td width=\"100%\">\n<p>&nbsp;<\/p>\n<p>&nbsp;<\/p>\n<p>Nombre:\u00a0\u00a0\u00a0\u00a0\u00a0 Castro Laboy, Mar\u00eda I.<\/p>\n<p>Rango:\u00a0\u00a0\u00a0\u00a0\u00a0\u00a0 \u00a0 Catedr\u00e1tica<\/p>\n<p>Grado:\u00a0\u00a0\u00a0\u00a0\u00a0\u00a0\u00a0\u00a0 PhD (1992) Escuela de Medicina de Ponce<\/p>\n<p>Extensi\u00f3n:\u00a0\u00a0\u00a0 2154<\/p>\n<p>Email:\u00a0\u00a0\u00a0\u00a0\u00a0\u00a0\u00a0\u00a0\u00a0 \u00a0 <a href=\"mailto:maria.castro14@upr.edu\">maria.castro14@upr.edu<\/a><\/p>\n<\/td>\n<\/tr>\n<tr>\n<td width=\"100%\">\n<p>&nbsp;<\/p>\n<p>&nbsp;<\/p>\n<p>Nombre:\u00a0\u00a0\u00a0\u00a0 \u00a0 Custodio Ortiz, Carmen<\/p>\n<p>Rango:\u00a0\u00a0\u00a0\u00a0\u00a0\u00a0 \u00a0 Catedr\u00e1tica Asociada<\/p>\n<p>Grado:\u00a0\u00a0\u00a0\u00a0\u00a0\u00a0\u00a0\u00a0 EdD (2014) Universidad Interamericana de Puerto Rico<\/p>\n<p>\u00a0\u00a0\u00a0\u00a0\u00a0\u00a0\u00a0\u00a0\u00a0\u00a0\u00a0\u00a0\u00a0\u00a0\u00a0\u00a0\u00a0\u00a0\u00a0\u00a0\u00a0\u00a0\u00a0\u00a0\u00a0\u00a0\u00a0\u00a0\u00a0\u00a0\u00a0\u00a0\u00a0\u00a0\u00a0\u00a0\u00a0\u00a0\u00a0\u00a0 Recinto Metropolitano<\/p>\n<p>Extensi\u00f3n:\u00a0\u00a0\u00a0 2157<\/p>\n<p>Email:\u00a0\u00a0\u00a0\u00a0\u00a0\u00a0\u00a0 \u00a0\u00a0\u00a0 <a href=\"mailto:carmen.custodio@upr.edu\">carmen.custodio@upr.edu<\/a><\/p>\n<\/td>\n<\/tr>\n<tr>\n<td width=\"100%\">\n<p>&nbsp;<\/p>\n<p>Nombre:\u00a0\u00a0\u00a0 \u00a0\u00a0 D\u00e1vila Ortiz, Nancy<\/p>\n<p>Rango:\u00a0\u00a0\u00a0\u00a0\u00a0\u00a0\u00a0\u00a0\u00a0 Catedr\u00e1tica<\/p>\n<p>Grado:\u00a0\u00a0\u00a0\u00a0\u00a0\u00a0\u00a0\u00a0 PhD (2010) Universidad de Arizona<\/p>\n<p>Extensi\u00f3n:\u00a0\u00a0 \u00a0 2134<\/p>\n<p>Email:\u00a0\u00a0\u00a0\u00a0\u00a0\u00a0\u00a0\u00a0 \u00a0\u00a0 <a href=\"mailto:nancy.davila@upr.edu\">nancy.davila@upr.edu<\/a><\/p>\n<\/td>\n<\/tr>\n<tr>\n<td width=\"100%\">\n<p>&nbsp;<\/p>\n<p>Nombre:\u00a0\u00a0\u00a0\u00a0 \u00a0 D\u00edaz Col\u00f3n, Carmen Irene<\/p>\n<p>Rango:\u00a0\u00a0\u00a0\u00a0\u00a0\u00a0 \u00a0 Catedr\u00e1tica Asociada<\/p>\n<p>Grado:\u00a0\u00a0\u00a0\u00a0\u00a0\u00a0\u00a0\u00a0 EdD (2017) Nova Southeastern, Recinto de Florida<\/p>\n<p>Extensi\u00f3n:\u00a0\u00a0 \u00a0 1995<\/p>\n<p>Email:\u00a0\u00a0\u00a0\u00a0\u00a0\u00a0\u00a0\u00a0 \u00a0\u00a0 <a href=\"mailto:carmen.irene7@upr.edu\">carmen.irene7@upr.edu<\/a><\/p>\n<\/td>\n<\/tr>\n<tr>\n<td width=\"100%\">\n<p>&nbsp;<\/p>\n<p>&nbsp;<\/p>\n<p>Nombre:\u00a0\u00a0\u00a0 \u00a0\u00a0 D\u00edaz Ortiz, Emanuel E.<\/p>\n<p>Rango:\u00a0\u00a0\u00a0\u00a0\u00a0\u00a0 \u00a0\u00a0Catedr\u00e1tico Auxiliar<\/p>\n<p>Grado:\u00a0\u00a0\u00a0\u00a0\u00a0\u00a0\u00a0\u00a0 DHA (2023) Universidad de Phoenix<\/p>\n<p>Extensi\u00f3n:\u00a0\u00a0 \u00a0 2149<\/p>\n<p>Email:\u00a0\u00a0\u00a0\u00a0\u00a0\u00a0\u00a0 \u00a0\u00a0\u00a0 <a href=\"mailto:emmanuel.diaz2@upr.edu\">emmanuel.diaz2@upr.edu<\/a><\/p>\n<\/td>\n<\/tr>\n<tr>\n<td width=\"100%\">\n<p>&nbsp;<\/p>\n<p>&nbsp;<\/p>\n<p>Nombre: \u00a0\u00a0\u00a0\u00a0\u00a0 D\u00edaz Ramos, Noemy<\/p>\n<p>Rango:\u00a0\u00a0\u00a0\u00a0\u00a0\u00a0\u00a0 Catedr\u00e1tica Asociada<\/p>\n<p>Grado:\u00a0\u00a0\u00a0\u00a0\u00a0\u00a0\u00a0\u00a0 EdD (2017) Nova Southeastern, Recinto de Puerto Rico<\/p>\n<p>Extensi\u00f3n:\u00a0\u00a0 \u00a0 2148<\/p>\n<p>Email:\u00a0\u00a0\u00a0\u00a0\u00a0\u00a0\u00a0\u00a0 \u00a0\u00a0 <a href=\"mailto:noemy.diaz@upr.edu\">noemy.diaz@upr.edu<\/a><\/p>\n<\/td>\n<\/tr>\n<tr>\n<td width=\"100%\">\n<p>&nbsp;<\/p>\n<p>&nbsp;<\/p>\n<p>Nombre:\u00a0\u00a0\u00a0 \u00a0\u00a0 D\u00edaz Santiago, Beatriz<\/p>\n<p>Rango:\u00a0\u00a0\u00a0\u00a0\u00a0\u00a0\u00a0 Catedr\u00e1tica Asociada<\/p>\n<p>Extensi\u00f3n:\u00a0\u00a0 \u00a0 2158<\/p>\n<p>Grado:\u00a0\u00a0\u00a0\u00a0\u00a0\u00a0\u00a0\u00a0 PhD (2019) Ana G. M\u00e9ndez, Recinto de Cupey<\/p>\n<p>Email:\u00a0\u00a0\u00a0\u00a0\u00a0\u00a0\u00a0\u00a0\u00a0 \u00a0 <a href=\"mailto:beatriz.diaz4@upr.edu\">beatriz.diaz4@upr.edu<\/a><\/p>\n<\/td>\n<\/tr>\n<tr>\n<td width=\"100%\">\n<p>&nbsp;<\/p>\n<p>&nbsp;<\/p>\n<p>Nombre:\u00a0\u00a0\u00a0\u00a0 \u00a0 Figueroa Hern\u00e1ndez, Leyra<\/p>\n<p>Rango:\u00a0\u00a0\u00a0\u00a0\u00a0\u00a0 \u00a0 Catedr\u00e1tica<\/p>\n<p>Grado:\u00a0\u00a0\u00a0\u00a0\u00a0\u00a0\u00a0\u00a0 PhD (2020) Ana G. M\u00e9ndez, Recinto de Cupey<\/p>\n<p>Extensi\u00f3n:\u00a0\u00a0 \u00a0 2092<\/p>\n<p>Email:\u00a0\u00a0\u00a0\u00a0\u00a0\u00a0\u00a0\u00a0 \u00a0\u00a0 <a href=\"mailto:leyra.figueroa1@upr.edu\">leyra.figueroa1@upr.edu<\/a><\/p>\n<\/td>\n<\/tr>\n<tr>\n<td width=\"100%\">\n<p>&nbsp;<\/p>\n<p>&nbsp;<\/p>\n<p>Nombre:\u00a0\u00a0\u00a0 \u00a0\u00a0 Figueroa Ramos, Milagros I.<\/p>\n<p>Rango:\u00a0\u00a0\u00a0\u00a0\u00a0\u00a0 \u00a0 Catedr\u00e1tica<\/p>\n<p>Grado:\u00a0\u00a0\u00a0\u00a0\u00a0\u00a0\u00a0\u00a0 PhD (2010) Universidad de San Francisco California<\/p>\n<p>Extensi\u00f3n:\u00a0 \u00a0\u00a0 2718<\/p>\n<p>Email:\u00a0\u00a0\u00a0\u00a0\u00a0\u00a0\u00a0\u00a0 \u00a0\u00a0 <a href=\"mailto:milagros.figueora@upr.edu\">milagros.figueora@upr.edu<\/a><\/p>\n<\/td>\n<\/tr>\n<tr>\n<td width=\"100%\">\n<p>&nbsp;<\/p>\n<p>Nombre:\u00a0\u00a0\u00a0 \u00a0\u00a0 Flores Rodr\u00edguez, Mildred<\/p>\n<p>Rango:\u00a0\u00a0\u00a0\u00a0\u00a0\u00a0\u00a0 Catedr\u00e1tica<\/p>\n<p>Grado:\u00a0\u00a0\u00a0\u00a0\u00a0\u00a0\u00a0\u00a0 PhD (1994) Universidad de Walden, Minnesota<\/p>\n<p>Extensi\u00f3n:\u00a0 \u00a0\u00a0 2143<\/p>\n<p>Email:\u00a0\u00a0\u00a0\u00a0\u00a0\u00a0\u00a0\u00a0\u00a0 \u00a0 <a href=\"mailto:mildred.flores@upr.edu\">mildred.flores@upr.edu<\/a><\/p>\n<\/td>\n<\/tr>\n<tr>\n<td width=\"100%\">\n<p>&nbsp;<\/p>\n<p>&nbsp;<\/p>\n<p>Nombre:\u00a0\u00a0\u00a0 \u00a0\u00a0 Guadalupe \u00c1lamo, Myriam J.<\/p>\n<p>Rango:\u00a0\u00a0\u00a0\u00a0\u00a0\u00a0\u00a0 Catedr\u00e1tica Auxiliar<\/p>\n<p>Grado:\u00a0\u00a0\u00a0\u00a0\u00a0\u00a0\u00a0\u00a0 PhD (1996) Universidad de Temple, Philadelphia<\/p>\n<p>Extensi\u00f3n:\u00a0 \u00a0\u00a0 2111<\/p>\n<p>Email:\u00a0\u00a0\u00a0\u00a0\u00a0\u00a0\u00a0 \u00a0\u00a0\u00a0 <a href=\"mailto:myriam.guadalupe@upr.edu\">myriam.guadalupe@upr.edu<\/a><\/p>\n<\/td>\n<\/tr>\n<tr>\n<td width=\"100%\">\n<p>&nbsp;<\/p>\n<p>&nbsp;<\/p>\n<p>Nombre:\u00a0\u00a0\u00a0 \u00a0\u00a0 Gonz\u00e1lez Bravo, Mariana<\/p>\n<p>Rango:\u00a0\u00a0\u00a0\u00a0\u00a0\u00a0\u00a0 Instructora<\/p>\n<p>Grado:\u00a0\u00a0\u00a0\u00a0\u00a0\u00a0\u00a0 MSN (2020) Recinto de Ciencias M\u00e9dicas, UPR<\/p>\n<p>Extensi\u00f3n:\u00a0 \u00a0\u00a0 2156<\/p>\n<p>Email:\u00a0\u00a0\u00a0\u00a0\u00a0\u00a0\u00a0 \u00a0\u00a0\u00a0 <a href=\"mailto:mariana.gonzalez4@upr.edu\">mariana.gonzalez4@upr.edu<\/a><\/p>\n<\/td>\n<\/tr>\n<tr>\n<td width=\"100%\">\n<p>&nbsp;<\/p>\n<p>&nbsp;<\/p>\n<p>Nombre:\u00a0\u00a0\u00a0 \u00a0\u00a0 Hern\u00e1ndez Robles, Lilliana<\/p>\n<p>Rango:\u00a0\u00a0\u00a0\u00a0\u00a0\u00a0\u00a0 Catedr\u00e1tica Asociada<\/p>\n<p>Grado:\u00a0\u00a0\u00a0\u00a0\u00a0\u00a0\u00a0\u00a0 PhD (2019) Ana G. M\u00e9ndez, Recinto de Cupey<\/p>\n<p>Extensi\u00f3n:\u00a0 \u00a0\u00a0 2148<\/p>\n<p>Email:\u00a0\u00a0\u00a0\u00a0\u00a0\u00a0\u00a0 \u00a0\u00a0\u00a0 <a href=\"mailto:lilliana.hernandez@upr.edu\">lilliana.hernandez@upr.edu<\/a><\/p>\n<\/td>\n<\/tr>\n<tr>\n<td width=\"100%\">\n<p>&nbsp;<\/p>\n<p>&nbsp;<\/p>\n<p>Nombre:\u00a0\u00a0 \u00a0\u00a0\u00a0 Hernandez V\u00e9lez, Jorge L.<\/p>\n<p>Rango:\u00a0\u00a0\u00a0\u00a0\u00a0\u00a0 \u00a0 Catedr\u00e1tico Auxiliar<\/p>\n<p>Grado:\u00a0\u00a0\u00a0\u00a0\u00a0\u00a0\u00a0\u00a0 DNP-A (2018) Texas Wesleyan University<\/p>\n<p>Extensi\u00f3n:\u00a0\u00a0 \u00a0 1987<\/p>\n<p>Email:\u00a0\u00a0\u00a0\u00a0\u00a0\u00a0\u00a0\u00a0\u00a0 \u00a0 <a href=\"mailto:jorge.hernandezvelez@upr.edu\">jorge.hernandezvelez@upr.edu<\/a><\/p>\n<\/td>\n<\/tr>\n<tr>\n<td width=\"100%\">\n<p>&nbsp;<\/p>\n<p>&nbsp;<\/p>\n<p>Nombre:\u00a0\u00a0\u00a0 \u00a0\u00a0 Irene L\u00f3pez, Lourdes C.<\/p>\n<p>Rango:\u00a0\u00a0\u00a0\u00a0\u00a0\u00a0\u00a0 Catedr\u00e1tica Asociada<\/p>\n<p>Grado:\u00a0\u00a0\u00a0\u00a0\u00a0\u00a0\u00a0\u00a0 PhD (2020) Universidad de Massachusetts<\/p>\n<p>Extensi\u00f3n:\u00a0\u00a0 \u00a0 2157<\/p>\n<p>Email:\u00a0\u00a0\u00a0\u00a0\u00a0\u00a0\u00a0 \u00a0\u00a0\u00a0 <a href=\"mailto:lourdes.irene@upr.edu\">lourdes.irene@upr.edu<\/a><\/p>\n<\/td>\n<\/tr>\n<tr>\n<td width=\"100%\">\n<p>&nbsp;<\/p>\n<p>&nbsp;<\/p>\n<p>Nombre:\u00a0\u00a0\u00a0\u00a0 Ortiz Cotto, Josmarie<\/p>\n<p>Rango:\u00a0\u00a0\u00a0\u00a0\u00a0\u00a0 \u00a0Catedr\u00e1tica Asociada<\/p>\n<p>Grado\u00a0\u00a0\u00a0\u00a0\u00a0\u00a0 \u00a0\u00a0DNS (2021) Recinto de Ciencias M\u00e9dicas, UPR<\/p>\n<p>Extensi\u00f3n:\u00a0\u00a0\u00a0 2156<\/p>\n<p>Email:\u00a0\u00a0\u00a0\u00a0\u00a0\u00a0\u00a0\u00a0\u00a0 \u00a0<a href=\"mailto:josmarie.ortiz@upr.edu\">josmarie.ortiz@upr.edu<\/a>\u00a0\u00a0\u00a0\u00a0<\/p>\n<\/td>\n<\/tr>\n<tr>\n<td width=\"100%\">\n<p>&nbsp;<\/p>\n<p>&nbsp;<\/p>\n<p>Nombre:\u00a0\u00a0\u00a0\u00a0\u00a0 Ortiz Padilla, Elba N.<\/p>\n<p>Rango:\u00a0\u00a0\u00a0\u00a0\u00a0\u00a0\u00a0 Catedr\u00e1tica Auxiliar<\/p>\n<p>Grado:\u00a0\u00a0\u00a0\u00a0\u00a0\u00a0\u00a0\u00a0 MSN (1995) Recinto de Ciencias M\u00e9dicas, UPR<\/p>\n<p>Extensi\u00f3n:\u00a0\u00a0 \u00a0 2141<\/p>\n<p>Email:\u00a0\u00a0\u00a0\u00a0\u00a0\u00a0\u00a0\u00a0 \u00a0\u00a0 <a href=\"mailto:elba.ortiz1@upr.edu\">elba.ortiz1@upr.edu<\/a>\u00a0<\/p>\n<\/td>\n<\/tr>\n<tr>\n<td width=\"100%\">\n<p>&nbsp;<\/p>\n<p>&nbsp;<\/p>\n<p>Nombre:\u00a0\u00a0\u00a0\u00a0 \u00a0 Pereira Morales, Sherily<\/p>\n<p>Rango:\u00a0\u00a0\u00a0\u00a0\u00a0 \u00a0\u00a0\u00a0 Catedr\u00e1tica<\/p>\n<p>Grado:\u00a0\u00a0\u00a0\u00a0\u00a0\u00a0\u00a0\u00a0 PhD (2016) Universidad de Massachusetts<\/p>\n<p>Extensi\u00f3n:\u00a0 \u00a0\u00a0 2717<\/p>\n<p>Email:\u00a0\u00a0\u00a0\u00a0\u00a0\u00a0\u00a0\u00a0 \u00a0\u00a0 <a href=\"mailto:sherily.pereira@upr.edu\">sherily.pereira@upr.edu<\/a><\/p>\n<\/td>\n<\/tr>\n<tr>\n<td width=\"100%\">\n<p>&nbsp;<\/p>\n<p>Nombre:\u00a0\u00a0 \u00a0\u00a0\u00a0 Regueira \u00c1lvarez, Yadira<\/p>\n<p>Rango:\u00a0\u00a0\u00a0\u00a0\u00a0\u00a0\u00a0 Catedr\u00e1tica<\/p>\n<p>Grado:\u00a0\u00a0\u00a0\u00a0\u00a0\u00a0\u00a0\u00a0 PhD (2004) Universidad de Massachusetts<\/p>\n<p>Extensi\u00f3n:\u00a0\u00a0 \u00a0 2716<\/p>\n<p>Email:\u00a0\u00a0\u00a0\u00a0\u00a0\u00a0\u00a0\u00a0 \u00a0\u00a0 <a href=\"mailto:yadira.regueira@upr.edu\">yadira.regueira@upr.edu<\/a><\/p>\n<\/td>\n<\/tr>\n<tr>\n<td width=\"100%\">\n<p>&nbsp;<\/p>\n<p>&nbsp;<\/p>\n<p>Nombre:\u00a0\u00a0\u00a0\u00a0 \u00a0 Rivera Rodr\u00edguez, Ivelisse<\/p>\n<p>Rango:\u00a0\u00a0\u00a0\u00a0\u00a0\u00a0\u00a0 Catedr\u00e1tica Asociada<\/p>\n<p>Grado:\u00a0\u00a0\u00a0\u00a0\u00a0\u00a0\u00a0\u00a0 EdD (2017) Universidad de Puerto Rico, R\u00edo Piedras<\/p>\n<p>Extensi\u00f3n:\u00a0\u00a0 \u00a0 2150<\/p>\n<p>Email:\u00a0\u00a0\u00a0\u00a0\u00a0\u00a0\u00a0 \u00a0\u00a0\u00a0 <a href=\"mailto:ivelisse.rivera6@upr.edu\">ivelisse.rivera6@upr.edu<\/a><\/p>\n<\/td>\n<\/tr>\n<tr>\n<td width=\"100%\">\n<p><em>\u00a0<\/em><\/p>\n<p><em>\u00a0<\/em><\/p>\n<p>Nombre:\u00a0\u00a0\u00a0 \u00a0\u00a0 Rivera Fuentes, Maribelis<\/p>\n<p>Rango:\u00a0\u00a0\u00a0\u00a0\u00a0\u00a0\u00a0 Catedr\u00e1tica Auxiliar<\/p>\n<p>Grado\u00a0\u00a0\u00a0\u00a0\u00a0\u00a0\u00a0\u00a0\u00a0 MSN (2018) Recinto de Ciencias M\u00e9dicas, UPR<\/p>\n<p>Extensi\u00f3n:\u00a0 \u00a0\u00a0 2170<\/p>\n<p>Email:\u00a0\u00a0\u00a0\u00a0\u00a0\u00a0\u00a0 \u00a0\u00a0\u00a0 <a href=\"mailto:maribelis.rivera@upr.edu\">maribelis.rivera@upr.edu<\/a><\/p>\n<\/td>\n<\/tr>\n<tr>\n<td width=\"100%\">\n<p>&nbsp;<\/p>\n<p>&nbsp;<\/p>\n<p>Nombre:\u00a0\u00a0\u00a0 \u00a0\u00a0 Rivera P\u00e9rez, Jennifer<\/p>\n<p>Rango:\u00a0\u00a0\u00a0\u00a0\u00a0\u00a0\u00a0 Catedr\u00e1tica Auxiliar<\/p>\n<p>Grado\u00a0\u00a0\u00a0\u00a0\u00a0\u00a0\u00a0\u00a0\u00a0 DNP, PMHNP-BC (2022) Universidad de Massachusetts en<\/p>\n<p>\u00a0\u00a0\u00a0\u00a0\u00a0\u00a0\u00a0\u00a0\u00a0\u00a0\u00a0\u00a0\u00a0\u00a0\u00a0\u00a0\u00a0\u00a0\u00a0\u00a0\u00a0\u00a0\u00a0\u00a0\u00a0\u00a0\u00a0\u00a0\u00a0\u00a0\u00a0\u00a0\u00a0\u00a0\u00a0\u00a0\u00a0\u00a0\u00a0\u00a0\u00a0\u00a0\u00a0\u00a0\u00a0\u00a0\u00a0\u00a0\u00a0\u00a0\u00a0\u00a0\u00a0\u00a0\u00a0\u00a0\u00a0\u00a0\u00a0 Amherst<\/p>\n<p>Extensi\u00f3n:\u00a0 \u00a0\u00a0 2151<\/p>\n<p>Email:\u00a0\u00a0\u00a0\u00a0\u00a0\u00a0\u00a0 \u00a0\u00a0\u00a0 <a href=\"mailto:jeniffer.rivera1@upr.edu\">jeniffer.rivera1@upr.edu<\/a><\/p>\n<\/td>\n<\/tr>\n<tr>\n<td width=\"100%\">\n<p>&nbsp;<\/p>\n<p>&nbsp;<\/p>\n<p>&nbsp;<\/p>\n<p>&nbsp;<\/p>\n<p>&nbsp;<\/p>\n<p>Nombre:\u00a0\u00a0\u00a0 \u00a0\u00a0 Rivera Rosa, Leonor M.<\/p>\n<p>Rango:\u00a0\u00a0\u00a0\u00a0\u00a0\u00a0 \u00a0 Catedr\u00e1tica Auxiliar<\/p>\n<p>Grado\u00a0\u00a0\u00a0\u00a0\u00a0\u00a0\u00a0\u00a0\u00a0 EdD (2024) Universidad de Puerto Rico, R\u00edo Piedras<\/p>\n<p>Extensi\u00f3n:\u00a0\u00a0 \u00a0 2160<\/p>\n<p>Email:\u00a0\u00a0\u00a0\u00a0\u00a0\u00a0\u00a0 \u00a0\u00a0\u00a0 <a href=\"mailto:leonor.m.rivera@upr.edu\">leonor.m.rivera@upr.edu<\/a><\/p>\n<\/td>\n<\/tr>\n<tr>\n<td width=\"100%\">\n<p>&nbsp;<\/p>\n<p>&nbsp;<\/p>\n<p>Nombre:\u00a0\u00a0\u00a0\u00a0 \u00a0 Rodr\u00edguez Rodr\u00edguez, Janet<\/p>\n<p>Rango:\u00a0\u00a0\u00a0\u00a0\u00a0\u00a0\u00a0 Catedr\u00e1tica<\/p>\n<p>Grado\u00a0\u00a0\u00a0\u00a0\u00a0\u00a0\u00a0\u00a0\u00a0 PhD (2009) Universidad de Arizona<\/p>\n<p>Extensi\u00f3n:\u00a0\u00a0 \u00a0 2109 \/ 1995<\/p>\n<p>Email:\u00a0\u00a0\u00a0\u00a0\u00a0\u00a0\u00a0 \u00a0\u00a0\u00a0 <a href=\"mailto:noemy.diaz@upr.edu\">janet.rodriguez4 @upr.edu<\/a><\/p>\n<\/td>\n<\/tr>\n<tr>\n<td width=\"100%\">\n<p>&nbsp;<\/p>\n<p>&nbsp;<\/p>\n<p>Nombre:\u00a0\u00a0\u00a0 \u00a0\u00a0 Rom\u00e1n Hern\u00e1ndez, F\u00e9lix J.<\/p>\n<p>Rango:\u00a0\u00a0\u00a0\u00a0\u00a0\u00a0\u00a0 Catedr\u00e1tico Auxiliar<\/p>\n<p>Grado\u00a0\u00a0\u00a0\u00a0\u00a0\u00a0\u00a0\u00a0\u00a0 DNP (2022) Universidad de Massachusetts en Amherst<\/p>\n<p>Extensi\u00f3n:\u00a0 \u00a0\u00a0 2160<\/p>\n<p>Email:\u00a0\u00a0\u00a0\u00a0\u00a0\u00a0\u00a0 \u00a0\u00a0\u00a0 <a href=\"mailto:felix.roman@upr.edu\">felix.roman@upr.edu<\/a><\/p>\n<\/td>\n<\/tr>\n<tr>\n<td width=\"100%\">\n<p>&nbsp;<\/p>\n<p>&nbsp;<\/p>\n<p>Nombre:\u00a0\u00a0\u00a0\u00a0 \u00a0 Rom\u00e1n Rivera, Elizabeth<\/p>\n<p>Rango:\u00a0\u00a0\u00a0\u00a0\u00a0\u00a0 \u00a0 Catedr\u00e1tica<\/p>\n<p>Grado\u00a0\u00a0\u00a0\u00a0\u00a0\u00a0\u00a0\u00a0\u00a0 EdD (2012) Universidad Interamericana de Puerto Rico<\/p>\n<p>\u00a0\u00a0\u00a0\u00a0\u00a0\u00a0\u00a0\u00a0\u00a0\u00a0\u00a0\u00a0\u00a0\u00a0\u00a0\u00a0\u00a0\u00a0\u00a0\u00a0\u00a0\u00a0\u00a0\u00a0\u00a0\u00a0\u00a0\u00a0\u00a0\u00a0\u00a0\u00a0\u00a0\u00a0\u00a0\u00a0\u00a0\u00a0\u00a0\u00a0\u00a0 Recinto Metropolitano<\/p>\n<p>Extensi\u00f3n:\u00a0\u00a0 \u00a0 2108<\/p>\n<p>Email:\u00a0\u00a0\u00a0\u00a0\u00a0\u00a0\u00a0\u00a0 \u00a0\u00a0 <a href=\"mailto:elizabeth.roman3@upr.edu\">elizabeth.roman3@upr.edu<\/a><\/p>\n<\/td>\n<\/tr>\n<tr>\n<td width=\"100%\">\n<p>&nbsp;<\/p>\n<p>&nbsp;<\/p>\n<p>Nombre:\u00a0\u00a0\u00a0 \u00a0\u00a0 Rom\u00e1n Santiago, Cristian R.<\/p>\n<p>Rango:\u00a0\u00a0\u00a0\u00a0\u00a0\u00a0 \u00a0 Instructor<\/p>\n<p>Grado\u00a0\u00a0\u00a0\u00a0\u00a0\u00a0\u00a0\u00a0\u00a0 MSN-A (2022) Recinto de Ciencias M\u00e9dicas, UPR<\/p>\n<p>Extensi\u00f3n:\u00a0\u00a0 \u00a0 2141<\/p>\n<p>Email:\u00a0\u00a0\u00a0\u00a0\u00a0\u00a0\u00a0 \u00a0\u00a0\u00a0 <a href=\"mailto:cristian.roman@upr.edu\">cristian.roman@upr.edu<\/a> \u00a0<\/p>\n<\/td>\n<\/tr>\n<tr>\n<td width=\"100%\">\n<p>&nbsp;<\/p>\n<p>&nbsp;<\/p>\n<p>Nombre:\u00a0\u00a0\u00a0 \u00a0\u00a0 Ruiz Lebr\u00f3n, Rosa B.<\/p>\n<p>Rango:\u00a0\u00a0\u00a0\u00a0\u00a0\u00a0 \u00a0 Catedr\u00e1tica Auxiliar<\/p>\n<p>Grado\u00a0\u00a0\u00a0\u00a0\u00a0\u00a0\u00a0\u00a0\u00a0 MSN (1996) Recinto de Ciencias M\u00e9dicas, UPR<\/p>\n<p>Extensi\u00f3n:\u00a0\u00a0 \u00a0 2155<\/p>\n<p>Email:\u00a0\u00a0\u00a0\u00a0\u00a0\u00a0\u00a0 \u00a0\u00a0\u00a0 <a href=\"mailto:rosa.ruiz3@upr.edu\">rosa.ruiz3@upr.edu<\/a><\/p>\n<\/td>\n<\/tr>\n<tr>\n<td width=\"100%\">\n<p>&nbsp;<\/p>\n<p>&nbsp;<\/p>\n<p>&nbsp;<\/p>\n<p>&nbsp;<\/p>\n<p>Nombre:\u00a0\u00a0\u00a0\u00a0 \u00a0 Segu\u00ed Rodr\u00edguez, Astrid<\/p>\n<p>Rango:\u00a0\u00a0\u00a0\u00a0\u00a0\u00a0 \u00a0 Catedr\u00e1tica Asociada<\/p>\n<p>Grado\u00a0\u00a0\u00a0\u00a0\u00a0\u00a0\u00a0\u00a0\u00a0 EdD (2023) Nova Southeastern University<\/p>\n<p>Extensi\u00f3n:\u00a0 \u00a0\u00a0 2151<\/p>\n<p>Email:\u00a0\u00a0\u00a0\u00a0\u00a0\u00a0\u00a0\u00a0 \u00a0\u00a0 <a href=\"mailto:astrid.segui@upr.edu\">astrid.segui@upr.edu<\/a><\/p>\n<\/td>\n<\/tr>\n<tr>\n<td width=\"100%\">\n<p>&nbsp;<\/p>\n<p>&nbsp;<\/p>\n<p>Nombre:\u00a0\u00a0\u00a0\u00a0\u00a0 Soto Santiago, Juan Carlos<\/p>\n<p>Rango:\u00a0\u00a0\u00a0\u00a0\u00a0\u00a0\u00a0 Catedr\u00e1tico<\/p>\n<p>Grado\u00a0\u00a0\u00a0\u00a0\u00a0\u00a0\u00a0\u00a0\u00a0 EdD (2006) Universidad Interamericana de Puerto Rico<\/p>\n<p>\u00a0\u00a0\u00a0\u00a0\u00a0\u00a0\u00a0\u00a0\u00a0\u00a0\u00a0\u00a0\u00a0\u00a0\u00a0\u00a0\u00a0\u00a0\u00a0\u00a0\u00a0\u00a0\u00a0\u00a0\u00a0\u00a0\u00a0\u00a0\u00a0\u00a0\u00a0\u00a0\u00a0\u00a0\u00a0\u00a0\u00a0\u00a0\u00a0\u00a0\u00a0 Recinto Metropolitano<\/p>\n<p>Extensi\u00f3n:\u00a0\u00a0 \u00a0 2154<\/p>\n<p>Email:\u00a0\u00a0\u00a0\u00a0\u00a0\u00a0\u00a0 \u00a0\u00a0\u00a0 \u00a0<a href=\"mailto:juan.soto5@upr.edu\">juan.soto5@upr.edu<\/a><\/p>\n<\/td>\n<\/tr>\n<tr>\n<td width=\"100%\">\n<p>&nbsp;<\/p>\n<p>&nbsp;<\/p>\n<p>Nombre:\u00a0\u00a0\u00a0\u00a0 \u00a0 Torres Reyes, Viviana<\/p>\n<p>Rango:\u00a0\u00a0\u00a0\u00a0\u00a0\u00a0 \u00a0 Instructora<\/p>\n<p>Grado\u00a0\u00a0\u00a0\u00a0\u00a0\u00a0\u00a0\u00a0\u00a0 DHA (2024) Universidad de Phoenix<\/p>\n<p>Extensi\u00f3n:\u00a0\u00a0 \u00a0 2153<\/p>\n<p>Email:\u00a0\u00a0\u00a0\u00a0\u00a0\u00a0\u00a0\u00a0 \u00a0\u00a0 <a href=\"mailto:viviana.torres5@upr.edu\">viviana.torres5@upr.edu<\/a><\/p>\n<\/td>\n<\/tr>\n<tr>\n<td width=\"100%\">\n<p>&nbsp;<\/p>\n<p>&nbsp;<\/p>\n<p>Nombre:\u00a0\u00a0\u00a0 \u00a0\u00a0 V\u00e1zquez Sanjurjo, Irma D.<\/p>\n<p>Rango:\u00a0\u00a0\u00a0\u00a0\u00a0\u00a0\u00a0\u00a0\u00a0 Catedr\u00e1tica Auxiliar<\/p>\n<p>Grado\u00a0\u00a0\u00a0\u00a0\u00a0\u00a0\u00a0\u00a0\u00a0 MSN (2012) Recinto de Ciencias M\u00e9dicas, UPR<\/p>\n<p>Extensi\u00f3n:\u00a0\u00a0\u00a0\u00a0 2150<\/p>\n<p>Email:\u00a0\u00a0\u00a0\u00a0\u00a0\u00a0 \u00a0\u00a0\u00a0\u00a0\u00a0<a href=\"mailto:irma.vazquez@upr.edu\">irma.vazquez@upr.edu<\/a>\u00a0\u00a0<\/p>\n<\/td>\n<\/tr>\n<\/tbody>\n<\/table>\n<p>[\/vc_column_text][\/vc_column][\/vc_row]<\/p>\n<\/section>","protected":false},"excerpt":{"rendered":"<p>[vc_row][vc_column][vc_column_text] FACULTAD Nombre:\u00a0\u00a0\u00a0 \u00a0\u00a0 Alicea, Melany Rango:\u00a0\u00a0\u00a0\u00a0\u00a0\u00a0\u00a0\u00a0 Instructora Grado:\u00a0\u00a0\u00a0\u00a0\u00a0\u00a0\u00a0\u00a0 MSN (2012) Recinto de Ciencias M\u00e9dicas, UPR Extensi\u00f3n:\u00a0\u00a0\u00a0\u00a0 2153 Email:\u00a0\u00a0\u00a0\u00a0\u00a0\u00a0\u00a0\u00a0\u00a0 \u00a0 melany.alicea@upr.edu &nbsp; &nbsp; Nombre:\u00a0\u00a0\u00a0\u00a0\u00a0\u00a0 Almenas Hern\u00e1ndez, Marta Rango:\u00a0\u00a0\u00a0\u00a0 \u00a0\u00a0\u00a0\u00a0 Catedr\u00e1tica Asociada Grado:\u00a0\u00a0\u00a0\u00a0\u00a0\u00a0\u00a0\u00a0 EdD (2012) Universidad Interamericana de Puerto Rico \u00a0\u00a0\u00a0\u00a0\u00a0\u00a0\u00a0\u00a0\u00a0\u00a0\u00a0\u00a0\u00a0\u00a0\u00a0\u00a0\u00a0\u00a0\u00a0\u00a0\u00a0\u00a0\u00a0\u00a0\u00a0\u00a0\u00a0\u00a0\u00a0\u00a0\u00a0\u00a0\u00a0\u00a0\u00a0\u00a0\u00a0\u00a0\u00a0\u00a0\u00a0 Recinto Metropolitano Extensi\u00f3n:\u00a0\u00a0\u00a0\u00a0 2158 Email:\u00a0\u00a0\u00a0\u00a0\u00a0\u00a0 \u00a0\u00a0\u00a0\u00a0 marta.almenas@upr.edu &nbsp; &nbsp; Nombre:\u00a0\u00a0\u00a0 \u00a0\u00a0 Aponte Reyes, Linnette Rango:\u00a0\u00a0\u00a0\u00a0\u00a0\u00a0&hellip;<\/p>\n","protected":false},"author":1,"featured_media":0,"parent":0,"menu_order":0,"comment_status":"closed","ping_status":"closed","template":"template-microsite.php","meta":{"footnotes":""},"class_list":["post-88","page","type-page","status-publish","hentry","description-off"],"jetpack_sharing_enabled":true,"_links":{"self":[{"href":"https:\/\/rcm1.rcm.upr.edu\/enfermeria\/wp-json\/wp\/v2\/pages\/88","targetHints":{"allow":["GET"]}}],"collection":[{"href":"https:\/\/rcm1.rcm.upr.edu\/enfermeria\/wp-json\/wp\/v2\/pages"}],"about":[{"href":"https:\/\/rcm1.rcm.upr.edu\/enfermeria\/wp-json\/wp\/v2\/types\/page"}],"author":[{"embeddable":true,"href":"https:\/\/rcm1.rcm.upr.edu\/enfermeria\/wp-json\/wp\/v2\/users\/1"}],"replies":[{"embeddable":true,"href":"https:\/\/rcm1.rcm.upr.edu\/enfermeria\/wp-json\/wp\/v2\/comments?post=88"}],"version-history":[{"count":2,"href":"https:\/\/rcm1.rcm.upr.edu\/enfermeria\/wp-json\/wp\/v2\/pages\/88\/revisions"}],"predecessor-version":[{"id":4180,"href":"https:\/\/rcm1.rcm.upr.edu\/enfermeria\/wp-json\/wp\/v2\/pages\/88\/revisions\/4180"}],"wp:attachment":[{"href":"https:\/\/rcm1.rcm.upr.edu\/enfermeria\/wp-json\/wp\/v2\/media?parent=88"}],"curies":[{"name":"wp","href":"https:\/\/api.w.org\/{rel}","templated":true}]}}