{"id":477,"date":"2015-04-06T14:03:20","date_gmt":"2015-04-06T18:03:20","guid":{"rendered":"http:\/\/127.0.0.1\/rcm\/exalumnos\/fondo-dotal-que-es\/"},"modified":"2015-04-06T14:03:20","modified_gmt":"2015-04-06T18:03:20","slug":"fondo-dotal-que-es","status":"publish","type":"page","link":"https:\/\/rcm1.rcm.upr.edu\/exalumnos\/fondo-dotal-que-es\/","title":{"rendered":"\u00bfQu\u00e9 es el Fondo Dotal?"},"content":{"rendered":"<br \/>\n<h3 class=\"myhdrs\">\u00bfQu\u00e9 es un fondo dotal y cu\u00e1l es su importancia?<\/h3>\n<p>Un fondo dotal es una cuenta de inversi\u00f3n a perpetuidad cuyo principal se mantiene intacto y en crecimiento. Se utilizan los cr\u00e9ditos que \u00e9ste genera para los prop\u00f3sitos estipulados por el fondo, los donantes o los legatarios. Usualmente, un fondo dotal est\u00e1 compuesto de fondos restrictos e irrestrictos. Los fondos restrictos son aquellos cuyo uso fue estipulado por los donantes y el irrestricto se rige por las estipulaciones de uso que constan en la escritura que da vida al fondo.&nbsp;Para la Universidad de Puerto Rico, el Fondo Dotal es clave en la estabilidad financiera y seguridad fiscal. Adem\u00e1s, el Fondo Dotal respalda la implementaci\u00f3n de proyectos visionarios a perpetuidad.<\/p>\n<p>&nbsp;<\/p>\n<p style=\"text-align: center\">\u00a1Un donativo al Fondo Dotal hace una diferencia en la instituci\u00f3n para siempre!<\/p>\n<h3>&nbsp;<\/h3>\n<h3 class=\"myhdrs\">Breve historia del Fondo Dotal de la UPR<\/h3>\n<p>El Fondo Dotal de la Universidad de Puerto Rico se cre\u00f3 por escritura en 1996 con una asignaci\u00f3n de $5 millones hecha por la Junta de S\u00edndicos. Actualmente el Fondo Dotal agrupa un total de 56 sub-fondos y alcanza los $107 millones. La pr\u00f3xima meta del Fondo es alcanzar los $150 millones para el 2025. Los donativos, aportaciones y legados de individuos como t\u00fa son instrumentales para fortalecer el Fondo Dotal de la Universidad.\t\t<\/p>\n","protected":false},"excerpt":{"rendered":"<p>\u00bfQu\u00e9 es un fondo dotal y cu\u00e1l es su importancia? Un fondo dotal es una cuenta de inversi\u00f3n a perpetuidad cuyo principal se mantiene intacto y en crecimiento. Se utilizan los cr\u00e9ditos que \u00e9ste genera para los prop\u00f3sitos estipulados por el fondo, los donantes o los legatarios. Usualmente, un fondo dotal est\u00e1 compuesto de fondos&hellip;<\/p>\n","protected":false},"author":1,"featured_media":0,"parent":0,"menu_order":0,"comment_status":"closed","ping_status":"closed","template":"template-microsite.php","meta":{"footnotes":""},"class_list":["post-477","page","type-page","status-publish","hentry","description-off"],"aioseo_notices":[],"_links":{"self":[{"href":"https:\/\/rcm1.rcm.upr.edu\/exalumnos\/wp-json\/wp\/v2\/pages\/477","targetHints":{"allow":["GET"]}}],"collection":[{"href":"https:\/\/rcm1.rcm.upr.edu\/exalumnos\/wp-json\/wp\/v2\/pages"}],"about":[{"href":"https:\/\/rcm1.rcm.upr.edu\/exalumnos\/wp-json\/wp\/v2\/types\/page"}],"author":[{"embeddable":true,"href":"https:\/\/rcm1.rcm.upr.edu\/exalumnos\/wp-json\/wp\/v2\/users\/1"}],"replies":[{"embeddable":true,"href":"https:\/\/rcm1.rcm.upr.edu\/exalumnos\/wp-json\/wp\/v2\/comments?post=477"}],"version-history":[{"count":0,"href":"https:\/\/rcm1.rcm.upr.edu\/exalumnos\/wp-json\/wp\/v2\/pages\/477\/revisions"}],"wp:attachment":[{"href":"https:\/\/rcm1.rcm.upr.edu\/exalumnos\/wp-json\/wp\/v2\/media?parent=477"}],"curies":[{"name":"wp","href":"https:\/\/api.w.org\/{rel}","templated":true}]}}