{"id":485,"date":"2015-04-06T14:12:41","date_gmt":"2015-04-06T18:12:41","guid":{"rendered":"http:\/\/127.0.0.1\/rcm\/exalumnos\/fondo-dotal-por-que\/"},"modified":"2015-04-06T14:12:41","modified_gmt":"2015-04-06T18:12:41","slug":"fondo-dotal-por-que","status":"publish","type":"page","link":"https:\/\/rcm1.rcm.upr.edu\/exalumnos\/fondo-dotal-por-que\/","title":{"rendered":"\u00bfPor Qu\u00e9 Donar al Fondo Dotal?"},"content":{"rendered":"<br \/>\n<h3 class=\"myhdrs\">\u00bfPor qu\u00e9 donar al Fondo Dotal de la UPR?<\/h3>\n<p>El Fondo Dotal beneficia a la Universidad de Puerto Rico, el principal centro de formaci\u00f3n profesional de Puerto Rico y el Caribe, patrimonio de todos los puertorrique\u00f1os.<\/p>\n<p>Todas las donaciones hechas al Fondo Dotal, sin distinci\u00f3n alguna, se invierten completamente en la Universidad.<\/p>\n<h3>&nbsp;<\/h3>\n<h3 class=\"myhdrs\">Nuestra Necesidad<\/h3>\n<p>La Universidad de Puerto Rico se compone de once (11) unidades a trav\u00e9s de la isla. Actualmente el cr\u00e9dito subgraduado tiene un costo promedio de $55.00. El costo total de matr\u00edcula es de $1,662.00 para residentes, el m\u00e1s bajo en el pa\u00eds. Como universidad p\u00fablica es importante que esta matr\u00edcula se mantenga lo m\u00e1s accesible posible ya que la gran mayor\u00eda del estudiantado depende de ayuda financiera. Por esto, y ante esto, es importante fortalecer el Fondo Dotal como mecanismo para proveer apoyo a nuestros estudiantes y as\u00ed ayudar a la universidad a cumplir con su misi\u00f3n.<\/p>\n<h3>&nbsp;<\/h3>\n<h3 class=\"myhdrs\">Las aportaciones monetarias, incluyendo las de donantes como t\u00fa, que ingresan a este Fondo promueven:<\/h3>\n<ul>\n<li>La formaci\u00f3n de profesionales y su integraci\u00f3n efectiva al mundo laboral.<\/li>\n<li>La generaci\u00f3n de conocimientos y tecnolog\u00edas competitivas en nuestras unidades acad\u00e9micas y centros de investigaci\u00f3n.<\/li>\n<li>La dotaci\u00f3n de estructuras y equipos destinados a la docencia e investigaci\u00f3n.<\/li>\n<li>Un mayor n\u00famero de proyectos para el servicio y beneficio de la comunidad.<\/li>\n<li>El rol patrimonial de la Universidad como casa de la cultura y el arte para todos los puertorrique\u00f1os.<\/li>\n<li>La presencia internacional de la Universidad de Puerto Rico.<\/li>\n<li>El enriquecimiento de la Facultad mediante el establecimiento de c\u00e1tedras dotales que permiten invitar a profesores de renombre internacional.<\/li>\n<li>Programas acad\u00e9micos innovadores que ampl\u00edan las posibilidades de investigaci\u00f3n en \u00e1reas de inter\u00e9s para el desarrollo del pa\u00eds.<\/li>\n<li>Becas estudiantiles en situaciones excepcionales de necesidad.<\/li>\n<\/ul>\n<p><b>Tu contribuci\u00f3n al Fondo Dotal es 100% deducible de tu planilla de contribuci\u00f3n sobre ingresos.<\/b><\/p>\n<h3>&nbsp;<\/h3>\n<h3 class=\"myhdrs\">Somos parte de la soluci\u00f3n:<\/h3>\n<ul>\n<li>La Universidad de Puerto Rico es patrimonio de todos los puertorrique\u00f1os.<\/li>\n<li>Cuenta con 240 grados de bachillerato, 120 de maestr\u00eda y 31 de doctorado, 6 de primer nivel profesional, adem\u00e1s de 37 grados asociados y 15 certificaciones.<\/li>\n<li>Contribuye con los proyectos de investigaci\u00f3n m\u00e1s competitivos del pa\u00eds.<b><\/b><\/li>\n<li>Vacuna VIH<\/li>\n<li>Comportamiento Humano (memoria del miedo)<\/li>\n<li>Contaminantes emergentes en el agua a nivel de nanotecnolog\u00eda<\/li>\n<li>C\u00e1ncer<\/li>\n<li>Alzheimer<\/li>\n<li>Sus programas y publicaciones tienen el reconocimiento y el aval de las asociaciones profesionales internacionales m\u00e1s prestigiosas.<\/li>\n<li>Sus egresados ocupan posiciones de liderato en el mundo de las letras, el servicio p\u00fablico, la investigaci\u00f3n cient\u00edfica, la academia, los medios de comunicaci\u00f3n, las artes, y muchos otros. Se destacan a nivel comunitario, a nivel de pa\u00eds y a nivel internacional.<\/li>\n<\/ul>\n<p><b>Apoyar e invertir en el crecimiento de la Universidad de Puerto Rico es el objetivo fundamental del Fondo Dotal.<\/b>\t\t<\/p>\n","protected":false},"excerpt":{"rendered":"<p>\u00bfPor qu\u00e9 donar al Fondo Dotal de la UPR? El Fondo Dotal beneficia a la Universidad de Puerto Rico, el principal centro de formaci\u00f3n profesional de Puerto Rico y el Caribe, patrimonio de todos los puertorrique\u00f1os. Todas las donaciones hechas al Fondo Dotal, sin distinci\u00f3n alguna, se invierten completamente en la Universidad. &nbsp; Nuestra Necesidad&hellip;<\/p>\n","protected":false},"author":1,"featured_media":0,"parent":0,"menu_order":0,"comment_status":"closed","ping_status":"closed","template":"template-microsite.php","meta":{"footnotes":""},"class_list":["post-485","page","type-page","status-publish","hentry","description-off"],"aioseo_notices":[],"_links":{"self":[{"href":"https:\/\/rcm1.rcm.upr.edu\/exalumnos\/wp-json\/wp\/v2\/pages\/485","targetHints":{"allow":["GET"]}}],"collection":[{"href":"https:\/\/rcm1.rcm.upr.edu\/exalumnos\/wp-json\/wp\/v2\/pages"}],"about":[{"href":"https:\/\/rcm1.rcm.upr.edu\/exalumnos\/wp-json\/wp\/v2\/types\/page"}],"author":[{"embeddable":true,"href":"https:\/\/rcm1.rcm.upr.edu\/exalumnos\/wp-json\/wp\/v2\/users\/1"}],"replies":[{"embeddable":true,"href":"https:\/\/rcm1.rcm.upr.edu\/exalumnos\/wp-json\/wp\/v2\/comments?post=485"}],"version-history":[{"count":0,"href":"https:\/\/rcm1.rcm.upr.edu\/exalumnos\/wp-json\/wp\/v2\/pages\/485\/revisions"}],"wp:attachment":[{"href":"https:\/\/rcm1.rcm.upr.edu\/exalumnos\/wp-json\/wp\/v2\/media?parent=485"}],"curies":[{"name":"wp","href":"https:\/\/api.w.org\/{rel}","templated":true}]}}