{"id":523,"date":"2015-04-07T14:57:54","date_gmt":"2015-04-07T18:57:54","guid":{"rendered":"http:\/\/127.0.0.1\/rcm\/exalumnos\/mision-y-vision\/"},"modified":"2015-04-07T14:57:54","modified_gmt":"2015-04-07T18:57:54","slug":"mision-y-vision","status":"publish","type":"page","link":"https:\/\/rcm1.rcm.upr.edu\/exalumnos\/mision-y-vision\/","title":{"rendered":"Misi\u00f3n y Visi\u00f3n"},"content":{"rendered":"<br \/>\n<h3 class=\"myhdrs\">Misi\u00f3n<\/h3>\n<p>Desarrollar y fortalecer un vincula sostenido entre exalumnos y la Universidad, perpetuar un sentido de orgullo y compromiso, promover una imagen positiva de la Universidad mediante la comunicaci\u00f3n, servicio y liderazgo de sus egresados.<\/p>\n<p>&nbsp;<\/p>\n<h3 class=\"myhdrs\">Visi\u00f3n<\/h3>\n<p>Crear y desarrollar programas y servicios de excelencia que diversifiquen y fortalezcan los v\u00ednculos sostenidos de comunicaci\u00f3n con los egresados, su compromise y sentido de orgullo con la Instituci\u00f3n.\t\t<\/p>\n","protected":false},"excerpt":{"rendered":"<p>Misi\u00f3n Desarrollar y fortalecer un vincula sostenido entre exalumnos y la Universidad, perpetuar un sentido de orgullo y compromiso, promover una imagen positiva de la Universidad mediante la comunicaci\u00f3n, servicio y liderazgo de sus egresados. &nbsp; Visi\u00f3n Crear y desarrollar programas y servicios de excelencia que diversifiquen y fortalezcan los v\u00ednculos sostenidos de comunicaci\u00f3n con&hellip;<\/p>\n","protected":false},"author":1,"featured_media":0,"parent":0,"menu_order":0,"comment_status":"closed","ping_status":"closed","template":"template-microsite.php","meta":{"footnotes":""},"class_list":["post-523","page","type-page","status-publish","hentry","description-off"],"aioseo_notices":[],"_links":{"self":[{"href":"https:\/\/rcm1.rcm.upr.edu\/exalumnos\/wp-json\/wp\/v2\/pages\/523","targetHints":{"allow":["GET"]}}],"collection":[{"href":"https:\/\/rcm1.rcm.upr.edu\/exalumnos\/wp-json\/wp\/v2\/pages"}],"about":[{"href":"https:\/\/rcm1.rcm.upr.edu\/exalumnos\/wp-json\/wp\/v2\/types\/page"}],"author":[{"embeddable":true,"href":"https:\/\/rcm1.rcm.upr.edu\/exalumnos\/wp-json\/wp\/v2\/users\/1"}],"replies":[{"embeddable":true,"href":"https:\/\/rcm1.rcm.upr.edu\/exalumnos\/wp-json\/wp\/v2\/comments?post=523"}],"version-history":[{"count":0,"href":"https:\/\/rcm1.rcm.upr.edu\/exalumnos\/wp-json\/wp\/v2\/pages\/523\/revisions"}],"wp:attachment":[{"href":"https:\/\/rcm1.rcm.upr.edu\/exalumnos\/wp-json\/wp\/v2\/media?parent=523"}],"curies":[{"name":"wp","href":"https:\/\/api.w.org\/{rel}","templated":true}]}}