{"id":61,"date":"2014-12-05T15:01:01","date_gmt":"2014-12-05T19:01:01","guid":{"rendered":"http:\/\/127.0.0.1\/rcm\/exalumnos\/frontpage\/"},"modified":"2014-12-05T15:01:01","modified_gmt":"2014-12-05T19:01:01","slug":"frontpage","status":"publish","type":"page","link":"https:\/\/rcm1.rcm.upr.edu\/exalumnos\/","title":{"rendered":"Inicio"},"content":{"rendered":"<div class=\"wpb-content-wrapper\"><p>[vc_row][vc_column][vc_raw_js]JTNDJTIxLS0lMjBHbG9iYWwlMjBzaXRlJTIwdGFnJTIwJTI4Z3RhZy5qcyUyOSUyMC0lMjBHb29nbGUlMjBBbmFseXRpY3MlMjAtLSUzRSUwQSUzQ3NjcmlwdCUyMGFzeW5jJTIwc3JjJTNEJTIyaHR0cHMlM0ElMkYlMkZ3d3cuZ29vZ2xldGFnbWFuYWdlci5jb20lMkZndGFnJTJGanMlM0ZpZCUzRFVBLTExOTUyNzk4Ni0xJTIyJTNFJTNDJTJGc2NyaXB0JTNFJTBBJTNDc2NyaXB0JTNFJTBBJTIwJTIwd2luZG93LmRhdGFMYXllciUyMCUzRCUyMHdpbmRvdy5kYXRhTGF5ZXIlMjAlN0MlN0MlMjAlNUIlNUQlM0IlMEElMjAlMjBmdW5jdGlvbiUyMGd0YWclMjglMjklN0JkYXRhTGF5ZXIucHVzaCUyOGFyZ3VtZW50cyUyOSUzQiU3RCUwQSUyMCUyMGd0YWclMjglMjdqcyUyNyUyQyUyMG5ldyUyMERhdGUlMjglMjklMjklM0IlMEElMEElMjAlMjBndGFnJTI4JTI3Y29uZmlnJTI3JTJDJTIwJTI3VUEtMTE5NTI3OTg2LTElMjclMjklM0IlMEElM0MlMkZzY3JpcHQlM0U=[\/vc_raw_js][vc_row_inner][vc_column_inner width=&#8221;1\/6&#8243;][\/vc_column_inner][vc_column_inner width=&#8221;2\/3&#8243;][vc_column_text]<img loading=\"lazy\" decoding=\"async\" class=\"aligncenter wp-image-2193 size-full\" src=\"https:\/\/rcm1.rcm.upr.edu\/exalumnos\/wp-content\/uploads\/sites\/14\/2020\/04\/07341.jpg\" alt=\"\" width=\"1000\" height=\"582\" srcset=\"https:\/\/rcm1.rcm.upr.edu\/exalumnos\/wp-content\/uploads\/sites\/14\/2020\/04\/07341.jpg 1000w, https:\/\/rcm1.rcm.upr.edu\/exalumnos\/wp-content\/uploads\/sites\/14\/2020\/04\/07341-300x175.jpg 300w, https:\/\/rcm1.rcm.upr.edu\/exalumnos\/wp-content\/uploads\/sites\/14\/2020\/04\/07341-768x447.jpg 768w\" sizes=\"auto, (max-width: 1000px) 100vw, 1000px\" \/>[\/vc_column_text][\/vc_column_inner][vc_column_inner width=&#8221;1\/6&#8243;][\/vc_column_inner][\/vc_row_inner][vc_empty_space][vc_column_text]<img loading=\"lazy\" decoding=\"async\" class=\"size-medium wp-image-1948 aligncenter\" src=\"https:\/\/rcm1.rcm.upr.edu\/exalumnos\/wp-content\/uploads\/sites\/14\/2020\/04\/logo-exalumnos-mi-universidad-2016.png\" alt=\"\" width=\"300\" height=\"232\" \/><\/p>\n<p>Gracias por visitar nuestro sitio web. Este es el primer paso para convertirse m\u00e1s involucrado con la Universidad de Puerto Rico, Recinto de Ciencias M\u00e9dicas y hacer que su grado m\u00e1s valioso de lo que es hoy. Nuestro equipo est\u00e1 dispuesto a ayudarle a conectarse unos con otros y le proporcionar\u00e1 una gran cantidad de maneras de continuar su relaci\u00f3n con su alma mater.<\/p>\n<p>&nbsp;<\/p>\n<p>Trabajamos en conjunto con la Oficina de Desarrollo y Exalumnos de Administraci\u00f3n Central para dise\u00f1ar, promover e implementar programas integrales que incluyen eventos sociales, culturales y orientados al servicio en un esfuerzo por fortalecer los lazos de ex-alumnos del Recinto de Ciencias M\u00e9dicas.<\/p>\n<p>&nbsp;<\/p>\n<p>Esperamos que contin\u00fae para mantenerse en contacto con su comunidad de ex alumno de Ciencias M\u00e9dicas a trav\u00e9s de los a\u00f1os. Necesitamos que nuestros excepcionalmente talentosos, diversos ex alumnos para ayudar a mover el Recinto de Ciencias M\u00e9dicas hacia adelante.[\/vc_column_text][vc_empty_space][\/vc_column][\/vc_row][vc_row][vc_column width=&#8221;1\/3&#8243;][vc_column_text]<\/p>\n<div class=\"inscribir\">\n<h3 style=\"text-align: center\"><strong>\u00a1Inscr\u00edbete Aqu\u00ed!<\/strong><\/h3>\n<h3><strong><a href=\"https:\/\/exalumnos.upr.edu\/formulario-registro-exalumnos\/\" target=\"_blank\" rel=\"noopener noreferrer\"><img decoding=\"async\" class=\"aligncenter\" style=\"width: 450px\" src=\"https:\/\/rcm1.rcm.upr.edu\/exalumnos\/wp-content\/uploads\/sites\/14\/2020\/04\/boton-inscribete.png\" alt=\"Dona a tu universidad\" height=\"195\" \/><\/a><\/strong><\/h3>\n<\/div>\n<p>[\/vc_column_text][\/vc_column][vc_column width=&#8221;1\/3&#8243;][vc_column_text]<\/p>\n<div class=\"donar\">\n<h3 style=\"text-align: center\"><strong>Dona a tu Universidad<\/strong><\/h3>\n<h3><strong><a href=\"https:\/\/exalumnos.upr.edu\/donaciones\/\" target=\"_blank\" rel=\"noopener noreferrer\"><img decoding=\"async\" class=\"aligncenter\" style=\"width: 450px\" src=\"https:\/\/rcm1.rcm.upr.edu\/exalumnos\/wp-content\/uploads\/sites\/14\/2020\/04\/boton-donaciones.png\" alt=\"Dona a tu universidad\" height=\"195\" \/><\/a><\/strong><\/h3>\n<\/div>\n<p>[\/vc_column_text][\/vc_column][vc_column width=&#8221;1\/3&#8243;][vc_empty_space][vc_column_text]<img loading=\"lazy\" decoding=\"async\" class=\"aligncenter wp-image-2194 size-full\" src=\"https:\/\/rcm1.rcm.upr.edu\/exalumnos\/wp-content\/uploads\/sites\/14\/2020\/04\/banner031.png\" alt=\"\" width=\"890\" height=\"350\" srcset=\"https:\/\/rcm1.rcm.upr.edu\/exalumnos\/wp-content\/uploads\/sites\/14\/2020\/04\/banner031.png 890w, https:\/\/rcm1.rcm.upr.edu\/exalumnos\/wp-content\/uploads\/sites\/14\/2020\/04\/banner031-300x118.png 300w, https:\/\/rcm1.rcm.upr.edu\/exalumnos\/wp-content\/uploads\/sites\/14\/2020\/04\/banner031-768x302.png 768w\" sizes=\"auto, (max-width: 890px) 100vw, 890px\" \/>[\/vc_column_text][\/vc_column][\/vc_row][vc_row][vc_column][vc_empty_space height=&#8221;15px&#8221;][vc_separator][vc_empty_space height=&#8221;15px&#8221;][vc_column_text]<\/p>\n<h3 class=\"myhdrs\"><strong>Contribuciones de Exalumnos<\/strong><\/h3>\n<p>[\/vc_column_text][vc_empty_space height=&#8221;15px&#8221;][vc_column_text]<\/p>\n<ul>\n<li>Fondo de Becas<\/li>\n<li>Restauraci\u00f3n de facilidades y\/o manifestaciones de arte en las unidades<\/li>\n<li>Apoyo a actividades culturales<\/li>\n<li>Reconocimientos y homenajes<\/li>\n<li>Actividades culturales, educativas y sociales<\/li>\n<\/ul>\n<p>[\/vc_column_text][vc_empty_space height=&#8221;15px&#8221;][dt_photos_masonry number=&#8221;4&#8243; type=&#8221;grid&#8221; loading_effect=&#8221;fade_in&#8221; proportion=&#8221;16:9&#8243;][vc_empty_space height=&#8221;15px&#8221;][vc_separator][vc_empty_space height=&#8221;15px&#8221;][\/vc_column][\/vc_row][vc_row][vc_column][vc_column_text]<\/p>\n<h3 class=\"vmtitle\"><strong>Exalumnos Distinguidos<\/strong><\/h3>\n<div class=\"vermasrow\">\n<div class=\"vmlink\"><a title=\"Distinguidos\" href=\"https:\/\/exalumnos.rcm.upr.edu\/distinguidos\/\">Ver m\u00e1s<\/a><\/div>\n<\/div>\n<p>[\/vc_column_text][vc_empty_space height=&#8221;15px&#8221;][vc_masonry_grid post_type=&#8221;post&#8221; max_items=&#8221;3&#8243; grid_id=&#8221;vc_gid:1650290504327-9b9ca1d4-f20b-9&#8243; taxonomies=&#8221;8&#8243;][\/vc_column][\/vc_row]<\/p>\n<\/div>","protected":false},"excerpt":{"rendered":"<p>[vc_row][vc_column][vc_raw_js]JTNDJTIxLS0lMjBHbG9iYWwlMjBzaXRlJTIwdGFnJTIwJTI4Z3RhZy5qcyUyOSUyMC0lMjBHb29nbGUlMjBBbmFseXRpY3MlMjAtLSUzRSUwQSUzQ3NjcmlwdCUyMGFzeW5jJTIwc3JjJTNEJTIyaHR0cHMlM0ElMkYlMkZ3d3cuZ29vZ2xldGFnbWFuYWdlci5jb20lMkZndGFnJTJGanMlM0ZpZCUzRFVBLTExOTUyNzk4Ni0xJTIyJTNFJTNDJTJGc2NyaXB0JTNFJTBBJTNDc2NyaXB0JTNFJTBBJTIwJTIwd2luZG93LmRhdGFMYXllciUyMCUzRCUyMHdpbmRvdy5kYXRhTGF5ZXIlMjAlN0MlN0MlMjAlNUIlNUQlM0IlMEElMjAlMjBmdW5jdGlvbiUyMGd0YWclMjglMjklN0JkYXRhTGF5ZXIucHVzaCUyOGFyZ3VtZW50cyUyOSUzQiU3RCUwQSUyMCUyMGd0YWclMjglMjdqcyUyNyUyQyUyMG5ldyUyMERhdGUlMjglMjklMjklM0IlMEElMEElMjAlMjBndGFnJTI4JTI3Y29uZmlnJTI3JTJDJTIwJTI3VUEtMTE5NTI3OTg2LTElMjclMjklM0IlMEElM0MlMkZzY3JpcHQlM0U=[\/vc_raw_js][vc_row_inner][vc_column_inner width=&#8221;1\/6&#8243;][\/vc_column_inner][vc_column_inner width=&#8221;2\/3&#8243;][vc_column_text][\/vc_column_text][\/vc_column_inner][vc_column_inner width=&#8221;1\/6&#8243;][\/vc_column_inner][\/vc_row_inner][vc_empty_space][vc_column_text] Gracias por visitar nuestro sitio web. Este es el primer paso para convertirse m\u00e1s involucrado con la Universidad de Puerto Rico, Recinto de Ciencias M\u00e9dicas y hacer que su grado m\u00e1s valioso de lo que es hoy. Nuestro equipo est\u00e1 dispuesto a ayudarle a conectarse unos con otros y le proporcionar\u00e1&hellip;<\/p>\n","protected":false},"author":1,"featured_media":0,"parent":0,"menu_order":0,"comment_status":"closed","ping_status":"closed","template":"template-microsite.php","meta":{"footnotes":""},"class_list":["post-61","page","type-page","status-publish","hentry","description-off"],"aioseo_notices":[],"_links":{"self":[{"href":"https:\/\/rcm1.rcm.upr.edu\/exalumnos\/wp-json\/wp\/v2\/pages\/61","targetHints":{"allow":["GET"]}}],"collection":[{"href":"https:\/\/rcm1.rcm.upr.edu\/exalumnos\/wp-json\/wp\/v2\/pages"}],"about":[{"href":"https:\/\/rcm1.rcm.upr.edu\/exalumnos\/wp-json\/wp\/v2\/types\/page"}],"author":[{"embeddable":true,"href":"https:\/\/rcm1.rcm.upr.edu\/exalumnos\/wp-json\/wp\/v2\/users\/1"}],"replies":[{"embeddable":true,"href":"https:\/\/rcm1.rcm.upr.edu\/exalumnos\/wp-json\/wp\/v2\/comments?post=61"}],"version-history":[{"count":0,"href":"https:\/\/rcm1.rcm.upr.edu\/exalumnos\/wp-json\/wp\/v2\/pages\/61\/revisions"}],"wp:attachment":[{"href":"https:\/\/rcm1.rcm.upr.edu\/exalumnos\/wp-json\/wp\/v2\/media?parent=61"}],"curies":[{"name":"wp","href":"https:\/\/api.w.org\/{rel}","templated":true}]}}