{"id":672,"date":"2015-10-27T15:51:46","date_gmt":"2015-10-27T19:51:46","guid":{"rendered":"http:\/\/127.0.0.1\/rcm\/exalumnos\/contactenos\/"},"modified":"2015-10-27T15:51:46","modified_gmt":"2015-10-27T19:51:46","slug":"contactenos","status":"publish","type":"page","link":"https:\/\/rcm1.rcm.upr.edu\/exalumnos\/contactenos\/","title":{"rendered":"Cont\u00e1ctenos"},"content":{"rendered":"<div class=\"wpb-content-wrapper\"><p>\t\t\t\t[vc_row][vc_column][vc_column_text]<b>Email:<\/b><br \/>\n<a href=\"mailto:exalumnos.rcm@upr.edu\">exalumnos.rcm@upr.edu<\/a><\/p>\n<p>&nbsp;<\/p>\n<p><b>Tel\u00e9fonos:<\/b><br \/>\nDirecto: 787-758-4417<br \/>\nCuadro RCM: 787-758-2525, extensiones 1699, 1708, 1709<\/p>\n<p>&nbsp;<\/p>\n<p><b>Direcci\u00f3n Postal:<\/b><\/p>\n<p>Oficina de Exalumnos<br \/>\nRecinto de Ciencias M\u00e9dicas<br \/>\nPO Box 365067<br \/>\nSan Juan, PR 00936-5067<\/p>\n<p>&nbsp;<\/p>\n<p><b>Direcci\u00f3n F\u00edsica:<\/b><\/p>\n<p>Edificio Guillermo Arbona (principal) del Recinto de Ciencias M\u00e9dicas<br \/>\nPiso 7<br \/>\nOficina A-738[\/vc_column_text][\/vc_column][\/vc_row][vc_row][vc_column][vc_empty_space][\/vc_column][\/vc_row][vc_row][vc_column][vc_raw_js]JTNDaWZyYW1lJTIwc3JjJTNEJTIyaHR0cHMlM0ElMkYlMkZ3d3cuZ29vZ2xlLmNvbSUyRm1hcHMlMkZlbWJlZCUzRnBiJTNEJTIxMW0xOCUyMTFtMTIlMjExbTMlMjExZDM3ODUuOTIwNTE2MjE3Mzc1NyUyMTJkLTY2LjA3NDUzMTM4NjYyMjYlMjEzZDE4LjM5NjQ2ODI4NDAyODQyJTIxMm0zJTIxMWYwJTIxMmYwJTIxM2YwJTIxM20yJTIxMWkxMDI0JTIxMmk3NjglMjE0ZjEzLjElMjEzbTMlMjExbTIlMjExczB4OGMwMzY4NWJmZWE1ODQxOSUyNTNBMHhjMTI1NTVlM2ZiYTQwMjI3JTIxMnNVbml2ZXJzaXR5JTJCb2YlMkJQdWVydG8lMkJSaWNvJTJCLSUyQk1lZGljYWwlMkJTY2llbmNlcyUyQkNhbXB1cyUyMTVlMCUyMTNtMiUyMTFzZW4lMjEyc3ByJTIxNHYxNTQ1NDAyMzU1Njk5JTIyJTIwd2lkdGglM0QlMjI2MDAlMjIlMjBoZWlnaHQlM0QlMjI0NTAlMjIlMjBmcmFtZWJvcmRlciUzRCUyMjAlMjIlMjBzdHlsZSUzRCUyMmJvcmRlciUzQTAlMjIlMjBhbGxvd2Z1bGxzY3JlZW4lM0UlM0MlMkZpZnJhbWUlM0U=[\/vc_raw_js][\/vc_column][\/vc_row]\t\t<\/p>\n<\/div>","protected":false},"excerpt":{"rendered":"<p>[vc_row][vc_column][vc_column_text]Email: exalumnos.rcm@upr.edu &nbsp; Tel\u00e9fonos: Directo: 787-758-4417 Cuadro RCM: 787-758-2525, extensiones 1699, 1708, 1709 &nbsp; Direcci\u00f3n Postal: Oficina de Exalumnos Recinto de Ciencias M\u00e9dicas PO Box 365067 San Juan, PR 00936-5067 &nbsp; Direcci\u00f3n F\u00edsica: Edificio Guillermo Arbona (principal) del Recinto de Ciencias M\u00e9dicas Piso 7 Oficina A-738[\/vc_column_text][\/vc_column][\/vc_row][vc_row][vc_column][vc_empty_space][\/vc_column][\/vc_row][vc_row][vc_column][vc_raw_js]JTNDaWZyYW1lJTIwc3JjJTNEJTIyaHR0cHMlM0ElMkYlMkZ3d3cuZ29vZ2xlLmNvbSUyRm1hcHMlMkZlbWJlZCUzRnBiJTNEJTIxMW0xOCUyMTFtMTIlMjExbTMlMjExZDM3ODUuOTIwNTE2MjE3Mzc1NyUyMTJkLTY2LjA3NDUzMTM4NjYyMjYlMjEzZDE4LjM5NjQ2ODI4NDAyODQyJTIxMm0zJTIxMWYwJTIxMmYwJTIxM2YwJTIxM20yJTIxMWkxMDI0JTIxMmk3NjglMjE0ZjEzLjElMjEzbTMlMjExbTIlMjExczB4OGMwMzY4NWJmZWE1ODQxOSUyNTNBMHhjMTI1NTVlM2ZiYTQwMjI3JTIxMnNVbml2ZXJzaXR5JTJCb2YlMkJQdWVydG8lMkJSaWNvJTJCLSUyQk1lZGljYWwlMkJTY2llbmNlcyUyQkNhbXB1cyUyMTVlMCUyMTNtMiUyMTFzZW4lMjEyc3ByJTIxNHYxNTQ1NDAyMzU1Njk5JTIyJTIwd2lkdGglM0QlMjI2MDAlMjIlMjBoZWlnaHQlM0QlMjI0NTAlMjIlMjBmcmFtZWJvcmRlciUzRCUyMjAlMjIlMjBzdHlsZSUzRCUyMmJvcmRlciUzQTAlMjIlMjBhbGxvd2Z1bGxzY3JlZW4lM0UlM0MlMkZpZnJhbWUlM0U=[\/vc_raw_js][\/vc_column][\/vc_row]<\/p>\n","protected":false},"author":1,"featured_media":0,"parent":0,"menu_order":0,"comment_status":"closed","ping_status":"closed","template":"template-microsite.php","meta":{"footnotes":""},"class_list":["post-672","page","type-page","status-publish","hentry","description-off"],"aioseo_notices":[],"_links":{"self":[{"href":"https:\/\/rcm1.rcm.upr.edu\/exalumnos\/wp-json\/wp\/v2\/pages\/672","targetHints":{"allow":["GET"]}}],"collection":[{"href":"https:\/\/rcm1.rcm.upr.edu\/exalumnos\/wp-json\/wp\/v2\/pages"}],"about":[{"href":"https:\/\/rcm1.rcm.upr.edu\/exalumnos\/wp-json\/wp\/v2\/types\/page"}],"author":[{"embeddable":true,"href":"https:\/\/rcm1.rcm.upr.edu\/exalumnos\/wp-json\/wp\/v2\/users\/1"}],"replies":[{"embeddable":true,"href":"https:\/\/rcm1.rcm.upr.edu\/exalumnos\/wp-json\/wp\/v2\/comments?post=672"}],"version-history":[{"count":0,"href":"https:\/\/rcm1.rcm.upr.edu\/exalumnos\/wp-json\/wp\/v2\/pages\/672\/revisions"}],"wp:attachment":[{"href":"https:\/\/rcm1.rcm.upr.edu\/exalumnos\/wp-json\/wp\/v2\/media?parent=672"}],"curies":[{"name":"wp","href":"https:\/\/api.w.org\/{rel}","templated":true}]}}