{"id":800,"date":"2016-06-09T11:59:41","date_gmt":"2016-06-09T15:59:41","guid":{"rendered":"http:\/\/127.0.0.1\/rcm\/exalumnos\/transcripciones\/"},"modified":"2016-06-09T11:59:41","modified_gmt":"2016-06-09T15:59:41","slug":"transcripciones","status":"publish","type":"page","link":"https:\/\/rcm1.rcm.upr.edu\/exalumnos\/transcripciones\/","title":{"rendered":"Transcripciones de Cr\u00e9dito"},"content":{"rendered":"<h2 style=\"text-align: center\">Instrucciones\u00a0Solicitud Transcripci\u00f3n de Cr\u00e9ditos<\/h2>\n<p>&nbsp;<\/p>\n<p><strong>Brenda L. Hern\u00e1ndez<\/strong><\/p>\n<p><strong><em>Oficial de Evaluaciones de Expedientes Acad\u00e9micos (\u00c1rea de Grado)<\/em><\/strong><\/p>\n<p>brenda.hernandez5@upr.edu<\/p>\n<p>&nbsp;<\/p>\n<p>M\u00e9todos de Solicitud:<\/p>\n<ol>\n<li style=\"list-style-type: none\">\n<ol>\n<li><strong>Correo regular<\/strong>:\n<ul>\n<li>Direcci\u00f3n postal es:<br \/>\n<blockquote><p>UPR &#8211; RCM &#8211; Oficina del Registrador<br \/>\nPO Box 365067, San Juan, PR 00936-5067.<\/p><\/blockquote>\n<\/li>\n<li>El costo es de $5.00 por cada copia que solicite.<\/li>\n<li>El giro que env\u00ede para pagar el servicio debe ser a nombre de la <strong>Universidad de Puerto Rico<\/strong>.<\/li>\n<\/ul>\n<\/li>\n<li><strong>Fedex<\/strong>:\n<ul>\n<li>Direcci\u00f3n f\u00edsica es:<br \/>\n<blockquote><p>Universidad de Puerto Rico, Recinto de Ciencias M\u00e9dicas<br \/>\nOficina del Registrador<br \/>\nPiso 2, Oficina B-227<br \/>\nEdificio de Estudiantes<br \/>\nTerrenos del Centro M\u00e9dico en Rio Piedras, San Juan, PR 00926<\/p><\/blockquote>\n<\/li>\n<li>El costo es de $5.00 por cada copia que solicite.<\/li>\n<li>El giro que env\u00ede para pagar el servicio debe ser a nombre de la <strong>Universidad de Puerto Rico<\/strong>.<\/li>\n<\/ul>\n<\/li>\n<li><strong>Autorizar a alguien<\/strong>:\n<ul>\n<li>Por medio de una carta para que venga a la Oficina del Registrador a solicitar por la persona que necesita el documento.<\/li>\n<li>El costo es de $5.00 por cada copia que solicite.<\/li>\n<li>Debe pagar primero en la Oficina de Recaudaciones (Edificio Principal Guillermo Arbona, Piso 2).<\/li>\n<li>Luego traer la solicitud llena junto con el recibo de pago a la Oficina del Registrador (Edificio de Estudiantes, Piso 2).<\/li>\n<\/ul>\n<\/li>\n<li><strong>Asistir personalmente a solicitar<\/strong>:\n<ul>\n<li>El costo es de $5.00 por cada copia que solicite.<\/li>\n<li>Debe pagar primero en la Oficina de Recaudaciones (Edificio Principal Guillermo Arbona, Piso 2).<\/li>\n<li>Luego traer la solicitud llena junto con el recibo de pago a la oficina del Registrador (Edificio de Estudiantes, Piso 2).<\/li>\n<\/ul>\n<\/li>\n<\/ol>\n<\/li>\n<\/ol>\n","protected":false},"excerpt":{"rendered":"<p>Instrucciones\u00a0Solicitud Transcripci\u00f3n de Cr\u00e9ditos &nbsp; Brenda L. Hern\u00e1ndez Oficial de Evaluaciones de Expedientes Acad\u00e9micos (\u00c1rea de Grado) brenda.hernandez5@upr.edu &nbsp; M\u00e9todos de Solicitud: Correo regular: Direcci\u00f3n postal es: UPR &#8211; RCM &#8211; Oficina del Registrador PO Box 365067, San Juan, PR 00936-5067. El costo es de $5.00 por cada copia que solicite. El giro que env\u00ede&hellip;<\/p>\n","protected":false},"author":1,"featured_media":0,"parent":0,"menu_order":0,"comment_status":"closed","ping_status":"closed","template":"template-microsite.php","meta":{"footnotes":""},"class_list":["post-800","page","type-page","status-publish","hentry","description-off"],"aioseo_notices":[],"_links":{"self":[{"href":"https:\/\/rcm1.rcm.upr.edu\/exalumnos\/wp-json\/wp\/v2\/pages\/800","targetHints":{"allow":["GET"]}}],"collection":[{"href":"https:\/\/rcm1.rcm.upr.edu\/exalumnos\/wp-json\/wp\/v2\/pages"}],"about":[{"href":"https:\/\/rcm1.rcm.upr.edu\/exalumnos\/wp-json\/wp\/v2\/types\/page"}],"author":[{"embeddable":true,"href":"https:\/\/rcm1.rcm.upr.edu\/exalumnos\/wp-json\/wp\/v2\/users\/1"}],"replies":[{"embeddable":true,"href":"https:\/\/rcm1.rcm.upr.edu\/exalumnos\/wp-json\/wp\/v2\/comments?post=800"}],"version-history":[{"count":0,"href":"https:\/\/rcm1.rcm.upr.edu\/exalumnos\/wp-json\/wp\/v2\/pages\/800\/revisions"}],"wp:attachment":[{"href":"https:\/\/rcm1.rcm.upr.edu\/exalumnos\/wp-json\/wp\/v2\/media?parent=800"}],"curies":[{"name":"wp","href":"https:\/\/api.w.org\/{rel}","templated":true}]}}